{"id":6143,"date":"2026-04-01T11:58:43","date_gmt":"2026-04-01T03:58:43","guid":{"rendered":"https:\/\/minghanggroup.com\/?post_type=product&#038;p=6143"},"modified":"2026-04-01T11:58:45","modified_gmt":"2026-04-01T03:58:45","slug":"colored-small-glass-vases-set-for-displays-bulk","status":"publish","type":"product","link":"https:\/\/minghanggroup.com\/it\/prodotto\/colored-small-glass-vases-set-for-displays-bulk\/","title":{"rendered":"Set di piccoli vasi in vetro colorato per esposizione (vendita all&#039;ingrosso)"},"content":{"rendered":"<p>I piccoli vasi in vetro, realizzati in vetro ad alta trasparenza, sfoggiano forme morbide e arrotondate che si adattano a qualsiasi stile di arredamento. Disponibili in tre diverse dimensioni, permettono di esporre fiori singoli, piccole composizioni floreali e piante grasse. La collezione in vetro comprende varianti trasparenti blu, ambra e verdi, che diffondono una luce soffusa, esaltando la bellezza di tavolini, vetrine di caff\u00e8 e negozi.<\/p>\n<h2>Caratteristiche del prodotto<\/h2>\n<ul>\n<li><strong>Espressione colorata:<\/strong> Il sistema consente agli utenti di scegliere tra quattro diversi colori di plastica, tra cui il classico trasparente, il blu d&#039;ispirazione vintage, l&#039;ambra calda e il verde intenso, per ottenere l&#039;aspetto desiderato.<\/li>\n<li><strong>Organizzare senza sforzo: <\/strong>Il design consente un facile inserimento dello stelo e la sostituzione dell&#039;acqua grazie alle ampie aperture e alla superficie interna liscia.<\/li>\n<li><strong>Resistenza e design si incontrano:<\/strong> Il vetro di alta qualit\u00e0 offre protezione contro scheggiature e graffi, garantendo che il prodotto durer\u00e0 per diverse stagioni.<\/li>\n<\/ul>\n<h2>Specifiche chiave<\/h2>\n<table style=\"border-collapse: collapse; width: 80%; margin-left: auto; margin-right: auto;\" border=\"0\" width=\"288\" cellspacing=\"0\" cellpadding=\"0\">\n<tbody>\n<tr style=\"height: 13.50pt;\">\n<td style=\"height: 13.5pt; width: 54pt; text-align: center;\" width=\"72\" height=\"18\">Forma<\/td>\n<td style=\"width: 54pt; text-align: center;\" width=\"72\">Dimensioni (mm)<\/td>\n<td style=\"width: 54pt; text-align: center;\" width=\"72\">Opzioni di colore<\/td>\n<td style=\"width: 54pt; text-align: center;\" width=\"72\">Utilizzo<\/td>\n<\/tr>\n<tr style=\"height: 13.50pt;\">\n<td style=\"height: 13.5pt; text-align: center;\" height=\"18\">Vaso piatto e rotondo<\/td>\n<td style=\"text-align: center;\">110 x 100 x 30<\/td>\n<td class=\"et2\" style=\"text-align: center;\" rowspan=\"3\">Trasparente, ambra, grigio, verde o personalizzato<\/td>\n<td class=\"et2\" style=\"text-align: center;\" rowspan=\"3\">Fiori, piante grasse, elementi decorativi<\/td>\n<\/tr>\n<tr style=\"height: 13.50pt;\">\n<td style=\"height: 13.5pt; text-align: center;\" height=\"18\">Vaso rotondo appiattito<\/td>\n<td style=\"text-align: center;\">90 x 111 x 30<\/td>\n<\/tr>\n<tr style=\"height: 13.50pt;\">\n<td style=\"height: 13.5pt; text-align: center;\" height=\"18\">Vaso a collo alto<\/td>\n<td style=\"text-align: center;\">70 x 150 x 28<\/td>\n<\/tr>\n<\/tbody>\n<\/table>\n<h2>Storia di successo<\/h2>\n<p>Una catena di caffetterie di lusso ha recentemente rinnovato l&#039;arredamento dei suoi tavoli sostituendo i contenitori di plastica con i nostri coloratissimi vasi in vetro a stelo singolo. I vasi, realizzati su misura per questa serie, sono stati creati con una tecnica di sfumatura che utilizza due colori principali, il blu a bassa saturazione e l&#039;ambra. Lo spessore del vetro \u00e8 stato ottimizzato per creare un prodotto pi\u00f9 resistente, in grado di sopportare l&#039;uso quotidiano in ambienti frequentati e con un elevato flusso di clienti. La caffetteria ha ricevuto un imballaggio protettivo robusto che le ha permesso di gestire e rifornire i suoi ordini di caff\u00e8 di grandi dimensioni.<\/p>\n<p>Nei primi tre mesi successivi all&#039;aggiornamento, la caffetteria ha registrato un aumento di tre volte dei follower su Instagram, mentre il flusso di clienti \u00e8 cresciuto del 20%. La caffetteria ordina grandi quantit\u00e0 di questi vasi ogni tre mesi perch\u00e9 il loro design accattivante e la loro eccezionale resistenza creano effetti di grande impatto.<\/p>\n<h2>Consigli di personalizzazione per marchi e commercianti<\/h2>\n<ol>\n<li><strong>Combinazioni di forme di bottiglie:<\/strong> Un ottimo modo per migliorare la variet\u00e0 visiva complessiva e l&#039;attrattiva decorativa \u00e8 semplicemente quello di favorire la combinazione di bottiglie di varie forme (come quelle rotonde, arrotondate appiattite e a collo stretto) per creare composizioni armoniose.<\/li>\n<li><strong>Opzioni di finitura superficiale:<\/strong> Oggigiorno esistono moltissimi modi per modificare l&#039;aspetto delle superfici: verniciatura selettiva a spruzzo trasparente e satinata ad alta brillantezza, oppure effetti anticati\/invecchiati. Le opzioni di finitura superficiale possono essere scelte non solo per rispecchiare lo stile del prodotto, ma anche per definire l&#039;estetica dell&#039;intero marchio, mettendo cos\u00ec il cliente a sua completa disposizione.<\/li>\n<li><strong>Posizionamento del logo del marchio:<\/strong> In effetti, un modo piuttosto semplice per differenziare il proprio prodotto e il proprio marchio \u00e8 quello di consentire ai clienti di personalizzare loghi minimalisti (attraverso metodi come la serigrafia o l&#039;incisione) sulla base o sul corpo della bottiglia, aumentando cos\u00ec efficacemente la notoriet\u00e0 del marchio senza compromettere l&#039;integrit\u00e0 estetica del prodotto.<\/li>\n<\/ol>","protected":false},"excerpt":{"rendered":"<section class=\"text-token-text-primary w-full focus:outline-none [--shadow-height:45px] has-data-writing-block:pointer-events-none has-data-writing-block:-mt-(--shadow-height) has-data-writing-block:pt-(--shadow-height) [&amp;:has([data-writing-block])&gt;*]:pointer-events-auto scroll-mt-(--header-height)\" dir=\"auto\" data-turn-id=\"4ae7f63b-6834-4db5-97e2-bc29cfe92107\" data-testid=\"conversation-turn-39\" data-scroll-anchor=\"false\" data-turn=\"user\">\n<div class=\"text-base my-auto mx-auto pt-12 [--thread-content-margin:var(--thread-content-margin-xs,calc(var(--spacing)*4))] @w-sm\/main:[--thread-content-margin:var(--thread-content-margin-sm,calc(var(--spacing)*6))] @w-lg\/main:[--thread-content-margin:var(--thread-content-margin-lg,calc(var(--spacing)*16))] px-(--thread-content-margin)\">\n<div class=\"[--thread-content-max-width:40rem] @w-lg\/main:[--thread-content-max-width:48rem] mx-auto max-w-(--thread-content-max-width) flex-1 group\/turn-messages focus-visible:outline-hidden relative flex w-full min-w-0 flex-col\">\n<div class=\"z-0 flex justify-end\">\n<div class=\"text-base my-auto mx-auto pb-10 [--thread-content-margin:var(--thread-content-margin-xs,calc(var(--spacing)*4))] @w-sm\/main:[--thread-content-margin:var(--thread-content-margin-sm,calc(var(--spacing)*6))] @w-lg\/main:[--thread-content-margin:var(--thread-content-margin-lg,calc(var(--spacing)*16))] px-(--thread-content-margin)\">\n<div class=\"[--thread-content-max-width:40rem] @w-lg\/main:[--thread-content-max-width:48rem] mx-auto max-w-(--thread-content-max-width) flex-1 group\/turn-messages focus-visible:outline-hidden relative flex w-full min-w-0 flex-col agent-turn\">\n<div class=\"flex max-w-full flex-col gap-4 grow\">\n<div class=\"min-h-8 text-message relative flex w-full flex-col items-end gap-2 text-start break-words whitespace-normal outline-none keyboard-focused:focus-ring [.text-message+&amp;]:mt-1\" dir=\"auto\" tabindex=\"0\" data-message-author-role=\"assistant\" data-message-id=\"6f55707e-ed3a-43ba-a7bf-1ed1edfca194\" data-message-model-slug=\"gpt-5-3\" data-turn-start-message=\"true\">\n<div class=\"flex w-full flex-col gap-1 empty:hidden\">\n<div class=\"markdown prose dark:prose-invert w-full wrap-break-word light markdown-new-styling\">\n<p data-start=\"0\" data-end=\"155\" data-is-last-node=\"\" data-is-only-node=\"\">Vasi in vetro di piccole dimensioni all&#039;ingrosso, disponibili nei colori blu, ambra o verde. Questi vasi in vetro colorato sono ideali per singoli fiori, decorazioni da tavola e ordini all&#039;ingrosso a prezzi di fabbrica.<\/p>\n<\/div>\n<\/div>\n<\/div>\n<\/div>\n<\/div>\n<\/div>\n<\/div>\n<\/div>\n<\/div>\n<\/section>","protected":false},"featured_media":6148,"template":"","meta":{"postBodyCss":"","postBodyMargin":[],"postBodyPadding":[],"postBodyBackground":{"backgroundType":"classic","gradient":""}},"product_brand":[],"product_cat":[107,16,15],"product_tag":[],"class_list":{"0":"post-6143","1":"product","2":"type-product","3":"status-publish","4":"has-post-thumbnail","6":"product_cat-glass-bud-vases","7":"product_cat-glass-bottles","8":"product_cat-glass-containers","10":"first","11":"instock","12":"shipping-taxable","13":"product-type-simple"},"jetpack_sharing_enabled":true,"_links":{"self":[{"href":"https:\/\/minghanggroup.com\/it\/wp-json\/wp\/v2\/product\/6143","targetHints":{"allow":["GET"]}}],"collection":[{"href":"https:\/\/minghanggroup.com\/it\/wp-json\/wp\/v2\/product"}],"about":[{"href":"https:\/\/minghanggroup.com\/it\/wp-json\/wp\/v2\/types\/product"}],"wp:featuredmedia":[{"embeddable":true,"href":"https:\/\/minghanggroup.com\/it\/wp-json\/wp\/v2\/media\/6148"}],"wp:attachment":[{"href":"https:\/\/minghanggroup.com\/it\/wp-json\/wp\/v2\/media?parent=6143"}],"wp:term":[{"taxonomy":"product_brand","embeddable":true,"href":"https:\/\/minghanggroup.com\/it\/wp-json\/wp\/v2\/product_brand?post=6143"},{"taxonomy":"product_cat","embeddable":true,"href":"https:\/\/minghanggroup.com\/it\/wp-json\/wp\/v2\/product_cat?post=6143"},{"taxonomy":"product_tag","embeddable":true,"href":"https:\/\/minghanggroup.com\/it\/wp-json\/wp\/v2\/product_tag?post=6143"}],"curies":[{"name":"wp","href":"https:\/\/api.w.org\/{rel}","templated":true}]}}