{"id":6122,"date":"2026-03-30T13:42:57","date_gmt":"2026-03-30T05:42:57","guid":{"rendered":"https:\/\/minghanggroup.com\/?post_type=product&#038;p=6122"},"modified":"2026-03-30T13:42:58","modified_gmt":"2026-03-30T05:42:58","slug":"green-frosted-cosmetics-glass-jars-for-skincare-bulk","status":"publish","type":"product","link":"https:\/\/minghanggroup.com\/it\/prodotto\/green-frosted-cosmetics-glass-jars-for-skincare-bulk\/","title":{"rendered":"Barattoli in vetro smerigliato verde da 5g \u2013 250g per cosmetici per la cura della pelle all'ingrosso"},"content":{"rendered":"<p>I barattoli in vetro per cosmetici hanno una protezione naturale dalla luce con vetro verde traslucido con una leggera finitura opaca, che \u00e8 morbida ed elegante, oltre a fornire un aspetto elegante a creme e sieri cos\u00ec delicati. Sono abbinati a tappi a vite in plastica liscia in una scelta di colori che garantiscono la chiusura ermetica e una possibilit\u00e0 di erogazione senza difficolt\u00e0. Questi barattoli in vetro per cosmetici sono ideali come confezioni di lusso o all'ingrosso a basso costo, offrendo un equilibrio tra bellezza e funzionalit\u00e0, e personalizzazione. Esponiti sugli scaffali e stupisci i tuoi acquirenti con una presentazione di alta qualit\u00e0.<\/p>\n<h2>Caratteristiche principali<\/h2>\n<ul>\n<li><strong>La protezione solare integrata della natura:<\/strong> Il vetro verde blocca i raggi UV impedendo alle formule sensibili di sbiadire sullo scaffale.<\/li>\n<li><strong>Comodit\u00e0 della bocca larga:<\/strong> L'apertura extra-larga rende molto facile riempire il prodotto e utilizzarlo da parte del cliente.<\/li>\n<li><strong>Design impilabile con coperchio piatto:<\/strong> La superficie superiore piatta del coperchio consente un impilamento sicuro nello stoccaggio e nel trasporto dopo il coperchio piatto per evitare fuoriuscite.<\/li>\n<\/ul>\n<h2>Tabella delle specifiche<\/h2>\n<table style=\"border-collapse: collapse; width: 80%; margin-left: auto; margin-right: auto;\" border=\"0\" width=\"144\" cellspacing=\"0\" cellpadding=\"0\">\n<tbody>\n<tr style=\"height: 13.50pt;\">\n<td style=\"height: 13.5pt; width: 54pt; text-align: center;\" width=\"72\" height=\"18\">Specifica<\/td>\n<td style=\"width: 54pt; text-align: center;\" width=\"72\">Dettagli<\/td>\n<\/tr>\n<tr style=\"height: 13.50pt;\">\n<td style=\"height: 13.5pt; text-align: center;\" height=\"18\">Capacit\u00e0<\/td>\n<td style=\"text-align: center;\">5g, 10g, 15g, 30g, 50g, 60g, 100g, 120g, 250g<\/td>\n<\/tr>\n<tr style=\"height: 13.50pt;\">\n<td style=\"height: 13.5pt; text-align: center;\" height=\"18\">Forma<\/td>\n<td style=\"text-align: center;\">Girare<\/td>\n<\/tr>\n<tr style=\"height: 13.50pt;\">\n<td style=\"height: 13.5pt; text-align: center;\" height=\"18\">Colore del corpo<\/td>\n<td style=\"text-align: center;\">Verde o personalizzato<\/td>\n<\/tr>\n<tr style=\"height: 13.50pt;\">\n<td style=\"height: 13.5pt; text-align: center;\" height=\"18\">Materiale del coperchio<\/td>\n<td style=\"text-align: center;\">Plastica con filettatura a vite<\/td>\n<\/tr>\n<\/tbody>\n<\/table>\n<h2>Caso di successo<\/h2>\n<p>Una delle startup di skincare con sede negli Stati Uniti ci ha contattato e siamo stati nominati fornitori esclusivi dei loro vasetti cosmetici. Le bottiglie hanno anche un sistema a doppia chiusura; contenente un rivestimento interno in PE e un tappo a filettatura stretta che \u00e8 molto migliore nella protezione contro le perdite della bottiglia. Inoltre, abbiamo realizzato tappi opachi con colori bilanciati con un processo di rivestimento soft-touch, conferendo al prodotto un aspetto di alta gamma e una sensazione di qualit\u00e0; allo stesso tempo abbiamo deciso di assegnare uno spazio specifico sul fondo della bottiglia per riportare il codice lotto in modo da garantire una completa tracciabilit\u00e0 del prodotto.<\/p>\n<p>Dopo il lancio di questa soluzione di packaging sul mercato, la crema viso di punta del marchio ha registrato un fenomenale aumento del 30% nelle sue vendite in un breve periodo di sei settimane. Poich\u00e9 hanno esteso ulteriormente la loro attivit\u00e0 ad altri punti vendita, ci hanno immediatamente ordinato un altro ordine di 40.000 unit\u00e0.<\/p>\n<h2>Suggerimenti per la personalizzazione<\/h2>\n<ol>\n<li><strong>Opzioni di Finiture del Vetro:<\/strong> Seleziona una finitura trasparente, smerigliata, opaca o sfumata per creare vari effetti visivi e posizionamento del marchio.<\/li>\n<li><strong>Strutture di Chiusura Interna:<\/strong> Rivestimenti in PE, chiusure a pressione o sistemi di guarnizioni possono essere aggiunti per migliorare le prestazioni dei sistemi ermetici e garantire la sicurezza del prodotto.<\/li>\n<li><strong>Accessori Aggiuntivi:<\/strong> Aggiungi spatole, coperchi interni o dischi protettivi per migliorare l'esperienza dell'utente.<\/li>\n<\/ol>","protected":false},"excerpt":{"rendered":"<p>Scopri barattoli in vetro per cosmetici verdi per marchi di bellezza e grossisti. Ideale per creme, sieri. Contattaci per ordini all'ingrosso o soluzioni di branding. Spedizione veloce.<\/p>","protected":false},"featured_media":6125,"template":"","meta":{"postBodyCss":"","postBodyMargin":[],"postBodyPadding":[],"postBodyBackground":{"backgroundType":"classic","gradient":""}},"product_brand":[],"product_cat":[106,15,17],"product_tag":[],"class_list":{"0":"post-6122","1":"product","2":"type-product","3":"status-publish","4":"has-post-thumbnail","6":"product_cat-cosmetic-jars","7":"product_cat-glass-containers","8":"product_cat-glass-jars","10":"first","11":"instock","12":"shipping-taxable","13":"product-type-simple"},"jetpack_sharing_enabled":true,"_links":{"self":[{"href":"https:\/\/minghanggroup.com\/it\/wp-json\/wp\/v2\/product\/6122","targetHints":{"allow":["GET"]}}],"collection":[{"href":"https:\/\/minghanggroup.com\/it\/wp-json\/wp\/v2\/product"}],"about":[{"href":"https:\/\/minghanggroup.com\/it\/wp-json\/wp\/v2\/types\/product"}],"wp:featuredmedia":[{"embeddable":true,"href":"https:\/\/minghanggroup.com\/it\/wp-json\/wp\/v2\/media\/6125"}],"wp:attachment":[{"href":"https:\/\/minghanggroup.com\/it\/wp-json\/wp\/v2\/media?parent=6122"}],"wp:term":[{"taxonomy":"product_brand","embeddable":true,"href":"https:\/\/minghanggroup.com\/it\/wp-json\/wp\/v2\/product_brand?post=6122"},{"taxonomy":"product_cat","embeddable":true,"href":"https:\/\/minghanggroup.com\/it\/wp-json\/wp\/v2\/product_cat?post=6122"},{"taxonomy":"product_tag","embeddable":true,"href":"https:\/\/minghanggroup.com\/it\/wp-json\/wp\/v2\/product_tag?post=6122"}],"curies":[{"name":"wp","href":"https:\/\/api.w.org\/{rel}","templated":true}]}}