{"id":6107,"date":"2026-03-27T09:05:25","date_gmt":"2026-03-27T01:05:25","guid":{"rendered":"https:\/\/minghanggroup.com\/?post_type=product&#038;p=6107"},"modified":"2026-03-27T16:50:47","modified_gmt":"2026-03-27T08:50:47","slug":"round-cosmetic-containers-with-lids-wholesale","status":"publish","type":"product","link":"https:\/\/minghanggroup.com\/it\/prodotto\/round-cosmetic-containers-with-lids-wholesale\/","title":{"rendered":"Contenitori cosmetici rotondi con coperchio da 20 g, 30 g e 50 g (vendita all&#039;ingrosso)"},"content":{"rendered":"<p>Questi sono contenitori cosmetici cilindrici a forma di fungo con coperchi. Il coperchio e il corpo sono entrambi curvi e arrotondati. Sono disponibili in bianco e nero e sono perfetti per confezionare creme viso, balsami labbra e prodotti per la cura della pelle.<\/p>\n<h2>Caratteristiche del prodotto<\/h2>\n<ul>\n<li><strong>Forma a fungo Monopezzo:<\/strong> Il tappo e il corpo sono realizzati a forma di fungo con contorni lisci e arrotondati che conferiscono un aspetto pulito e moderno.<\/li>\n<li><strong>Finitura bianca lucida o nera lucida:<\/strong> Si possono vedere nel bianco lucido brillante e pulito e nel nero lucido profondo ed elegante, con un senso di minimalismo e raffinatezza.<\/li>\n<li><strong>Forma cilindrica minimale:<\/strong> La forma cilindrica minimale e ampia \u00e8 stabile e facile da impugnare e ha molto spazio per portare sottili pubblicit\u00e0 del marchio.<\/li>\n<\/ul>\n<h2 style=\"text-align: left;\">Specifiche chiave<\/h2>\n<table class=\"aligncenter\" style=\"border-collapse: collapse; width: 417.77pt;\" border=\"0\" width=\"557\" cellspacing=\"0\" cellpadding=\"0\">\n<tbody>\n<tr style=\"height: 13.50pt;\">\n<td style=\"height: 13.50pt; width: 118.50pt;\" width=\"158\" height=\"18\">Specifica<\/td>\n<td style=\"width: 299.25pt;\" width=\"399\">Dettagli<\/td>\n<\/tr>\n<tr style=\"height: 13.50pt;\">\n<td style=\"height: 13.50pt;\" height=\"18\">Capacit\u00e0<\/td>\n<td>20g, 30g, 50g<\/td>\n<\/tr>\n<tr style=\"height: 13.50pt;\">\n<td style=\"height: 13.50pt;\" height=\"18\">Materiale<\/td>\n<td>Vetro sodico-calcico<\/td>\n<\/tr>\n<tr style=\"height: 13.50pt;\">\n<td style=\"height: 13.50pt;\" height=\"18\">Forma del barattolo<\/td>\n<td>Cilindro con profilo del coperchio a \"fungo\"<\/td>\n<\/tr>\n<tr style=\"height: 13.50pt;\">\n<td style=\"height: 13.50pt;\" height=\"18\">Gamma di personalizzazione<\/td>\n<td>Colore, finitura, dimensione, materiale<\/td>\n<\/tr>\n<tr style=\"height: 13.50pt;\">\n<td style=\"height: 13.50pt;\" height=\"18\">Artigianato<\/td>\n<td>Stampaggio a iniezione di precisione per finitura a spruzzo<\/td>\n<\/tr>\n<tr style=\"height: 13.50pt;\">\n<td style=\"height: 13.50pt;\" height=\"18\">Uso primario<\/td>\n<td>Vasetti per creme, contenitori cosmetici all'ingrosso<\/td>\n<\/tr>\n<tr style=\"height: 13.50pt;\">\n<td style=\"height: 13.50pt;\" height=\"18\">Settori target<\/td>\n<td>Skincare, cosmetici, estetica professionale<\/td>\n<\/tr>\n<\/tbody>\n<\/table>\n<h2>Storia di successo: Campagna di prova globale di un marchio di bellezza coreano<\/h2>\n<p>Uno dei marchi cosmetici coreani ha scelto i nostri contenitori cosmetici bianchi da 30 g con coperchi, e un design serigrafato sfumato e una finitura opaca superiore sono stati personalizzati per noi. La distintiva forma a fungo \u00e8 estremamente fotogenica, il che porta a un contenuto generato dagli utenti del 500% su Tik Tok e Instagram. Le loro dimensioni ridotte li hanno resi i migliori compagni di viaggio e c'\u00e8 stata una crescita del 20% nelle vendite di formato da viaggio da 20 g. Il marchio ha avuto un enorme successo e procede con un altro ordine di 5 milioni di contenitori per i nuovi prodotti e set regalo VIP.<\/p>\n<h2>Suggerimenti di personalizzazione per contenitori cosmetici all'ingrosso<\/h2>\n<ul>\n<li>Schema di colori personalizzato: avere la possibilit\u00e0 di includere una finitura lucida, che corrisponde alla cartella colori Pantone ed \u00e8 una perfetta sintonia con il marchio stesso e la sua identit\u00e0, senza fare riferimento al solito schema di colori bianco e nero.<\/li>\n<li>Finitura opaca o soft-touch: la stessa finitura opaca o soft-touch della forma a fungo verr\u00e0 utilizzata per garantire un'esperienza tattile chiara e di alta gamma.<\/li>\n<li>Anello decorativo metallico: un piccolo anello metallico (oro, argento, oro rosa) tra il flacone e il tappo \u00e8 un dettaglio non necessario ma lussuoso.<\/li>\n<\/ul>","protected":false},"excerpt":{"rendered":"<p>Contenitori cosmetici all'ingrosso con elegante design a fungo e finitura lucida. I contenitori cosmetici con coperchi garantiscono una chiusura sicura. Campioni gratuiti disponibili.<\/p>","protected":false},"featured_media":6109,"template":"","meta":{"postBodyCss":"","postBodyMargin":[],"postBodyPadding":[],"postBodyBackground":{"backgroundType":"classic","gradient":""}},"product_brand":[],"product_cat":[106,15,17],"product_tag":[],"class_list":{"0":"post-6107","1":"product","2":"type-product","3":"status-publish","4":"has-post-thumbnail","6":"product_cat-cosmetic-jars","7":"product_cat-glass-containers","8":"product_cat-glass-jars","10":"first","11":"instock","12":"shipping-taxable","13":"product-type-simple"},"jetpack_sharing_enabled":true,"_links":{"self":[{"href":"https:\/\/minghanggroup.com\/it\/wp-json\/wp\/v2\/product\/6107","targetHints":{"allow":["GET"]}}],"collection":[{"href":"https:\/\/minghanggroup.com\/it\/wp-json\/wp\/v2\/product"}],"about":[{"href":"https:\/\/minghanggroup.com\/it\/wp-json\/wp\/v2\/types\/product"}],"wp:featuredmedia":[{"embeddable":true,"href":"https:\/\/minghanggroup.com\/it\/wp-json\/wp\/v2\/media\/6109"}],"wp:attachment":[{"href":"https:\/\/minghanggroup.com\/it\/wp-json\/wp\/v2\/media?parent=6107"}],"wp:term":[{"taxonomy":"product_brand","embeddable":true,"href":"https:\/\/minghanggroup.com\/it\/wp-json\/wp\/v2\/product_brand?post=6107"},{"taxonomy":"product_cat","embeddable":true,"href":"https:\/\/minghanggroup.com\/it\/wp-json\/wp\/v2\/product_cat?post=6107"},{"taxonomy":"product_tag","embeddable":true,"href":"https:\/\/minghanggroup.com\/it\/wp-json\/wp\/v2\/product_tag?post=6107"}],"curies":[{"name":"wp","href":"https:\/\/api.w.org\/{rel}","templated":true}]}}