{"id":6087,"date":"2026-03-25T13:06:38","date_gmt":"2026-03-25T05:06:38","guid":{"rendered":"https:\/\/minghanggroup.com\/?post_type=product&#038;p=6087"},"modified":"2026-03-25T13:06:39","modified_gmt":"2026-03-25T05:06:39","slug":"glass-small-cream-containers-with-metallic-lid-bulk","status":"publish","type":"product","link":"https:\/\/minghanggroup.com\/it\/prodotto\/glass-small-cream-containers-with-metallic-lid-bulk\/","title":{"rendered":"Contenitori in vetro da 15 ml e 50 ml, piccoli contenitori per crema con coperchio metallico, confezione multipla."},"content":{"rendered":"<p>I nostri piccoli contenitori trasparenti per creme uniscono il concetto fresco di minimalismo alla tua linea di skincare con un design a doppio strato, intelligente e davvero funzionale. Il corpo trasparente espone il colore e la texture della tua formula e il quadrato contrasta con la forma rotonda degli altri. I tappi a vite sono ermetici per preservare l'aria all'esterno e la freschezza all'interno. Sono disponibili le misure da 15 ml e 50 ml, perfette come parte di qualsiasi gamma di prodotti, sia per campioni che per la vendita al dettaglio. Questi barattoli cosmetici personalizzati non contengono semplicemente la tua crema. La proteggono, la presentano e la fanno vendere.<\/p>\n<h2>Caratteristiche del prodotto<\/h2>\n<ul>\n<li><strong>Protezione a doppio strato:<\/strong> Questo design ha uno strato interno ed esterno a 2 pareti, limitando il contatto del contenuto con l'aria, quindi le formulazioni sensibili rimangono pi\u00f9 a lungo sullo scaffale del rivenditore nella loro forma originale fresca e potente.<\/li>\n<li><strong>Profilo quadrato moderno:<\/strong> La figura geometrica distintamente affilata far\u00e0 s\u00ec che il tuo marchio si integri in una fila di scaffali di vendita al dettaglio, offrendo un look unico che lo distinguer\u00e0 tra le tradizionali bottiglie rotonde.<\/li>\n<li><strong>Ampia accessibilit\u00e0:<\/strong> L'ampia apertura non solo favorisce l'efficienza nel riempimento del prodotto, ma consente anche ai consumatori di accedere a tutte le gocce rimanenti del prodotto senza la fatica di dover raggiungere aree difficili da dispensare.<\/li>\n<\/ul>\n<h2>Specifiche chiave<\/h2>\n<table style=\"border-collapse: collapse; width: 80%; margin-left: auto; margin-right: auto;\" border=\"0\" width=\"144\" cellspacing=\"0\" cellpadding=\"0\">\n<tbody>\n<tr style=\"height: 13.50pt;\">\n<td style=\"height: 13.5pt; width: 54pt; text-align: center;\" width=\"72\" height=\"18\">Specifica<\/td>\n<td style=\"width: 54pt; text-align: center;\" width=\"72\">Dettagli<\/td>\n<\/tr>\n<tr style=\"height: 13.50pt;\">\n<td style=\"height: 13.5pt; text-align: center;\" height=\"18\">Capacit\u00e0<\/td>\n<td style=\"text-align: center;\">15 ml, 50 ml<\/td>\n<\/tr>\n<tr style=\"height: 13.50pt;\">\n<td style=\"height: 13.5pt; text-align: center;\" height=\"18\">Forma<\/td>\n<td style=\"text-align: center;\">Piazza<\/td>\n<\/tr>\n<tr style=\"height: 13.50pt;\">\n<td style=\"height: 13.5pt; text-align: center;\" height=\"18\">Colore<\/td>\n<td style=\"text-align: center;\">Trasparente trasparente<\/td>\n<\/tr>\n<tr style=\"height: 13.50pt;\">\n<td style=\"height: 13.5pt; text-align: center;\" height=\"18\">Tipo di tenuta<\/td>\n<td style=\"text-align: center;\">Tappo a vite con guarnizione interna<\/td>\n<\/tr>\n<tr style=\"height: 13.50pt;\">\n<td style=\"height: 13.5pt; text-align: center;\" height=\"18\">Utilizzo<\/td>\n<td style=\"text-align: center;\">Crema viso, crema contorno occhi, balsamo skincare<\/td>\n<\/tr>\n<\/tbody>\n<\/table>\n<h2>Storia di successo<\/h2>\n<p>Nel caso di una nuova crema idratante, uno dei marchi francesi di alta gamma per la cura della pelle ha scelto il nostro vasetto da 50 ml e ha scelto di personalizzarlo al massimo. Hanno aggiunto una finitura spray opaca alla parte inferiore del materiale utilizzato per la costruzione del vasetto, selezionato per la sua eccezionale trasparenza, conferendo all'intero effetto un aspetto pi\u00f9 delicato e sofisticato. La palette \u00e8 stata adattata a un bianco latte a bassa saturazione, che si adatta perfettamente alla filosofia del marchio, definita purezza naturale. Inoltre, il design \u00e8 stato combinato con un tappo argentato galvanizzato e il nome del marchio e il volume stampati sul lato del vasetto serigrafati per aumentare la consapevolezza del marchio.<\/p>\n<p>Le vendite di questa serie di creme sono aumentate di circa il 35% nei primi tre mesi dall'introduzione del prodotto sul mercato. Questo particolare cliente ha quindi effettuato un riordino di questo particolare vasetto per creme e intende estendere questo tipo di confezionamento ad altre linee di skincare in futuro.<\/p>\n<h2>Consigli di personalizzazione<\/h2>\n<ol>\n<li><strong>Scelte di finitura per il corpo del vasetto:<\/strong> Su una base di vetro ad alta trasparenza, disponiamo di altre finiture come rivestimento opaco, spruzzatura sfumata o rivestimento interno. Questi metodi non solo migliorano le caratteristiche tattili e le propriet\u00e0 visive del prodotto, ma offrono anche propriet\u00e0 di blocco della luce che stabilizzano gli ingredienti della crema.<\/li>\n<li><strong>Personalizzazione del berretto:<\/strong> Supportiamo numerosi effetti superficiali: galvanica (in oro, argento o oro rosa), spruzzatura opaca e finiture UV ad alta lucentezza. Inoltre, l'altezza e la zigrinatura del tappo possono essere personalizzate per migliorare la presa e rendere migliore il processo di apertura e chiusura del tappo.<\/li>\n<li><strong>Ottimizzazione dei componenti di chiusura:<\/strong> Offriamo la possibilit\u00e0 di avere sigillanti interni o sigillatura secondaria (e tappi interni in PP o con linguetta a strappo). Tali aggiunte aiutano fortemente nel funzionamento a prova di perdite, rendendo cos\u00ec il confezionamento molto appropriato per il trasporto a lunga distanza di prodotti a base di crema e semisolidi.<\/li>\n<\/ol>","protected":false},"excerpt":{"rendered":"<p>Contenitori piccoli per creme di alta qualit\u00e0 con vetro spesso e coperchi in metallo. Barattoli cosmetici personalizzati direttamente dalla fabbrica con campioni gratuiti e opzioni di personalizzazione all'ingrosso.<\/p>","protected":false},"featured_media":6095,"template":"","meta":{"postBodyCss":"","postBodyMargin":[],"postBodyPadding":[],"postBodyBackground":{"backgroundType":"classic","gradient":""}},"product_brand":[],"product_cat":[106,15,17],"product_tag":[],"class_list":{"0":"post-6087","1":"product","2":"type-product","3":"status-publish","4":"has-post-thumbnail","6":"product_cat-cosmetic-jars","7":"product_cat-glass-containers","8":"product_cat-glass-jars","10":"first","11":"instock","12":"shipping-taxable","13":"product-type-simple"},"jetpack_sharing_enabled":true,"_links":{"self":[{"href":"https:\/\/minghanggroup.com\/it\/wp-json\/wp\/v2\/product\/6087","targetHints":{"allow":["GET"]}}],"collection":[{"href":"https:\/\/minghanggroup.com\/it\/wp-json\/wp\/v2\/product"}],"about":[{"href":"https:\/\/minghanggroup.com\/it\/wp-json\/wp\/v2\/types\/product"}],"wp:featuredmedia":[{"embeddable":true,"href":"https:\/\/minghanggroup.com\/it\/wp-json\/wp\/v2\/media\/6095"}],"wp:attachment":[{"href":"https:\/\/minghanggroup.com\/it\/wp-json\/wp\/v2\/media?parent=6087"}],"wp:term":[{"taxonomy":"product_brand","embeddable":true,"href":"https:\/\/minghanggroup.com\/it\/wp-json\/wp\/v2\/product_brand?post=6087"},{"taxonomy":"product_cat","embeddable":true,"href":"https:\/\/minghanggroup.com\/it\/wp-json\/wp\/v2\/product_cat?post=6087"},{"taxonomy":"product_tag","embeddable":true,"href":"https:\/\/minghanggroup.com\/it\/wp-json\/wp\/v2\/product_tag?post=6087"}],"curies":[{"name":"wp","href":"https:\/\/api.w.org\/{rel}","templated":true}]}}