{"id":6086,"date":"2026-03-25T09:15:28","date_gmt":"2026-03-25T01:15:28","guid":{"rendered":"https:\/\/minghanggroup.com\/?post_type=product&#038;p=6086"},"modified":"2026-03-25T11:01:56","modified_gmt":"2026-03-25T03:01:56","slug":"white-glass-cosmetic-jars-and-lids-wholesale","status":"publish","type":"product","link":"https:\/\/minghanggroup.com\/it\/prodotto\/white-glass-cosmetic-jars-and-lids-wholesale\/","title":{"rendered":"Vasetti e coperchi cosmetici in vetro bianco da 300 ml all&#039;ingrosso"},"content":{"rendered":"<p>Questi vasetti e coperchi per cosmetici si restringono leggermente nella parte centrale e hanno una forma arrotondata, quasi quadrata, con un comodo manico. I vasetti sono realizzati in ceramica smaltata di alta qualit\u00e0, liscia e lucida, che non trattiene le impronte digitali.<\/p>\n<h2>Caratteristiche del prodotto<\/h2>\n<ul>\n<li><strong>Forma quadrata liscia e arrotondata:<\/strong> La forma squadrata e affusolata in vita offre grande stabilit\u00e0, un aspetto moderno e una presa comoda.<\/li>\n<li><strong>Superficie in ceramica bianca lucida:<\/strong> La superficie in ceramica smaltata, ampiamente lucida, \u00e8 facile da pulire, inossidabile e ha un aspetto luminoso ed elegante.<\/li>\n<li><strong>Grande capacit\u00e0 da 300 ml:<\/strong> Le dimensioni generose sono perfette per lozioni per il corpo, creme, maschere o qualsiasi altro prodotto che richieda un&#039;applicazione o un utilizzo costante su tutto il corpo.<\/li>\n<\/ul>\n<h2 style=\"text-align: left;\">Specifiche chiave<\/h2>\n<table class=\"aligncenter\" style=\"border-collapse: collapse; width: 371.27pt;\" border=\"0\" width=\"495\" cellspacing=\"0\" cellpadding=\"0\">\n<tbody>\n<tr style=\"height: 13.50pt;\">\n<td style=\"height: 13.50pt; width: 117.75pt;\" width=\"157\" height=\"18\">Attributo<\/td>\n<td style=\"width: 253.50pt;\" width=\"338\">Dettagli<\/td>\n<\/tr>\n<tr style=\"height: 13.50pt;\">\n<td style=\"height: 13.50pt;\" height=\"18\">Capacit\u00e0<\/td>\n<td>300 ml<\/td>\n<\/tr>\n<tr style=\"height: 13.50pt;\">\n<td style=\"height: 13.50pt;\" height=\"18\">Materiale<\/td>\n<td>Ceramica smaltata bianca<\/td>\n<\/tr>\n<tr style=\"height: 13.50pt;\">\n<td style=\"height: 13.50pt;\" height=\"18\">Forma del barattolo<\/td>\n<td>Quadrato arrotondato con vita affusolata<\/td>\n<\/tr>\n<tr style=\"height: 13.50pt;\">\n<td style=\"height: 13.50pt;\" height=\"18\">Gamma di personalizzazione<\/td>\n<td>Colore, coperchi, finitura, dimensioni<\/td>\n<\/tr>\n<tr style=\"height: 13.50pt;\">\n<td style=\"height: 13.50pt;\" height=\"18\">Artigianato<\/td>\n<td>Cottura ad alta brillantezza, filettatura precisa<\/td>\n<\/tr>\n<tr style=\"height: 13.50pt;\">\n<td style=\"height: 13.50pt;\" height=\"18\">Uso primario<\/td>\n<td>vasetti per cosmetici all&#039;ingrosso, vasetti per lozioni per il corpo<\/td>\n<\/tr>\n<tr style=\"height: 13.50pt;\">\n<td style=\"height: 13.50pt;\" height=\"18\">Settori target<\/td>\n<td>Marchi di lusso per la cura della pelle, spa e prodotti professionali<\/td>\n<\/tr>\n<\/tbody>\n<\/table>\n<h2>Storia di successo: una crema viso esclusiva di West Coast SpA<\/h2>\n<p>Uno dei marchi di lusso delle spa della costa occidentale ha deciso di utilizzare i nostri vasetti cosmetici bianchi da 300 ml con coperchi e coperchi smaltati opachi stampati con il logo. L&#039;apertura \u00e8 stata inoltre ampliata del 20%, rendendo il prodotto pi\u00f9 efficiente e pratico da utilizzare, consentendo al cliente di sfruttare al meglio ogni goccia. La capacit\u00e0 di 300 ml ha inoltre permesso di vendere un maggior numero di prodotti a prezzi pi\u00f9 elevati, incrementando il valore medio degli ordini di 25 unit\u00e0. Il marchio ha riscontrato un grande successo e ha gi\u00e0 effettuato un altro ordine di 500.000 vasetti, che saranno personalizzati con l&#039;intera gamma di prodotti per la cura del corpo.<\/p>\n<h2>Vasetti per cosmetici all&#039;ingrosso con personalizzazione<\/h2>\n<ul>\n<li>Colori dello smalto: Scott pu\u00f2 selezionare qualsiasi colore del catalogo Pantone corrispondente ai colori dello smalto ceramico, dalle delicate tonalit\u00e0 pastello ai colori intensi delle pietre preziose.<\/li>\n<li>Finiture superficiali: pu\u00f2 avere una finitura lucida, satinata o completamente opaca.<\/li>\n<li>Decorazioni sui coperchi: Questi coperchi (non sempre uguali) possono essere decorati in molti colori, con materiali diversi (ad esempio legno, pietra) o intarsiati con cristalli.<\/li>\n<\/ul>","protected":false},"excerpt":{"rendered":"<p>Vasetti per cosmetici all&#039;ingrosso con finitura bianca liscia e coperchi sicuri. Ideali per creme e prodotti per la cura della pelle. Vasetti e coperchi per cosmetici disponibili in pronta consegna a prezzi di fabbrica.<\/p>","protected":false},"featured_media":6090,"template":"","meta":{"postBodyCss":"","postBodyMargin":[],"postBodyPadding":[],"postBodyBackground":{"backgroundType":"classic","gradient":""}},"product_brand":[],"product_cat":[106,15,17],"product_tag":[],"class_list":{"0":"post-6086","1":"product","2":"type-product","3":"status-publish","4":"has-post-thumbnail","6":"product_cat-cosmetic-jars","7":"product_cat-glass-containers","8":"product_cat-glass-jars","10":"first","11":"instock","12":"shipping-taxable","13":"product-type-simple"},"jetpack_sharing_enabled":true,"_links":{"self":[{"href":"https:\/\/minghanggroup.com\/it\/wp-json\/wp\/v2\/product\/6086","targetHints":{"allow":["GET"]}}],"collection":[{"href":"https:\/\/minghanggroup.com\/it\/wp-json\/wp\/v2\/product"}],"about":[{"href":"https:\/\/minghanggroup.com\/it\/wp-json\/wp\/v2\/types\/product"}],"wp:featuredmedia":[{"embeddable":true,"href":"https:\/\/minghanggroup.com\/it\/wp-json\/wp\/v2\/media\/6090"}],"wp:attachment":[{"href":"https:\/\/minghanggroup.com\/it\/wp-json\/wp\/v2\/media?parent=6086"}],"wp:term":[{"taxonomy":"product_brand","embeddable":true,"href":"https:\/\/minghanggroup.com\/it\/wp-json\/wp\/v2\/product_brand?post=6086"},{"taxonomy":"product_cat","embeddable":true,"href":"https:\/\/minghanggroup.com\/it\/wp-json\/wp\/v2\/product_cat?post=6086"},{"taxonomy":"product_tag","embeddable":true,"href":"https:\/\/minghanggroup.com\/it\/wp-json\/wp\/v2\/product_tag?post=6086"}],"curies":[{"name":"wp","href":"https:\/\/api.w.org\/{rel}","templated":true}]}}