{"id":6076,"date":"2026-03-24T10:57:33","date_gmt":"2026-03-24T02:57:33","guid":{"rendered":"https:\/\/minghanggroup.com\/?post_type=product&#038;p=6076"},"modified":"2026-03-24T16:17:16","modified_gmt":"2026-03-24T08:17:16","slug":"green-glass-cream-jars-packaging-with-lids-bulk","status":"publish","type":"product","link":"https:\/\/minghanggroup.com\/it\/prodotto\/green-glass-cream-jars-packaging-with-lids-bulk\/","title":{"rendered":"Vasetti di vetro verde per crema da 1 oz, 2 oz, 4 oz e 8 oz con coperchi, confezione sfusa"},"content":{"rendered":"<p>Questa serie di vasetti per creme \u00e8 realizzata in vetro verde scuro con un elegante tappo a vite in metallo argentato che trasmette immediatamente un&#039;impressione di qualit\u00e0. La tonalit\u00e0 verde scuro non \u00e8 puramente estetica, ma serve anche a filtrare la luce negativa che potrebbe danneggiare le delicate formule per la cura della pelle. Diverse opzioni di capacit\u00e0 consentono di sviluppare una linea di prodotti senza dover cambiare fornitore. L&#039;ampia apertura facilita il riempimento e offre al cliente un facile accesso a tutta la crema rimasta. I vasetti in vetro sono eccellenti sia in termini di protezione che di estetica, sia che vengano utilizzati per il lancio di un nuovo prodotto o per il packaging di creme di un marchio gi\u00e0 esistente.<\/p>\n<h2>Caratteristiche del prodotto<\/h2>\n<ul>\n<li><strong>Vetro verde oscurante:<\/strong> Il colore verde scuro impedisce che le formule delicate si deteriorino a contatto con la luce, pur mantenendo l&#039;aspetto di un elegante strato traslucido.<\/li>\n<li><strong>Design a bocca larga:<\/strong> Questo design semplificher\u00e0 il processo di riempimento in fase di produzione e render\u00e0 l&#039;utilizzo quotidiano pi\u00f9 comodo per i vostri clienti.<\/li>\n<li><strong>Coperchi a vite in metallo sicuri:<\/strong> I tappi a vite a tenuta stagna garantiscono una chiusura ermetica che resiste al trasporto e preserva i prodotti sugli scaffali.<\/li>\n<\/ul>\n<h2>Specifiche chiave<\/h2>\n<table style=\"border-collapse: collapse; width: 80%; margin-right: auto; margin-left: auto;\" border=\"0\" width=\"144\" cellspacing=\"0\" cellpadding=\"0\">\n<tbody>\n<tr style=\"height: 13.50pt;\">\n<td style=\"height: 13.5pt; width: 54pt; text-align: center;\" width=\"72\" height=\"18\">Specifica<\/td>\n<td style=\"width: 54pt; text-align: center;\" width=\"72\">Dettagli<\/td>\n<\/tr>\n<tr style=\"height: 13.50pt;\">\n<td style=\"height: 13.5pt; text-align: center;\" height=\"18\">Capacit\u00e0<\/td>\n<td style=\"text-align: center;\">1 oz, 2 oz, 4 oz, 8 oz<\/td>\n<\/tr>\n<tr style=\"height: 13.50pt;\">\n<td style=\"height: 13.5pt; text-align: center;\" height=\"18\">Forma<\/td>\n<td style=\"text-align: center;\">Cilindrico a lati dritti<\/td>\n<\/tr>\n<tr style=\"height: 13.50pt;\">\n<td style=\"height: 13.5pt; text-align: center;\" height=\"18\">Colore<\/td>\n<td style=\"text-align: center;\">Verde scuro (personalizzabile)<\/td>\n<\/tr>\n<tr style=\"height: 13.50pt;\">\n<td style=\"height: 13.5pt; text-align: center;\" height=\"18\">Materiale del coperchio<\/td>\n<td style=\"text-align: center;\">Metallo argentato (alluminio\/elettrolitico)<\/td>\n<\/tr>\n<tr style=\"height: 13.50pt;\">\n<td style=\"height: 13.5pt; text-align: center;\" height=\"18\">Tipo di tenuta<\/td>\n<td style=\"text-align: center;\">Tappo a vite filettato<\/td>\n<\/tr>\n<tr style=\"height: 13.50pt;\">\n<td style=\"height: 13.5pt; text-align: center;\" height=\"18\">Utilizzo<\/td>\n<td style=\"text-align: center;\">crema viso, crema contorno occhi, balsamo corpo, crema mani<\/td>\n<\/tr>\n<\/tbody>\n<\/table>\n<h2>Caso di successo<\/h2>\n<p>Una delle aziende australiane di prodotti per la cura della pelle di medie dimensioni ha sostituito i suoi vasetti cosmetici vuoti in vetro verde scuro con i nostri. Per quanto riguarda la personalizzazione, l&#039;esterno del vasetto in vetro \u00e8 stato sottoposto a un processo di rivestimento satinato, rendendo cos\u00ec il prodotto pi\u00f9 facilmente riconoscibile sugli scaffali dei negozi. Il tappo in alluminio \u00e8 stato sottoposto a una sabbiatura fine e sulla parte superiore \u00e8 stato applicato un semplice logo del marchio in rilievo.<\/p>\n<p>Nei primi tre mesi, la linea di prodotti del marchio ha registrato una crescita del 28% nel volume delle vendite mensili; nei sei mesi successivi, il cliente ha effettuato altri due ordini, raggiungendo un ordine complessivo di oltre 120.000 unit\u00e0.<\/p>\n<h2>Consigli per la personalizzazione<\/h2>\n<ol>\n<li><strong>Opzioni di colore:<\/strong> Personalizza il colore del vetro, scegliendo tonalit\u00e0 diverse dal verde scuro, come ambra, bianco satinato, colori sfumati o finiture completamente opache, per adattarlo all&#039;identit\u00e0 del tuo marchio.<\/li>\n<li><strong>Decorazione della superficie:<\/strong> Per un maggiore impatto visivo del marchio, si possono utilizzare la serigrafia, la stampa a caldo, la verniciatura UV o la goffratura dei loghi sul barattolo.<\/li>\n<li><strong>Marchio dei cappellini:<\/strong> Decora la parte superiore del cappellino con incisione laser, intarsi colorati o stampa a caldo con lamina metallica per un tocco finale elegante, raffinato e professionale.<\/li>\n<\/ol>","protected":false},"excerpt":{"rendered":"<p>Confezioni per vasetti di crema direttamente dalla fabbrica, vasetti cosmetici vuoti con spedizione rapida e personalizzazione per grandi quantitativi. Richiedi oggi stesso campioni gratuiti per la tua linea di prodotti per la cura della pelle.<\/p>","protected":false},"featured_media":6084,"template":"","meta":{"postBodyCss":"","postBodyMargin":[],"postBodyPadding":[],"postBodyBackground":{"backgroundType":"classic","gradient":""}},"product_brand":[],"product_cat":[106,15,17],"product_tag":[],"class_list":{"0":"post-6076","1":"product","2":"type-product","3":"status-publish","4":"has-post-thumbnail","6":"product_cat-cosmetic-jars","7":"product_cat-glass-containers","8":"product_cat-glass-jars","10":"first","11":"instock","12":"shipping-taxable","13":"product-type-simple"},"jetpack_sharing_enabled":true,"_links":{"self":[{"href":"https:\/\/minghanggroup.com\/it\/wp-json\/wp\/v2\/product\/6076","targetHints":{"allow":["GET"]}}],"collection":[{"href":"https:\/\/minghanggroup.com\/it\/wp-json\/wp\/v2\/product"}],"about":[{"href":"https:\/\/minghanggroup.com\/it\/wp-json\/wp\/v2\/types\/product"}],"wp:featuredmedia":[{"embeddable":true,"href":"https:\/\/minghanggroup.com\/it\/wp-json\/wp\/v2\/media\/6084"}],"wp:attachment":[{"href":"https:\/\/minghanggroup.com\/it\/wp-json\/wp\/v2\/media?parent=6076"}],"wp:term":[{"taxonomy":"product_brand","embeddable":true,"href":"https:\/\/minghanggroup.com\/it\/wp-json\/wp\/v2\/product_brand?post=6076"},{"taxonomy":"product_cat","embeddable":true,"href":"https:\/\/minghanggroup.com\/it\/wp-json\/wp\/v2\/product_cat?post=6076"},{"taxonomy":"product_tag","embeddable":true,"href":"https:\/\/minghanggroup.com\/it\/wp-json\/wp\/v2\/product_tag?post=6076"}],"curies":[{"name":"wp","href":"https:\/\/api.w.org\/{rel}","templated":true}]}}