{"id":6065,"date":"2026-03-23T10:39:26","date_gmt":"2026-03-23T02:39:26","guid":{"rendered":"https:\/\/minghanggroup.com\/?post_type=product&#038;p=6065"},"modified":"2026-03-23T10:39:28","modified_gmt":"2026-03-23T02:39:28","slug":"frosted-glass-cream-jars-with-bamboo-lids-bulk","status":"publish","type":"product","link":"https:\/\/minghanggroup.com\/it\/prodotto\/frosted-glass-cream-jars-with-bamboo-lids-bulk\/","title":{"rendered":"Barattoli di crema in vetro satinato da 1 oz con coperchi in bamb\u00f9, confezione multipla"},"content":{"rendered":"<p><span class=\"qk-md-text complete\" data-spm-anchor-id=\"5176.28103460.0.i5.51627551XUs49R\">Questo barattolo in vetro per creme a lato dritto combina un raffinato corpo smerigliato con un tappo a vite in bamb\u00f9 ecologico che segnala sia lusso che sostenibilit\u00e0.<\/span> La chiusura \u00e8 filettata per garantire che sia ermetica e il fondo \u00e8 leggermente ispessito per fornire peso e stabilit\u00e0. Ottieni barattoli in vetro smerigliato per cosmetici che fanno belle foto sui social media e sono abbastanza pesanti da poter richiedere un prezzo pi\u00f9 alto. I barattoli per cosmetici sono realizzati in vetro smerigliato che dar\u00e0 ai clienti l'aspetto eco-lusso desiderato.<\/p>\n<h2>Caratteristiche del prodotto<\/h2>\n<ul>\n<li><strong>Coperchio in bamb\u00f9 ecologico:<\/strong> Consiste in una texture naturale del legno con vetro smerigliato per formare un imballaggio che esalta il grido di sostenibilit\u00e0 pur riuscendo ad essere elegante.<\/li>\n<li><strong>Corpo smerigliato protettivo dalla luce:<\/strong> La superficie smerigliata copre le formule sensibili alla luce e non perde quell'aspetto semitrasparente di alta gamma che i clienti apprezzano.<\/li>\n<li><strong>Chiusura filettata sicura:<\/strong> I coperchi sono a tenuta ermetica e hanno una fodera interna per garantire che i contenitori in vetro per cosmetici rimangano freschi fino al cliente.<\/li>\n<\/ul>\n<h2>Specifiche chiave<\/h2>\n<table style=\"border-collapse: collapse; width: 80%; margin-left: auto; margin-right: auto;\" border=\"0\" width=\"144\" cellspacing=\"0\" cellpadding=\"0\">\n<tbody>\n<tr style=\"height: 13.50pt;\">\n<td style=\"height: 13.5pt; width: 54pt; text-align: center;\" width=\"72\" height=\"18\">Specifica<\/td>\n<td style=\"width: 54pt; text-align: center;\" width=\"72\">Dettagli<\/td>\n<\/tr>\n<tr style=\"height: 13.50pt;\">\n<td style=\"height: 13.5pt; text-align: center;\" height=\"18\">Capacit\u00e0<\/td>\n<td style=\"text-align: center;\">30 ml \/ 1 oz<\/td>\n<\/tr>\n<tr style=\"height: 13.50pt;\">\n<td style=\"height: 13.5pt; text-align: center;\" height=\"18\">Forma<\/td>\n<td style=\"text-align: center;\">A lato dritto<\/td>\n<\/tr>\n<tr style=\"height: 13.50pt;\">\n<td style=\"height: 13.5pt; text-align: center;\" height=\"18\">Tipo di tenuta<\/td>\n<td style=\"text-align: center;\">Vite filettata con coperchio in bamb\u00f9<\/td>\n<\/tr>\n<tr style=\"height: 13.50pt;\">\n<td style=\"height: 13.5pt; text-align: center;\" height=\"18\">Colore<\/td>\n<td style=\"text-align: center;\">Smerigliato<\/td>\n<\/tr>\n<tr style=\"height: 13.50pt;\">\n<td style=\"height: 13.5pt; text-align: center;\" height=\"18\">Materiale del coperchio<\/td>\n<td style=\"text-align: center;\">Bamb\u00f9 naturale con rivestimento interno<\/td>\n<\/tr>\n<tr style=\"height: 13.50pt;\">\n<td style=\"height: 13.5pt; text-align: center;\" height=\"18\">Materiale del corpo<\/td>\n<td style=\"text-align: center;\">Bicchiere<\/td>\n<\/tr>\n<tr style=\"height: 13.50pt;\">\n<td style=\"height: 13.5pt; text-align: center;\" height=\"18\">Utilizzo<\/td>\n<td style=\"text-align: center;\">Crema viso, crema contorno occhi, balsamo corpo, maschera labbra<\/td>\n<\/tr>\n<\/tbody>\n<\/table>\n<h2>Caso di successo<\/h2>\n<p>Nel caso di una nuova linea di prodotti di creme riparative biologiche, un'azienda australiana di skincare naturale ha scelto il nostro vasetto in vetro smerigliato come confezione principale. La nostra soluzione \u00e8 stata anche una personalizzazione differenziata: abbiamo preso il vasetto con finitura smerigliata, ma lo abbiamo reso raffinato con una finitura opaca sfumata (con una texture pi\u00f9 densa e traslucida sul fondo). Inoltre, il tappo in bamb\u00f9 \u00e8 stato carbonizzato scuro e dotato di una guarnizione in silicone appositamente progettata per garantire una maggiore ermeticit\u00e0.<\/p>\n<p>La serie ha venduto quasi 52 volte in tre mesi dal suo lancio. Dopo il primo rifornimento, il prodotto ha registrato tre cicli di acquisti ripetuti, diventando rapidamente uno dei prodotti pi\u00f9 venduti del marchio.<\/p>\n<h2>Consigli di personalizzazione<\/h2>\n<ol>\n<li><strong>Materiali del coperchio migliorati:<\/strong> I coperchi in bamb\u00f9 possono essere sostituiti con coperchi in alluminio, galvanizzati o in ABS effetto legno per adattarsi a vari livelli di prezzo e stili di design.<\/li>\n<li><strong>Soluzioni di sigillatura ottimizzate:<\/strong> \u00c8 possibile aggiungere rivestimenti in PE, sigilli in foglio di alluminio o tappi interni per aumentare la prevenzione delle perdite e la freschezza del prodotto.<\/li>\n<li><strong>Personalizzazione del marchio:<\/strong> Sono supportati diversi tipi di branding utilizzati come serigrafia, stampa a caldo (oro\/argento), etichettatura o incisione laser di loghi sui coperchi in bamb\u00f9.<\/li>\n<\/ol>","protected":false},"excerpt":{"rendered":"<p>Barattoli in vetro per creme di alta qualit\u00e0 con finitura smerigliata e coperchi in bamb\u00f9. Ideali barattoli in vetro smerigliato per cosmetici, fornitura diretta di fabbrica con personalizzazione all'ingrosso disponibile.<\/p>","protected":false},"featured_media":6074,"template":"","meta":{"postBodyCss":"","postBodyMargin":[],"postBodyPadding":[],"postBodyBackground":{"backgroundType":"classic","gradient":""}},"product_brand":[],"product_cat":[106,15,17],"product_tag":[],"class_list":{"0":"post-6065","1":"product","2":"type-product","3":"status-publish","4":"has-post-thumbnail","6":"product_cat-cosmetic-jars","7":"product_cat-glass-containers","8":"product_cat-glass-jars","10":"first","11":"instock","12":"shipping-taxable","13":"product-type-simple"},"jetpack_sharing_enabled":true,"_links":{"self":[{"href":"https:\/\/minghanggroup.com\/it\/wp-json\/wp\/v2\/product\/6065","targetHints":{"allow":["GET"]}}],"collection":[{"href":"https:\/\/minghanggroup.com\/it\/wp-json\/wp\/v2\/product"}],"about":[{"href":"https:\/\/minghanggroup.com\/it\/wp-json\/wp\/v2\/types\/product"}],"wp:featuredmedia":[{"embeddable":true,"href":"https:\/\/minghanggroup.com\/it\/wp-json\/wp\/v2\/media\/6074"}],"wp:attachment":[{"href":"https:\/\/minghanggroup.com\/it\/wp-json\/wp\/v2\/media?parent=6065"}],"wp:term":[{"taxonomy":"product_brand","embeddable":true,"href":"https:\/\/minghanggroup.com\/it\/wp-json\/wp\/v2\/product_brand?post=6065"},{"taxonomy":"product_cat","embeddable":true,"href":"https:\/\/minghanggroup.com\/it\/wp-json\/wp\/v2\/product_cat?post=6065"},{"taxonomy":"product_tag","embeddable":true,"href":"https:\/\/minghanggroup.com\/it\/wp-json\/wp\/v2\/product_tag?post=6065"}],"curies":[{"name":"wp","href":"https:\/\/api.w.org\/{rel}","templated":true}]}}