{"id":6055,"date":"2026-03-20T10:28:38","date_gmt":"2026-03-20T02:28:38","guid":{"rendered":"https:\/\/minghanggroup.com\/?post_type=product&#038;p=6055"},"modified":"2026-03-20T16:31:51","modified_gmt":"2026-03-20T08:31:51","slug":"frosted-glass-1oz-cosmetic-jars-with-lids-for-skincare-bulk","status":"publish","type":"product","link":"https:\/\/minghanggroup.com\/it\/prodotto\/frosted-glass-1oz-cosmetic-jars-with-lids-for-skincare-bulk\/","title":{"rendered":"Vasetti cosmetici in vetro satinato da 1 oz con coperchio per la cura della pelle (vendita all&#039;ingrosso)"},"content":{"rendered":"<p>I vasetti cosmetici da 1 oz con coperchio presentano una raffinata forma cilindrica bassa, linee pulite e una sensazione di solidit\u00e0 che trasmette un&#039;elevata qualit\u00e0. Il corpo in vetro satinato conferisce al vasetto un aspetto delicato e semitrasparente, permettendo di intravedere il contenuto senza per\u00f2 nasconderne il segreto. Il tappo a vite in metallo argentato, galvanizzato o in alluminio, crea un piacevole contrasto con la finitura opaca. La tua crema, il tuo siero o il tuo balsamo per il corpo meritano un investimento che questo vasetto in vetro sapr\u00e0 valorizzare al meglio. Che si tratti di ordinare grandi quantit\u00e0 di vasetti cosmetici per il lancio di un nuovo prodotto o di confezionare singolarmente un vasetto per una linea specifica, questi vasetti da 1 oz con coperchio sono la soluzione ideale.<\/p>\n<h2>Caratteristiche del prodotto<\/h2>\n<ul>\n<li><strong>Finitura satinata di alta qualit\u00e0:<\/strong> La texture finissima e satinata conferisce al prodotto un aspetto lussuoso con una finitura effetto vetro e copre anche le formule fotosensibili.<\/li>\n<li><strong>Guarnizione filettata sicura:<\/strong> I coperchi a chiusura ermetica eliminano le perdite e garantiscono che i contenitori in vetro per cosmetici rimangano freschi durante il trasporto e per tutta la loro durata di conservazione.<\/li>\n<li><strong>Design del fondo della stalla:<\/strong> Il fondo rinforzato artificialmente lo rende resistente e permette di posizionare il contenitore saldamente su qualsiasi superficie.<\/li>\n<\/ul>\n<h2>Specifiche chiave<\/h2>\n<table style=\"border-collapse: collapse; width: 80%; margin-left: auto; margin-right: auto;\" border=\"0\" width=\"144\" cellspacing=\"0\" cellpadding=\"0\">\n<tbody>\n<tr style=\"height: 13.50pt;\">\n<td style=\"height: 13.5pt; width: 54pt; text-align: center;\" width=\"72\" height=\"18\">Specifica<\/td>\n<td style=\"width: 54pt; text-align: center;\" width=\"72\">Dettagli<\/td>\n<\/tr>\n<tr style=\"height: 13.50pt;\">\n<td style=\"height: 13.5pt; text-align: center;\" height=\"18\">Capacit\u00e0<\/td>\n<td style=\"text-align: center;\">30 ml \/ 1 oz<\/td>\n<\/tr>\n<tr style=\"height: 13.50pt;\">\n<td style=\"height: 13.5pt; text-align: center;\" height=\"18\">Forma<\/td>\n<td style=\"text-align: center;\">Cilindrico a lati dritti<\/td>\n<\/tr>\n<tr style=\"height: 13.50pt;\">\n<td style=\"height: 13.5pt; text-align: center;\" height=\"18\">Tipo di tenuta<\/td>\n<td style=\"text-align: center;\">Tappo a vite filettato<\/td>\n<\/tr>\n<tr style=\"height: 13.50pt;\">\n<td style=\"height: 13.5pt; text-align: center;\" height=\"18\">Opzioni di colore<\/td>\n<td style=\"text-align: center;\">Smerigliato, trasparente<\/td>\n<\/tr>\n<tr style=\"height: 13.50pt;\">\n<td style=\"height: 13.5pt; text-align: center;\" height=\"18\">Utilizzo<\/td>\n<td style=\"text-align: center;\">crema viso, crema contorno occhi, balsamo corpo, cura della pelle<\/td>\n<\/tr>\n<\/tbody>\n<\/table>\n<h2>Caso di successo<\/h2>\n<p>Uno dei marchi australiani di prodotti per la cura della pelle ha scelto i nostri vasetti per crema da 1 oz in vetro satinato. Nelle informazioni di personalizzazione, il cliente ha richiesto una struttura del tappo a doppio strato: uno strato interno in PP racchiuso da un guscio esterno in alluminio. Inoltre, il fondo interno del vasetto \u00e8 stato accuratamente sagomato con una leggera concavit\u00e0 per ridurre la quantit\u00e0 di residui di prodotto dopo l&#039;uso. Per quanto riguarda il tappo, il cliente ha optato per l&#039;incisione laser anzich\u00e9 la stampa tradizionale, per stampare il nome del marchio.<\/p>\n<p>Dopo il lancio del prodotto, le vendite di questa linea sono aumentate del 27% in soli tre mesi. Il cliente ha poi effettuato tre riordini consecutivi nell&#039;arco di un anno.<\/p>\n<h2>Consigli di personalizzazione<\/h2>\n<ol>\n<li><strong>Finiture superficiali del tappo:<\/strong> Con una vasta selezione di marchi per soddisfare i gusti dei nostri clienti, offriamo una variet\u00e0 di finiture superficiali che includono metallo spazzolato e placcatura lucida, rivestimento opaco e tonalit\u00e0 metalliche sfumate.<\/li>\n<li><strong>Colorazione interna del vetro:<\/strong> Si tratta di un processo di verniciatura a spruzzo interno che consente di realizzare lavorazioni cromatiche uniche all&#039;interno della bottiglia, senza compromettere la limpidezza e la trasparenza della superficie esterna del vetro.<\/li>\n<li><strong>Decorazioni sulla parte superiore del cappello:<\/strong> Consigliamo l&#039;utilizzo di diverse tecniche decorative sulla superficie del tappo, come la goffratura, la debossing, l&#039;incisione laser o l&#039;inserimento di inserti metallici, per enfatizzare il messaggio del marchio, pi\u00f9 raffinato ed elegante.<\/li>\n<\/ol>","protected":false},"excerpt":{"rendered":"<p>Eleganti vasetti cosmetici da 28 ml con coperchio in vetro satinato. Fornitura all&#039;ingrosso di vasetti cosmetici con servizio di vendita diretta dalla fabbrica e opzioni di personalizzazione flessibili.<\/p>","protected":false},"featured_media":6059,"template":"","meta":{"postBodyCss":"","postBodyMargin":[],"postBodyPadding":[],"postBodyBackground":{"backgroundType":"classic","gradient":""}},"product_brand":[],"product_cat":[106,15,17],"product_tag":[],"class_list":{"0":"post-6055","1":"product","2":"type-product","3":"status-publish","4":"has-post-thumbnail","6":"product_cat-cosmetic-jars","7":"product_cat-glass-containers","8":"product_cat-glass-jars","10":"first","11":"instock","12":"shipping-taxable","13":"product-type-simple"},"jetpack_sharing_enabled":true,"_links":{"self":[{"href":"https:\/\/minghanggroup.com\/it\/wp-json\/wp\/v2\/product\/6055","targetHints":{"allow":["GET"]}}],"collection":[{"href":"https:\/\/minghanggroup.com\/it\/wp-json\/wp\/v2\/product"}],"about":[{"href":"https:\/\/minghanggroup.com\/it\/wp-json\/wp\/v2\/types\/product"}],"wp:featuredmedia":[{"embeddable":true,"href":"https:\/\/minghanggroup.com\/it\/wp-json\/wp\/v2\/media\/6059"}],"wp:attachment":[{"href":"https:\/\/minghanggroup.com\/it\/wp-json\/wp\/v2\/media?parent=6055"}],"wp:term":[{"taxonomy":"product_brand","embeddable":true,"href":"https:\/\/minghanggroup.com\/it\/wp-json\/wp\/v2\/product_brand?post=6055"},{"taxonomy":"product_cat","embeddable":true,"href":"https:\/\/minghanggroup.com\/it\/wp-json\/wp\/v2\/product_cat?post=6055"},{"taxonomy":"product_tag","embeddable":true,"href":"https:\/\/minghanggroup.com\/it\/wp-json\/wp\/v2\/product_tag?post=6055"}],"curies":[{"name":"wp","href":"https:\/\/api.w.org\/{rel}","templated":true}]}}