{"id":6054,"date":"2026-03-20T09:11:21","date_gmt":"2026-03-20T01:11:21","guid":{"rendered":"https:\/\/minghanggroup.com\/?post_type=product&#038;p=6054"},"modified":"2026-03-20T16:55:31","modified_gmt":"2026-03-20T08:55:31","slug":"cosmetic-storage-containers-with-gold-lids-bulk","status":"publish","type":"product","link":"https:\/\/minghanggroup.com\/it\/prodotto\/cosmetic-storage-containers-with-gold-lids-bulk\/","title":{"rendered":"Contenitori per cosmetici da 30 ml e 50 ml con coperchi dorati, confezione multipla"},"content":{"rendered":"<p>Il design di questi contenitori per cosmetici \u00e8 elegante e ha una forma a doppio cilindro. La parte inferiore \u00e8 costituita da vetro spesso di qualit\u00e0 con finitura trasparente o opaca morbida e la parte superiore \u00e8 decorata con un anello in metallo dorato opaco e un coperchio trasparente in acrilico.<\/p>\n<h2>Caratteristiche del prodotto<\/h2>\n<ul>\n<li><strong>Design di lusso a strati:<\/strong> Il vetro massiccio, l'oro opaco e l'acrilico trasparente sono stati combinati in modo intelligente per produrre un'estetica visiva altamente stratificata e lussuosa.<\/li>\n<li><strong>Finiture in vetro e opache:<\/strong> Scegli tra vetro trasparente o elegante vetro opaco che mostra perfettamente o completa delicatamente il tuo prodotto.<\/li>\n<li><strong>Tocco buono e stabile:<\/strong> La base in vetro e l'anello in metallo rendono il barattolo solido e stabile, oltre che lussuoso e di alta qualit\u00e0.<\/li>\n<\/ul>\n<h2 style=\"text-align: left;\">Specifiche chiave<\/h2>\n<table class=\"aligncenter\" style=\"border-collapse: collapse; width: 420.02pt;\" border=\"0\" width=\"560\" cellspacing=\"0\" cellpadding=\"0\">\n<tbody>\n<tr style=\"height: 13.50pt;\">\n<td style=\"height: 13.50pt; width: 118.50pt;\" width=\"158\" height=\"18\">Attributo<\/td>\n<td style=\"width: 301.50pt;\" width=\"402\">Dettagli<\/td>\n<\/tr>\n<tr style=\"height: 13.50pt;\">\n<td style=\"height: 13.50pt;\" height=\"18\">Capacit\u00e0<\/td>\n<td>30ml, 50ml<\/td>\n<\/tr>\n<tr style=\"height: 13.50pt;\">\n<td style=\"height: 13.50pt;\" height=\"18\">Materiale<\/td>\n<td>Vetro spesso (trasparente o opaco)<\/td>\n<\/tr>\n<tr style=\"height: 13.50pt;\">\n<td style=\"height: 13.50pt;\" height=\"18\">Forma del barattolo<\/td>\n<td>Cilindro a due livelli (vetro inferiore, metallo superiore)<\/td>\n<\/tr>\n<tr style=\"height: 13.50pt;\">\n<td style=\"height: 13.50pt;\" height=\"18\">Gamma di personalizzazione<\/td>\n<td>Forma, finitura, colore, materiale del coperchio, dimensione<\/td>\n<\/tr>\n<tr style=\"height: 13.50pt;\">\n<td style=\"height: 13.50pt;\" height=\"18\">Uso primario<\/td>\n<td>Barattoli cosmetici premium, contenitori per cosmetici<\/td>\n<\/tr>\n<tr style=\"height: 13.50pt;\">\n<td style=\"height: 13.50pt;\" height=\"18\">Settori target<\/td>\n<td>Skincare di lusso, cosmetici di alta gamma<\/td>\n<\/tr>\n<\/tbody>\n<\/table>\n<h2>Storia di successo: Serie Clinica di un Marchio Canadese di Skincare<\/h2>\n<p>Una delle aziende canadesi di skincare ha scelto i nostri barattoli smerigliati da 50 ml con coperchi e un anello metallico argento opaco personalizzato da questa azienda. Le superfici di vendita sono totalmente prive di impronte digitali e macchie con una superficie opaca. Le vendite del prodotto sono state 40 volte superiori alle vendite previste e un design speciale e resistente ha aumentato gli acquisti ripetuti del 65%. Il marchio ha avuto un grande successo e l'azienda ha ordinato altri 800.000 barattoli per completare la sua linea di cura per il mercato internazionale.<\/p>\n<h2>Personalizzazione dei contenitori per cosmetici<\/h2>\n<ul>\n<li>Finitura dell'anello metallico: Viene offerto con anelli metallici in oro rosa, cromo nero, rame o argento lucido.<\/li>\n<li>Materiale del coperchio: L'uso di coperchi in acrilico fum\u00e9, acrilico a specchio e persino in vetro per formare varie texture di alta qualit\u00e0.<\/li>\n<li>Funzionalit\u00e0 del coperchio: Sono disponibili anche coperchi con applicatori integrati o piccoli specchi per migliorarne la funzionalit\u00e0.<\/li>\n<\/ul>","protected":false},"excerpt":{"rendered":"<p>Lussuosi contenitori per cosmetici con anello dorato e coperchio in acrilico. Barattoli per cosmetici di alta gamma con coperchi ideali per il confezionamento di creme e prodotti per la cura degli occhi. Spedizione veloce.<\/p>","protected":false},"featured_media":6061,"template":"","meta":{"postBodyCss":"","postBodyMargin":[],"postBodyPadding":[],"postBodyBackground":{"backgroundType":"classic","gradient":""}},"product_brand":[],"product_cat":[106,15,17],"product_tag":[],"class_list":{"0":"post-6054","1":"product","2":"type-product","3":"status-publish","4":"has-post-thumbnail","6":"product_cat-cosmetic-jars","7":"product_cat-glass-containers","8":"product_cat-glass-jars","10":"first","11":"instock","12":"shipping-taxable","13":"product-type-simple"},"jetpack_sharing_enabled":true,"_links":{"self":[{"href":"https:\/\/minghanggroup.com\/it\/wp-json\/wp\/v2\/product\/6054","targetHints":{"allow":["GET"]}}],"collection":[{"href":"https:\/\/minghanggroup.com\/it\/wp-json\/wp\/v2\/product"}],"about":[{"href":"https:\/\/minghanggroup.com\/it\/wp-json\/wp\/v2\/types\/product"}],"wp:featuredmedia":[{"embeddable":true,"href":"https:\/\/minghanggroup.com\/it\/wp-json\/wp\/v2\/media\/6061"}],"wp:attachment":[{"href":"https:\/\/minghanggroup.com\/it\/wp-json\/wp\/v2\/media?parent=6054"}],"wp:term":[{"taxonomy":"product_brand","embeddable":true,"href":"https:\/\/minghanggroup.com\/it\/wp-json\/wp\/v2\/product_brand?post=6054"},{"taxonomy":"product_cat","embeddable":true,"href":"https:\/\/minghanggroup.com\/it\/wp-json\/wp\/v2\/product_cat?post=6054"},{"taxonomy":"product_tag","embeddable":true,"href":"https:\/\/minghanggroup.com\/it\/wp-json\/wp\/v2\/product_tag?post=6054"}],"curies":[{"name":"wp","href":"https:\/\/api.w.org\/{rel}","templated":true}]}}