{"id":6047,"date":"2026-03-19T16:54:26","date_gmt":"2026-03-19T08:54:26","guid":{"rendered":"https:\/\/minghanggroup.com\/?post_type=product&#038;p=6047"},"modified":"2026-03-19T16:56:23","modified_gmt":"2026-03-19T08:56:23","slug":"clear-small-cosmetic-containers-with-lid-bulk","status":"publish","type":"product","link":"https:\/\/minghanggroup.com\/it\/prodotto\/clear-small-cosmetic-containers-with-lid-bulk\/","title":{"rendered":"Contenitori cosmetici piccoli trasparenti da 1 oz con coperchio, confezione multipla"},"content":{"rendered":"<p>Le tue creme dovrebbero essere presentate in un contenitore che ne esalti la luminosit\u00e0. Ora, grazie ai nostri piccoli flaconi cosmetici, questo problema \u00e8 risolto! Flaconi in vetro da 30 ml con tappo a vite, di alta qualit\u00e0, a prova di perdite durante il trasporto e con visibilit\u00e0 del contenuto. Si tengono comodamente nel palmo della mano, senza bisogno di flaconi pesanti. Attraverso il tuo prodotto di bellezza, risplendi.<\/p>\n<h2>Caratteristiche del prodotto<\/h2>\n<ul>\n<li><strong>Estetica minimalista:<\/strong> Il contenitore trasparente, dalla forma cilindrica tradizionale, permette di vedere chiaramente il contenuto, risultando la soluzione ideale per enfatizzare la semplicit\u00e0 e la bellezza dei prodotti dei marchi di alta gamma per la cura della pelle.<\/li>\n<li><strong>Struttura in vetro di alta qualit\u00e0:<\/strong> La bottiglia \u00e8 realizzata in vetro trasparente, che migliora l&#039;esperienza tattile del prodotto e offre un&#039;eccellente protezione, ed \u00e8 facilmente utilizzabile dal consumatore per vedere la quantit\u00e0 di contenuto rimanente.<\/li>\n<li><strong>Sigillatura superiore:<\/strong> Grazie al tappo bianco a vite, il contenitore \u00e8 dotato di un coperchio ermetico e sicuro che impedisce la contaminazione e l&#039;ingresso dell&#039;aria, mantenendo il prodotto fresco.<\/li>\n<\/ul>\n<h2>Specifiche chiave<\/h2>\n<table style=\"border-collapse: collapse; width: 80%; margin-left: auto; margin-right: auto;\" border=\"0\" width=\"360\" cellspacing=\"0\" cellpadding=\"0\">\n<tbody>\n<tr style=\"height: 13.50pt;\">\n<td style=\"height: 13.5pt; width: 54pt; text-align: center;\" width=\"72\" height=\"18\">Capacit\u00e0<\/td>\n<td style=\"width: 54pt; text-align: center;\" width=\"72\">Forma<\/td>\n<td style=\"width: 54pt; text-align: center;\" width=\"72\">Sigillatura<\/td>\n<td style=\"width: 54pt; text-align: center;\" width=\"72\">Colore<\/td>\n<td style=\"width: 54pt; text-align: center;\" width=\"72\">Utilizzo<\/td>\n<\/tr>\n<tr style=\"height: 13.50pt;\">\n<td style=\"height: 13.5pt; text-align: center;\" height=\"18\">30 ml<\/td>\n<td style=\"text-align: center;\">Lato dritto<\/td>\n<td style=\"text-align: center;\">Filettato<\/td>\n<td style=\"text-align: center;\">Chiaro<\/td>\n<td style=\"text-align: center;\">Crema viso, crema contorno occhi, balsamo corpo<\/td>\n<\/tr>\n<\/tbody>\n<\/table>\n<h2>Caso di successo<\/h2>\n<p>Quando un marchio canadese ha deciso di lanciare una linea di creme per il viso specificamente formulate per pelli sensibili, ha scelto i nostri vasetti in vetro da 30 ml. Per personalizzarli, il cliente ha richiesto un miglioramento al vasetto in vetro: un sottile strato bianco latte semitrasparente \u00e8 stato applicato sulla parete interna. Il tappo, a sua volta, \u00e8 stato progettato con una tradizionale texture gommata sulla parte superiore, chiamata &#034;skin-touch&#034; \u2013 una scelta di design non solo per migliorare la presa e la resistenza allo scivolamento, ma anche per conferire al tappo un aspetto lussuoso e raffinato.<\/p>\n<p>Le vendite online del prodotto sono aumentate di un impressionante 31% gi\u00e0 nel primo trimestre successivo al lancio sul mercato. Il cliente ha effettuato altri quattro riordini nei sei mesi successivi, confermando il successo del prodotto e ampliando la propria gamma con altri prodotti per la cura della pelle.<\/p>\n<h2>Opzioni di personalizzazione<\/h2>\n<ol>\n<li><strong>Opzioni per il coperchio interno: <\/strong>I coperchi interni in PE, PP o foglio di alluminio contribuiscono a rendere la lattina pi\u00f9 ermetica e a proteggere il prodotto.<\/li>\n<li><strong>Personalizzazione del colore del vetro: <\/strong>Offriamo vernici spray trasparenti, ambrate, satinate o personalizzate per adattarsi all&#039;estetica di diversi marchi.<\/li>\n<li><strong>Decorazione della superficie: <\/strong>Stampa a caldo, serigrafia, etichettatura o stampa UV per la personalizzazione del marchio.<\/li>\n<\/ol>","protected":false},"excerpt":{"rendered":"<p>Piccoli contenitori per cosmetici e vasetti per creme in vetro trasparente. Fornitura diretta dalla fabbrica, possibilit\u00e0 di personalizzazione per grandi quantitativi per marchi di prodotti per la cura della pelle. Spedizione rapida.<\/p>","protected":false},"featured_media":6050,"template":"","meta":{"postBodyCss":"","postBodyMargin":[],"postBodyPadding":[],"postBodyBackground":{"backgroundType":"classic","gradient":""}},"product_brand":[],"product_cat":[106,15,17],"product_tag":[],"class_list":{"0":"post-6047","1":"product","2":"type-product","3":"status-publish","4":"has-post-thumbnail","6":"product_cat-cosmetic-jars","7":"product_cat-glass-containers","8":"product_cat-glass-jars","10":"first","11":"instock","12":"shipping-taxable","13":"product-type-simple"},"jetpack_sharing_enabled":true,"_links":{"self":[{"href":"https:\/\/minghanggroup.com\/it\/wp-json\/wp\/v2\/product\/6047","targetHints":{"allow":["GET"]}}],"collection":[{"href":"https:\/\/minghanggroup.com\/it\/wp-json\/wp\/v2\/product"}],"about":[{"href":"https:\/\/minghanggroup.com\/it\/wp-json\/wp\/v2\/types\/product"}],"wp:featuredmedia":[{"embeddable":true,"href":"https:\/\/minghanggroup.com\/it\/wp-json\/wp\/v2\/media\/6050"}],"wp:attachment":[{"href":"https:\/\/minghanggroup.com\/it\/wp-json\/wp\/v2\/media?parent=6047"}],"wp:term":[{"taxonomy":"product_brand","embeddable":true,"href":"https:\/\/minghanggroup.com\/it\/wp-json\/wp\/v2\/product_brand?post=6047"},{"taxonomy":"product_cat","embeddable":true,"href":"https:\/\/minghanggroup.com\/it\/wp-json\/wp\/v2\/product_cat?post=6047"},{"taxonomy":"product_tag","embeddable":true,"href":"https:\/\/minghanggroup.com\/it\/wp-json\/wp\/v2\/product_tag?post=6047"}],"curies":[{"name":"wp","href":"https:\/\/api.w.org\/{rel}","templated":true}]}}