{"id":6042,"date":"2026-03-19T10:04:29","date_gmt":"2026-03-19T02:04:29","guid":{"rendered":"https:\/\/minghanggroup.com\/?post_type=product&#038;p=6042"},"modified":"2026-03-20T16:58:02","modified_gmt":"2026-03-20T08:58:02","slug":"empty-luxury-glass-cosmetic-jars-with-gold-lid-bulk","status":"publish","type":"product","link":"https:\/\/minghanggroup.com\/it\/prodotto\/empty-luxury-glass-cosmetic-jars-with-gold-lid-bulk\/","title":{"rendered":"Vasetti cosmetici di lusso vuoti da 20 ml in vetro con coperchio dorato (confezione multipla)"},"content":{"rendered":"<p>Questi lussuosi vasetti in vetro per cosmetici hanno una forma liscia e arrotondata, sono realizzati in vetro cristallino e sormontati da un coperchio placcato in oro e da un opulento pomello sferico che contribuiscono al loro tocco di lusso.<\/p>\n<h2>Caratteristiche del prodotto<\/h2>\n<ul>\n<li><strong>Base emisferica in vetro trasparente:<\/strong> La base emisferica in vetro cristallino offre una vetrina ideale per ammirare la texture e il colore del prodotto, mettendone in mostra la qualit\u00e0 pi\u00f9 pura.<\/li>\n<li><strong>Coperchio superiore in metallo dorato:<\/strong> Si tratta di un materiale resistente, realizzato in metallo spesso, che conferisce al coperchio superiore un aspetto elegante e sofisticato.<\/li>\n<li><strong>Forma sferica liscia:<\/strong> La perfetta forma sferica \u00e8 ben organizzata e facile da impugnare, e sar\u00e0 un oggetto accattivante in qualsiasi toeletta.<\/li>\n<\/ul>\n<h2 style=\"text-align: left;\">Specifiche chiave<\/h2>\n<table class=\"aligncenter\" style=\"border-collapse: collapse; width: 417.77pt;\" border=\"0\" width=\"557\" cellspacing=\"0\" cellpadding=\"0\">\n<tbody>\n<tr style=\"height: 13.50pt;\">\n<td style=\"height: 13.50pt; width: 120.00pt;\" width=\"160\" height=\"18\">Specifica<\/td>\n<td style=\"width: 297.75pt;\" width=\"397\">Dettagli<\/td>\n<\/tr>\n<tr style=\"height: 13.50pt;\">\n<td style=\"height: 13.50pt;\" height=\"18\">Capacit\u00e0<\/td>\n<td>20 ml<\/td>\n<\/tr>\n<tr style=\"height: 13.50pt;\">\n<td style=\"height: 13.50pt;\" height=\"18\">Materiale<\/td>\n<td>Vetro trasparente, metallo placcato oro<\/td>\n<\/tr>\n<tr style=\"height: 13.50pt;\">\n<td style=\"height: 13.50pt;\" height=\"18\">Forma del barattolo<\/td>\n<td>Sfera con coperchio a cupola<\/td>\n<\/tr>\n<tr style=\"height: 13.50pt;\">\n<td style=\"height: 13.50pt;\" height=\"18\">Ambito di personalizzazione<\/td>\n<td>Colore, finitura, coperchi, dimensioni<\/td>\n<\/tr>\n<tr style=\"height: 13.50pt;\">\n<td style=\"height: 13.50pt;\" height=\"18\">Artigianato<\/td>\n<td>Stampaggio di precisione di vetro e metallo<\/td>\n<\/tr>\n<tr style=\"height: 13.50pt;\">\n<td style=\"height: 13.50pt;\" height=\"18\">Scopo del prodotto<\/td>\n<td>Vasetti cosmetici in vetro di lusso, vasetti cosmetici di alta qualit\u00e0<\/td>\n<\/tr>\n<tr style=\"height: 13.50pt;\">\n<td style=\"height: 13.50pt;\" height=\"18\">Industrie adatte<\/td>\n<td>Marchi di lusso per la cura della pelle, set regalo di alta gamma<\/td>\n<\/tr>\n<\/tbody>\n<\/table>\n<h2>Storia di successo: una crema esclusiva di un marchio svizzero di prodotti per la cura della pelle.<\/h2>\n<p>Un marchio svizzero di prodotti per la cura della pelle ha utilizzato i nostri contenitori cosmetici sferici vuoti, ordinando un vasetto personalizzato in metallo con trattamento PVD platino e un vasetto in vetro satinato. La sensazione di freschezza e il peso del vasetto hanno rafforzato l&#039;effetto &#034;coolness technology&#034; sul prodotto, incrementando le vendite del 25% nei grandi magazzini di lusso e del 300% nelle interazioni sui social media. Il marchio ha riscosso un enorme successo e ha effettuato un altro ordine di 500.000 vasetti, che sono stati l&#039;unico packaging disponibile per la sua linea di prodotti di punta nei tre anni successivi.<\/p>\n<h2>Opzioni di personalizzazione per contenitori cosmetici vuoti<\/h2>\n<ul>\n<li>Finitura metallica: la met\u00e0 superiore \u00e8 rifinita in oro rosa, argento, rame, cromo nero o grigio canna di fucile.<\/li>\n<li>Decorazione del coperchio: cristalli, pietre semipreziose o il logo del marchio possono essere aggiunti alla parte superiore del coperchio a cupola.<\/li>\n<li>Regolazione delle dimensioni: \u00e8 possibile realizzare formati pi\u00f9 piccoli (ad esempio, crema contorno occhi) e formati pi\u00f9 grandi (ad esempio, crema notte) con lo stesso design, a forma sferica.<\/li>\n<\/ul>","protected":false},"excerpt":{"rendered":"<p>Vasetti cosmetici di lusso in vetro con coperchio dorato e base trasparente. Contenitori cosmetici vuoti di alta qualit\u00e0, ideali per creme, sieri e prodotti per la cura della pelle di lusso. Campioni omaggio.<\/p>","protected":false},"featured_media":6046,"template":"","meta":{"postBodyCss":"","postBodyMargin":[],"postBodyPadding":[],"postBodyBackground":{"backgroundType":"classic","gradient":""}},"product_brand":[],"product_cat":[106,15,17],"product_tag":[],"class_list":{"0":"post-6042","1":"product","2":"type-product","3":"status-publish","4":"has-post-thumbnail","6":"product_cat-cosmetic-jars","7":"product_cat-glass-containers","8":"product_cat-glass-jars","10":"first","11":"instock","12":"shipping-taxable","13":"product-type-simple"},"jetpack_sharing_enabled":true,"_links":{"self":[{"href":"https:\/\/minghanggroup.com\/it\/wp-json\/wp\/v2\/product\/6042","targetHints":{"allow":["GET"]}}],"collection":[{"href":"https:\/\/minghanggroup.com\/it\/wp-json\/wp\/v2\/product"}],"about":[{"href":"https:\/\/minghanggroup.com\/it\/wp-json\/wp\/v2\/types\/product"}],"wp:featuredmedia":[{"embeddable":true,"href":"https:\/\/minghanggroup.com\/it\/wp-json\/wp\/v2\/media\/6046"}],"wp:attachment":[{"href":"https:\/\/minghanggroup.com\/it\/wp-json\/wp\/v2\/media?parent=6042"}],"wp:term":[{"taxonomy":"product_brand","embeddable":true,"href":"https:\/\/minghanggroup.com\/it\/wp-json\/wp\/v2\/product_brand?post=6042"},{"taxonomy":"product_cat","embeddable":true,"href":"https:\/\/minghanggroup.com\/it\/wp-json\/wp\/v2\/product_cat?post=6042"},{"taxonomy":"product_tag","embeddable":true,"href":"https:\/\/minghanggroup.com\/it\/wp-json\/wp\/v2\/product_tag?post=6042"}],"curies":[{"name":"wp","href":"https:\/\/api.w.org\/{rel}","templated":true}]}}