{"id":6029,"date":"2026-03-18T10:48:50","date_gmt":"2026-03-18T02:48:50","guid":{"rendered":"https:\/\/minghanggroup.com\/?post_type=product&#038;p=6029"},"modified":"2026-04-14T09:48:29","modified_gmt":"2026-04-14T01:48:29","slug":"frosted-glass-cosmetic-bottles-for-shampoo-bulk","status":"publish","type":"product","link":"https:\/\/minghanggroup.com\/it\/prodotto\/frosted-glass-cosmetic-bottles-for-shampoo-bulk\/","title":{"rendered":"Flaconi cosmetici in vetro satinato da 40 ml per shampoo (vendita all&#039;ingrosso)"},"content":{"rendered":"<p>Quella che vedete \u00e8 una delle soluzioni pi\u00f9 raffinate nel packaging cosmetico in vetro: i flaconi da 40 ml in vetro satinato presentano una splendida forma ovale che offre una sensazione piacevole al tatto e un aspetto elegante su qualsiasi scaffale. La finitura in vetro satinato aggiunge un tocco di traslucenza eterea, mentre il collo del flacone \u00e8 impreziosito da un anello in metallo dorato. Con una leggera pressione sull&#039;erogatore, il prodotto viene sempre dosato con precisione.<\/p>\n<h2>Caratteristiche del prodotto<\/h2>\n<ul>\n<li><strong>Elegante finitura satinata:<\/strong> La superficie in vetro satinato conferisce un aspetto lussuoso e semitrasparente che esalta l&#039;attrattiva dei prodotti, proteggendo al contempo le formule sensibili alla luce.<\/li>\n<li><strong>Tecnologia delle pompe airless:<\/strong> Il nostro sistema di pompaggio airless previene la contaminazione e prolunga la durata di conservazione del prodotto, motivo per cui \u00e8 pensato per flaconi con dosatore a pompa e sieri di alta qualit\u00e0.<\/li>\n<li><strong>Design stabile e rotondo:<\/strong> I flaconi rotondi con dosatore a pompa per shampoo hanno una base spessa che li rende stabili su qualsiasi superficie, riduce al minimo le fuoriuscite e ne facilita l&#039;utilizzo.<\/li>\n<\/ul>\n<h2>Specifiche chiave<\/h2>\n<table style=\"border-collapse: collapse; width: 80%; margin-left: auto; margin-right: auto;\" border=\"0\" width=\"144\" cellspacing=\"0\" cellpadding=\"0\">\n<tbody>\n<tr style=\"height: 13.50pt;\">\n<td style=\"height: 13.5pt; width: 54pt; text-align: center;\" width=\"72\" height=\"18\">Specifica<\/td>\n<td style=\"width: 54pt; text-align: center;\" width=\"72\">Dettagli<\/td>\n<\/tr>\n<tr style=\"height: 13.50pt;\">\n<td style=\"height: 13.5pt; text-align: center;\" height=\"18\">Capacit\u00e0<\/td>\n<td style=\"text-align: center;\">40 ml<\/td>\n<\/tr>\n<tr style=\"height: 13.50pt;\">\n<td style=\"height: 13.5pt; text-align: center;\" height=\"18\">Materiale<\/td>\n<td style=\"text-align: center;\">Corpo in vetro satinato<\/td>\n<\/tr>\n<tr style=\"height: 13.50pt;\">\n<td style=\"height: 13.5pt; text-align: center;\" height=\"18\">Tipo di pompa<\/td>\n<td style=\"text-align: center;\">Sistema di pompaggio airless<\/td>\n<\/tr>\n<tr style=\"height: 13.50pt;\">\n<td style=\"height: 13.5pt; text-align: center;\" height=\"18\">Testa della pompa<\/td>\n<td style=\"text-align: center;\">Metallo dorato con copertura trasparente<\/td>\n<\/tr>\n<tr style=\"height: 13.50pt;\">\n<td style=\"height: 13.5pt; text-align: center;\" height=\"18\">Colore<\/td>\n<td style=\"text-align: center;\">Glassato (personalizzabile)<\/td>\n<\/tr>\n<tr style=\"height: 13.50pt;\">\n<td style=\"height: 13.5pt; text-align: center;\" height=\"18\">Personalizzazione<\/td>\n<td style=\"text-align: center;\">Logo, colore e confezione disponibili<\/td>\n<\/tr>\n<\/tbody>\n<\/table>\n<h2>Caso di successo<\/h2>\n<p>I nostri flaconi ovali da 40 ml con dosatore a pompa per shampoo, con finitura satinata, sono stati scelti da un&#039;azienda di prodotti per la cura della pelle di alta gamma con sede in Australia. In termini di personalizzazione, il cliente ha richiesto una finitura satinata fine, ulteriormente impreziosita da un trattamento anti-impronta; inoltre, l&#039;anello dorato ornamentale sul collo del flacone non presentava la finitura a specchio richiesta dal cliente, ma un aspetto in metallo spazzolato. Infine, il tappo, originariamente trasparente, \u00e8 stato ridisegnato in un colore grigio fumo, una tonalit\u00e0 delicata e opaca, per rendere il prodotto ancora pi\u00f9 unico e distintivo.<\/p>\n<p>Dopo il lancio ufficiale del prodotto, il marchio ha dichiarato che i tassi di conversione sulle piattaforme di e-commerce sono aumentati considerevolmente del 34% in un periodo di soli due mesi.<\/p>\n<h2>Consigli di personalizzazione<\/h2>\n<ol>\n<li><strong>Finitura satinata. Diverse varianti:<\/strong> Scegli il livello di glassa, tra leggera, spessa o sfumata, per ottenere diversi effetti.<\/li>\n<li><strong>Selezione di collari galvanizzati:<\/strong> La scelta tra oro, argento, oro rosa o metallo spazzolato si adatta al posizionamento del marchio.<\/li>\n<li><strong>Caratteristiche anticontraffazione:<\/strong> Fornire il prodotto con codice QR, codice lotto o incisione laser sul fondo della bottiglia, che verranno utilizzati per tracciare il prodotto.<\/li>\n<\/ol>","protected":false},"excerpt":{"rendered":"<p>Flaconi cosmetici in vetro satinato con pompa airless. Perfetti per flaconi con dosatore di lozioni e shampoo. Imballaggi personalizzati all&#039;ingrosso da un produttore affidabile. Campioni gratuiti.<\/p>","protected":false},"featured_media":6033,"template":"","meta":{"postBodyCss":"","postBodyMargin":[],"postBodyPadding":[],"postBodyBackground":{"backgroundType":"classic","gradient":""}},"product_brand":[],"product_cat":[105,15,16],"product_tag":[110],"class_list":{"0":"post-6029","1":"product","2":"type-product","3":"status-publish","4":"has-post-thumbnail","6":"product_cat-glass-lotion-bottles","7":"product_cat-glass-containers","8":"product_cat-glass-bottles","9":"product_tag-glass-foundation-bottles","11":"first","12":"instock","13":"shipping-taxable","14":"product-type-simple"},"jetpack_sharing_enabled":true,"_links":{"self":[{"href":"https:\/\/minghanggroup.com\/it\/wp-json\/wp\/v2\/product\/6029","targetHints":{"allow":["GET"]}}],"collection":[{"href":"https:\/\/minghanggroup.com\/it\/wp-json\/wp\/v2\/product"}],"about":[{"href":"https:\/\/minghanggroup.com\/it\/wp-json\/wp\/v2\/types\/product"}],"wp:featuredmedia":[{"embeddable":true,"href":"https:\/\/minghanggroup.com\/it\/wp-json\/wp\/v2\/media\/6033"}],"wp:attachment":[{"href":"https:\/\/minghanggroup.com\/it\/wp-json\/wp\/v2\/media?parent=6029"}],"wp:term":[{"taxonomy":"product_brand","embeddable":true,"href":"https:\/\/minghanggroup.com\/it\/wp-json\/wp\/v2\/product_brand?post=6029"},{"taxonomy":"product_cat","embeddable":true,"href":"https:\/\/minghanggroup.com\/it\/wp-json\/wp\/v2\/product_cat?post=6029"},{"taxonomy":"product_tag","embeddable":true,"href":"https:\/\/minghanggroup.com\/it\/wp-json\/wp\/v2\/product_tag?post=6029"}],"curies":[{"name":"wp","href":"https:\/\/api.w.org\/{rel}","templated":true}]}}