{"id":6024,"date":"2026-03-17T11:28:08","date_gmt":"2026-03-17T03:28:08","guid":{"rendered":"https:\/\/minghanggroup.com\/?post_type=product&#038;p=6024"},"modified":"2026-03-17T16:23:24","modified_gmt":"2026-03-17T08:23:24","slug":"frosted-airless-empty-bottles-with-pump-wholesale","status":"publish","type":"product","link":"https:\/\/minghanggroup.com\/it\/prodotto\/frosted-airless-empty-bottles-with-pump-wholesale\/","title":{"rendered":"Flaconi vuoti airless satinati da 100 ml con pompa, vendita all&#039;ingrosso"},"content":{"rendered":"<p>Si tratta di un flacone per lozione dal design elegante e dalla forma cilindrica e sottile. Il flacone vuoto con dosatore a pompa \u00e8 rivestito in arancione opaco, presenta un erogatore a pompa bianco e un tappo cilindrico bianco simile, che contribuiscono a un aspetto pulito e armonioso. Viene solitamente utilizzato per confezionare lozioni per la cura della pelle, creme per il corpo e altri prodotti per la cura personale.<\/p>\n<h2>Caratteristiche del prodotto<\/h2>\n<ul>\n<li><strong>Forma cilindrica sottile:<\/strong> La forma alta e slanciata \u00e8 comoda da trasportare e si presta al packaging cosmetico contemporaneo.<\/li>\n<li><strong>Cappuccio protettivo:<\/strong> \u00c8 inoltre dotata di un tappo di copertura completo per garantire che la pompa rimanga pulita e che non si verifichino fuoriuscite accidentali durante il trasporto.<\/li>\n<li><strong>Corpo semitrasparente:<\/strong> Questo modello offre agli utenti la possibilit\u00e0 di monitorare il livello del liquido rimanente senza un impatto visivo eccessivo.<\/li>\n<\/ul>\n<h2>Specifiche chiave<\/h2>\n<table style=\"border-collapse: collapse; width: 80%; margin-left: auto; margin-right: auto;\" border=\"0\" width=\"144\" cellspacing=\"0\" cellpadding=\"0\">\n<tbody>\n<tr style=\"height: 13.50pt;\">\n<td style=\"height: 13.5pt; width: 54pt; text-align: center;\" width=\"72\" height=\"18\">Caratteristica<\/td>\n<td style=\"width: 54pt; text-align: center;\" width=\"72\">Dettagli<\/td>\n<\/tr>\n<tr style=\"height: 13.50pt;\">\n<td style=\"height: 13.5pt; text-align: center;\" height=\"18\">Capacit\u00e0<\/td>\n<td style=\"text-align: center;\">100 ml<\/td>\n<\/tr>\n<tr style=\"height: 13.50pt;\">\n<td style=\"height: 13.5pt; text-align: center;\" height=\"18\">Tipo di pompa<\/td>\n<td style=\"text-align: center;\">Senza aria<\/td>\n<\/tr>\n<tr style=\"height: 13.50pt;\">\n<td style=\"height: 13.5pt; text-align: center;\" height=\"18\">Collo<\/td>\n<td style=\"text-align: center;\">Filo<\/td>\n<\/tr>\n<tr style=\"height: 13.50pt;\">\n<td style=\"height: 13.5pt; text-align: center;\" height=\"18\">Forma<\/td>\n<td style=\"text-align: center;\">Cilindro<\/td>\n<\/tr>\n<tr style=\"height: 13.50pt;\">\n<td style=\"height: 13.5pt; text-align: center;\" height=\"18\">Colore<\/td>\n<td style=\"text-align: center;\">Trasparente, Giallo, Arancione<\/td>\n<\/tr>\n<tr style=\"height: 13.50pt;\">\n<td style=\"height: 13.5pt; text-align: center;\" height=\"18\">Processo<\/td>\n<td style=\"text-align: center;\">Smerigliato<\/td>\n<\/tr>\n<\/tbody>\n<\/table>\n<h2>Caso di successo<\/h2>\n<p>Il nostro flacone da 100 ml per lozione, di colore giallo satinato, \u00e8 stato scelto da un&#039;azienda coreana di prodotti per la cura della pelle per la sua linea di prodotti. Nella personalizzazione, il flacone \u00e8 stato abbinato a un dosatore a pompa bianco opaco e a un tappo esterno della stessa tonalit\u00e0. Il logo del marchio \u00e8 stato stampato con una serigrafia minimalista e di un bianco puro, per un aspetto pulito e raffinato. Inoltre, \u00e8 stata progettata anche una confezione esterna che si integra perfettamente con la palette di colori, garantendo un elevato livello di uniformit\u00e0 e armonia visiva all&#039;intero packaging.<\/p>\n<p>Dopo il lancio ufficiale del prodotto, le vendite online del marchio sono cresciute del 35% in soli tre mesi. Il cliente ha effettuato quattro riordini di grandi volumi consecutivi nei successivi otto mesi.<\/p>\n<h2>Suggerimenti per la personalizzazione di flaconi con pompa airless all&#039;ingrosso<\/h2>\n<ol>\n<li><strong>Abbinamento del colore della pompa:<\/strong> Abbina le d\u00e9collet\u00e9 a diverse finiture, come bianco opaco, nero, metallizzato o in tinta con il colore della pelle.<\/li>\n<li><strong>Metodi per la creazione del logo dell&#039;applicazione:<\/strong> Personalizzazione flessibile del marchio con supporto di serigrafia, stampa a caldo, stampa UV o applicazione di etichette.<\/li>\n<li><strong>Modifiche al design del cappuccio superiore:<\/strong> Avere la possibilit\u00e0 di personalizzare il design del tappo (altezza, forma o trasparenza (trasparente, satinato o colorato)) al fine di creare un packaging finale personalizzato.<\/li>\n<\/ol>","protected":false},"excerpt":{"rendered":"<p>Eleganti flaconi vuoti con dosatore e sfumatura di colore, ideali per la cura della pelle. Flaconi airless con dosatore all&#039;ingrosso, con fornitura diretta dalla fabbrica e opzioni di spedizione rapida.<\/p>","protected":false},"featured_media":6028,"template":"","meta":{"postBodyCss":"","postBodyMargin":[],"postBodyPadding":[],"postBodyBackground":{"backgroundType":"classic","gradient":""}},"product_brand":[],"product_cat":[15,105,16],"product_tag":[],"class_list":{"0":"post-6024","1":"product","2":"type-product","3":"status-publish","4":"has-post-thumbnail","6":"product_cat-glass-containers","7":"product_cat-glass-lotion-bottles","8":"product_cat-glass-bottles","10":"first","11":"instock","12":"shipping-taxable","13":"product-type-simple"},"jetpack_sharing_enabled":true,"_links":{"self":[{"href":"https:\/\/minghanggroup.com\/it\/wp-json\/wp\/v2\/product\/6024","targetHints":{"allow":["GET"]}}],"collection":[{"href":"https:\/\/minghanggroup.com\/it\/wp-json\/wp\/v2\/product"}],"about":[{"href":"https:\/\/minghanggroup.com\/it\/wp-json\/wp\/v2\/types\/product"}],"wp:featuredmedia":[{"embeddable":true,"href":"https:\/\/minghanggroup.com\/it\/wp-json\/wp\/v2\/media\/6028"}],"wp:attachment":[{"href":"https:\/\/minghanggroup.com\/it\/wp-json\/wp\/v2\/media?parent=6024"}],"wp:term":[{"taxonomy":"product_brand","embeddable":true,"href":"https:\/\/minghanggroup.com\/it\/wp-json\/wp\/v2\/product_brand?post=6024"},{"taxonomy":"product_cat","embeddable":true,"href":"https:\/\/minghanggroup.com\/it\/wp-json\/wp\/v2\/product_cat?post=6024"},{"taxonomy":"product_tag","embeddable":true,"href":"https:\/\/minghanggroup.com\/it\/wp-json\/wp\/v2\/product_tag?post=6024"}],"curies":[{"name":"wp","href":"https:\/\/api.w.org\/{rel}","templated":true}]}}