{"id":6014,"date":"2026-03-16T10:13:19","date_gmt":"2026-03-16T02:13:19","guid":{"rendered":"https:\/\/minghanggroup.com\/?post_type=product&#038;p=6014"},"modified":"2026-04-14T14:20:14","modified_gmt":"2026-04-14T06:20:14","slug":"cylindrical-glass-lotion-bottles-with-pump-bulk","status":"publish","type":"product","link":"https:\/\/minghanggroup.com\/it\/prodotto\/cylindrical-glass-lotion-bottles-with-pump-bulk\/","title":{"rendered":"Flaconi cilindrici in vetro da 30 ml per lozioni con dosatore (confezione multipla)"},"content":{"rendered":"<p>Queste bottiglie di lozione con pompa hanno un corpo spesso, liscio e cilindrico e una base ispessita e arrotondata. Una pompa dorata lucida garantir\u00e0 precisione e non lascer\u00e0 fuoriuscite.<\/p>\n<h2>Caratteristiche del prodotto<\/h2>\n<ul>\n<li><strong>Corpo cilindrico stabile con base spessa:<\/strong> Il fondo ispessito del cilindro e la forma arrotondata forniranno stabilit\u00e0 al corpo e non permetteranno il ribaltamento della bottiglia.<\/li>\n<li><strong>D\u00e9collet\u00e9 di lusso in oro:<\/strong> La pompa in metallo dorato \u00e8 progettata per facilitare uno scarico facile e igienico dei prodotti e conferisce un'elegante opulenza.<\/li>\n<li><strong>Capacit\u00e0 30 ml:<\/strong> Ideale quando si utilizzano sieri concentrati, oli viso o prodotti di alto valore in formato da viaggio.<\/li>\n<\/ul>\n<h2 style=\"text-align: left;\">Specifiche chiave<\/h2>\n<table class=\"aligncenter\" style=\"border-collapse: collapse; width: 411.77pt;\" border=\"0\" width=\"549\" cellspacing=\"0\" cellpadding=\"0\">\n<tbody>\n<tr style=\"height: 13.50pt;\">\n<td style=\"height: 13.50pt; width: 120.00pt;\" width=\"160\" height=\"18\">Specifica<\/td>\n<td style=\"width: 291.75pt;\" width=\"389\">Dettagli<\/td>\n<\/tr>\n<tr style=\"height: 13.50pt;\">\n<td style=\"height: 13.50pt;\" height=\"18\">Capacit\u00e0<\/td>\n<td>30 ml<\/td>\n<\/tr>\n<tr style=\"height: 13.50pt;\">\n<td style=\"height: 13.50pt;\" height=\"18\">Dimensioni<\/td>\n<td>49\u00d769 mm (Diametro \u00d7 Altezza)<\/td>\n<\/tr>\n<tr style=\"height: 13.50pt;\">\n<td style=\"height: 13.50pt;\" height=\"18\">Materiale<\/td>\n<td>Vetro sfumato\/colorato o trasparente, pompa in metallo dorato<\/td>\n<\/tr>\n<tr style=\"height: 13.50pt;\">\n<td style=\"height: 13.50pt;\" height=\"18\">Forma della bottiglia<\/td>\n<td>Cilindro liscio con base pesante e arrotondata<\/td>\n<\/tr>\n<tr style=\"height: 13.50pt;\">\n<td style=\"height: 13.50pt;\" height=\"18\">Ambito di personalizzazione<\/td>\n<td>Colore, dimensioni, coperchi, finitura<\/td>\n<\/tr>\n<tr style=\"height: 13.50pt;\">\n<td style=\"height: 13.50pt;\" height=\"18\">Scopo del prodotto<\/td>\n<td>Bottiglie di sieri di lusso, bottiglie di lozione all'ingrosso<\/td>\n<\/tr>\n<tr style=\"height: 13.50pt;\">\n<td style=\"height: 13.50pt;\" height=\"18\">Industrie adatte<\/td>\n<td>Marche di skincare di lusso, linee cosmetiche di nicchia<\/td>\n<\/tr>\n<\/tbody>\n<\/table>\n<h2>Storia di successo<\/h2>\n<p>Le nostre bottiglie di lozione da 30 ml color ambra con pompa e una speciale testina di pompa nera opaca sono state selezionate da un marchio tedesco di skincare biologico. Le bottiglie di vetro ambra hanno anche prolungato la durata del prodotto, che prima era di 6 mesi, a 12 mesi. Con il dispenser a pompa, l'ossidazione e la contaminazione sono state ridotte al minimo, aumentando la soddisfazione dei clienti del 40%. Il marchio ha avuto un enorme successo e in seguito ha richiesto altre 600.000 bottiglie per riempire tutti i suoi sieri attivi.<\/p>\n<h2>Personalizzazione delle bottiglie di lozione sfuse<\/h2>\n<ul>\n<li>Colore delle pompe: sono disponibili in nero, grigio o colori personalizzati per abbinarsi all'immagine del tuo marchio.<\/li>\n<li>Opaco o lucido: scegli tra bottiglie di vetro opaco dall'aspetto delicato e moderno o opta per la finitura lucida.<\/li>\n<li>Testina della pompa: a seconda dei prodotti di diverse viscosit\u00e0, le testine della pompa sono disponibili con diversi tipi (pompa standard, pompa airless).<\/li>\n<li>Dimensioni e proporzioni: l'altezza rispetto al diametro della bottiglia pu\u00f2 essere regolata per produrre bottiglie pi\u00f9 corte o pi\u00f9 alte con lo stesso volume.<\/li>\n<\/ul>","protected":false},"excerpt":{"rendered":"<p>Bottiglie di lozione in vetro cilindrico con pompa in pi\u00f9 colori sfumati. Bottiglie di lozione all'ingrosso resistenti per la cura della pelle di alta gamma. Spedizione veloce e fornitura in magazzino.<\/p>","protected":false},"featured_media":6015,"template":"","meta":{"postBodyCss":"","postBodyMargin":[],"postBodyPadding":[],"postBodyBackground":{"backgroundType":"classic","gradient":""}},"product_brand":[],"product_cat":[105,15,16],"product_tag":[116],"class_list":{"0":"post-6014","1":"product","2":"type-product","3":"status-publish","4":"has-post-thumbnail","6":"product_cat-glass-lotion-bottles","7":"product_cat-glass-containers","8":"product_cat-glass-bottles","9":"product_tag-fine-mist-spray-bottles","11":"first","12":"instock","13":"shipping-taxable","14":"product-type-simple"},"jetpack_sharing_enabled":true,"_links":{"self":[{"href":"https:\/\/minghanggroup.com\/it\/wp-json\/wp\/v2\/product\/6014","targetHints":{"allow":["GET"]}}],"collection":[{"href":"https:\/\/minghanggroup.com\/it\/wp-json\/wp\/v2\/product"}],"about":[{"href":"https:\/\/minghanggroup.com\/it\/wp-json\/wp\/v2\/types\/product"}],"wp:featuredmedia":[{"embeddable":true,"href":"https:\/\/minghanggroup.com\/it\/wp-json\/wp\/v2\/media\/6015"}],"wp:attachment":[{"href":"https:\/\/minghanggroup.com\/it\/wp-json\/wp\/v2\/media?parent=6014"}],"wp:term":[{"taxonomy":"product_brand","embeddable":true,"href":"https:\/\/minghanggroup.com\/it\/wp-json\/wp\/v2\/product_brand?post=6014"},{"taxonomy":"product_cat","embeddable":true,"href":"https:\/\/minghanggroup.com\/it\/wp-json\/wp\/v2\/product_cat?post=6014"},{"taxonomy":"product_tag","embeddable":true,"href":"https:\/\/minghanggroup.com\/it\/wp-json\/wp\/v2\/product_tag?post=6014"}],"curies":[{"name":"wp","href":"https:\/\/api.w.org\/{rel}","templated":true}]}}