{"id":5999,"date":"2026-03-13T10:10:14","date_gmt":"2026-03-13T02:10:14","guid":{"rendered":"https:\/\/minghanggroup.com\/?post_type=product&#038;p=5999"},"modified":"2026-03-20T16:58:51","modified_gmt":"2026-03-20T08:58:51","slug":"amber-empty-lotion-bottles-with-pump-bulk","status":"publish","type":"product","link":"https:\/\/minghanggroup.com\/it\/prodotto\/amber-empty-lotion-bottles-with-pump-bulk\/","title":{"rendered":"Flaconi vuoti per lozione da 20 ml, 30 ml e 40 ml in vetro ambrato con dosatore (confezione multipla)"},"content":{"rendered":"<p>Questo flacone vuoto per lozione con dosatore \u00e8 di colore ambrato e presenta un flacone in vetro marrone scuro con protezione UV, dalle linee lisce e arrotondate, e un semplice dosatore bianco per un&#039;erogazione facile e precisa.<\/p>\n<h2>Caratteristiche del prodotto<\/h2>\n<ul>\n<li><strong>Occhiali oscuranti color ambra:<\/strong> Questo tipo di vetro \u00e8 realizzato in ambra scura ed \u00e8 efficace nel bloccare i raggi UV, come gi\u00e0 accennato, preservando cos\u00ec gli ingredienti fotosensibili contenuti nei prodotti per la cura della pelle.<\/li>\n<li><strong>Testina della pompa bianca:<\/strong> \u00c8 dotato di una testina di erogazione minima e regolabile che distribuisce il prodotto in modo uniforme, rendendolo igienico e comodo da usare e riducendo al minimo il contatto tra il contenuto e l&#039;aria.<\/li>\n<li><strong>Corpo della bottiglia cilindrico e arrotondato:<\/strong> Questa \u00e8 la tradizionale bottiglia dalla forma cilindrica arrotondata, caratterizzata da linee morbide, buona impugnatura e grande stabilit\u00e0.<\/li>\n<\/ul>\n<h2 style=\"text-align: left;\">Specifiche chiave<\/h2>\n<table class=\"aligncenter\" style=\"border-collapse: collapse; width: 501.77pt;\" border=\"0\" width=\"669\" cellspacing=\"0\" cellpadding=\"0\">\n<tbody>\n<tr style=\"height: 13.50pt;\">\n<td style=\"height: 13.50pt; width: 120.00pt;\" width=\"160\" height=\"18\">Attributo<\/td>\n<td style=\"width: 381.75pt;\" width=\"509\">Dettagli<\/td>\n<\/tr>\n<tr style=\"height: 13.50pt;\">\n<td style=\"height: 13.50pt;\" height=\"18\">Capacit\u00e0<\/td>\n<td>20 ml, 30 ml, 40 ml<\/td>\n<\/tr>\n<tr style=\"height: 13.50pt;\">\n<td style=\"height: 13.50pt;\" height=\"18\">Materiale<\/td>\n<td>Pompa in vetro ambrato e plastica bianca<\/td>\n<\/tr>\n<tr style=\"height: 13.50pt;\">\n<td style=\"height: 13.50pt;\" height=\"18\">Forma della bottiglia<\/td>\n<td>Cilindro arrotondato<\/td>\n<\/tr>\n<tr style=\"height: 13.50pt;\">\n<td style=\"height: 13.50pt;\" height=\"18\">Gamma di personalizzazione<\/td>\n<td>Profondit\u00e0 della tinta ambrata, colore della pompa, taglia<\/td>\n<\/tr>\n<tr style=\"height: 13.50pt;\">\n<td style=\"height: 13.50pt;\" height=\"18\">Artigianato<\/td>\n<td>Colore ambrato uniforme, meccanismo di pompaggio a tenuta stagna, vetro a pareti spesse<\/td>\n<\/tr>\n<tr style=\"height: 13.50pt;\">\n<td style=\"height: 13.50pt;\" height=\"18\">Uso primario<\/td>\n<td>Flacone con dosatore a pompa color ambra per sieri, flaconi vuoti per lozioni con dosatore a pompa<\/td>\n<\/tr>\n<tr style=\"height: 13.50pt;\">\n<td style=\"height: 13.50pt;\" height=\"18\">Settori target<\/td>\n<td>Cura della pelle, cosmeceutici, estetica professionale<\/td>\n<\/tr>\n<\/tbody>\n<\/table>\n<h2>La linea di sieri del marchio tedesco di prodotti biologici per la cura della pelle \u00e8 una storia di successo.<\/h2>\n<p>Una delle aziende tedesche di skincare biologica di maggior successo ha deciso di adottare il nostro flacone in vetro ambrato e di ordinare un dosatore a pompa nero. Il flacone in vetro ambrato blocca oltre il 99% dei raggi UVA\/UVB, un fattore cruciale per la stabilit\u00e0 della formula e per l&#039;aumento della durata di conservazione del prodotto di oltre il 40%. Il flacone con dosatore a pompa riduce efficacemente l&#039;ossidazione e la contaminazione, migliorando cos\u00ec la soddisfazione del cliente del 40%. Il marchio ha ottenuto un grande successo, tanto da ordinare un&#039;ulteriore fornitura di 800.000 flaconi per confezionare tutti i suoi sieri attivi.<\/p>\n<h2>Personalizzazione di flaconi vuoti per lozioni con dosatore a pompa<\/h2>\n<ul>\n<li>Colori della pompa: pu\u00f2 essere nera, grigia oppure il suo colore pu\u00f2 essere personalizzato per adattarsi all&#039;estetica del marchio.<\/li>\n<li>Testine di pompaggio: Esistono diversi tipi di testine di pompaggio (pompa standard, pompa airless) adatte a prodotti con viscosit\u00e0 differenti.<\/li>\n<li>Tappo esterno\/protezione antipolvere: Esistono semplici tappi esterni in plastica o metallo che si possono aggiungere per fornire una protezione extra durante il viaggio.<\/li>\n<\/ul>","protected":false},"excerpt":{"rendered":"<p>Flaconi vuoti personalizzati per lozioni con dosatore a pompa, realizzati in resistente vetro ambrato. Pratici flaconi con dosatore in vetro ambrato, ideali per marchi di prodotti per la cura della pelle. Campioni gratuiti disponibili.<\/p>","protected":false},"featured_media":6003,"template":"","meta":{"postBodyCss":"","postBodyMargin":[],"postBodyPadding":[],"postBodyBackground":{"backgroundType":"classic","gradient":""}},"product_brand":[],"product_cat":[105,15,16],"product_tag":[],"class_list":{"0":"post-5999","1":"product","2":"type-product","3":"status-publish","4":"has-post-thumbnail","6":"product_cat-glass-lotion-bottles","7":"product_cat-glass-containers","8":"product_cat-glass-bottles","10":"first","11":"instock","12":"shipping-taxable","13":"product-type-simple"},"jetpack_sharing_enabled":true,"_links":{"self":[{"href":"https:\/\/minghanggroup.com\/it\/wp-json\/wp\/v2\/product\/5999","targetHints":{"allow":["GET"]}}],"collection":[{"href":"https:\/\/minghanggroup.com\/it\/wp-json\/wp\/v2\/product"}],"about":[{"href":"https:\/\/minghanggroup.com\/it\/wp-json\/wp\/v2\/types\/product"}],"wp:featuredmedia":[{"embeddable":true,"href":"https:\/\/minghanggroup.com\/it\/wp-json\/wp\/v2\/media\/6003"}],"wp:attachment":[{"href":"https:\/\/minghanggroup.com\/it\/wp-json\/wp\/v2\/media?parent=5999"}],"wp:term":[{"taxonomy":"product_brand","embeddable":true,"href":"https:\/\/minghanggroup.com\/it\/wp-json\/wp\/v2\/product_brand?post=5999"},{"taxonomy":"product_cat","embeddable":true,"href":"https:\/\/minghanggroup.com\/it\/wp-json\/wp\/v2\/product_cat?post=5999"},{"taxonomy":"product_tag","embeddable":true,"href":"https:\/\/minghanggroup.com\/it\/wp-json\/wp\/v2\/product_tag?post=5999"}],"curies":[{"name":"wp","href":"https:\/\/api.w.org\/{rel}","templated":true}]}}