{"id":5983,"date":"2026-03-12T09:06:06","date_gmt":"2026-03-12T01:06:06","guid":{"rendered":"https:\/\/minghanggroup.com\/?post_type=product&#038;p=5983"},"modified":"2026-03-20T16:59:04","modified_gmt":"2026-03-20T08:59:04","slug":"frosted-small-lotion-bottles-with-gold-pump-bulk","status":"publish","type":"product","link":"https:\/\/minghanggroup.com\/it\/prodotto\/frosted-small-lotion-bottles-with-gold-pump-bulk\/","title":{"rendered":"Flaconi per lozione piccoli da 30 ml smerigliati con pompa dorata sfusi"},"content":{"rendered":"<p>Il piccolo flacone per lozione \u00e8 da 30 ml, ha una forma cilindrica arrotondata, un corpo in vetro bianco opaco, molto morbido e opaco al tatto, e una piccola pompa dorata scintillante. Questo lo rende ideale per conservare sieri e lozioni grazie alle sue dimensioni ridotte.<\/p>\n<h2>Caratteristiche del prodotto<\/h2>\n<ul>\n<li><strong>Corpo in vetro smerigliato:<\/strong> Il corpo in vetro bianco satinato \u00e8 realizzato in un materiale opaco, morbido e piacevole al tatto, che non lascia impronte digitali, contribuendo cos\u00ec all&#039;aspetto di alta classe dell&#039;articolo.<\/li>\n<li><strong>D\u00e9collet\u00e9 di lusso in oro:<\/strong> Si tratta di una pompa in metallo dorato lucido, che si contrappone alla bottiglia satinata; \u00e8 un lusso, ma non eccessivo.<\/li>\n<li><strong>Capacit\u00e0 piccola e portatile:<\/strong> Ci\u00f2 \u00e8 dovuto al fatto che la piccola bottiglia arrotondata \u00e8 realizzata per soddisfare le esigenze di dimensioni moderate, pu\u00f2 essere portata con s\u00e9 e soddisfa le esigenze di ritocco in qualsiasi momento del giorno e della notte.<\/li>\n<\/ul>\n<h2 style=\"text-align: left;\">Specifiche chiave<\/h2>\n<table class=\"aligncenter\" style=\"border-collapse: collapse; width: 444.77pt;\" border=\"0\" width=\"593\" cellspacing=\"0\" cellpadding=\"0\">\n<tbody>\n<tr style=\"height: 13.50pt;\">\n<td style=\"height: 13.50pt; width: 120.00pt;\" width=\"160\" height=\"18\">Specifica<\/td>\n<td style=\"width: 324.75pt;\" width=\"433\">Dettagli<\/td>\n<\/tr>\n<tr style=\"height: 13.50pt;\">\n<td style=\"height: 13.50pt;\" height=\"18\">Capacit\u00e0<\/td>\n<td>30 ml<\/td>\n<\/tr>\n<tr style=\"height: 13.50pt;\">\n<td style=\"height: 13.50pt;\" height=\"18\">Dimensioni<\/td>\n<td>41\u00d786mm (Diametro \u00d7 Altezza)<\/td>\n<\/tr>\n<tr style=\"height: 13.50pt;\">\n<td style=\"height: 13.50pt;\" height=\"18\">Materiale<\/td>\n<td>Gruppo pompa in vetro bianco satinato e metallo placcato oro<\/td>\n<\/tr>\n<tr style=\"height: 13.50pt;\">\n<td style=\"height: 13.50pt;\" height=\"18\">Forma della bottiglia<\/td>\n<td>Cilindro arrotondato<\/td>\n<\/tr>\n<tr style=\"height: 13.50pt;\">\n<td style=\"height: 13.50pt;\" height=\"18\">Ambito di personalizzazione<\/td>\n<td>Dimensioni, colore, coperchi, forma<\/td>\n<\/tr>\n<tr style=\"height: 13.50pt;\">\n<td style=\"height: 13.50pt;\" height=\"18\">Artigianato<\/td>\n<td>Formatura di precisione del vetro con trattamento superficiale satinato<\/td>\n<\/tr>\n<tr style=\"height: 13.50pt;\">\n<td style=\"height: 13.50pt;\" height=\"18\">Scopo del prodotto<\/td>\n<td>Flaconi di sieri per il viso, flaconi di lozione vuoti<\/td>\n<\/tr>\n<tr style=\"height: 13.50pt;\">\n<td style=\"height: 13.50pt;\" height=\"18\">Industrie adatte<\/td>\n<td>Marchi di prodotti per la cura della pelle di lusso, prodotti da bagno premium per hotel<\/td>\n<\/tr>\n<\/tbody>\n<\/table>\n<h2>Storia di successo: il siero esclusivo di un marchio francese di prodotti per la cura della pelle<\/h2>\n<p>Un piccolo flacone vuoto bianco satinato da 30 ml \u00e8 stato scelto da un marchio francese di prodotti per la cura della pelle, che ha optato per una pompa dorata. L&#039;aspetto lussuoso ha aggiunto il 60% al packaging precedente. L&#039;erogazione da 0,3 ml \u00e8 regolata letteralmente dalla pompa e il riferimento ai social media nel design del flacone \u00e8 aumentato del 40%. Il marchio ha ottenuto ottimi risultati e ha piazzato altri 1,2 milioni di flaconi come packaging esclusivo per la sua linea di sieri entro altri 3 anni.<\/p>\n<h2>Alternative nella personalizzazione delle bottiglie di lozione vuote<\/h2>\n<ul>\n<li>Finitura in metallo della testa della pompa: le teste della pompa sono disponibili in oro rosa, argento spazzolato, nero opaco o cromo lucido.<\/li>\n<li>Incisione laser: sulla parte inferiore della bottiglia vengono incisi motivi fini, numeri di lotto o loghi di marchi.<\/li>\n<li>Calibrazione della testa della pompa: la testa della pompa dorata deve essere calibrata quasi al cento per cento per evitare la fuoriuscita della formula del marchio.<\/li>\n<\/ul>","protected":false},"excerpt":{"rendered":"<p>Flaconi vuoti di alta qualit\u00e0 per lozione con finitura bianca opaca e pompa in metallo. Flacone compatto e piccolo, perfetto per il confezionamento di cosmetici. Campioni gratuiti disponibili.<\/p>","protected":false},"featured_media":5984,"template":"","meta":{"postBodyCss":"","postBodyMargin":[],"postBodyPadding":[],"postBodyBackground":{"backgroundType":"classic","gradient":""}},"product_brand":[],"product_cat":[105,15,16],"product_tag":[],"class_list":{"0":"post-5983","1":"product","2":"type-product","3":"status-publish","4":"has-post-thumbnail","6":"product_cat-glass-lotion-bottles","7":"product_cat-glass-containers","8":"product_cat-glass-bottles","10":"first","11":"instock","12":"shipping-taxable","13":"product-type-simple"},"jetpack_sharing_enabled":true,"_links":{"self":[{"href":"https:\/\/minghanggroup.com\/it\/wp-json\/wp\/v2\/product\/5983","targetHints":{"allow":["GET"]}}],"collection":[{"href":"https:\/\/minghanggroup.com\/it\/wp-json\/wp\/v2\/product"}],"about":[{"href":"https:\/\/minghanggroup.com\/it\/wp-json\/wp\/v2\/types\/product"}],"wp:featuredmedia":[{"embeddable":true,"href":"https:\/\/minghanggroup.com\/it\/wp-json\/wp\/v2\/media\/5984"}],"wp:attachment":[{"href":"https:\/\/minghanggroup.com\/it\/wp-json\/wp\/v2\/media?parent=5983"}],"wp:term":[{"taxonomy":"product_brand","embeddable":true,"href":"https:\/\/minghanggroup.com\/it\/wp-json\/wp\/v2\/product_brand?post=5983"},{"taxonomy":"product_cat","embeddable":true,"href":"https:\/\/minghanggroup.com\/it\/wp-json\/wp\/v2\/product_cat?post=5983"},{"taxonomy":"product_tag","embeddable":true,"href":"https:\/\/minghanggroup.com\/it\/wp-json\/wp\/v2\/product_tag?post=5983"}],"curies":[{"name":"wp","href":"https:\/\/api.w.org\/{rel}","templated":true}]}}