{"id":5973,"date":"2026-03-11T11:49:05","date_gmt":"2026-03-11T03:49:05","guid":{"rendered":"https:\/\/minghanggroup.com\/?post_type=product&#038;p=5973"},"modified":"2026-04-14T09:49:34","modified_gmt":"2026-04-14T01:49:34","slug":"rectangular-glass-lotion-bottles-wholesale","status":"publish","type":"product","link":"https:\/\/minghanggroup.com\/it\/prodotto\/rectangular-glass-lotion-bottles-wholesale\/","title":{"rendered":"Bottiglie di lozione in vetro rettangolari da 30 ml all&#039;ingrosso"},"content":{"rendered":"<p>Forniamo flaconi in vetro per lozioni all&#039;ingrosso e flaconi per cosmetici e prodotti per la cura della pelle. La forma di questi flaconi con erogatore \u00e8 rettangolare con bordi curvi, conferendo loro un aspetto pulito e moderno. Il vetro \u00e8 trasparente, quindi l&#039;interno \u00e8 chiaramente visibile, il che migliora ulteriormente la presentazione del prodotto. Questi flaconi in vetro per lozioni, dotati di erogatore a pompa, rappresentano un modo pratico ed elegante per conservare creme per il viso, sieri, lozioni e qualsiasi altro prodotto per la cura della pelle, e rappresentano quindi un&#039;ottima soluzione per i marchi di cosmetici come mezzo di confezionamento per i loro prodotti.<\/p>\n<h2>Caratteristiche del prodotto<\/h2>\n<ul>\n<li><strong>Struttura della bottiglia rettangolare 3D:<\/strong> La bottiglia ha una forma rettangolare con angoli arrotondati, cos\u00ec da poter essere tenuta facilmente e avere anche un bell&#039;aspetto quando viene esposta sugli scaffali, perch\u00e9 conferisce un aspetto morbido ed equilibrato.<\/li>\n<li><strong>Testa della lozione a pompa:<\/strong> \u00c8 dotato di un meccanismo a pompa che eroga ogni volta una quantit\u00e0 costante di liquido, ed \u00e8 adatto a formule ad alta viscosit\u00e0 come lozioni, sieri e prodotti liquidi per la cura della pelle.<\/li>\n<li><strong>Cappuccio protettivo geometrico:<\/strong> Il tappo geometrico multidimensionale nero ricopre completamente la testa della pompa quando non viene utilizzata, per proteggerla dalla polvere e contribuisce all&#039;aspetto generale della confezione, che risulta piuttosto moderna.<\/li>\n<\/ul>\n<h2>Specifiche chiave<\/h2>\n<table style=\"border-collapse: collapse; width: 80%; margin-left: auto; margin-right: auto;\" border=\"0\" width=\"288\" cellspacing=\"0\" cellpadding=\"0\">\n<tbody>\n<tr style=\"height: 13.50pt;\">\n<td style=\"height: 13.5pt; width: 54pt; text-align: center;\" width=\"72\" height=\"18\">Capacit\u00e0<\/td>\n<td style=\"width: 54pt; text-align: center;\" width=\"72\">Colore<\/td>\n<td style=\"width: 54pt; text-align: center;\" width=\"72\">Forma<\/td>\n<td style=\"width: 54pt; text-align: center;\" width=\"72\">Utilizzo<\/td>\n<\/tr>\n<tr style=\"height: 13.50pt;\">\n<td style=\"height: 13.5pt; text-align: center;\" height=\"18\">30 ml<\/td>\n<td style=\"text-align: center;\">Vetro trasparente con coperchi neri\/bianchi<\/td>\n<td style=\"text-align: center;\">Rettangolare<\/td>\n<td style=\"text-align: center;\">Imballaggio cosmetico<\/td>\n<\/tr>\n<\/tbody>\n<\/table>\n<h2>Caso di successo<\/h2>\n<p>Il nostro flacone rettangolare in vetro da 30 ml, non agitato, \u00e8 stato scelto come packaging principale da una start-up di prodotti per la cura della pelle per lanciare la prima linea di sieri idratanti. Il tappo \u00e8 stato ridisegnato con un design geometrico nero opaco e il logo del marchio \u00e8 stato stampato direttamente sul flacone in vetro trasparente tramite serigrafia ad alta temperatura, in linea con il posizionamento del marchio.<\/p>\n<p>Anche le vendite online sono aumentate del 34% nel primo trimestre, grazie all&#039;introduzione del packaging personalizzato. Di conseguenza, il marchio ha introdotto questo flacone di lozione come packaging unificato per tutti i prodotti della linea skincare e continua a ordinarlo per applicarlo anche ai prodotti successivi.<\/p>\n<h2>Opzioni di personalizzazione<\/h2>\n<ol>\n<li><strong>Finitura superficiale del cappuccio:<\/strong> Personalizza il tappo geometrico con una decorazione opaca, lucida o soft-touch per sviluppare le diverse immagini visive e tattili del marchio.<\/li>\n<li><strong>Marchio decorativo:<\/strong> Per mettere in risalto al meglio i loghi e le informazioni sul prodotto, \u00e8 possibile scegliere la stampa serigrafica o a caldo sul pannello frontale piatto.<\/li>\n<li><strong>Aggiornamento del materiale della pompa:<\/strong> Passa alle d\u00e9collet\u00e9 con colletto in alluminio oppure alle d\u00e9collet\u00e9 galvanizzate in oro, argento o canna di fucile per un look pi\u00f9 raffinato.<\/li>\n<\/ol>","protected":false},"excerpt":{"rendered":"<p>Flaconi per lozioni all&#039;ingrosso con corpo trasparente e pompa liscia. Flaconi resistenti con pompa per il confezionamento di prodotti per la cura della pelle, fornitura diretta dalla fabbrica, campioni gratuiti disponibili.<\/p>","protected":false},"featured_media":5978,"template":"","meta":{"postBodyCss":"","postBodyMargin":[],"postBodyPadding":[],"postBodyBackground":{"backgroundType":"classic","gradient":""}},"product_brand":[],"product_cat":[15,105,16],"product_tag":[110],"class_list":{"0":"post-5973","1":"product","2":"type-product","3":"status-publish","4":"has-post-thumbnail","6":"product_cat-glass-containers","7":"product_cat-glass-lotion-bottles","8":"product_cat-glass-bottles","9":"product_tag-glass-foundation-bottles","11":"first","12":"instock","13":"shipping-taxable","14":"product-type-simple"},"jetpack_sharing_enabled":true,"_links":{"self":[{"href":"https:\/\/minghanggroup.com\/it\/wp-json\/wp\/v2\/product\/5973","targetHints":{"allow":["GET"]}}],"collection":[{"href":"https:\/\/minghanggroup.com\/it\/wp-json\/wp\/v2\/product"}],"about":[{"href":"https:\/\/minghanggroup.com\/it\/wp-json\/wp\/v2\/types\/product"}],"wp:featuredmedia":[{"embeddable":true,"href":"https:\/\/minghanggroup.com\/it\/wp-json\/wp\/v2\/media\/5978"}],"wp:attachment":[{"href":"https:\/\/minghanggroup.com\/it\/wp-json\/wp\/v2\/media?parent=5973"}],"wp:term":[{"taxonomy":"product_brand","embeddable":true,"href":"https:\/\/minghanggroup.com\/it\/wp-json\/wp\/v2\/product_brand?post=5973"},{"taxonomy":"product_cat","embeddable":true,"href":"https:\/\/minghanggroup.com\/it\/wp-json\/wp\/v2\/product_cat?post=5973"},{"taxonomy":"product_tag","embeddable":true,"href":"https:\/\/minghanggroup.com\/it\/wp-json\/wp\/v2\/product_tag?post=5973"}],"curies":[{"name":"wp","href":"https:\/\/api.w.org\/{rel}","templated":true}]}}