{"id":5963,"date":"2026-03-10T11:36:19","date_gmt":"2026-03-10T03:36:19","guid":{"rendered":"https:\/\/minghanggroup.com\/?post_type=product&#038;p=5963"},"modified":"2026-03-10T11:36:21","modified_gmt":"2026-03-10T03:36:21","slug":"curved-glass-roller-ball-bottles-with-dome-caps-bulk","status":"publish","type":"product","link":"https:\/\/minghanggroup.com\/it\/prodotto\/curved-glass-roller-ball-bottles-with-dome-caps-bulk\/","title":{"rendered":"Flaconi a sfera in vetro curvo da 30 ml e 50 ml con tappi a cupola, sfusi"},"content":{"rendered":"<p>Si tratta di flaconi roll-on in vetro curvi, compatti e di piccola capacit\u00e0. Il flacone \u00e8 lungo e sottile, con i lati leggermente ruvidi per maggiore stabilit\u00e0. \u00c8 realizzato in vetro trasparente e sfumato di rosso, con una versione in vetro satinato per creare diversi effetti visivi. \u00c8 costituito da un tappo a cupola dall&#039;aspetto semplice ma decorativo, con un rivestimento galvanico lucido, solitamente dorato o nero. Adatto per applicazioni spot e per il trasporto di prodotti liquidi, inclusi oli essenziali, oli profumati e oli per aromaterapia.<\/p>\n<h2>Caratteristiche del prodotto<\/h2>\n<ul>\n<li><strong>Progettazione di bottiglie curve:<\/strong> Il corpo in vetro \u00e8 caratterizzato da curve eleganti con leggere scanalature che gli conferiscono un aspetto decorativo.<\/li>\n<li><strong>Tappo a cupola elettrolitico:<\/strong> I tappi lucidi a forma di cupola con finiture metalliche conferiscono alla bottiglia un aspetto raffinato.<\/li>\n<li><strong>Varie finiture del vetro:<\/strong> Sono disponibili diverse opzioni di finitura del vetro: pu\u00f2 essere trasparente, colorato o satinato, a seconda dello stile del marchio.<\/li>\n<\/ul>\n<h2>Specifiche chiave<\/h2>\n<table style=\"border-collapse: collapse; width: 80%; margin-left: auto; margin-right: auto;\" border=\"0\" width=\"360\" cellspacing=\"0\" cellpadding=\"0\">\n<tbody>\n<tr style=\"height: 13.50pt;\">\n<td style=\"height: 13.5pt; width: 54pt; text-align: center;\" width=\"72\" height=\"18\">Capacit\u00e0 (ml)<\/td>\n<td style=\"width: 54pt; text-align: center;\" width=\"72\">Diametro del collo (cm)<\/td>\n<td style=\"width: 54pt; text-align: center;\" width=\"72\">Fine<\/td>\n<td style=\"width: 54pt; text-align: center;\" width=\"72\">Materiale del rullo<\/td>\n<td style=\"width: 54pt; text-align: center;\" width=\"72\">Colore del cappuccio<\/td>\n<\/tr>\n<tr style=\"height: 13.50pt;\">\n<td style=\"height: 13.5pt; text-align: center;\" align=\"right\" height=\"18\">30<\/td>\n<td style=\"text-align: center;\" align=\"right\">4<\/td>\n<td class=\"et2\" style=\"text-align: center;\" rowspan=\"2\">Satinato\/Trasparente\/Sfumato<\/td>\n<td class=\"et2\" style=\"text-align: center;\" rowspan=\"2\">Vetro\/Inox\/Plastica<\/td>\n<td class=\"et2\" style=\"text-align: center;\" rowspan=\"2\">Nero\/Oro<\/td>\n<\/tr>\n<tr style=\"height: 13.50pt;\">\n<td style=\"height: 13.5pt; text-align: center;\" align=\"right\" height=\"18\">50<\/td>\n<td style=\"text-align: center;\" align=\"right\">4.5<\/td>\n<\/tr>\n<\/tbody>\n<\/table>\n<h2>Caso di successo<\/h2>\n<p>Uno dei nostri flaconi roll-on in vetro curvo da 30 ml \u00e8 stato utilizzato come distributore di profumi e oli essenziali in Medio Oriente, poich\u00e9 si adattava perfettamente all&#039;immagine di marca di alta gamma richiesta. Per distinguere le diverse tipologie di fragranze, hanno ordinato due tipi di vetro, uno trasparente e uno sfumato rosso intenso. Anche il tappo \u00e8 stato migliorato con una cupola placcata in oro, che lo ha reso ancora pi\u00f9 lussuoso. La superficie del flacone presenta un&#039;eccellente stampa in lamina d&#039;oro del logo del marchio.<\/p>\n<p>Dopo l&#039;introduzione del nuovo packaging, il distributore ha registrato una crescita delle vendite del 35% nel primo trimestre. La risposta del mercato \u00e8 stata cos\u00ec entusiasta che ha effettuato cinque ordini ripetuti di grandi dimensioni in un anno e ha aggiunto altre fragranze alla sua linea di prodotti.<\/p>\n<h2>Opzioni di personalizzazione<\/h2>\n<ol>\n<li><strong>Massimizza le finiture del tappo a cupola:<\/strong> Specificare il tappo a cupola utilizzando finiture come oro, argento, oro rosa, nero opaco o galvanica lucida per posizionarlo sul mercato.<\/li>\n<li><strong>Tecniche di decorazione del logo:<\/strong> Per mostrare i loghi dei marchi e i nomi dei prodotti, utilizzate la serigrafia, la stampa a caldo, l&#039;incisione laser o la stampa UV.<\/li>\n<li><strong>Scelta dei componenti del rullo interno:<\/strong> Proponete sfere a rullo in acciaio inossidabile, vetro o pietre preziose in base al tipo di prodotto e alla marca scelta.<\/li>\n<\/ol>","protected":false},"excerpt":{"rendered":"<p>Flaconi roller in vetro con design curvo e tappo a cupola. Flaconi roller per oli o profumi. Fornitura diretta dalla fabbrica con possibilit\u00e0 di personalizzazione in grandi quantit\u00e0.<\/p>","protected":false},"featured_media":5970,"template":"","meta":{"postBodyCss":"","postBodyMargin":[],"postBodyPadding":[],"postBodyBackground":{"backgroundType":"classic","gradient":""}},"product_brand":[],"product_cat":[15,104,16],"product_tag":[],"class_list":{"0":"post-5963","1":"product","2":"type-product","3":"status-publish","4":"has-post-thumbnail","6":"product_cat-glass-containers","7":"product_cat-roller-ball-bottles","8":"product_cat-glass-bottles","10":"first","11":"instock","12":"shipping-taxable","13":"product-type-simple"},"jetpack_sharing_enabled":true,"_links":{"self":[{"href":"https:\/\/minghanggroup.com\/it\/wp-json\/wp\/v2\/product\/5963","targetHints":{"allow":["GET"]}}],"collection":[{"href":"https:\/\/minghanggroup.com\/it\/wp-json\/wp\/v2\/product"}],"about":[{"href":"https:\/\/minghanggroup.com\/it\/wp-json\/wp\/v2\/types\/product"}],"wp:featuredmedia":[{"embeddable":true,"href":"https:\/\/minghanggroup.com\/it\/wp-json\/wp\/v2\/media\/5970"}],"wp:attachment":[{"href":"https:\/\/minghanggroup.com\/it\/wp-json\/wp\/v2\/media?parent=5963"}],"wp:term":[{"taxonomy":"product_brand","embeddable":true,"href":"https:\/\/minghanggroup.com\/it\/wp-json\/wp\/v2\/product_brand?post=5963"},{"taxonomy":"product_cat","embeddable":true,"href":"https:\/\/minghanggroup.com\/it\/wp-json\/wp\/v2\/product_cat?post=5963"},{"taxonomy":"product_tag","embeddable":true,"href":"https:\/\/minghanggroup.com\/it\/wp-json\/wp\/v2\/product_tag?post=5963"}],"curies":[{"name":"wp","href":"https:\/\/api.w.org\/{rel}","templated":true}]}}