{"id":5959,"date":"2026-03-10T10:08:01","date_gmt":"2026-03-10T02:08:01","guid":{"rendered":"https:\/\/minghanggroup.com\/?post_type=product&#038;p=5959"},"modified":"2026-03-20T16:59:26","modified_gmt":"2026-03-20T08:59:26","slug":"octagon-glass-roll-on-bottles-with-printed-bulk","status":"publish","type":"product","link":"https:\/\/minghanggroup.com\/it\/prodotto\/octagon-glass-roll-on-bottles-with-printed-bulk\/","title":{"rendered":"Flaconi roll-on in vetro ottagonale da 3 ml, 6 ml e 12 ml con stampa sfusa"},"content":{"rendered":"<p>I nostri flaconi roll-on in vetro sono realizzati in vetro trasparente, hanno una forma ottagonale e sono decorati con una raffinata stampa botanica dorata, con rami, foglie e pois. Sono disponibili in tre comode dimensioni per un facile trasporto.<\/p>\n<h2>Caratteristiche del prodotto<\/h2>\n<ul>\n<li><strong>Design speciale:<\/strong> La forma ottagonale delicatamente arrotondata non rotola, ha un&#039;impugnatura comoda e sicura.<\/li>\n<li><strong>Elegante stampa botanica dorata:<\/strong> Alla bottiglia in vetro trasparente sono aggiunti eleganti motivi in \u200b\u200bfoglia d&#039;oro e puntini per conferire alla bottiglia un tocco di alta artigianalit\u00e0.<\/li>\n<li><strong>Dimensioni portatili:<\/strong> Sono disponibili 3 formati piccoli (3 ml, 6 ml, 12 ml) ideali per i viaggi, le prove e l&#039;uso quotidiano.<\/li>\n<\/ul>\n<h2 style=\"text-align: left;\">Specifiche chiave<\/h2>\n<table class=\"aligncenter\" style=\"border-collapse: collapse; width: 447.77pt;\" border=\"0\" width=\"597\" cellspacing=\"0\" cellpadding=\"0\">\n<tbody>\n<tr style=\"height: 13.50pt;\">\n<td style=\"height: 13.50pt; width: 115.50pt;\" width=\"154\" height=\"18\">Specifica<\/td>\n<td style=\"width: 332.25pt;\" width=\"443\">Dettagli<\/td>\n<\/tr>\n<tr style=\"height: 13.50pt;\">\n<td style=\"height: 13.50pt;\" height=\"18\">Capacit\u00e0<\/td>\n<td>3 ml, 6 ml, 12 ml<\/td>\n<\/tr>\n<tr style=\"height: 13.50pt;\">\n<td style=\"height: 13.50pt;\" height=\"18\">Dimensioni<\/td>\n<td>Da 1,9\u00d75,4 cm a 2,6\u00d76,9 cm (diametro \u00d7 altezza)<\/td>\n<\/tr>\n<tr style=\"height: 13.50pt;\">\n<td style=\"height: 13.50pt;\" height=\"18\">Materiale<\/td>\n<td>Vetro trasparente, stampa foglia oro<\/td>\n<\/tr>\n<tr style=\"height: 13.50pt;\">\n<td style=\"height: 13.50pt;\" height=\"18\">Forma della bottiglia<\/td>\n<td>Piccolo prisma ottagonale con bordi arrotondati<\/td>\n<\/tr>\n<tr style=\"height: 13.50pt;\">\n<td style=\"height: 13.50pt;\" height=\"18\">Ambito di personalizzazione<\/td>\n<td>Forma, colore, coperchi, dimensioni<\/td>\n<\/tr>\n<tr style=\"height: 13.50pt;\">\n<td style=\"height: 13.50pt;\" height=\"18\">Artigianato<\/td>\n<td>Stampaggio di precisione del vetro per forma ottagonale, stampa di decalcomanie<\/td>\n<\/tr>\n<tr style=\"height: 13.50pt;\">\n<td style=\"height: 13.50pt;\" height=\"18\">Scopo del prodotto<\/td>\n<td>Flaconi di oli essenziali, flaconi roll-on in vetro<\/td>\n<\/tr>\n<tr style=\"height: 13.50pt;\">\n<td style=\"height: 13.50pt;\" height=\"18\">Industrie adatte<\/td>\n<td>Marchi di aromaterapia, profumieri di nicchia<\/td>\n<\/tr>\n<\/tbody>\n<\/table>\n<h2>Storia di successo: collezione di profumi francesi di un profumiere francese<\/h2>\n<p>Uno dei profumieri francesi ha scelto il nostro flacone roll-on ottagonale da 6 ml in vetro per oli essenziali e lo ha personalizzato con una stampa in oro. Il design della stampa e la forma particolare del flacone hanno fatto s\u00ec che il set andasse esaurito in meno di 48 ore. Il formato da 6 ml pu\u00f2 essere utilizzato pi\u00f9 di 30 volte con un singolo flacone, il che lo rende ideale per le prove. Il successo di questo prodotto ha spinto il profumiere a ordinarne altri 600.000 per ampliare la gamma di fragranze e lanciare una serie di roll-on di fragranze premiscelate nei principali grandi magazzini.<\/p>\n<h2>Personalizzazione di bottiglie roll-on in vetro<\/h2>\n<ul>\n<li>Colore del vetro: \u00e8 possibile scegliere tra vetro trasparente, ambra chiaro o azzurro pallido, a seconda dei diversi stili vintage.<\/li>\n<li>Progettazione e colore della stampa: illustrazioni, motivi o scritte personalizzati possono essere realizzati in oro, argento o inchiostri colorati.<\/li>\n<li>Dimensioni e proporzioni: modifica l&#039;aspetto dell&#039;ottagono e rendi la silhouette pi\u00f9 alta o pi\u00f9 bassa.<\/li>\n<li>Anello decorativo in metallo: per aggiungere un dettaglio decorativo, alla base del collo viene aggiunto un piccolo anello colorato in metallo.<\/li>\n<\/ul>","protected":false},"excerpt":{"rendered":"<p>Eleganti flaconi roll-on in vetro dalla forma ottagonale con stampa botanica dorata. Elegante flacone roll-on per oli essenziali e profumi. Campioni gratuiti disponibili.<\/p>","protected":false},"featured_media":5965,"template":"","meta":{"postBodyCss":"","postBodyMargin":[],"postBodyPadding":[],"postBodyBackground":{"backgroundType":"classic","gradient":""}},"product_brand":[],"product_cat":[104,15,16],"product_tag":[],"class_list":{"0":"post-5959","1":"product","2":"type-product","3":"status-publish","4":"has-post-thumbnail","6":"product_cat-roller-ball-bottles","7":"product_cat-glass-containers","8":"product_cat-glass-bottles","10":"first","11":"instock","12":"shipping-taxable","13":"product-type-simple"},"jetpack_sharing_enabled":true,"_links":{"self":[{"href":"https:\/\/minghanggroup.com\/it\/wp-json\/wp\/v2\/product\/5959","targetHints":{"allow":["GET"]}}],"collection":[{"href":"https:\/\/minghanggroup.com\/it\/wp-json\/wp\/v2\/product"}],"about":[{"href":"https:\/\/minghanggroup.com\/it\/wp-json\/wp\/v2\/types\/product"}],"wp:featuredmedia":[{"embeddable":true,"href":"https:\/\/minghanggroup.com\/it\/wp-json\/wp\/v2\/media\/5965"}],"wp:attachment":[{"href":"https:\/\/minghanggroup.com\/it\/wp-json\/wp\/v2\/media?parent=5959"}],"wp:term":[{"taxonomy":"product_brand","embeddable":true,"href":"https:\/\/minghanggroup.com\/it\/wp-json\/wp\/v2\/product_brand?post=5959"},{"taxonomy":"product_cat","embeddable":true,"href":"https:\/\/minghanggroup.com\/it\/wp-json\/wp\/v2\/product_cat?post=5959"},{"taxonomy":"product_tag","embeddable":true,"href":"https:\/\/minghanggroup.com\/it\/wp-json\/wp\/v2\/product_tag?post=5959"}],"curies":[{"name":"wp","href":"https:\/\/api.w.org\/{rel}","templated":true}]}}