{"id":5946,"date":"2026-03-09T11:15:22","date_gmt":"2026-03-09T03:15:22","guid":{"rendered":"https:\/\/minghanggroup.com\/?post_type=product&#038;p=5946"},"modified":"2026-03-09T16:30:57","modified_gmt":"2026-03-09T08:30:57","slug":"frosted-oil-roller-ball-bottles-with-wood-style-caps-bulk","status":"publish","type":"product","link":"https:\/\/minghanggroup.com\/it\/prodotto\/frosted-oil-roller-ball-bottles-with-wood-style-caps-bulk\/","title":{"rendered":"Flaconi a sfera per olio in vetro satinato da 5 ml e 10 ml con tappi in stile legno, sfusi"},"content":{"rendered":"<p>Flaconi roll-on satinati per oli, dalla forma cilindrica sottile che consente di rivelare delicatamente il colore del liquido al loro interno. L&#039;applicazione uniforme del liquido avviene tramite un meccanismo di erogazione roll-on nel collo del flacone, in un tappo filettato. Il tappo \u00e8 in legno chiaro effetto venatura. Questo tipo di flacone roll-on vuoto pu\u00f2 essere applicato e trasportato sul posto per l&#039;applicazione di oli essenziali, oli per aromaterapia, oli profumati o altri prodotti profumati liquidi.<\/p>\n<h2>Caratteristiche del prodotto<\/h2>\n<ul>\n<li><strong>Finitura in vetro smerigliato:<\/strong> La superficie opaca offre una sensazione di morbidezza al tatto e un aspetto pulito e minimalista.<\/li>\n<li><strong>Tappo in stile legno naturale:<\/strong> Il cappuccio con effetto venatura del legno aggiunge uno stile naturale ed ecologico.<\/li>\n<li><strong>Collo filettato senza perdite:<\/strong> \u00c8 possibile evitare perdite utilizzando una chiusura a vite per garantire che il prodotto non perda durante lo stoccaggio e il trasporto.<\/li>\n<\/ul>\n<h2>Specifiche chiave<\/h2>\n<table style=\"border-collapse: collapse; width: 80%; margin-left: auto; margin-right: auto;\" border=\"0\" width=\"288\" cellspacing=\"0\" cellpadding=\"0\">\n<tbody>\n<tr style=\"height: 13.50pt;\">\n<td style=\"height: 13.5pt; width: 54pt; text-align: center;\" width=\"72\" height=\"18\">Capacit\u00e0 (ml)<\/td>\n<td style=\"width: 54pt; text-align: center;\" width=\"72\">Diametro del collo<\/td>\n<td style=\"width: 54pt; text-align: center;\" width=\"72\">Fine<\/td>\n<td style=\"width: 54pt; text-align: center;\" width=\"72\">Tipo di tappo<\/td>\n<\/tr>\n<tr style=\"height: 13.50pt;\">\n<td style=\"height: 13.5pt; text-align: center;\" align=\"right\" height=\"18\">5<\/td>\n<td class=\"et2\" style=\"text-align: center;\" rowspan=\"2\">2,0 centimetri<\/td>\n<td class=\"et2\" style=\"text-align: center;\" rowspan=\"2\">Smerigliato<\/td>\n<td class=\"et2\" style=\"text-align: center;\" rowspan=\"2\">Di legno<\/td>\n<\/tr>\n<tr style=\"height: 13.50pt;\">\n<td style=\"height: 13.5pt; text-align: center;\" align=\"right\" height=\"18\">10<\/td>\n<\/tr>\n<\/tbody>\n<\/table>\n<h2>Caso di successo<\/h2>\n<p>Uno dei marchi canadesi di aromaterapia naturale stava lanciando una nuova gamma di oli essenziali in formato da viaggio e ha scelto il nostro flacone roller in vetro satinato da 10 ml con tappo effetto legno. Ha scelto un roller in acciaio inossidabile per un&#039;applicazione pi\u00f9 fluida e una maggiore compatibilit\u00e0 con le miscele di oli essenziali pi\u00f9 dense. Abbiamo anche offerto un servizio speciale di serigrafia del logo del marchio con inchiostro verde scuro. Entro quattro mesi dall&#039;introduzione del nuovo packaging, il marchio ha registrato un aumento del 31% delle vendite online. Grazie all&#039;eccellente feedback del cliente sul design del packaging e sulla facilit\u00e0 d&#039;uso, ha effettuato quattro ordini ripetuti di grandi dimensioni nell&#039;arco di un anno e i suoi acquisti complessivi hanno registrato un incremento di quasi il 55%.<\/p>\n<h2>Opzioni di personalizzazione<\/h2>\n<ol>\n<li><strong>Stampa su superficie satinata:<\/strong> Stampa del logo: sul retro del vetro opaco \u00e8 possibile applicare la serigrafia, la stampa UV o la stampa a caldo per rendere il marchio facilmente visibile.<\/li>\n<li><strong>Aggiornamento dello spessore della parete della bottiglia:<\/strong> Aggiunge ulteriore peso alla bottiglia aumentando lo spessore del vetro per renderlo pi\u00f9 resistente e conferire alla bottiglia un peso di qualit\u00e0 pi\u00f9 elevata.<\/li>\n<li><strong>Finitura spray colorata opaca:<\/strong> Sostituisci l&#039;aspetto trasparente e satinato con finiture colorate opache come il beige, il verde salvia o il nero opaco.<\/li>\n<\/ol>","protected":false},"excerpt":{"rendered":"<p>Flaconi roll-on minimalisti in vetro satinato con tappo effetto legno. Flaconi roll-on vuoti di alta qualit\u00e0 per oli essenziali. Fornitura diretta dalla fabbrica con possibilit\u00e0 di personalizzazione all&#039;ingrosso.<\/p>","protected":false},"featured_media":5957,"template":"","meta":{"postBodyCss":"","postBodyMargin":[],"postBodyPadding":[],"postBodyBackground":{"backgroundType":"classic","gradient":""}},"product_brand":[],"product_cat":[15,104,16],"product_tag":[],"class_list":{"0":"post-5946","1":"product","2":"type-product","3":"status-publish","4":"has-post-thumbnail","6":"product_cat-glass-containers","7":"product_cat-roller-ball-bottles","8":"product_cat-glass-bottles","10":"first","11":"instock","12":"shipping-taxable","13":"product-type-simple"},"jetpack_sharing_enabled":true,"_links":{"self":[{"href":"https:\/\/minghanggroup.com\/it\/wp-json\/wp\/v2\/product\/5946","targetHints":{"allow":["GET"]}}],"collection":[{"href":"https:\/\/minghanggroup.com\/it\/wp-json\/wp\/v2\/product"}],"about":[{"href":"https:\/\/minghanggroup.com\/it\/wp-json\/wp\/v2\/types\/product"}],"wp:featuredmedia":[{"embeddable":true,"href":"https:\/\/minghanggroup.com\/it\/wp-json\/wp\/v2\/media\/5957"}],"wp:attachment":[{"href":"https:\/\/minghanggroup.com\/it\/wp-json\/wp\/v2\/media?parent=5946"}],"wp:term":[{"taxonomy":"product_brand","embeddable":true,"href":"https:\/\/minghanggroup.com\/it\/wp-json\/wp\/v2\/product_brand?post=5946"},{"taxonomy":"product_cat","embeddable":true,"href":"https:\/\/minghanggroup.com\/it\/wp-json\/wp\/v2\/product_cat?post=5946"},{"taxonomy":"product_tag","embeddable":true,"href":"https:\/\/minghanggroup.com\/it\/wp-json\/wp\/v2\/product_tag?post=5946"}],"curies":[{"name":"wp","href":"https:\/\/api.w.org\/{rel}","templated":true}]}}