{"id":5945,"date":"2026-03-09T09:25:53","date_gmt":"2026-03-09T01:25:53","guid":{"rendered":"https:\/\/minghanggroup.com\/?post_type=product&#038;p=5945"},"modified":"2026-03-09T11:06:12","modified_gmt":"2026-03-09T03:06:12","slug":"gold-plated-essential-oils-roller-bottles-bulk","status":"publish","type":"product","link":"https:\/\/minghanggroup.com\/it\/prodotto\/gold-plated-essential-oils-roller-bottles-bulk\/","title":{"rendered":"Flaconi a rullo per oli essenziali placcati in oro da 10 ml, sfusi"},"content":{"rendered":"<p>Questi flaconi roll-on per oli essenziali hanno un design splendido: il vetro trasparente si abbina perfettamente alla lussuosa placcatura in oro e alle delicate decorazioni. Sono disponibili in forma di stella, quadrato e sfera, con tappi cilindrici e a cupola.<\/p>\n<h2>Caratteristiche del prodotto<\/h2>\n<ul>\n<li><strong>Placcatura in oro di lusso:<\/strong> La struttura e il tappo in metallo placcato oro sono estremamente lucidi e rappresentano la perfetta combinazione con il posizionamento di fascia alta dei prodotti profumati.<\/li>\n<li><strong>Vari modelli di bottiglie:<\/strong> Le bottiglie sono disponibili in diverse forme, come sferica, cubica o a stella, e ciascuna \u00e8 diversa e attraente.<\/li>\n<li><strong>Vetro ad alta trasparenza:<\/strong> Le bottiglie sono realizzate in vetro ad alta trasparenza e mostrano chiaramente il colore del liquido profumato, oltre a evidenziare le straordinarie caratteristiche delle decorazioni dorate.<\/li>\n<\/ul>\n<h2 style=\"text-align: left;\">Specifiche chiave<\/h2>\n<table class=\"aligncenter\" style=\"border-collapse: collapse; width: 447.77pt;\" border=\"0\" width=\"597\" cellspacing=\"0\" cellpadding=\"0\">\n<tbody>\n<tr style=\"height: 13.50pt;\">\n<td style=\"height: 13.50pt; width: 115.50pt;\" width=\"154\" height=\"18\">Specifica<\/td>\n<td style=\"width: 332.25pt;\" width=\"443\">Dettagli<\/td>\n<\/tr>\n<tr style=\"height: 13.50pt;\">\n<td style=\"height: 13.50pt;\" height=\"18\">Capacit\u00e0<\/td>\n<td>10 ml (tutte le forme)<\/td>\n<\/tr>\n<tr style=\"height: 13.50pt;\">\n<td style=\"height: 13.50pt;\" height=\"18\">Dimensioni<\/td>\n<td>4,1\u00d76,7 cm (Stella), 3\u00d76 cm (Quadrato), 3,9\u00d76,5 cm (Sfera)<\/td>\n<\/tr>\n<tr style=\"height: 13.50pt;\">\n<td style=\"height: 13.50pt;\" height=\"18\">Materiale<\/td>\n<td>Vetro trasparente, struttura e cappuccio in metallo placcato oro<\/td>\n<\/tr>\n<tr style=\"height: 13.50pt;\">\n<td style=\"height: 13.50pt;\" height=\"18\">Forma della bottiglia<\/td>\n<td>Stella, cubo, sfera con gruppo rollerball integrato<\/td>\n<\/tr>\n<tr style=\"height: 13.50pt;\">\n<td style=\"height: 13.50pt;\" height=\"18\">Ambito di personalizzazione<\/td>\n<td>Dimensioni, colore, finitura, coperchi, forma<\/td>\n<\/tr>\n<tr style=\"height: 13.50pt;\">\n<td style=\"height: 13.50pt;\" height=\"18\">Artigianato<\/td>\n<td>Stampaggio di precisione del vetro, fabbricazione di metalli e placcatura<\/td>\n<\/tr>\n<tr style=\"height: 13.50pt;\">\n<td style=\"height: 13.50pt;\" height=\"18\">Scopo del prodotto<\/td>\n<td>Flaconi di oli profumati di lusso, flaconi roll-on di oli essenziali<\/td>\n<\/tr>\n<tr style=\"height: 13.50pt;\">\n<td style=\"height: 13.50pt;\" height=\"18\">Industrie adatte<\/td>\n<td>Profumi di nicchia, produttori di regali di lusso<\/td>\n<\/tr>\n<\/tbody>\n<\/table>\n<h2>Storia di successo: edizione da collezione del marchio europeo di profumi di lusso<\/h2>\n<p>Una delle pi\u00f9 prestigiose aziende europee di profumi ha selezionato i nostri flaconi roll-on per profumo, a forma di stella con cubo e sfera, placcati in oro rosa e decorati con vari motivi traforati. In 72 ore, i flaconi di profumo dalle forme geometriche sono andati esauriti e l&#039;80% degli acquirenti ha acquistato il set come set da collezione. Il marchio di profumi ha riscosso un enorme successo e ne ha ordinati altri 300.000, pianificando di pubblicare un&#039;edizione da collezione ogni anno entro i prossimi cinque anni.<\/p>\n<h2>Decisione di progettazione delle bottiglie di profumo a rullo<\/h2>\n<ul>\n<li>Finiture aggiuntive Finiture metalliche: il metallo pu\u00f2 essere trattato con oro rosa, argento anticato, cromo nero o placcatura in rame.<\/li>\n<li>Fili metallici e incisioni personalizzati: puoi personalizzare il tuo modello o far incidere le iniziali\/lo stemma del tuo marchio sul metallo.<\/li>\n<li>Materiale del rullo: i rulli in argento sterling o placcati in oro sono quelli che garantiscono un&#039;esperienza pi\u00f9 lussuosa.<\/li>\n<li>Cambiamenti di forma: aumentare il numero di forme geometriche per differenziare la linea di prodotti.<\/li>\n<\/ul>","protected":false},"excerpt":{"rendered":"<p>Flaconi roll-on di profumo di alta qualit\u00e0, con forme a stella, quadrate e sferiche. Flaconi roll-on esclusivi per oli essenziali con dettagli in metallo. Campioni gratuiti disponibili.<\/p>","protected":false},"featured_media":5950,"template":"","meta":{"postBodyCss":"","postBodyMargin":[],"postBodyPadding":[],"postBodyBackground":{"backgroundType":"classic","gradient":""}},"product_brand":[],"product_cat":[15,104,16],"product_tag":[],"class_list":{"0":"post-5945","1":"product","2":"type-product","3":"status-publish","4":"has-post-thumbnail","6":"product_cat-glass-containers","7":"product_cat-roller-ball-bottles","8":"product_cat-glass-bottles","10":"first","11":"instock","12":"shipping-taxable","13":"product-type-simple"},"jetpack_sharing_enabled":true,"_links":{"self":[{"href":"https:\/\/minghanggroup.com\/it\/wp-json\/wp\/v2\/product\/5945","targetHints":{"allow":["GET"]}}],"collection":[{"href":"https:\/\/minghanggroup.com\/it\/wp-json\/wp\/v2\/product"}],"about":[{"href":"https:\/\/minghanggroup.com\/it\/wp-json\/wp\/v2\/types\/product"}],"wp:featuredmedia":[{"embeddable":true,"href":"https:\/\/minghanggroup.com\/it\/wp-json\/wp\/v2\/media\/5950"}],"wp:attachment":[{"href":"https:\/\/minghanggroup.com\/it\/wp-json\/wp\/v2\/media?parent=5945"}],"wp:term":[{"taxonomy":"product_brand","embeddable":true,"href":"https:\/\/minghanggroup.com\/it\/wp-json\/wp\/v2\/product_brand?post=5945"},{"taxonomy":"product_cat","embeddable":true,"href":"https:\/\/minghanggroup.com\/it\/wp-json\/wp\/v2\/product_cat?post=5945"},{"taxonomy":"product_tag","embeddable":true,"href":"https:\/\/minghanggroup.com\/it\/wp-json\/wp\/v2\/product_tag?post=5945"}],"curies":[{"name":"wp","href":"https:\/\/api.w.org\/{rel}","templated":true}]}}