{"id":5930,"date":"2026-03-06T11:30:43","date_gmt":"2026-03-06T03:30:43","guid":{"rendered":"https:\/\/minghanggroup.com\/?post_type=product&#038;p=5930"},"modified":"2026-03-05T13:37:17","modified_gmt":"2026-03-05T05:37:17","slug":"gourd-design-amber-glass-roller-bottles-bulk","status":"publish","type":"product","link":"https:\/\/minghanggroup.com\/it\/prodotto\/gourd-design-amber-glass-roller-bottles-bulk\/","title":{"rendered":"Flaconi a rullo in vetro ambrato con design a zucca da 10 ml a 100 ml sfusi"},"content":{"rendered":"<p>Questi flaconi roll-on in vetro sono di un tipo speciale, con una doppia sfera a forma di zucca e un intenso vetro color ambra. Sono disponibili in cinque diverse dimensioni e hanno una sfera roll-on in metallo liscio che pu\u00f2 essere utilizzata ovunque e in qualsiasi momento.<\/p>\n<h2>Caratteristiche del prodotto<\/h2>\n<ul>\n<li><strong>Design a forma di zucca:<\/strong> La forma della zucca \u00e8 rotonda, a due strati, con linee morbide e arrotondate, che uniscono il design tradizionale a una presa comoda.<\/li>\n<li><strong>Vetro oscurante (color ambra):<\/strong> Questo tipo di vetro \u00e8 composto da vetro color ambra e marrone scuro e viene utilizzato principalmente nel processo per bloccare i raggi UV nei liquidi che contengono componenti attivi facilmente ossidabili, come gli oli essenziali.<\/li>\n<li><strong>Applicazione pratica del rollerball:<\/strong> Il roller in metallo misto consente un&#039;applicazione topica mirata, controllata e senza sporcare.<\/li>\n<\/ul>\n<h2 style=\"text-align: left;\">Specifiche chiave<\/h2>\n<table class=\"aligncenter\" style=\"border-collapse: collapse; width: 450.77pt;\" border=\"0\" width=\"601\" cellspacing=\"0\" cellpadding=\"0\">\n<tbody>\n<tr style=\"height: 13.50pt;\">\n<td style=\"height: 13.50pt; width: 115.50pt;\" width=\"154\" height=\"18\">Specifica<\/td>\n<td style=\"width: 335.25pt;\" width=\"447\">Dettagli<\/td>\n<\/tr>\n<tr style=\"height: 13.50pt;\">\n<td style=\"height: 13.50pt;\" height=\"18\">Capacit\u00e0<\/td>\n<td>10 ml, 20 ml, 30 ml, 50 ml, 100 ml<\/td>\n<\/tr>\n<tr style=\"height: 13.50pt;\">\n<td style=\"height: 13.50pt;\" height=\"18\">Dimensioni<\/td>\n<td>Da 3,2\u00d75,5 cm a 6\u00d711,4 cm (diametro \u00d7 altezza)<\/td>\n<\/tr>\n<tr style=\"height: 13.50pt;\">\n<td style=\"height: 13.50pt;\" height=\"18\">Materiale<\/td>\n<td>Vetro ambrato sfumato<\/td>\n<\/tr>\n<tr style=\"height: 13.50pt;\">\n<td style=\"height: 13.50pt;\" height=\"18\">Forma della bottiglia<\/td>\n<td>Forma tradizionale della zucca a doppia sfera<\/td>\n<\/tr>\n<tr style=\"height: 13.50pt;\">\n<td style=\"height: 13.50pt;\" height=\"18\">Ambito di personalizzazione<\/td>\n<td>Colore della forma, materiale della penna a sfera, dimensioni<\/td>\n<\/tr>\n<tr style=\"height: 13.50pt;\">\n<td style=\"height: 13.50pt;\" height=\"18\">Artigianato<\/td>\n<td>Soffiatura del vetro complessa per la forma della zucca e il colore sfumato<\/td>\n<\/tr>\n<tr style=\"height: 13.50pt;\">\n<td style=\"height: 13.50pt;\" height=\"18\">Scopo del prodotto<\/td>\n<td>Flaconi di oli essenziali, flaconi a rullo<\/td>\n<\/tr>\n<tr style=\"height: 13.50pt;\">\n<td style=\"height: 13.50pt;\" height=\"18\">Industrie adatte<\/td>\n<td>Marchi del benessere, aziende di aromaterapia<\/td>\n<\/tr>\n<\/tbody>\n<\/table>\n<h2>Storia di successo: linea di prodotti topici del marchio California Health<\/h2>\n<p>Il nostro flacone roll-on in vetro ambrato da 30 ml con istruzioni serigrafate \u00e8 stato selezionato da un marchio californiano specializzato in prodotti lenitivi topici a base di erbe. Questo flacone in vetro con protezione UV \u00e8 riuscito a prolungare del 40% la durata di conservazione degli ingredienti vegetali fotosensibili. La forma a zucca \u00e8 stata adottata come marchio di fabbrica e ha portato a una crescita del 50% delle vendite dirette online. Il marchio ha registrato un enorme successo e in seguito ha ordinato altri 2 milioni di flaconi da distribuire alle principali farmacie al dettaglio in tutto il paese.<\/p>\n<h2>Proposte per la personalizzazione delle bottiglie a rullo<\/h2>\n<ul>\n<li>Materiale delle penne roller: le penne roller sono disponibili in acciaio inossidabile, in titanio e in vetro per soddisfare le diverse esigenze degli utenti.<\/li>\n<li>Colore del tappo e dell&#039;anello: gli anelli in plastica e i tappi decorativi possono essere personalizzati in qualsiasi colore.<\/li>\n<li>Serigrafia: stampa simboli belli, simboli culturali o istruzioni dettagliate su come utilizzare la bottiglia di vetro.<\/li>\n<\/ul>","protected":false},"excerpt":{"rendered":"<p>Elegante flacone roll-on in vetro ambrato dall&#039;originale forma a zucca. Flaconi roll-on resistenti ai raggi UV, ideali per oli essenziali. Prezzi diretti di fabbrica per acquirenti all&#039;ingrosso.<\/p>","protected":false},"featured_media":5936,"template":"","meta":{"postBodyCss":"","postBodyMargin":[],"postBodyPadding":[],"postBodyBackground":{"backgroundType":"classic","gradient":""}},"product_brand":[],"product_cat":[15,104,16],"product_tag":[],"class_list":{"0":"post-5930","1":"product","2":"type-product","3":"status-publish","4":"has-post-thumbnail","6":"product_cat-glass-containers","7":"product_cat-roller-ball-bottles","8":"product_cat-glass-bottles","10":"first","11":"instock","12":"shipping-taxable","13":"product-type-simple"},"jetpack_sharing_enabled":true,"_links":{"self":[{"href":"https:\/\/minghanggroup.com\/it\/wp-json\/wp\/v2\/product\/5930","targetHints":{"allow":["GET"]}}],"collection":[{"href":"https:\/\/minghanggroup.com\/it\/wp-json\/wp\/v2\/product"}],"about":[{"href":"https:\/\/minghanggroup.com\/it\/wp-json\/wp\/v2\/types\/product"}],"wp:featuredmedia":[{"embeddable":true,"href":"https:\/\/minghanggroup.com\/it\/wp-json\/wp\/v2\/media\/5936"}],"wp:attachment":[{"href":"https:\/\/minghanggroup.com\/it\/wp-json\/wp\/v2\/media?parent=5930"}],"wp:term":[{"taxonomy":"product_brand","embeddable":true,"href":"https:\/\/minghanggroup.com\/it\/wp-json\/wp\/v2\/product_brand?post=5930"},{"taxonomy":"product_cat","embeddable":true,"href":"https:\/\/minghanggroup.com\/it\/wp-json\/wp\/v2\/product_cat?post=5930"},{"taxonomy":"product_tag","embeddable":true,"href":"https:\/\/minghanggroup.com\/it\/wp-json\/wp\/v2\/product_tag?post=5930"}],"curies":[{"name":"wp","href":"https:\/\/api.w.org\/{rel}","templated":true}]}}