{"id":5929,"date":"2026-03-05T13:23:30","date_gmt":"2026-03-05T05:23:30","guid":{"rendered":"https:\/\/minghanggroup.com\/?post_type=product&#038;p=5929"},"modified":"2026-03-05T16:57:21","modified_gmt":"2026-03-05T08:57:21","slug":"gold-rectangular-empty-roll-on-bottles-bulk","status":"publish","type":"product","link":"https:\/\/minghanggroup.com\/it\/prodotto\/gold-rectangular-empty-roll-on-bottles-bulk\/","title":{"rendered":"Flaconi roll-on vuoti rettangolari dorati da 15 ml sfusi"},"content":{"rendered":"<p>Il flacone roll-on per oli essenziali \u00e8 di forma rettangolare e dal design piatto. \u00c8 realizzato in vetro spesso placcato oro, con una finitura lucida metallizzata. L&#039;equilibrio del flacone \u00e8 garantito dalla base ampia e stabile e dai lati dritti, che lo rendono perfetto da esporre. Questi flaconi roll-on in vetro sono ideali per profumi, oli essenziali o cosmetici liquidi e sono pratici ed eleganti allo stesso tempo.<\/p>\n<h2>Caratteristiche del prodotto<\/h2>\n<ul>\n<li><strong>Corpo in vetro di spessore rettangolare:<\/strong> Forma quadrata con lati piatti e base solida, utilizzabile in posizione verticale e confezione di alta qualit\u00e0 per la vendita al dettaglio.<\/li>\n<li><strong>Finitura esterna galvanizzata oro:<\/strong> Il rivestimento in oro metallizzato \u00e8 pi\u00f9 lussuoso e pi\u00f9 efficace nel creare un impatto visivo sugli scaffali.<\/li>\n<li><strong>Diversi stili di berretto:<\/strong> Sono disponibili tappi cilindrici, chiusure a sfera e coperchi decorativi a corona, che possono essere utilizzati in base alle rispettive esigenze di branding.<\/li>\n<\/ul>\n<h2>Specifiche chiave<\/h2>\n<table style=\"border-collapse: collapse; width: 80%; margin-left: auto; margin-right: auto;\" border=\"0\" width=\"288\" cellspacing=\"0\" cellpadding=\"0\">\n<tbody>\n<tr style=\"height: 13.50pt;\">\n<td style=\"height: 13.5pt; width: 54pt; text-align: center;\" width=\"72\" height=\"18\">Capacit\u00e0<\/td>\n<td style=\"width: 54pt; text-align: center;\" width=\"72\">Diametro<\/td>\n<td style=\"width: 54pt; text-align: center;\" width=\"72\">Materiale del rullo<\/td>\n<td style=\"width: 54pt; text-align: center;\" width=\"72\">Fine<\/td>\n<\/tr>\n<tr style=\"height: 13.50pt;\">\n<td style=\"height: 13.5pt; text-align: center;\" height=\"18\">15 ml<\/td>\n<td style=\"text-align: center;\">3,7 centimetri<\/td>\n<td style=\"text-align: center;\">Vetro\/acciaio inossidabile<\/td>\n<td style=\"text-align: center;\">Placcato in oro<\/td>\n<\/tr>\n<\/tbody>\n<\/table>\n<h2>Caso di successo<\/h2>\n<p>Una delle case di profumi pi\u00f9 alla moda ha scelto il nostro flacone rettangolare con rullo e cuscinetto in vetro placcato oro, perch\u00e9 desiderava caratteristiche uniche. Anche la serigrafia \u00e8 stata ridisegnata per rappresentare il tradizionale motivo in stile arabo, in modo che il design sia durevole e non sbiadisca con il tempo. Hanno scelto cuscinetti a rulli in acciaio inossidabile con tolleranze del collo pi\u00f9 strette per evitare perdite durante le spedizioni internazionali ad alte temperature. \u00c8 stato anche progettato un tappo a corona personalizzato, con il logo del marchio inciso sulla parte superiore.<\/p>\n<p>Dopo il rilascio dell&#039;imballaggio personalizzato, il valore medio degli ordini \u00e8 aumentato del 36%, mentre la percentuale di resi causati dalle perdite si \u00e8 ridotta del 31%. Ci\u00f2 ha portato a un livello di riassortimento progressivamente elevato nei tre trimestri.<\/p>\n<h2>Opzioni di personalizzazione per bottiglie roll-on vuote<\/h2>\n<ol>\n<li><strong>Personalizzazione grafica del pannello frontale:<\/strong> Sostituisci l&#039;attuale motivo ornamentale con i design esclusivi del cliente e utilizza la stampa a caldo o la serigrafia ad alta temperatura per ottenere risultati durevoli.<\/li>\n<li><strong>Aggiornamento del materiale della sfera rotante:<\/strong> Offriamo sfere a rullo in acciaio inossidabile, pietre preziose o vetro in base al livello di viscosit\u00e0 dell&#039;olio e alle esigenze di branding di alto livello.<\/li>\n<li><strong>Regolazione dello spessore del vetro:<\/strong> Aumentare lo spessore della base per aggiungere peso e stabilit\u00e0 e conferire al prodotto una sensazione di maggiore seriet\u00e0 e lusso.<\/li>\n<\/ol>","protected":false},"excerpt":{"rendered":"<p>Flaconi roll-on vuoti con finitura dorata e pannello decorato. Flaconi roll-on resistenti per oli essenziali, fornitura diretta dalla fabbrica, campioni gratuiti e servizio di personalizzazione all&#039;ingrosso.<\/p>","protected":false},"featured_media":5934,"template":"","meta":{"postBodyCss":"","postBodyMargin":[],"postBodyPadding":[],"postBodyBackground":{"backgroundType":"classic","gradient":""}},"product_brand":[],"product_cat":[15,104,16],"product_tag":[],"class_list":{"0":"post-5929","1":"product","2":"type-product","3":"status-publish","4":"has-post-thumbnail","6":"product_cat-glass-containers","7":"product_cat-roller-ball-bottles","8":"product_cat-glass-bottles","10":"first","11":"instock","12":"shipping-taxable","13":"product-type-simple"},"jetpack_sharing_enabled":true,"_links":{"self":[{"href":"https:\/\/minghanggroup.com\/it\/wp-json\/wp\/v2\/product\/5929","targetHints":{"allow":["GET"]}}],"collection":[{"href":"https:\/\/minghanggroup.com\/it\/wp-json\/wp\/v2\/product"}],"about":[{"href":"https:\/\/minghanggroup.com\/it\/wp-json\/wp\/v2\/types\/product"}],"wp:featuredmedia":[{"embeddable":true,"href":"https:\/\/minghanggroup.com\/it\/wp-json\/wp\/v2\/media\/5934"}],"wp:attachment":[{"href":"https:\/\/minghanggroup.com\/it\/wp-json\/wp\/v2\/media?parent=5929"}],"wp:term":[{"taxonomy":"product_brand","embeddable":true,"href":"https:\/\/minghanggroup.com\/it\/wp-json\/wp\/v2\/product_brand?post=5929"},{"taxonomy":"product_cat","embeddable":true,"href":"https:\/\/minghanggroup.com\/it\/wp-json\/wp\/v2\/product_cat?post=5929"},{"taxonomy":"product_tag","embeddable":true,"href":"https:\/\/minghanggroup.com\/it\/wp-json\/wp\/v2\/product_tag?post=5929"}],"curies":[{"name":"wp","href":"https:\/\/api.w.org\/{rel}","templated":true}]}}