{"id":5913,"date":"2026-03-04T13:37:38","date_gmt":"2026-03-04T05:37:38","guid":{"rendered":"https:\/\/minghanggroup.com\/?post_type=product&#038;p=5913"},"modified":"2026-03-04T13:37:41","modified_gmt":"2026-03-04T05:37:41","slug":"mini-roll-on-perfume-bottles-wholesale","status":"publish","type":"product","link":"https:\/\/minghanggroup.com\/it\/prodotto\/mini-roll-on-perfume-bottles-wholesale\/","title":{"rendered":"Mini flaconi di profumo roll-on da 1 ml a 5 ml all&#039;ingrosso"},"content":{"rendered":"<p>Sei stanco di perdere profumo in flaconi roll-on economici? I nostri flaconi roll-on da 5 ml risolvono subito questo problema. Flaconi roll-on in vetro trasparente, di alta qualit\u00e0, per spedizioni a prova di perdite e per la conservazione degli oli essenziali. Dimensioni del flacone? 5 ml (perfetto per i viaggi). Roll-on? Meccanismo roll-on di precisione in vetro.<\/p>\n<h2>Caratteristiche del prodotto<\/h2>\n<ul>\n<li><strong>Selezione di vetri ambrati e trasparenti:<\/strong> Il vetro ambrato pu\u00f2 aiutare a bloccare la luce per le formule delicate, mentre il vetro trasparente offre il vantaggio di poter vedere subito il contenuto.<\/li>\n<li><strong>Costruzione del tappo a vite a prova di perdite:<\/strong> Un collo filettato garantisce una tenuta stagna tale da ridurre notevolmente le perdite anche durante il trasporto.<\/li>\n<li><strong>Forma cilindrica compatta:<\/strong> Il design sottile e dritto \u00e8 quindi molto pratico per i viaggi, poich\u00e9 puoi facilmente metterlo in borsa o addirittura in tasca.<\/li>\n<\/ul>\n<h2>Specifiche chiave<\/h2>\n<table style=\"border-collapse: collapse; width: 80%; margin-left: auto; margin-right: auto;\" border=\"0\" width=\"360\" cellspacing=\"0\" cellpadding=\"0\">\n<tbody>\n<tr style=\"height: 13.50pt;\">\n<td style=\"height: 13.5pt; width: 54pt; text-align: center;\" width=\"72\" height=\"18\">Capacit\u00e0 (ml)<\/td>\n<td style=\"width: 54pt; text-align: center;\" width=\"72\">Dimensioni (mm)<\/td>\n<td style=\"width: 54pt; text-align: center;\" width=\"72\">Colore del vetro<\/td>\n<td style=\"width: 54pt; text-align: center;\" width=\"72\">Materiale del rullo<\/td>\n<td style=\"width: 54pt; text-align: center;\" width=\"72\">Applicazione<\/td>\n<\/tr>\n<tr style=\"height: 13.50pt;\">\n<td style=\"height: 13.5pt; text-align: center;\" align=\"right\" height=\"18\">1<\/td>\n<td style=\"text-align: center;\">16 \u00d7 7<\/td>\n<td class=\"et2\" style=\"text-align: center;\" rowspan=\"4\">Trasparente\/Ambra<\/td>\n<td class=\"et2\" style=\"text-align: center;\" rowspan=\"4\">Vetro\/Inox\/Plastica<\/td>\n<td class=\"et2\" style=\"text-align: center;\" rowspan=\"4\">Contiene sieri, essenze, oli essenziali, profumi<\/td>\n<\/tr>\n<tr style=\"height: 13.50pt;\">\n<td style=\"height: 13.5pt; text-align: center;\" align=\"right\" height=\"18\">2<\/td>\n<td style=\"text-align: center;\">16 \u00d7 11<\/td>\n<\/tr>\n<tr style=\"height: 13.50pt;\">\n<td style=\"height: 13.5pt; text-align: center;\" align=\"right\" height=\"18\">3<\/td>\n<td style=\"text-align: center;\">16 \u00d7 20<\/td>\n<\/tr>\n<tr style=\"height: 13.50pt;\">\n<td style=\"height: 13.5pt; text-align: center;\" align=\"right\" height=\"18\">5<\/td>\n<td style=\"text-align: center;\">16 \u00d7 29<\/td>\n<\/tr>\n<\/tbody>\n<\/table>\n<h2>Caso di successo<\/h2>\n<p>Uno dei marchi di profumi che si occupa di miscele concentrate di oli essenziali ha ordinato i nostri flaconi roller in vetro ambrato per conservare i propri campioni. Hanno scelto un flacone roller in acciaio inossidabile per un&#039;applicazione pi\u00f9 fluida e una maggiore compatibilit\u00e0 con le formule a base di olio; il tappo nero opaco esalta la personalit\u00e0 del marchio. Inoltre, i flaconi sono serigrafati sul flacone in vetro e il logo e le istruzioni per l&#039;uso non sono attaccati all&#039;etichetta per evitare il rischio di distacco.<\/p>\n<p>La sostituzione dei tradizionali flaconi roller con quelli realizzati su misura ha comportato rispettivamente una riduzione del 37 e del 45% dei resi causati da perdite e un aumento dei riacquisti da parte dei distributori esteri. Ci\u00f2 ha portato al mantenimento di ordini all&#039;ingrosso in diversi cicli di produzione.<\/p>\n<h2>Opzioni di personalizzazione<\/h2>\n<ol>\n<li><strong>Selezione del materiale della sfera rotante:<\/strong> Possiamo fornire sfere a rullo in acciaio inossidabile, vetro o pietre preziose (come la giada) che si abbinano bene a diversi tipi di formule e sono in linea con il posizionamento del marchio.<\/li>\n<li><strong>Opzioni di rivestimento colorato:<\/strong> Oltre ad applicare rivestimenti spray personalizzati, come nero opaco, bianco satinato o colori Pantone specifici per un marchio su vetro trasparente o ambrato, \u00e8 possibile anche dare sfogo alla propria creativit\u00e0 con diversi tipi di finiture e texture.<\/li>\n<li><strong>Varianti di finitura del cappuccio:<\/strong> Modificando la finitura dei tappi in lucido, opaco, oro galvanizzato, oro rosa o alluminio spazzolato, potrai conferire al tuo prodotto un aspetto pi\u00f9 lussuoso.<\/li>\n<\/ol>","protected":false},"excerpt":{"rendered":"<p>Flaconi roll-on per profumo di alta qualit\u00e0 in vetro ambrato e trasparente. Flaconi roll-on da 5 ml con sfera in acciaio liscio, fornitura diretta dalla fabbrica, campioni gratuiti e opzioni di personalizzazione all&#039;ingrosso.<\/p>","protected":false},"featured_media":5917,"template":"","meta":{"postBodyCss":"","postBodyMargin":[],"postBodyPadding":[],"postBodyBackground":{"backgroundType":"classic","gradient":""}},"product_brand":[],"product_cat":[16,104,15],"product_tag":[],"class_list":{"0":"post-5913","1":"product","2":"type-product","3":"status-publish","4":"has-post-thumbnail","6":"product_cat-glass-bottles","7":"product_cat-roller-ball-bottles","8":"product_cat-glass-containers","10":"first","11":"instock","12":"shipping-taxable","13":"product-type-simple"},"jetpack_sharing_enabled":true,"_links":{"self":[{"href":"https:\/\/minghanggroup.com\/it\/wp-json\/wp\/v2\/product\/5913","targetHints":{"allow":["GET"]}}],"collection":[{"href":"https:\/\/minghanggroup.com\/it\/wp-json\/wp\/v2\/product"}],"about":[{"href":"https:\/\/minghanggroup.com\/it\/wp-json\/wp\/v2\/types\/product"}],"wp:featuredmedia":[{"embeddable":true,"href":"https:\/\/minghanggroup.com\/it\/wp-json\/wp\/v2\/media\/5917"}],"wp:attachment":[{"href":"https:\/\/minghanggroup.com\/it\/wp-json\/wp\/v2\/media?parent=5913"}],"wp:term":[{"taxonomy":"product_brand","embeddable":true,"href":"https:\/\/minghanggroup.com\/it\/wp-json\/wp\/v2\/product_brand?post=5913"},{"taxonomy":"product_cat","embeddable":true,"href":"https:\/\/minghanggroup.com\/it\/wp-json\/wp\/v2\/product_cat?post=5913"},{"taxonomy":"product_tag","embeddable":true,"href":"https:\/\/minghanggroup.com\/it\/wp-json\/wp\/v2\/product_tag?post=5913"}],"curies":[{"name":"wp","href":"https:\/\/api.w.org\/{rel}","templated":true}]}}