{"id":5900,"date":"2026-03-03T13:20:35","date_gmt":"2026-03-03T05:20:35","guid":{"rendered":"https:\/\/minghanggroup.com\/?post_type=product&#038;p=5900"},"modified":"2026-03-03T14:16:22","modified_gmt":"2026-03-03T06:16:22","slug":"metallic-finish-glass-dropper-oil-bottle-wholesale","status":"publish","type":"product","link":"https:\/\/minghanggroup.com\/it\/prodotto\/metallic-finish-glass-dropper-oil-bottle-wholesale\/","title":{"rendered":"Flacone contagocce per olio in vetro con finitura metallizzata da 5 ml a 100 ml all&#039;ingrosso"},"content":{"rendered":"<p>Questo flacone contagocce per olio \u00e8 disponibile in una finitura metallica molto brillante in oro e argento, in varie dimensioni e con diversi tappi contagocce da utilizzare per garantire un&#039;erogazione precisa dell&#039;olio.<\/p>\n<h2>Caratteristiche del prodotto<\/h2>\n<ul>\n<li><strong>Lucentezza metallica ad alto impatto:<\/strong> La placcatura in oro o argento \u00e8 speculare e produce un immediato impatto di lussuria.<\/li>\n<li><strong>Design cilindrico semplice:<\/strong> Si tratta di un design cilindrico semplice ma robusto, cos\u00ec resistente e semplice da offrire un&#039;esperienza di alta qualit\u00e0 e grande stabilit\u00e0.<\/li>\n<li><strong>Opzioni multiple di The Cap:<\/strong> Esiste un comodo tappo a pressione o a vite, entrambi sicuri.<\/li>\n<\/ul>\n<h2 style=\"text-align: left;\">Specifiche chiave<\/h2>\n<table class=\"aligncenter\" style=\"border-collapse: collapse; width: 425.27pt;\" border=\"0\" width=\"567\" cellspacing=\"0\" cellpadding=\"0\">\n<tbody>\n<tr style=\"height: 13.50pt;\">\n<td style=\"height: 13.50pt; width: 123.00pt;\" width=\"164\" height=\"18\">Specifica<\/td>\n<td style=\"width: 302.25pt;\" width=\"403\">Dettagli<\/td>\n<\/tr>\n<tr style=\"height: 13.50pt;\">\n<td style=\"height: 13.50pt;\" height=\"18\">Capacit\u00e0<\/td>\n<td>5 ml, 10 ml, 15 ml, 20 ml, 30 ml, 50 ml, 100 ml<\/td>\n<\/tr>\n<tr style=\"height: 13.50pt;\">\n<td style=\"height: 13.50pt;\" height=\"18\">Dimensioni<\/td>\n<td>Da 2,2\u00d77,3 cm a 4,4\u00d713,4 cm (diametro \u00d7 altezza)<\/td>\n<\/tr>\n<tr style=\"height: 13.50pt;\">\n<td style=\"height: 13.50pt;\" height=\"18\">Materiale<\/td>\n<td>Vetro con finitura galvanica oro o argento<\/td>\n<\/tr>\n<tr style=\"height: 13.50pt;\">\n<td style=\"height: 13.50pt;\" height=\"18\">Forma della bottiglia<\/td>\n<td>Cilindro con gruppo contagocce<\/td>\n<\/tr>\n<tr style=\"height: 13.50pt;\">\n<td style=\"height: 13.50pt;\" height=\"18\">Ambito di personalizzazione<\/td>\n<td>Dimensioni, colore, finitura, coperchi, tipo di contagocce<\/td>\n<\/tr>\n<tr style=\"height: 13.50pt;\">\n<td style=\"height: 13.50pt;\" height=\"18\">Artigianato<\/td>\n<td>Placcatura lucida e durevole; filettatura precisa<\/td>\n<\/tr>\n<tr style=\"height: 13.50pt;\">\n<td style=\"height: 13.50pt;\" height=\"18\">Scopo del prodotto<\/td>\n<td>Flaconi per oli per il viso, flaconi contagocce in vetro all&#039;ingrosso<\/td>\n<\/tr>\n<tr style=\"height: 13.50pt;\">\n<td style=\"height: 13.50pt;\" height=\"18\">Industrie adatte<\/td>\n<td>Cosmetici di lusso, marchi di cura della pelle<\/td>\n<\/tr>\n<\/tbody>\n<\/table>\n<h2>Storia di successo: collezione metallica del marchio di prodotti per la cura della pelle di Los Angeles<\/h2>\n<p>Il flacone contagocce da 30 ml in metallo dorato con uno speciale tappo a pressione \u00e8 stato ordinato da uno dei marchi di prodotti per la cura della pelle pi\u00f9 alla moda di Los Angeles. Questo aspetto di tendenza di questo flacone di olio \u00e8 diventato virale sui social media a un ritmo estremamente rapido e ha generato oltre 100.000 discussioni sui social media. Il formato da 30 ml \u00e8 adeguato dopo 60 giorni. Questo era il packaging permanente di tutti i suoi sieri e il marchio ha reagito molto bene, ordinandone altri 1,8 milioni.<\/p>\n<h2>Personalizzazione di flaconi contagocce in vetro all&#039;ingrosso<\/h2>\n<ul>\n<li>Finiture metalliche: oro rosa, rame, canna di fucile, cromo nero o olografico.<\/li>\n<li>Finiture metalliche opache e lucide: Finitura a specchio opaca e lucida Disponibile nelle finiture spazzolata, normale e satinata opaca a specchio.<\/li>\n<li>Cappellini personalizzati in rilievo: Cappellini in metallo o plastica in rilievo, realizzati con motivi in \u200b\u200brilievo o loghi ricamati.<\/li>\n<\/ul>","protected":false},"excerpt":{"rendered":"<p>Flacone contagocce di lusso per olio con finitura galvanica in oro e argento. Flaconi contagocce in vetro all&#039;ingrosso per sieri di lusso. Campioni gratuiti disponibili. Spedizione veloce.<\/p>","protected":false},"featured_media":5904,"template":"","meta":{"postBodyCss":"","postBodyMargin":[],"postBodyPadding":[],"postBodyBackground":{"backgroundType":"classic","gradient":""}},"product_brand":[],"product_cat":[15,87,16],"product_tag":[],"class_list":{"0":"post-5900","1":"product","2":"type-product","3":"status-publish","4":"has-post-thumbnail","6":"product_cat-glass-containers","7":"product_cat-dropper-bottles","8":"product_cat-glass-bottles","10":"first","11":"instock","12":"shipping-taxable","13":"product-type-simple"},"jetpack_sharing_enabled":true,"_links":{"self":[{"href":"https:\/\/minghanggroup.com\/it\/wp-json\/wp\/v2\/product\/5900","targetHints":{"allow":["GET"]}}],"collection":[{"href":"https:\/\/minghanggroup.com\/it\/wp-json\/wp\/v2\/product"}],"about":[{"href":"https:\/\/minghanggroup.com\/it\/wp-json\/wp\/v2\/types\/product"}],"wp:featuredmedia":[{"embeddable":true,"href":"https:\/\/minghanggroup.com\/it\/wp-json\/wp\/v2\/media\/5904"}],"wp:attachment":[{"href":"https:\/\/minghanggroup.com\/it\/wp-json\/wp\/v2\/media?parent=5900"}],"wp:term":[{"taxonomy":"product_brand","embeddable":true,"href":"https:\/\/minghanggroup.com\/it\/wp-json\/wp\/v2\/product_brand?post=5900"},{"taxonomy":"product_cat","embeddable":true,"href":"https:\/\/minghanggroup.com\/it\/wp-json\/wp\/v2\/product_cat?post=5900"},{"taxonomy":"product_tag","embeddable":true,"href":"https:\/\/minghanggroup.com\/it\/wp-json\/wp\/v2\/product_tag?post=5900"}],"curies":[{"name":"wp","href":"https:\/\/api.w.org\/{rel}","templated":true}]}}