{"id":5818,"date":"2026-03-02T08:48:32","date_gmt":"2026-03-02T00:48:32","guid":{"rendered":"https:\/\/minghanggroup.com\/?post_type=product&#038;p=5818"},"modified":"2026-03-03T13:29:25","modified_gmt":"2026-03-03T05:29:25","slug":"frosted-white-glass-dropper-bottles-wholesale","status":"publish","type":"product","link":"https:\/\/minghanggroup.com\/it\/prodotto\/frosted-white-glass-dropper-bottles-wholesale\/","title":{"rendered":"Flaconi contagocce in vetro bianco satinato da 5 ml a 100 ml all&#039;ingrosso"},"content":{"rendered":"<p>Si tratta di flaconi contagocce in vetro, caratterizzati da una superficie liscia e satinata bianca e da una forma rotonda e minimalista. Disponibili in varie dimensioni, sono rifiniti con tappi contagocce in metallo lucido color argento o oro rosa, che si adattano perfettamente alle confezioni premium per prodotti per la salute e la cura della pelle.<\/p>\n<h2>Caratteristiche del prodotto<\/h2>\n<ul>\n<li><strong>Texture smerigliata:<\/strong> La superficie in vetro satinato bianco opaco \u00e8 morbida al tatto e ha una sensazione di elevata qualit\u00e0, non lascia impronte.<\/li>\n<li><strong>Sistema di contagocce di precisione:<\/strong> Il contagocce con punta in silicone integrato \u00e8 un contagocce in vetro che consente di distribuire il prodotto con precisione.<\/li>\n<li><strong>Sei dimensioni:<\/strong> Sette formati disponibili, da 5 ml a 100 ml, per adattarsi al formato campione, al formato da viaggio e all&#039;intero prodotto in formato standard.<\/li>\n<\/ul>\n<h2 style=\"text-align: left;\">Specifiche chiave<\/h2>\n<table class=\"aligncenter\" style=\"border-collapse: collapse; width: 447.77pt;\" border=\"0\" width=\"597\" cellspacing=\"0\" cellpadding=\"0\">\n<tbody>\n<tr style=\"height: 13.50pt;\">\n<td style=\"height: 13.50pt; width: 115.50pt;\" width=\"154\" height=\"18\">Specifica<\/td>\n<td style=\"width: 332.25pt;\" width=\"443\">Dettagli<\/td>\n<\/tr>\n<tr style=\"height: 13.50pt;\">\n<td style=\"height: 13.50pt;\" height=\"18\">Capacit\u00e0<\/td>\n<td>5 ml, 10 ml, 15 ml, 20 ml, 30 ml, 50 ml, 100 ml<\/td>\n<\/tr>\n<tr style=\"height: 13.50pt;\">\n<td style=\"height: 13.50pt;\" height=\"18\">Dimensioni<\/td>\n<td>Da 2,2\u00d77,3 cm a 4,5\u00d713,5 cm (diametro \u00d7 altezza)<\/td>\n<\/tr>\n<tr style=\"height: 13.50pt;\">\n<td style=\"height: 13.50pt;\" height=\"18\">Materiale<\/td>\n<td>Vetro bianco satinato, contagocce in vetro<\/td>\n<\/tr>\n<tr style=\"height: 13.50pt;\">\n<td style=\"height: 13.50pt;\" height=\"18\">Forma della bottiglia<\/td>\n<td>Cilindro corto con gruppo contagocce<\/td>\n<\/tr>\n<tr style=\"height: 13.50pt;\">\n<td style=\"height: 13.50pt;\" height=\"18\">Ambito di personalizzazione<\/td>\n<td>Dimensioni, colore, finitura, punta del contagocce<\/td>\n<\/tr>\n<tr style=\"height: 13.50pt;\">\n<td style=\"height: 13.50pt;\" height=\"18\">Artigianato<\/td>\n<td>Formatura di precisione del vetro con trattamento superficiale satinato<\/td>\n<\/tr>\n<tr style=\"height: 13.50pt;\">\n<td style=\"height: 13.50pt;\" height=\"18\">Scopo del prodotto<\/td>\n<td>Flaconi di sieri di lusso, flaconi contagocce in vetro<\/td>\n<\/tr>\n<tr style=\"height: 13.50pt;\">\n<td style=\"height: 13.50pt;\" height=\"18\">Industrie adatte<\/td>\n<td>Marchi di prodotti di lusso per la cura della pelle, aziende di aromaterapia<\/td>\n<\/tr>\n<\/tbody>\n<\/table>\n<h2>Storia di successo<\/h2>\n<p>Il nostro flacone da 30 ml in vetro bianco satinato con contagocce, tappo in oro rosa e serigrafia minimalista \u00e8 stato personalizzato da un&#039;azienda nordica di prodotti per la cura della pelle dallo stile minimalista. Il fatto che la texture satinata fosse un elemento distintivo del design \u00e8 stato citato pi\u00f9 di 50.000 volte sui social media. Il contagocce in vetro garantisce che il prodotto non venga esposto alle formule delicate. La capacit\u00e0 di 30 ml \u00e8 sufficiente per 60 giorni. Il marchio ha riscosso un grande successo e in seguito ha ordinato altri 2,5 milioni di flaconi per soddisfare le sue esigenze di espansione globale nei mercati asiatico e nordamericano.<\/p>\n<h2>Personalizzazione di flaconi contagocce in vetro<\/h2>\n<ul>\n<li><strong>Finiture del tappo in metallo:<\/strong> I tappi in metallo sono disponibili in una qualsiasi delle seguenti finiture: oro spazzolato, nero opaco, cromo lucido o PVD personalizzato.<\/li>\n<li><strong>Finiture satinate colorate:<\/strong> Oltre al tradizionale bianco, anche altri colori pastello tenui (rosa cipria e verde salvia) presentano finiture satinate.<\/li>\n<li><strong>Contagocce in vetro graduato:<\/strong> Questa versione include graduazioni incise in modo permanente sui contagocce in vetro per effettuare facilmente test scientifici o realizzare strumenti fai da te estremamente precisi.<\/li>\n<\/ul>","protected":false},"excerpt":{"rendered":"<p>Flacone in vetro di alta qualit\u00e0 con contagocce in vetro, realizzato in bianco satinato opaco. Flaconi contagocce in vetro di diverse dimensioni per sieri e oli. Campioni gratuiti disponibili.<\/p>","protected":false},"featured_media":5820,"template":"","meta":{"postBodyCss":"","postBodyMargin":[],"postBodyPadding":[],"postBodyBackground":{"backgroundType":"classic","gradient":""}},"product_brand":[],"product_cat":[15,87,16],"product_tag":[],"class_list":{"0":"post-5818","1":"product","2":"type-product","3":"status-publish","4":"has-post-thumbnail","6":"product_cat-glass-containers","7":"product_cat-dropper-bottles","8":"product_cat-glass-bottles","10":"first","11":"instock","12":"shipping-taxable","13":"product-type-simple"},"jetpack_sharing_enabled":true,"_links":{"self":[{"href":"https:\/\/minghanggroup.com\/it\/wp-json\/wp\/v2\/product\/5818","targetHints":{"allow":["GET"]}}],"collection":[{"href":"https:\/\/minghanggroup.com\/it\/wp-json\/wp\/v2\/product"}],"about":[{"href":"https:\/\/minghanggroup.com\/it\/wp-json\/wp\/v2\/types\/product"}],"wp:featuredmedia":[{"embeddable":true,"href":"https:\/\/minghanggroup.com\/it\/wp-json\/wp\/v2\/media\/5820"}],"wp:attachment":[{"href":"https:\/\/minghanggroup.com\/it\/wp-json\/wp\/v2\/media?parent=5818"}],"wp:term":[{"taxonomy":"product_brand","embeddable":true,"href":"https:\/\/minghanggroup.com\/it\/wp-json\/wp\/v2\/product_brand?post=5818"},{"taxonomy":"product_cat","embeddable":true,"href":"https:\/\/minghanggroup.com\/it\/wp-json\/wp\/v2\/product_cat?post=5818"},{"taxonomy":"product_tag","embeddable":true,"href":"https:\/\/minghanggroup.com\/it\/wp-json\/wp\/v2\/product_tag?post=5818"}],"curies":[{"name":"wp","href":"https:\/\/api.w.org\/{rel}","templated":true}]}}