{"id":5808,"date":"2026-02-28T14:37:41","date_gmt":"2026-02-28T06:37:41","guid":{"rendered":"https:\/\/minghanggroup.com\/?post_type=product&#038;p=5808"},"modified":"2026-02-28T15:09:50","modified_gmt":"2026-02-28T07:09:50","slug":"colored-empty-bottles-with-dropper-wholesale","status":"publish","type":"product","link":"https:\/\/minghanggroup.com\/it\/prodotto\/colored-empty-bottles-with-dropper-wholesale\/","title":{"rendered":"Flaconi vuoti colorati da 20 ml, 30 ml, 40 ml e 50 ml con contagocce all&#039;ingrosso"},"content":{"rendered":"<p>La bottiglia con contagocce in vetro ha una combinazione di colori che ricorda quella dei macaron, \u00e8 elegante e di forma cilindrica, con un contagocce in vetro attaccato, che la rende la scelta migliore per conservare sieri, oli per il viso e altro.<\/p>\n<h2>Caratteristiche del prodotto<\/h2>\n<ul>\n<li><strong>Schema dei colori dei macaron:<\/strong> I macaron sono disponibili in quattro colori, tra cui arancione, rosa, verde chiaro e fucsia, che risultano esteticamente gradevoli e accattivanti, adatti al mercato dei giovani consumatori di prodotti di bellezza.<\/li>\n<li><strong>Diverse dimensioni per essere trasportabile:<\/strong> Offre quattro dimensioni di capacit\u00e0 per soddisfare i requisiti di erogazione dei campioni e di portabilit\u00e0 di sieri, oli e altri prodotti per la cura della pelle.<\/li>\n<li><strong>Design semplice della bottiglia cilindrica:<\/strong> Il design della bottiglia cilindrica \u00e8 dritto, quindi pu\u00f2 essere facilmente riposta e maneggiata; inoltre, occupa meno spazio espositivo, quindi pu\u00f2 essere utilizzata in un&#039;ampia gamma di contenitori per esposizione e trasporto.<\/li>\n<\/ul>\n<h2 style=\"text-align: left;\">Specifiche chiave<\/h2>\n<table class=\"aligncenter\" style=\"border-collapse: collapse; width: 419.27pt;\" border=\"0\" width=\"559\" cellspacing=\"0\" cellpadding=\"0\">\n<tbody>\n<tr style=\"height: 13.50pt;\">\n<td style=\"height: 13.50pt; width: 115.50pt;\" width=\"154\" height=\"18\">Specifica<\/td>\n<td style=\"width: 303.75pt;\" width=\"405\">Dettagli<\/td>\n<\/tr>\n<tr style=\"height: 13.50pt;\">\n<td style=\"height: 13.50pt;\" height=\"18\">Capacit\u00e0<\/td>\n<td>20 ml, 30 ml, 40 ml, 50 ml<\/td>\n<\/tr>\n<tr style=\"height: 13.50pt;\">\n<td style=\"height: 13.50pt;\" height=\"18\">Dimensioni<\/td>\n<td>Da 3,7\u00d78 cm a 3,7\u00d711,8 cm (diametro \u00d7 altezza)<\/td>\n<\/tr>\n<tr style=\"height: 13.50pt;\">\n<td style=\"height: 13.50pt;\" height=\"18\">Materiale<\/td>\n<td>Vetro (con rivestimento\/finitura colorata)<\/td>\n<\/tr>\n<tr style=\"height: 13.50pt;\">\n<td style=\"height: 13.50pt;\" height=\"18\">Forma della bottiglia<\/td>\n<td>Cilindro a parete dritta<\/td>\n<\/tr>\n<tr style=\"height: 13.50pt;\">\n<td style=\"height: 13.50pt;\" height=\"18\">Ambito di personalizzazione<\/td>\n<td>Colore, dimensione, materiale del tappo\/contagocce, finitura superficiale<\/td>\n<\/tr>\n<tr style=\"height: 13.50pt;\">\n<td style=\"height: 13.50pt;\" height=\"18\">Artigianato<\/td>\n<td>Formatura di precisione del vetro con applicazione del colore<\/td>\n<\/tr>\n<tr style=\"height: 13.50pt;\">\n<td style=\"height: 13.50pt;\" height=\"18\">Scopo del prodotto<\/td>\n<td>Campioni cosmetici, flaconi con contagocce<\/td>\n<\/tr>\n<tr style=\"height: 13.50pt;\">\n<td style=\"height: 13.50pt;\" height=\"18\">Industrie adatte<\/td>\n<td>Cosmetici, marchi di bellezza indipendenti<\/td>\n<\/tr>\n<\/tbody>\n<\/table>\n<h2>Storia di successo<\/h2>\n<p>Una delle pi\u00f9 grandi aziende che inviano abbonamenti a prodotti di bellezza ha richiesto di utilizzare i nostri flaconi da 30 ml con contagocce nella propria combinazione di colori, ma ha modificato la consistenza liscia per renderla pi\u00f9 opaca, con una texture verde menta. Questo sistema di codifica a colori consente agli abbonati di prendere decisioni rapide sul tipo di prodotto e di ridurre del 25% le richieste di assistenza clienti. Il formato da 30 ml sar\u00e0 sufficiente per un mese. Le esigenze di fornitura per un anno hanno spinto l&#039;azienda a ordinare in seguito 1,5 milioni di flaconi in totale, grazie alle sue prestazioni fenomenali.<\/p>\n<h2>Personalizzazione delle bottiglie con contagocce<\/h2>\n<ul>\n<li>Cartella colori personalizzata: progetta la tua combinazione di colori tenui o vivaci con uno dei tuoi marchi.<\/li>\n<li>Effetti scintillanti o perlati: \u00e8 possibile aggiungere particelle fini di effetti scintillanti o perlati al rivestimento colorato per renderlo attraente alla vista.<\/li>\n<li>\u00c8 opaco o trasparente: \u00e8 disponibile in flaconi sia trasparenti che opachi.<\/li>\n<\/ul>","protected":false},"excerpt":{"rendered":"<p>Flaconi color macaron con contagocce in diverse misure. Perfetti per campioni di prodotti per la cura della pelle e set da viaggio. La vendita diretta in fabbrica garantisce un vantaggio competitivo all&#039;ingrosso.<\/p>","protected":false},"featured_media":5809,"template":"","meta":{"postBodyCss":"","postBodyMargin":[],"postBodyPadding":[],"postBodyBackground":{"backgroundType":"classic","gradient":""}},"product_brand":[],"product_cat":[15,87,16],"product_tag":[],"class_list":{"0":"post-5808","1":"product","2":"type-product","3":"status-publish","4":"has-post-thumbnail","6":"product_cat-glass-containers","7":"product_cat-dropper-bottles","8":"product_cat-glass-bottles","10":"first","11":"instock","12":"shipping-taxable","13":"product-type-simple"},"jetpack_sharing_enabled":true,"_links":{"self":[{"href":"https:\/\/minghanggroup.com\/it\/wp-json\/wp\/v2\/product\/5808","targetHints":{"allow":["GET"]}}],"collection":[{"href":"https:\/\/minghanggroup.com\/it\/wp-json\/wp\/v2\/product"}],"about":[{"href":"https:\/\/minghanggroup.com\/it\/wp-json\/wp\/v2\/types\/product"}],"wp:featuredmedia":[{"embeddable":true,"href":"https:\/\/minghanggroup.com\/it\/wp-json\/wp\/v2\/media\/5809"}],"wp:attachment":[{"href":"https:\/\/minghanggroup.com\/it\/wp-json\/wp\/v2\/media?parent=5808"}],"wp:term":[{"taxonomy":"product_brand","embeddable":true,"href":"https:\/\/minghanggroup.com\/it\/wp-json\/wp\/v2\/product_brand?post=5808"},{"taxonomy":"product_cat","embeddable":true,"href":"https:\/\/minghanggroup.com\/it\/wp-json\/wp\/v2\/product_cat?post=5808"},{"taxonomy":"product_tag","embeddable":true,"href":"https:\/\/minghanggroup.com\/it\/wp-json\/wp\/v2\/product_tag?post=5808"}],"curies":[{"name":"wp","href":"https:\/\/api.w.org\/{rel}","templated":true}]}}