{"id":5793,"date":"2026-02-28T11:33:41","date_gmt":"2026-02-28T03:33:41","guid":{"rendered":"https:\/\/minghanggroup.com\/?post_type=product&#038;p=5793"},"modified":"2026-02-28T13:52:14","modified_gmt":"2026-02-28T05:52:14","slug":"clear-glass-empty-dropper-bottles-with-lids-wholesale","status":"publish","type":"product","link":"https:\/\/minghanggroup.com\/it\/prodotto\/clear-glass-empty-dropper-bottles-with-lids-wholesale\/","title":{"rendered":"Flaconi contagocce vuoti in vetro trasparente da 20 ml, 30 ml e 50 ml con coperchi all&#039;ingrosso"},"content":{"rendered":"<p>Questi flaconi contagocce vuoti sono realizzati in vetro trasparente puro di alta qualit\u00e0, con forma cilindrica, parte superiore arrotondata e tappi contagocce in argento metallizzato e oro, che conferiscono ai flaconi un tocco di classe e contemporaneo.<\/p>\n<h2>Caratteristiche del prodotto<\/h2>\n<ul>\n<li><strong>Stile di design contemporaneo:<\/strong> Le linee pulite e il vetro ultra trasparente conferiscono un aspetto moderno ed elegante.<\/li>\n<li><strong>Tappi in metallo premium:<\/strong> I tappi sono disponibili in versione a vite, a pulsante e contagocce, tutti con una gradevole sensazione al tatto.<\/li>\n<li><strong>Dimensioni ideali del cappuccio:<\/strong> Sono disponibili tre comode misure di tappo (20 ml, 30 ml, 50 ml) adatte alla maggior parte dei sieri, oli essenziali e tinture.<\/li>\n<\/ul>\n<h2 style=\"text-align: left;\">Specifiche chiave<\/h2>\n<table class=\"aligncenter\" style=\"border-collapse: collapse; width: 419.27pt;\" border=\"0\" width=\"559\" cellspacing=\"0\" cellpadding=\"0\">\n<tbody>\n<tr style=\"height: 13.50pt;\">\n<td style=\"height: 13.50pt; width: 115.50pt;\" width=\"154\" height=\"18\">Specifica<\/td>\n<td style=\"width: 303.75pt;\" width=\"405\">Dettagli<\/td>\n<\/tr>\n<tr style=\"height: 13.50pt;\">\n<td style=\"height: 13.50pt;\" height=\"18\">Capacit\u00e0<\/td>\n<td>20 ml, 30 ml, 50 ml<\/td>\n<\/tr>\n<tr style=\"height: 13.50pt;\">\n<td style=\"height: 13.50pt;\" height=\"18\">Dimensioni<\/td>\n<td>Da 3,8\u00d79,8 cm a 3,8\u00d712,1 cm (diametro \u00d7 altezza)<\/td>\n<\/tr>\n<tr style=\"height: 13.50pt;\">\n<td style=\"height: 13.50pt;\" height=\"18\">Materiale<\/td>\n<td>Vetro trasparente, lampadina in silicone, coperchi in metallo<\/td>\n<\/tr>\n<tr style=\"height: 13.50pt;\">\n<td style=\"height: 13.50pt;\" height=\"18\">Forma della bottiglia<\/td>\n<td>Cilindro a lati dritti con gruppo contagocce<\/td>\n<\/tr>\n<tr style=\"height: 13.50pt;\">\n<td style=\"height: 13.50pt;\" height=\"18\">Ambito di personalizzazione<\/td>\n<td>Coperchi, dimensioni, colore, finitura<\/td>\n<\/tr>\n<tr style=\"height: 13.50pt;\">\n<td style=\"height: 13.50pt;\" height=\"18\">Artigianato<\/td>\n<td>Formatura di precisione del vetro, assemblaggio del contagocce in vetro<\/td>\n<\/tr>\n<tr style=\"height: 13.50pt;\">\n<td style=\"height: 13.50pt;\" height=\"18\">Scopo del prodotto<\/td>\n<td>Flaconi contagocce sfusi, flaconi per tinture<\/td>\n<\/tr>\n<tr style=\"height: 13.50pt;\">\n<td style=\"height: 13.50pt;\" height=\"18\">Industrie adatte<\/td>\n<td>Aziende di cura della pelle, aromaterapia<\/td>\n<\/tr>\n<\/tbody>\n<\/table>\n<h2>Storia di successo: una serie esclusiva di un miscelatore di oli essenziali canadese<\/h2>\n<p>I nostri flaconi contagocce vuoti da 30 ml con tappo a pressione argentato ed etichette botaniche personalizzate serigrafate sono stati ordinati da un produttore canadese di oli essenziali. Il design accurato del contagocce consente all&#039;utente di erogare 2-3 gocce alla volta, aumentando la durata di conservazione dei prodotti del 30%. Il formato da 30 ml \u00e8 ideale per le loro miscele di oli essenziali pi\u00f9 rinomate. L&#039;azienda ha ordinato un altro lotto di 900.000 flaconi con l&#039;obiettivo di soddisfare la domanda del suo partner, che ha ricevuto una fornitura di 18 mesi dal suo distributore in Nord America.<\/p>\n<h2>Opzioni di personalizzazione delle bottiglie contagocce sfuse<\/h2>\n<ul>\n<li>Colori del vetro personalizzati: le bottiglie di vetro color ambra vengono utilizzate per proteggere le sostanze fotosensibili, tra cui alcune vitamine o oli essenziali.<\/li>\n<li>Colori personalizzati del tappo e del contagocce: i colori del tappo e dell&#039;ugello in silicone possono essere abbinati ai colori dei singoli marchi.<\/li>\n<li>Incisione laser: l&#039;incisione laser viene eseguita sulle etichette delle bottiglie (codici di piccoli lotti), sui loghi dei marchi o sui codici QR.<\/li>\n<\/ul>","protected":false},"excerpt":{"rendered":"<p>Flaconi contagocce vuoti di alta qualit\u00e0, in grandi quantit\u00e0. I \u200b\u200bnostri flaconi contagocce in vetro offrono un elegante design cilindrico con coperchi lucidi. Consegna rapida e diretta dalla fabbrica.<\/p>","protected":false},"featured_media":5800,"template":"","meta":{"postBodyCss":"","postBodyMargin":[],"postBodyPadding":[],"postBodyBackground":{"backgroundType":"classic","gradient":""}},"product_brand":[],"product_cat":[15,87,16],"product_tag":[],"class_list":{"0":"post-5793","1":"product","2":"type-product","3":"status-publish","4":"has-post-thumbnail","6":"product_cat-glass-containers","7":"product_cat-dropper-bottles","8":"product_cat-glass-bottles","10":"first","11":"instock","12":"shipping-taxable","13":"product-type-simple"},"jetpack_sharing_enabled":true,"_links":{"self":[{"href":"https:\/\/minghanggroup.com\/it\/wp-json\/wp\/v2\/product\/5793","targetHints":{"allow":["GET"]}}],"collection":[{"href":"https:\/\/minghanggroup.com\/it\/wp-json\/wp\/v2\/product"}],"about":[{"href":"https:\/\/minghanggroup.com\/it\/wp-json\/wp\/v2\/types\/product"}],"wp:featuredmedia":[{"embeddable":true,"href":"https:\/\/minghanggroup.com\/it\/wp-json\/wp\/v2\/media\/5800"}],"wp:attachment":[{"href":"https:\/\/minghanggroup.com\/it\/wp-json\/wp\/v2\/media?parent=5793"}],"wp:term":[{"taxonomy":"product_brand","embeddable":true,"href":"https:\/\/minghanggroup.com\/it\/wp-json\/wp\/v2\/product_brand?post=5793"},{"taxonomy":"product_cat","embeddable":true,"href":"https:\/\/minghanggroup.com\/it\/wp-json\/wp\/v2\/product_cat?post=5793"},{"taxonomy":"product_tag","embeddable":true,"href":"https:\/\/minghanggroup.com\/it\/wp-json\/wp\/v2\/product_tag?post=5793"}],"curies":[{"name":"wp","href":"https:\/\/api.w.org\/{rel}","templated":true}]}}