{"id":5787,"date":"2026-02-28T10:21:55","date_gmt":"2026-02-28T02:21:55","guid":{"rendered":"https:\/\/minghanggroup.com\/?post_type=product&#038;p=5787"},"modified":"2026-02-28T11:34:40","modified_gmt":"2026-02-28T03:34:40","slug":"clear-tincture-bottles-for-essential-oils-bulk","status":"publish","type":"product","link":"https:\/\/minghanggroup.com\/it\/prodotto\/clear-tincture-bottles-for-essential-oils-bulk\/","title":{"rendered":"Flaconi di tintura trasparenti da 20 ml, 30 ml e 50 ml per oli essenziali sfusi"},"content":{"rendered":"<p>Queste bottiglie di tintura sono tinture dalla forma cilindrica, sottile e corta, realizzate in vetro ultra trasparente con fondo spesso, tappi contagocce in metallo dorato o argentato e tappi contagocce in silicone bianco per consentire un dosaggio facile e una chiusura ermetica.<\/p>\n<h2>Caratteristiche del prodotto<\/h2>\n<ul>\n<li><strong>Design di bottiglie di lusso:<\/strong> Il design della bottiglia \u00e8 realizzato in vetro ad alta trasparenza e con un fondo spesso, dotato di un tappo contagocce metallico per conferire al prodotto un elevato impatto visivo.<\/li>\n<li><strong>Scelte di cappellini fantasiosi:<\/strong> Il tappo a pulsante dorato, il tappo a vite dorato o il tappo contagocce argentato hanno tutti un&#039;aria di stile di alta gamma.<\/li>\n<li><strong>Contagocce di precisione in silicone:<\/strong> Il contagocce in silicone fornito \u00e8 bianco per garantire la precisione richiesta nel dosaggio.<\/li>\n<\/ul>\n<h2 style=\"text-align: left;\">Specifiche chiave<\/h2>\n<table class=\"aligncenter\" style=\"border-collapse: collapse; width: 419.27pt;\" border=\"0\" width=\"559\" cellspacing=\"0\" cellpadding=\"0\">\n<tbody>\n<tr style=\"height: 13.50pt;\">\n<td style=\"height: 13.50pt; width: 115.50pt;\" width=\"154\" height=\"18\">Specifica<\/td>\n<td style=\"width: 303.75pt;\" width=\"405\">Dettagli<\/td>\n<\/tr>\n<tr style=\"height: 13.50pt;\">\n<td style=\"height: 13.50pt;\" height=\"18\">Capacit\u00e0<\/td>\n<td>20 ml, 30 ml, 50 ml<\/td>\n<\/tr>\n<tr style=\"height: 13.50pt;\">\n<td style=\"height: 13.50pt;\" height=\"18\">Dimensioni<\/td>\n<td>Da 3,8\u00d79,8 cm a 3,8\u00d712,1 cm (diametro \u00d7 altezza)<\/td>\n<\/tr>\n<tr style=\"height: 13.50pt;\">\n<td style=\"height: 13.50pt;\" height=\"18\">Materiale<\/td>\n<td>Vetro trasparente con fondo spesso, silicone, tappi in metallo<\/td>\n<\/tr>\n<tr style=\"height: 13.50pt;\">\n<td style=\"height: 13.50pt;\" height=\"18\">Forma della bottiglia<\/td>\n<td>Cilindro con base spessa e gruppo contagocce<\/td>\n<\/tr>\n<tr style=\"height: 13.50pt;\">\n<td style=\"height: 13.50pt;\" height=\"18\">Ambito di personalizzazione<\/td>\n<td>Coperchi, Colore, Finitura, Punta Contagocce<\/td>\n<\/tr>\n<tr style=\"height: 13.50pt;\">\n<td style=\"height: 13.50pt;\" height=\"18\">Artigianato<\/td>\n<td>Formatura di precisione del vetro per pareti spesse<\/td>\n<\/tr>\n<tr style=\"height: 13.50pt;\">\n<td style=\"height: 13.50pt;\" height=\"18\">Scopo del prodotto<\/td>\n<td>Flaconi contagocce per tintura, flaconi per oli di CBD<\/td>\n<\/tr>\n<tr style=\"height: 13.50pt;\">\n<td style=\"height: 13.50pt;\" height=\"18\">Industrie adatte<\/td>\n<td>Marchi di integratori a base di erbe, aziende di CBD<\/td>\n<\/tr>\n<\/tbody>\n<\/table>\n<h2>Storia di successo Una linea di prodotti premium di un&#039;azienda CBD del Colorado<\/h2>\n<p>I nostri flaconi di tintura da 30 ml con tappi a vite dorati e una tabella di dosaggio personalizzata sono stati scelti da un&#039;azienda di CBD del Colorado. Il flacone in vetro denso \u00e8 un efficace anti-fotodegradazione, che aumenter\u00e0 la potenza del siero del 25%. Il contagocce specifico pu\u00f2 erogare la dose esatta di 1 ml ogni volta. L&#039;azienda ha inoltre ordinato 1,2 milioni di flaconi del prodotto da consegnare alla sua catena di vendita al dettaglio nazionale a causa dell&#039;enorme successo del prodotto.<\/p>\n<h2>Personalizzazione di flaconi contagocce per tintura<\/h2>\n<ul>\n<li>Colori personalizzati del tappo e del contagocce: sia il tappo che il bulbo in silicone possono essere ordinati nel colore corrispondente a un determinato marchio in termini di campionario colori.<\/li>\n<li>Goffratura personalizzata del tappo: seleziona un logo o un monogramma per goffrare la parte superiore del tappo contagocce e ottenere un marchio personalizzato.<\/li>\n<li>Blocco di sicurezza per bambini: incorporare un controllo di rotazione a pressione o a pressione nel tappo contagocce.<\/li>\n<\/ul>","protected":false},"excerpt":{"rendered":"<p>Scopri i flaconi di tintura di alta qualit\u00e0 con contagocce in silicone bianco e finiture metalliche. Questi flaconi contagocce sono pronti per un branding immediato.<\/p>","protected":false},"featured_media":5791,"template":"","meta":{"postBodyCss":"","postBodyMargin":[],"postBodyPadding":[],"postBodyBackground":{"backgroundType":"classic","gradient":""}},"product_brand":[],"product_cat":[15,87,16],"product_tag":[],"class_list":{"0":"post-5787","1":"product","2":"type-product","3":"status-publish","4":"has-post-thumbnail","6":"product_cat-glass-containers","7":"product_cat-dropper-bottles","8":"product_cat-glass-bottles","10":"first","11":"instock","12":"shipping-taxable","13":"product-type-simple"},"jetpack_sharing_enabled":true,"_links":{"self":[{"href":"https:\/\/minghanggroup.com\/it\/wp-json\/wp\/v2\/product\/5787","targetHints":{"allow":["GET"]}}],"collection":[{"href":"https:\/\/minghanggroup.com\/it\/wp-json\/wp\/v2\/product"}],"about":[{"href":"https:\/\/minghanggroup.com\/it\/wp-json\/wp\/v2\/types\/product"}],"wp:featuredmedia":[{"embeddable":true,"href":"https:\/\/minghanggroup.com\/it\/wp-json\/wp\/v2\/media\/5791"}],"wp:attachment":[{"href":"https:\/\/minghanggroup.com\/it\/wp-json\/wp\/v2\/media?parent=5787"}],"wp:term":[{"taxonomy":"product_brand","embeddable":true,"href":"https:\/\/minghanggroup.com\/it\/wp-json\/wp\/v2\/product_brand?post=5787"},{"taxonomy":"product_cat","embeddable":true,"href":"https:\/\/minghanggroup.com\/it\/wp-json\/wp\/v2\/product_cat?post=5787"},{"taxonomy":"product_tag","embeddable":true,"href":"https:\/\/minghanggroup.com\/it\/wp-json\/wp\/v2\/product_tag?post=5787"}],"curies":[{"name":"wp","href":"https:\/\/api.w.org\/{rel}","templated":true}]}}