{"id":5782,"date":"2026-02-28T09:04:02","date_gmt":"2026-02-28T01:04:02","guid":{"rendered":"https:\/\/minghanggroup.com\/?post_type=product&#038;p=5782"},"modified":"2026-02-28T16:39:44","modified_gmt":"2026-02-28T08:39:44","slug":"clear-glass-bottles-with-dropper-wholesale","status":"publish","type":"product","link":"https:\/\/minghanggroup.com\/it\/prodotto\/clear-glass-bottles-with-dropper-wholesale\/","title":{"rendered":"Flaconi in vetro trasparente da 5 ml a 100 ml con contagocce all&#039;ingrosso"},"content":{"rendered":"<p>I flaconi in vetro con contagocce sono di alta qualit\u00e0, con corpo in vetro cristallino dalle linee morbide ed eleganti. Sono disponibili in diverse dimensioni e con eleganti tappi contagocce in oro, argento, nero e venature del legno, per confezionare oli essenziali e sieri.<\/p>\n<h2>Caratteristiche del prodotto<\/h2>\n<ul>\n<li><strong>Sistema contagocce di precisione:<\/strong> Il contagocce e il bulbo incorporati sono realizzati in modo tale da poter rilasciare il liquido in modo moderato.<\/li>\n<li><strong>Opzioni di protezione:<\/strong> Scegli tra un&#039;ampia variet\u00e0 di opzioni per il tappo (oro, argento, nero, effetto legno) per adattarlo allo stile del tuo marchio.<\/li>\n<li><strong>Taglie regolabili del cappuccio:<\/strong> Sette misure comprese tra 5 ml e 100 ml, adattabili per soddisfare diverse esigenze, dalle dimensioni dei campioni ai prodotti di grandi dimensioni.<\/li>\n<\/ul>\n<h2 style=\"text-align: left;\">Specifiche chiave<\/h2>\n<table class=\"aligncenter\" style=\"border-collapse: collapse; width: 419.27pt;\" border=\"0\" width=\"559\" cellspacing=\"0\" cellpadding=\"0\">\n<tbody>\n<tr style=\"height: 13.50pt;\">\n<td style=\"height: 13.50pt; width: 115.50pt;\" width=\"154\" height=\"18\">Specifica<\/td>\n<td style=\"width: 303.75pt;\" width=\"405\">Dettagli<\/td>\n<\/tr>\n<tr style=\"height: 13.50pt;\">\n<td style=\"height: 13.50pt;\" height=\"18\">Capacit\u00e0<\/td>\n<td>5 ml, 10 ml, 15 ml, 20 ml, 30 ml, 50 ml, 100 ml<\/td>\n<\/tr>\n<tr style=\"height: 13.50pt;\">\n<td style=\"height: 13.50pt;\" height=\"18\">Dimensioni<\/td>\n<td>Da 2,2\u00d77,3 cm a 4,5\u00d713,5 cm (diametro \u00d7 altezza)<\/td>\n<\/tr>\n<tr style=\"height: 13.50pt;\">\n<td style=\"height: 13.50pt;\" height=\"18\">Materiale<\/td>\n<td>Vetro trasparente, lampadina in silicone<\/td>\n<\/tr>\n<tr style=\"height: 13.50pt;\">\n<td style=\"height: 13.50pt;\" height=\"18\">Forma della bottiglia<\/td>\n<td>Cilindro con gruppo contagocce<\/td>\n<\/tr>\n<tr style=\"height: 13.50pt;\">\n<td style=\"height: 13.50pt;\" height=\"18\">Ambito di personalizzazione<\/td>\n<td>Colore, Coperchi, Finitura, Tipo di punta del contagocce<\/td>\n<\/tr>\n<tr style=\"height: 13.50pt;\">\n<td style=\"height: 13.50pt;\" height=\"18\">Artigianato<\/td>\n<td>Soffiatura del vetro di precisione, assemblaggio del contagocce in vetro<\/td>\n<\/tr>\n<tr style=\"height: 13.50pt;\">\n<td style=\"height: 13.50pt;\" height=\"18\">Scopo del prodotto<\/td>\n<td>Flaconi contagocce all&#039;ingrosso, flaconi per oli essenziali<\/td>\n<\/tr>\n<tr style=\"height: 13.50pt;\">\n<td style=\"height: 13.50pt;\" height=\"18\">Industrie adatte<\/td>\n<td>Marchi di cosmetici, aziende di cura della pelle<\/td>\n<\/tr>\n<\/tbody>\n<\/table>\n<h2>Storia di successo: il marchio coreano di sieri annuncia la cura della pelle<\/h2>\n<p>Un marchio coreano di prodotti per la cura della pelle di grande tendenza ha scelto di vendere i nostri contagocce in vetro da 30 ml con gocce, dotati di tappi dorati stampati ed etichette serigrafate semplici. Il flacone del siero \u00e8 in vetro trasparente; questo ne testimonia la purezza e aumenta la fiducia dei consumatori. Il contagocce di precisione \u00e8 in grado di erogare una goccia da 0,5 ml con una singola erogazione, aumentando cos\u00ec la durata di conservazione del prodotto del 20%. L&#039;enorme successo sul mercato ha gi\u00e0 spinto il marchio a ordinare altri 2 milioni di flaconi per soddisfare la crescente domanda nei mercati internazionali dell&#039;e-commerce e della vendita al dettaglio.<\/p>\n<h2>Personalizzazione all&#039;ingrosso di flaconi contagocce<\/h2>\n<ul>\n<li>Colori delle bottiglie di vetro: sono disponibili in colore trasparente, ambra o blu cobalto, e possono essere utilizzate per proteggere dai raggi UV o per il branding.<\/li>\n<li>Finiture satinate\/opache: per ottenere un effetto morbido e lussuoso, applicare una finitura satinata alle bottiglie di vetro.<\/li>\n<li>Contagocce di grado: per misurare con precisione, aggiungere delle gradazioni ai contagocce (ad esempio 0,5 ml, 1 ml).<\/li>\n<\/ul>","protected":false},"excerpt":{"rendered":"<p>Flaconi contagocce all&#039;ingrosso disponibili in magazzino in misure graduate. Flaconi in vetro ad alta trasparenza con contagocce per oli e tinture. Richiedi campioni gratuiti.<\/p>","protected":false},"featured_media":5784,"template":"","meta":{"postBodyCss":"","postBodyMargin":[],"postBodyPadding":[],"postBodyBackground":{"backgroundType":"classic","gradient":""}},"product_brand":[],"product_cat":[15,87,16],"product_tag":[],"class_list":{"0":"post-5782","1":"product","2":"type-product","3":"status-publish","4":"has-post-thumbnail","6":"product_cat-glass-containers","7":"product_cat-dropper-bottles","8":"product_cat-glass-bottles","10":"first","11":"instock","12":"shipping-taxable","13":"product-type-simple"},"jetpack_sharing_enabled":true,"_links":{"self":[{"href":"https:\/\/minghanggroup.com\/it\/wp-json\/wp\/v2\/product\/5782","targetHints":{"allow":["GET"]}}],"collection":[{"href":"https:\/\/minghanggroup.com\/it\/wp-json\/wp\/v2\/product"}],"about":[{"href":"https:\/\/minghanggroup.com\/it\/wp-json\/wp\/v2\/types\/product"}],"wp:featuredmedia":[{"embeddable":true,"href":"https:\/\/minghanggroup.com\/it\/wp-json\/wp\/v2\/media\/5784"}],"wp:attachment":[{"href":"https:\/\/minghanggroup.com\/it\/wp-json\/wp\/v2\/media?parent=5782"}],"wp:term":[{"taxonomy":"product_brand","embeddable":true,"href":"https:\/\/minghanggroup.com\/it\/wp-json\/wp\/v2\/product_brand?post=5782"},{"taxonomy":"product_cat","embeddable":true,"href":"https:\/\/minghanggroup.com\/it\/wp-json\/wp\/v2\/product_cat?post=5782"},{"taxonomy":"product_tag","embeddable":true,"href":"https:\/\/minghanggroup.com\/it\/wp-json\/wp\/v2\/product_tag?post=5782"}],"curies":[{"name":"wp","href":"https:\/\/api.w.org\/{rel}","templated":true}]}}