{"id":5777,"date":"2026-02-27T16:38:54","date_gmt":"2026-02-27T08:38:54","guid":{"rendered":"https:\/\/minghanggroup.com\/?post_type=product&#038;p=5777"},"modified":"2026-02-27T16:47:14","modified_gmt":"2026-02-27T08:47:14","slug":"amber-dropper-bottles-for-essential-oils-bulk","status":"publish","type":"product","link":"https:\/\/minghanggroup.com\/it\/prodotto\/amber-dropper-bottles-for-essential-oils-bulk\/","title":{"rendered":"Flaconi contagocce ambrati da 5 ml a 100 ml per oli essenziali sfusi"},"content":{"rendered":"<p>I nostri flaconi contagocce ambrati risolvono subito questo problema. I flaconi contagocce per oli essenziali con vetro ambrato anti-UV mantengono puro il tuo olio essenziale. Flaconi in vetro borosilicato di alta qualit\u00e0: ambrato per la protezione dai raggi UV, trasparente per la visibilit\u00e0. Confezione adatta al tuo marchio di oli essenziali. Dimensioni del flacone? Da 5 ml (perfetto per campioni da 28 ml) a 100 ml. Contagocce? Flacone contagocce in vetro di precisione. Il tuo olio essenziale rimane fresco.<\/p>\n<h2>Caratteristiche del prodotto<\/h2>\n<ul>\n<li><strong>Potere di protezione UV:<\/strong> Il vetro ambrato blocca la luce UV, fondamentale per la stabilit\u00e0 degli oli essenziali. Non sbiadisce e non si degrada.<\/li>\n<li><strong>Dosaggio di precisione:<\/strong> Un flacone contagocce in vetro garantisce un dosaggio preciso. Niente pi\u00f9 sprechi di tintura o olio essenziale.<\/li>\n<li><strong>Flessibilit\u00e0 dimensionale:<\/strong> 5 ml per roll-on, in contenitori, 100 ml per forniture all&#039;ingrosso. La gamma di formati soddisfa ogni esigenza di oli essenziali.<\/li>\n<\/ul>\n<h2>Specifiche chiave<\/h2>\n<table style=\"border-collapse: collapse; width: 80%; margin-left: auto; margin-right: auto;\" border=\"0\" width=\"288\" cellspacing=\"0\" cellpadding=\"0\">\n<tbody>\n<tr style=\"height: 13.50pt;\">\n<td style=\"height: 13.5pt; width: 54pt; text-align: center;\" width=\"72\" height=\"18\">Capacit\u00e0 (ml)<\/td>\n<td style=\"width: 54pt; text-align: center;\" width=\"72\">Dimensioni (cm)<\/td>\n<td style=\"width: 54pt; text-align: center;\" width=\"72\">Colore<\/td>\n<td style=\"width: 54pt; text-align: center;\" width=\"72\">Accessori<\/td>\n<\/tr>\n<tr style=\"height: 13.50pt;\">\n<td style=\"height: 13.5pt; text-align: center;\" align=\"right\" height=\"18\">5<\/td>\n<td style=\"text-align: center;\">2,2 \u00d7 5,0<\/td>\n<td class=\"et2\" style=\"text-align: center;\" rowspan=\"7\">Ambra o Personalizzato<\/td>\n<td class=\"et2\" style=\"text-align: center;\" rowspan=\"7\">anelli antifurto, anelli elettroplaccati, punte contagocce multicolori<\/td>\n<\/tr>\n<tr style=\"height: 13.50pt;\">\n<td style=\"height: 13.5pt; text-align: center;\" align=\"right\" height=\"18\">10<\/td>\n<td style=\"text-align: center;\">2,5 \u00d7 5,8<\/td>\n<\/tr>\n<tr style=\"height: 13.50pt;\">\n<td style=\"height: 13.5pt; text-align: center;\" align=\"right\" height=\"18\">15<\/td>\n<td style=\"text-align: center;\">2,9 \u00d7 6,5<\/td>\n<\/tr>\n<tr style=\"height: 13.50pt;\">\n<td style=\"height: 13.5pt; text-align: center;\" align=\"right\" height=\"18\">20<\/td>\n<td style=\"text-align: center;\">2,9 \u00d7 7,1<\/td>\n<\/tr>\n<tr style=\"height: 13.50pt;\">\n<td style=\"height: 13.5pt; text-align: center;\" align=\"right\" height=\"18\">30<\/td>\n<td style=\"text-align: center;\">3,3 \u00d7 7,8<\/td>\n<\/tr>\n<tr style=\"height: 13.50pt;\">\n<td style=\"height: 13.5pt; text-align: center;\" align=\"right\" height=\"18\">50<\/td>\n<td style=\"text-align: center;\">3,7 \u00d7 9,2<\/td>\n<\/tr>\n<tr style=\"height: 13.50pt;\">\n<td style=\"height: 13.5pt; text-align: center;\" align=\"right\" height=\"18\">100<\/td>\n<td style=\"text-align: center;\">4,5 \u00d7 11,2<\/td>\n<\/tr>\n<\/tbody>\n<\/table>\n<h2>Caso di successo<\/h2>\n<p>I nostri flaconi contagocce in vetro ambrato sono stati selezionati da un&#039;azienda canadese di prodotti naturali per la cura della pelle per rilanciare il suo marchio di oli per il viso di alta gamma. Presentavano inoltre dettagli estetici distintivi, come una ghiera in alluminio con stampa oro, un tappo nero opaco con scanalature (per una migliore presa), un contagocce in vetro con graduazione da 0,25 ml per un controllo pi\u00f9 accurato del dosaggio e un&#039;etichetta satinata per migliorare l&#039;adesione della serigrafia.<\/p>\n<p>Dopo l&#039;introduzione del nuovo packaging, il cliente ha affermato che le vendite sono aumentate del 32% nei primi due trimestri, grazie anche alla maggiore coerenza dei prodotti e alla presenza di posizioni pi\u00f9 elevate sugli scaffali. Il marchio ha effettuato sei ordini ripetuti all&#039;ingrosso nell&#039;arco di 10 mesi, con un incremento del volume di acquisto di 65 volte rispetto all&#039;anno precedente.<\/p>\n<h2>Suggerimenti per la personalizzazione<\/h2>\n<ol>\n<li><strong>Aggiornamento del contagocce:<\/strong> Aggiungi tappi galvanizzati per una spedizione a prova di perdite. Diverse opzioni di colore per le teste dei contagocce.<\/li>\n<li><strong>Risparmio all&#039;ingrosso:<\/strong> Acquista flaconi contagocce color ambra all&#039;ingrosso e usufruisci di campioni gratuiti e prezzi a scaglioni.<\/li>\n<li><strong>Protezione UV:<\/strong> Il vetro ambrato \u00e8 un ottimo filtro UV naturale per gli oli essenziali: il tuo olio essenziale non sbiadir\u00e0 pi\u00f9.<\/li>\n<\/ol>","protected":false},"excerpt":{"rendered":"<p>Flaconi contagocce color ambra per oli essenziali. Flaconi contagocce per oli essenziali con protezione UV per grandi quantit\u00e0. Colori personalizzati. Spedizione diretta dalla fabbrica. Campioni gratuiti.<\/p>","protected":false},"featured_media":5781,"template":"","meta":{"postBodyCss":"","postBodyMargin":[],"postBodyPadding":[],"postBodyBackground":{"backgroundType":"classic","gradient":""}},"product_brand":[],"product_cat":[15,87,16],"product_tag":[],"class_list":{"0":"post-5777","1":"product","2":"type-product","3":"status-publish","4":"has-post-thumbnail","6":"product_cat-glass-containers","7":"product_cat-dropper-bottles","8":"product_cat-glass-bottles","10":"first","11":"instock","12":"shipping-taxable","13":"product-type-simple"},"jetpack_sharing_enabled":true,"_links":{"self":[{"href":"https:\/\/minghanggroup.com\/it\/wp-json\/wp\/v2\/product\/5777","targetHints":{"allow":["GET"]}}],"collection":[{"href":"https:\/\/minghanggroup.com\/it\/wp-json\/wp\/v2\/product"}],"about":[{"href":"https:\/\/minghanggroup.com\/it\/wp-json\/wp\/v2\/types\/product"}],"wp:featuredmedia":[{"embeddable":true,"href":"https:\/\/minghanggroup.com\/it\/wp-json\/wp\/v2\/media\/5781"}],"wp:attachment":[{"href":"https:\/\/minghanggroup.com\/it\/wp-json\/wp\/v2\/media?parent=5777"}],"wp:term":[{"taxonomy":"product_brand","embeddable":true,"href":"https:\/\/minghanggroup.com\/it\/wp-json\/wp\/v2\/product_brand?post=5777"},{"taxonomy":"product_cat","embeddable":true,"href":"https:\/\/minghanggroup.com\/it\/wp-json\/wp\/v2\/product_cat?post=5777"},{"taxonomy":"product_tag","embeddable":true,"href":"https:\/\/minghanggroup.com\/it\/wp-json\/wp\/v2\/product_tag?post=5777"}],"curies":[{"name":"wp","href":"https:\/\/api.w.org\/{rel}","templated":true}]}}