{"id":5764,"date":"2026-02-27T11:51:14","date_gmt":"2026-02-27T03:51:14","guid":{"rendered":"https:\/\/minghanggroup.com\/?post_type=product&#038;p=5764"},"modified":"2026-04-14T10:25:02","modified_gmt":"2026-04-14T02:25:02","slug":"cobalt-blue-glass-empty-syrup-bottles-wholesale","status":"publish","type":"product","link":"https:\/\/minghanggroup.com\/it\/prodotto\/cobalt-blue-glass-empty-syrup-bottles-wholesale\/","title":{"rendered":"Bottiglie vuote per sciroppo in vetro blu cobalto da 15 ml a 500 ml all&#039;ingrosso"},"content":{"rendered":"<p>Questo tipo di bottiglie vuote per sciroppo ha un elegante corpo in vetro blu cobalto e una tradizionale forma cilindrica con spalle arrotondate e lisce e un collo stretto filettato convenzionale, adatto ai fornitori farmaceutici e ai produttori di sciroppi.<\/p>\n<h2>Caratteristiche del prodotto<\/h2>\n<ul>\n<li><strong>Eccellente protezione UV:<\/strong> Il vetro blu cobalto ha un effetto positivo bloccando diverse lunghezze d&#039;onda della luce dannose per l&#039;occhio umano.<\/li>\n<li><strong>Design cilindrico stabile:<\/strong> La forma cilindrica del design \u00e8 corta e larga, il che lo rende molto stabile e garantisce all&#039;utente una presa comoda e sicura.<\/li>\n<li><strong>Capacit\u00e0 graduate:<\/strong> Sei precise indicazioni di volume (da 15 ml a 500 ml) sono perfette per quanto riguarda le dimensioni del prodotto.<\/li>\n<\/ul>\n<h2 style=\"text-align: left;\">Specifiche chiave<\/h2>\n<table class=\"aligncenter\" style=\"border-collapse: collapse; width: 444.77pt;\" border=\"0\" width=\"593\" cellspacing=\"0\" cellpadding=\"0\">\n<tbody>\n<tr style=\"height: 13.50pt;\">\n<td style=\"height: 13.50pt; width: 115.50pt;\" width=\"154\" height=\"18\">Specifica<\/td>\n<td style=\"width: 329.25pt;\" width=\"439\">Dettagli<\/td>\n<\/tr>\n<tr style=\"height: 13.50pt;\">\n<td style=\"height: 13.50pt;\" height=\"18\">Capacit\u00e0<\/td>\n<td>15 ml, 30 ml, 60 ml, 120 ml, 250 ml, 500 ml<\/td>\n<\/tr>\n<tr style=\"height: 13.50pt;\">\n<td style=\"height: 13.50pt;\" height=\"18\">Dimensioni<\/td>\n<td>Da 2,5\u00d76,83 cm a 7,46\u00d716,87 cm (diametro \u00d7 altezza)<\/td>\n<\/tr>\n<tr style=\"height: 13.50pt;\">\n<td style=\"height: 13.50pt;\" height=\"18\">Materiale<\/td>\n<td>Vetro blu cobalto di grado farmaceutico<\/td>\n<\/tr>\n<tr style=\"height: 13.50pt;\">\n<td style=\"height: 13.50pt;\" height=\"18\">Forma della bottiglia<\/td>\n<td>Cilindro corto e largo con spalle arrotondate<\/td>\n<\/tr>\n<tr style=\"height: 13.50pt;\">\n<td style=\"height: 13.50pt;\" height=\"18\">Ambito di personalizzazione<\/td>\n<td>Dimensioni, colore, coperchi, finitura<\/td>\n<\/tr>\n<tr style=\"height: 13.50pt;\">\n<td style=\"height: 13.50pt;\" height=\"18\">Artigianato<\/td>\n<td>Soffiatura del vetro di precisione<\/td>\n<\/tr>\n<tr style=\"height: 13.50pt;\">\n<td style=\"height: 13.50pt;\" height=\"18\">Scopo del prodotto<\/td>\n<td>Bottiglie di vetro per sciroppo all&#039;ingrosso, bottiglie di vetro per sciroppo<\/td>\n<\/tr>\n<tr style=\"height: 13.50pt;\">\n<td style=\"height: 13.50pt;\" height=\"18\">Industrie adatte<\/td>\n<td>Produttori farmaceutici, produttori di integratori<\/td>\n<\/tr>\n<\/tbody>\n<\/table>\n<h2>Storia di successo<\/h2>\n<p>Le nostre bottiglie vuote di sciroppo blu cobalto da 30 ml sono state scelte da un&#039;importante azienda di integratori alimentari con sede in California, che ha scelto il corpo satinato e l&#039;etichetta dorata serigrafati. I risultati sono stati impressionanti: la bottiglia in vetro blu cobalto offre una protezione superiore al 99% dai raggi UV\/luce visibile, il che aumenta direttamente la durata di conservazione del prodotto del 40%. Questa elegante confezione ha aumentato il costo al dettaglio della bottiglia del 20% rispetto alla bottiglia trasparente utilizzata in precedenza. I tassi di conversione online del nuovo prodotto sono aumentati del 15%. Sulla base di questi risultati di alto livello, hanno effettuato un altro ordine di 750.000 bottiglie.<\/p>\n<h2>Personalizzazione all&#039;ingrosso di bottiglie di vetro per sciroppo<\/h2>\n<ul>\n<li><strong>Finitura satinata o opaca:<\/strong> Una finitura completamente satinata conferisce un aspetto morbido, lussuoso e a prova di manomissione.<\/li>\n<li><strong>Collo specifico per contagocce:<\/strong> Si tratta di una filettatura del collo progettata con un diametro interno che si adatta con precisione ai componenti del contagocce in vetro di particolare alta precisione.<\/li>\n<li><strong>Finiture speciali del cappuccio:<\/strong> Sono disponibili finiture del tappo abbinate al vetro blu, tra cui argento opaco, oro o bianco.<\/li>\n<\/ul>","protected":false},"excerpt":{"rendered":"<p>Flaconi vuoti per sciroppo personalizzati in blu cobalto. Le nostre bottiglie di vetro per sciroppo all&#039;ingrosso supportano diverse chiusure per medicinali o farmacie. Assistenza OEM professionale.<\/p>","protected":false},"featured_media":5769,"template":"","meta":{"postBodyCss":"","postBodyMargin":[],"postBodyPadding":[],"postBodyBackground":{"backgroundType":"classic","gradient":""}},"product_brand":[],"product_cat":[15,86,16],"product_tag":[88,102,112],"class_list":{"0":"post-5764","1":"product","2":"type-product","3":"status-publish","4":"has-post-thumbnail","6":"product_cat-glass-containers","7":"product_cat-glass-medicine-bottles","8":"product_cat-glass-bottles","9":"product_tag-medicine-syrup-bottles","10":"product_tag-pharmaceutical-syrup-bottles","11":"product_tag-soap-dispensers","13":"first","14":"instock","15":"shipping-taxable","16":"product-type-simple"},"jetpack_sharing_enabled":true,"_links":{"self":[{"href":"https:\/\/minghanggroup.com\/it\/wp-json\/wp\/v2\/product\/5764","targetHints":{"allow":["GET"]}}],"collection":[{"href":"https:\/\/minghanggroup.com\/it\/wp-json\/wp\/v2\/product"}],"about":[{"href":"https:\/\/minghanggroup.com\/it\/wp-json\/wp\/v2\/types\/product"}],"wp:featuredmedia":[{"embeddable":true,"href":"https:\/\/minghanggroup.com\/it\/wp-json\/wp\/v2\/media\/5769"}],"wp:attachment":[{"href":"https:\/\/minghanggroup.com\/it\/wp-json\/wp\/v2\/media?parent=5764"}],"wp:term":[{"taxonomy":"product_brand","embeddable":true,"href":"https:\/\/minghanggroup.com\/it\/wp-json\/wp\/v2\/product_brand?post=5764"},{"taxonomy":"product_cat","embeddable":true,"href":"https:\/\/minghanggroup.com\/it\/wp-json\/wp\/v2\/product_cat?post=5764"},{"taxonomy":"product_tag","embeddable":true,"href":"https:\/\/minghanggroup.com\/it\/wp-json\/wp\/v2\/product_tag?post=5764"}],"curies":[{"name":"wp","href":"https:\/\/api.w.org\/{rel}","templated":true}]}}