{"id":5758,"date":"2026-02-27T11:16:23","date_gmt":"2026-02-27T03:16:23","guid":{"rendered":"https:\/\/minghanggroup.com\/?post_type=product&#038;p=5758"},"modified":"2026-04-14T10:25:26","modified_gmt":"2026-04-14T02:25:26","slug":"pharmaceutical-glass-bottles-with-screw-neck-bulk","status":"publish","type":"product","link":"https:\/\/minghanggroup.com\/it\/prodotto\/pharmaceutical-glass-bottles-with-screw-neck-bulk\/","title":{"rendered":"Flaconi farmaceutici in vetro da 15 ml a 1000 ml con collo a vite sfusi"},"content":{"rendered":"<p>Questi flaconi in vetro per uso farmaceutico sono disponibili in colore ambrato o trasparente, con un corpo cilindrico convenzionale, spalle arrotondate e un collo sottile con filettatura precisa. Sono disponibili in sette misure per soddisfare tutte le esigenze dell&#039;applicazione professionale.<\/p>\n<h2>Caratteristiche del prodotto<\/h2>\n<ul>\n<li><strong>Scelta del materiale:<\/strong> Pu\u00f2 essere disponibile in vetro trasparente o ambrato, che consente un facile accesso al contenuto del prodotto o un elevato livello di protezione UV.<\/li>\n<li><strong>Corpo cilindrico stabile:<\/strong> Il corpo \u00e8 corto e arrotondato, il che lo rende molto stabile durante l&#039;installazione e il mantenimento.<\/li>\n<li><strong>Posto sicuro:<\/strong> Il collo filettato standard ha un&#039;ampia capacit\u00e0 di accettare diversi tappi, il che garantisce una tenuta molto sicura e a prova di perdite.<\/li>\n<\/ul>\n<h2 style=\"text-align: left;\">Specifiche chiave<\/h2>\n<table class=\"aligncenter\" style=\"border-collapse: collapse; width: 447.77pt;\" border=\"0\" width=\"597\" cellspacing=\"0\" cellpadding=\"0\">\n<tbody>\n<tr style=\"height: 13.50pt;\">\n<td style=\"height: 13.50pt; width: 115.50pt;\" width=\"154\" height=\"18\">Specifica<\/td>\n<td style=\"width: 332.25pt;\" width=\"443\">Dettagli<\/td>\n<\/tr>\n<tr style=\"height: 13.50pt;\">\n<td style=\"height: 13.50pt;\" height=\"18\">Capacit\u00e0<\/td>\n<td>15 ml, 30 ml, 60 ml, 120 ml, 250 ml, 500 ml, 1000 ml<\/td>\n<\/tr>\n<tr style=\"height: 13.50pt;\">\n<td style=\"height: 13.50pt;\" height=\"18\">Dimensioni<\/td>\n<td>Da 2,5\u00d76,83 cm a 9,45\u00d720,57 cm (diametro \u00d7 altezza)<\/td>\n<\/tr>\n<tr style=\"height: 13.50pt;\">\n<td style=\"height: 13.50pt;\" height=\"18\">Materiale<\/td>\n<td>Vetro trasparente o ambrato di grado farmaceutico<\/td>\n<\/tr>\n<tr style=\"height: 13.50pt;\">\n<td style=\"height: 13.50pt;\" height=\"18\">Forma della bottiglia<\/td>\n<td>Cilindro corto e largo con collo stretto e filettato<\/td>\n<\/tr>\n<tr style=\"height: 13.50pt;\">\n<td style=\"height: 13.50pt;\" height=\"18\">Ambito di personalizzazione<\/td>\n<td>Colore, finitura, coperchi, dimensioni<\/td>\n<\/tr>\n<tr style=\"height: 13.50pt;\">\n<td style=\"height: 13.50pt;\" height=\"18\">Artigianato<\/td>\n<td>Soffiatura del vetro di precisione per costruzioni stabili e resistenti<\/td>\n<\/tr>\n<tr style=\"height: 13.50pt;\">\n<td style=\"height: 13.50pt;\" height=\"18\">Scopo del prodotto<\/td>\n<td>Sciroppo in bottiglia di vetro, flaconi di liquido orale<\/td>\n<\/tr>\n<tr style=\"height: 13.50pt;\">\n<td style=\"height: 13.50pt;\" height=\"18\">Industrie adatte<\/td>\n<td>Produttori farmaceutici, farmacie specializzate in preparati farmaceutici<\/td>\n<\/tr>\n<\/tbody>\n<\/table>\n<h2>Storia di successo: una linea di prodotti speciali di una farmacia<\/h2>\n<p>Una delle pi\u00f9 grandi farmacie degli Stati Uniti orientali ha sviluppato un marchio di tintura di erbe. Hanno scelto il nostro sciroppo in flacone di vetro ambrato da 60 ml, di cui hanno personalizzato il corpo satinato e l&#039;etichettatura utilizzando una serigrafia. Il flacone di vetro ambrato aiuta a contrastare la luce, dimezzando la durata della tintura. La capacit\u00e0 di 60 ml \u00e8 sufficiente per un mese. Il successo della linea di prodotti offerta dalla farmacia li ha spinti a ordinarne altri 1,5 milioni per garantire la fornitura dei loro 20 negozi per 18 mesi.<\/p>\n<h2>Personalizzazione di flaconi farmaceutici in vetro<\/h2>\n<ul>\n<li>Colori personalizzati per il vetro: possiamo anche fornire ai nostri clienti colori personalizzati per il vetro, come blu cobalto, verde o altri colori resistenti ai raggi UV, oltre al vetro trasparente\/ambra.<\/li>\n<li>Tappi di prescrizione: i tappi di prescrizione integrati consentono un&#039;erogazione precisa (ad esempio 5 ml) dopo ogni pressione.<\/li>\n<li>Design a collo largo: sono disponibili modelli con collo largo, cos\u00ec da poterli tenere facilmente per trasportare prodotti concentrati o riempirli.<\/li>\n<li>Anello antimanomissione: l&#039;anello termoretraibile perforato o un anello di plastica fragile viene posizionato sotto il tappo per garantire ulteriore sicurezza.<\/li>\n<\/ul>","protected":false},"excerpt":{"rendered":"<p>Flaconi farmaceutici in vetro ambrato e trasparente. Questi contenitori in vetro per sciroppi sono dotati di un collo stretto filettato per una chiusura ermetica sicura. Spedizione veloce!<\/p>","protected":false},"featured_media":5763,"template":"","meta":{"postBodyCss":"","postBodyMargin":[],"postBodyPadding":[],"postBodyBackground":{"backgroundType":"classic","gradient":""}},"product_brand":[],"product_cat":[15,86,16],"product_tag":[88,102,112],"class_list":{"0":"post-5758","1":"product","2":"type-product","3":"status-publish","4":"has-post-thumbnail","6":"product_cat-glass-containers","7":"product_cat-glass-medicine-bottles","8":"product_cat-glass-bottles","9":"product_tag-medicine-syrup-bottles","10":"product_tag-pharmaceutical-syrup-bottles","11":"product_tag-soap-dispensers","13":"first","14":"instock","15":"shipping-taxable","16":"product-type-simple"},"jetpack_sharing_enabled":true,"_links":{"self":[{"href":"https:\/\/minghanggroup.com\/it\/wp-json\/wp\/v2\/product\/5758","targetHints":{"allow":["GET"]}}],"collection":[{"href":"https:\/\/minghanggroup.com\/it\/wp-json\/wp\/v2\/product"}],"about":[{"href":"https:\/\/minghanggroup.com\/it\/wp-json\/wp\/v2\/types\/product"}],"wp:featuredmedia":[{"embeddable":true,"href":"https:\/\/minghanggroup.com\/it\/wp-json\/wp\/v2\/media\/5763"}],"wp:attachment":[{"href":"https:\/\/minghanggroup.com\/it\/wp-json\/wp\/v2\/media?parent=5758"}],"wp:term":[{"taxonomy":"product_brand","embeddable":true,"href":"https:\/\/minghanggroup.com\/it\/wp-json\/wp\/v2\/product_brand?post=5758"},{"taxonomy":"product_cat","embeddable":true,"href":"https:\/\/minghanggroup.com\/it\/wp-json\/wp\/v2\/product_cat?post=5758"},{"taxonomy":"product_tag","embeddable":true,"href":"https:\/\/minghanggroup.com\/it\/wp-json\/wp\/v2\/product_tag?post=5758"}],"curies":[{"name":"wp","href":"https:\/\/api.w.org\/{rel}","templated":true}]}}