{"id":5749,"date":"2026-02-27T10:42:39","date_gmt":"2026-02-27T02:42:39","guid":{"rendered":"https:\/\/minghanggroup.com\/?post_type=product&#038;p=5749"},"modified":"2026-03-02T13:22:37","modified_gmt":"2026-03-02T05:22:37","slug":"wide-mouth-glass-pharmaceutical-bottles-bulk","status":"publish","type":"product","link":"https:\/\/minghanggroup.com\/it\/prodotto\/wide-mouth-glass-pharmaceutical-bottles-bulk\/","title":{"rendered":"Flaconi farmaceutici in vetro a bocca larga da 60 ml a 500 ml sfusi"},"content":{"rendered":"<p>Realizziamo flaconi farmaceutici in vetro progettati specificamente per le vostre esigenze di pillole e medicinali. Questi flaconi farmaceutici sono dotati di un&#039;ampia apertura (fino a 50 mm) che semplifica il caricamento di capsule, pillole o farmaci, senza pi\u00f9 la necessit\u00e0 di armeggiare con aperture minuscole. Perfetti per flaconi di farmaci, contenitori di vitamine o sistemi di organizzazione, sono progettati per farmacie, fornitori all&#039;ingrosso e partner di produzione personalizzati che richiedono affidabilit\u00e0.<\/p>\n<h2>Caratteristiche del prodotto<\/h2>\n<ul>\n<li><strong>Ampio accesso alla bocca:<\/strong> Carica facilmente capsule o pillole senza rovesciarle, in pochi secondi.<\/li>\n<li><strong>UV, Colore protettivo:<\/strong> I nostri flaconi in vetro ambrato e blu rappresentano un&#039;ottima soluzione per proteggere i farmaci dalla degradazione causata dalla luce.<\/li>\n<li><strong>Tappo a vite di sicurezza:<\/strong> Mantieni freschi i tuoi medicinali con un tappo a vite a prova di perdite.<\/li>\n<\/ul>\n<h2>Specifiche chiave<\/h2>\n<table style=\"border-collapse: collapse; width: 80%; margin-left: auto; margin-right: auto;\" border=\"0\" width=\"360\" cellspacing=\"0\" cellpadding=\"0\">\n<tbody>\n<tr style=\"height: 13.50pt;\">\n<td style=\"height: 13.5pt; width: 54pt; text-align: center;\" width=\"72\" height=\"18\">Capacit\u00e0 (ml)<\/td>\n<td style=\"width: 54pt; text-align: center;\" width=\"72\">Dimensioni (cm)<\/td>\n<td style=\"width: 54pt; text-align: center;\" width=\"72\">Diametro interno\/esterno (mm)<\/td>\n<td style=\"width: 54pt; text-align: center;\" width=\"72\">Colori<\/td>\n<td style=\"width: 54pt; text-align: center;\" width=\"72\">Caratteristica<\/td>\n<\/tr>\n<tr style=\"height: 13.50pt;\">\n<td style=\"height: 13.5pt; text-align: center;\" align=\"right\" height=\"18\">60<\/td>\n<td style=\"text-align: center;\">4,45 \u00d7 7,55<\/td>\n<td class=\"et2\" style=\"text-align: center;\" rowspan=\"2\">28 \/ 34<\/td>\n<td class=\"et2\" style=\"text-align: center;\" rowspan=\"10\">Ambra, Blu<\/td>\n<td class=\"et2\" style=\"text-align: center;\" rowspan=\"10\">Bocca larga, adatta per capsule o compresse<\/td>\n<\/tr>\n<tr style=\"height: 13.50pt;\">\n<td style=\"height: 13.5pt; text-align: center;\" align=\"right\" height=\"18\">75<\/td>\n<td style=\"text-align: center;\">4,53 \u00d7 8,25<\/td>\n<\/tr>\n<tr style=\"height: 13.50pt;\">\n<td style=\"height: 13.5pt; text-align: center;\" align=\"right\" height=\"18\">100<\/td>\n<td style=\"text-align: center;\">5,0 \u00d7 8,75<\/td>\n<td class=\"et2\" style=\"text-align: center;\" rowspan=\"3\">34 \/ 40<\/td>\n<\/tr>\n<tr style=\"height: 13.50pt;\">\n<td style=\"height: 13.5pt; text-align: center;\" align=\"right\" height=\"18\">120<\/td>\n<td style=\"text-align: center;\">5,28 \u00d7 9,5<\/td>\n<\/tr>\n<tr style=\"height: 13.50pt;\">\n<td style=\"height: 13.5pt; text-align: center;\" align=\"right\" height=\"18\">150<\/td>\n<td style=\"text-align: center;\">5,6 \u00d7 10,0<\/td>\n<\/tr>\n<tr style=\"height: 13.50pt;\">\n<td style=\"height: 13.5pt; text-align: center;\" align=\"right\" height=\"18\">200<\/td>\n<td style=\"text-align: center;\">6,14 \u00d7 10,95<\/td>\n<td class=\"et2\" style=\"text-align: center;\" rowspan=\"2\">Esterno: 42<\/td>\n<\/tr>\n<tr style=\"height: 13.50pt;\">\n<td style=\"height: 13.5pt; text-align: center;\" align=\"right\" height=\"18\">250<\/td>\n<td style=\"text-align: center;\">6,53 \u00d7 11,75<\/td>\n<\/tr>\n<tr style=\"height: 13.50pt;\">\n<td style=\"height: 13.5pt; text-align: center;\" align=\"right\" height=\"18\">300<\/td>\n<td style=\"text-align: center;\">6,82 \u00d7 12,65<\/td>\n<td class=\"et2\" style=\"text-align: center;\" rowspan=\"2\">42 \/ 50<\/td>\n<\/tr>\n<tr style=\"height: 13.50pt;\">\n<td style=\"height: 13.5pt; text-align: center;\" align=\"right\" height=\"18\">400<\/td>\n<td style=\"text-align: center;\">7,47 \u00d7 13,65<\/td>\n<\/tr>\n<tr style=\"height: 13.50pt;\">\n<td style=\"height: 13.5pt; text-align: center;\" align=\"right\" height=\"18\">500<\/td>\n<td style=\"text-align: center;\">8,0 \u00d7 14,7<\/td>\n<td style=\"text-align: center;\">Esterno: 50<\/td>\n<\/tr>\n<\/tbody>\n<\/table>\n<h2>Caso di successo<\/h2>\n<p>Un&#039;azienda locale di integratori alimentari in Australia ha deciso di utilizzare i nostri flaconi farmaceutici in vetro a bocca larga da 120 ml per confezionare la sua linea di compresse a base di erbe di alta gamma. Hanno deciso di utilizzare indicatori di volume in rilievo sul fondo, un tappo nero opaco con il logo argentato stampato a caldo e un pannello per l&#039;etichetta smerigliato in modo che le etichette adesive non vengano danneggiate dall&#039;umidit\u00e0 degli ambienti di vendita al dettaglio.<\/p>\n<p>Dopo il riconfezionamento, il cliente ha dichiarato che, a sei mesi di distanza, le vendite sono aumentate del 35% e anche i riacquisti da parte dei clienti sono aumentati. Ci\u00f2 ha portato all&#039;acquisto di flaconi farmaceutici in vetro pi\u00f9 volte nel corso dell&#039;anno successivo.<\/p>\n<h2>Il tuo consiglio per la personalizzazione<\/h2>\n<ol>\n<li><strong>Marchio in rilievo o a secco:<\/strong> Si consiglia di aggiungere un logo o un testo in rilievo o a secco sulla bottiglia, per creare un marchio permanente del prodotto. Questo non solo conferir\u00e0 un aspetto lussuoso, ma pu\u00f2 anche aumentare la notoriet\u00e0 del marchio.<\/li>\n<li><strong>Marcature di capacit\u00e0 personalizzate:<\/strong> Si consiglia di utilizzare indicatori di capacit\u00e0 sotto forma di stampa o stampaggio per un facile riconoscimento del volume, aiutando cos\u00ec gli utenti a familiarizzare meglio con il prodotto.<\/li>\n<li><strong>Progettazione e personalizzazione del cappuccio:<\/strong> Puoi scegliere tra un&#039;ampia gamma di colori e materiali per i tappi, oppure aggiungere una goffratura personalizzata o una stampa a caldo per le chiusure, per conferire al tuo marchio un&#039;identit\u00e0 unica.<\/li>\n<\/ol>","protected":false},"excerpt":{"rendered":"<p>Flaconi farmaceutici in vetro all&#039;ingrosso per la conservazione. Flaconi per pillole farmaceutiche a bocca larga in ambra\/blu. Etichette e tappi personalizzati. Produttore affidabile.<\/p>","protected":false},"featured_media":5757,"template":"","meta":{"postBodyCss":"","postBodyMargin":[],"postBodyPadding":[],"postBodyBackground":{"backgroundType":"classic","gradient":""}},"product_brand":[],"product_cat":[15,86,16],"product_tag":[89],"class_list":{"0":"post-5749","1":"product","2":"type-product","3":"status-publish","4":"has-post-thumbnail","6":"product_cat-glass-containers","7":"product_cat-glass-medicine-bottles","8":"product_cat-glass-bottles","9":"product_tag-glass-pill-bottles","11":"first","12":"instock","13":"shipping-taxable","14":"product-type-simple"},"jetpack_sharing_enabled":true,"_links":{"self":[{"href":"https:\/\/minghanggroup.com\/it\/wp-json\/wp\/v2\/product\/5749","targetHints":{"allow":["GET"]}}],"collection":[{"href":"https:\/\/minghanggroup.com\/it\/wp-json\/wp\/v2\/product"}],"about":[{"href":"https:\/\/minghanggroup.com\/it\/wp-json\/wp\/v2\/types\/product"}],"wp:featuredmedia":[{"embeddable":true,"href":"https:\/\/minghanggroup.com\/it\/wp-json\/wp\/v2\/media\/5757"}],"wp:attachment":[{"href":"https:\/\/minghanggroup.com\/it\/wp-json\/wp\/v2\/media?parent=5749"}],"wp:term":[{"taxonomy":"product_brand","embeddable":true,"href":"https:\/\/minghanggroup.com\/it\/wp-json\/wp\/v2\/product_brand?post=5749"},{"taxonomy":"product_cat","embeddable":true,"href":"https:\/\/minghanggroup.com\/it\/wp-json\/wp\/v2\/product_cat?post=5749"},{"taxonomy":"product_tag","embeddable":true,"href":"https:\/\/minghanggroup.com\/it\/wp-json\/wp\/v2\/product_tag?post=5749"}],"curies":[{"name":"wp","href":"https:\/\/api.w.org\/{rel}","templated":true}]}}