{"id":5747,"date":"2026-02-27T09:17:59","date_gmt":"2026-02-27T01:17:59","guid":{"rendered":"https:\/\/minghanggroup.com\/?post_type=product&#038;p=5747"},"modified":"2026-03-02T15:48:25","modified_gmt":"2026-03-02T07:48:25","slug":"amber-pharmaceutical-bottles-for-syrup-bulk","status":"publish","type":"product","link":"https:\/\/minghanggroup.com\/it\/prodotto\/amber-pharmaceutical-bottles-for-syrup-bulk\/","title":{"rendered":"Flaconi farmaceutici ambrati da 30 ml a 500 ml per sciroppo sfuso"},"content":{"rendered":"<p>Questi flaconi farmaceutici hanno una forma ovale arrotondata e anticata, con un vetro ambrato dal colore intenso, che offre un&#039;ottima protezione ai liquidi fotosensibili grazie alla protezione UV. Il collo filettato \u00e8 stretto e garantisce una chiusura ermetica. Sono disponibili in diverse dimensioni per soddisfare diverse esigenze.<\/p>\n<h2>Caratteristiche del prodotto<\/h2>\n<ul>\n<li><strong>Maggiore protezione dalla luce:<\/strong> Il vetro ambrato \u00e8 una buona protezione per gli ingredienti fotosensibili, poich\u00e9 ne mantiene la potenza e la stabilit\u00e0.<\/li>\n<li><strong>Collo filettato sicuro:<\/strong> La filettatura standard garantisce una tenuta sicura con l&#039;assortimento di tappi compatibili.<\/li>\n<li><strong>Multi-dimensione:<\/strong> \u00c8 disponibile in nove diverse dimensioni (da 30 ml a 500 ml) a seconda del volume e del dosaggio del prodotto richiesto.<\/li>\n<\/ul>\n<h2 style=\"text-align: left;\">Specifiche chiave<\/h2>\n<table class=\"aligncenter\" style=\"border-collapse: collapse; width: 447.77pt;\" border=\"0\" width=\"597\" cellspacing=\"0\" cellpadding=\"0\">\n<tbody>\n<tr style=\"height: 13.50pt;\">\n<td style=\"height: 13.50pt; width: 115.50pt;\" width=\"154\" height=\"18\">Specifica<\/td>\n<td style=\"width: 332.25pt;\" width=\"443\">Dettagli<\/td>\n<\/tr>\n<tr style=\"height: 13.50pt;\">\n<td style=\"height: 13.50pt;\" height=\"18\">Capacit\u00e0<\/td>\n<td>30 ml, 60 ml, 100 ml, 125 ml, 150 ml, 200 ml, 250 ml, 300 ml, 500 ml<\/td>\n<\/tr>\n<tr style=\"height: 13.50pt;\">\n<td style=\"height: 13.50pt;\" height=\"18\">Dimensioni<\/td>\n<td>Da 3,5\u00d76,7 cm a 7,68\u00d717,68 cm (diametro \u00d7 altezza)<\/td>\n<\/tr>\n<tr style=\"height: 13.50pt;\">\n<td style=\"height: 13.50pt;\" height=\"18\">Materiale<\/td>\n<td>Vetro ambrato di grado farmaceutico<\/td>\n<\/tr>\n<tr style=\"height: 13.50pt;\">\n<td style=\"height: 13.50pt;\" height=\"18\">Forma della bottiglia<\/td>\n<td>Cilindro liscio con collo stretto e filettato<\/td>\n<\/tr>\n<tr style=\"height: 13.50pt;\">\n<td style=\"height: 13.50pt;\" height=\"18\">Ambito di personalizzazione<\/td>\n<td>Colore, forma, dimensione, coperchi<\/td>\n<\/tr>\n<tr style=\"height: 13.50pt;\">\n<td style=\"height: 13.50pt;\" height=\"18\">Artigianato<\/td>\n<td>Soffiatura del vetro di precisione, protezione UV<\/td>\n<\/tr>\n<tr style=\"height: 13.50pt;\">\n<td style=\"height: 13.50pt;\" height=\"18\">Scopo del prodotto<\/td>\n<td>Flaconi farmaceutici per sciroppi, flaconi per tinture a base di erbe<\/td>\n<\/tr>\n<tr style=\"height: 13.50pt;\">\n<td style=\"height: 13.50pt;\" height=\"18\">Industrie adatte<\/td>\n<td>Produttori farmaceutici, aziende nutraceutiche<\/td>\n<\/tr>\n<\/tbody>\n<\/table>\n<h2>Storia di successo: nuova linea di un&#039;azienda di integratori del Midwest<\/h2>\n<p>Una delle aziende di integratori del Midwest che offre vitamina D liquida e sciroppo di sambuco ha lanciato una nuova linea. Hanno scelto i nostri flaconi ambrati da 125 ml per lo sciroppo, con tabella di dosaggio serigrafata e tappi di sicurezza per bambini. I flaconi in vetro ambrato offrono una protezione UV del 99,5%, che prolunga la stabilit\u00e0 del prodotto del 40%. La fornitura per 30 giorni \u00e8 perfetta per il volume da 125 ml. \u00c8 stato un enorme successo e l&#039;azienda ha ordinato altri 3 milioni di flaconi per soddisfare la domanda della sua crescente rete di vendita al dettaglio nei due anni successivi.<\/p>\n<h2>Personalizzazione di flaconi farmaceutici<\/h2>\n<ul>\n<li>Colore ambra personalizzato: l&#039;ambra pu\u00f2 essere realizzata in una tonalit\u00e0 che va dal miele chiaro al marrone scuro.<\/li>\n<li>Sistema di tappo: Tappo disponibile: contagocce, tappi erogatori, contagocce o pompe spray.<\/li>\n<li>Etichettatura tattile: incorporare il Braille o altri dettagli tattili evidenti sulla bottiglia per soddisfare i requisiti di accessibilit\u00e0.<\/li>\n<li>Serigrafia: vengono stampate istruzioni di dosaggio dirette, etichette o simboli dei farmaci.<\/li>\n<\/ul>","protected":false},"excerpt":{"rendered":"<p>Flaconi ambrati per sciroppi e flaconi farmaceutici con tappo a vite sono disponibili in nove misure e sono ideali per il confezionamento di farmaci fotosensibili. Campioni gratuiti.<\/p>","protected":false},"featured_media":5751,"template":"","meta":{"postBodyCss":"","postBodyMargin":[],"postBodyPadding":[],"postBodyBackground":{"backgroundType":"classic","gradient":""}},"product_brand":[],"product_cat":[15,86,16],"product_tag":[88,102],"class_list":{"0":"post-5747","1":"product","2":"type-product","3":"status-publish","4":"has-post-thumbnail","6":"product_cat-glass-containers","7":"product_cat-glass-medicine-bottles","8":"product_cat-glass-bottles","9":"product_tag-medicine-syrup-bottles","10":"product_tag-pharmaceutical-syrup-bottles","12":"first","13":"instock","14":"shipping-taxable","15":"product-type-simple"},"jetpack_sharing_enabled":true,"_links":{"self":[{"href":"https:\/\/minghanggroup.com\/it\/wp-json\/wp\/v2\/product\/5747","targetHints":{"allow":["GET"]}}],"collection":[{"href":"https:\/\/minghanggroup.com\/it\/wp-json\/wp\/v2\/product"}],"about":[{"href":"https:\/\/minghanggroup.com\/it\/wp-json\/wp\/v2\/types\/product"}],"wp:featuredmedia":[{"embeddable":true,"href":"https:\/\/minghanggroup.com\/it\/wp-json\/wp\/v2\/media\/5751"}],"wp:attachment":[{"href":"https:\/\/minghanggroup.com\/it\/wp-json\/wp\/v2\/media?parent=5747"}],"wp:term":[{"taxonomy":"product_brand","embeddable":true,"href":"https:\/\/minghanggroup.com\/it\/wp-json\/wp\/v2\/product_brand?post=5747"},{"taxonomy":"product_cat","embeddable":true,"href":"https:\/\/minghanggroup.com\/it\/wp-json\/wp\/v2\/product_cat?post=5747"},{"taxonomy":"product_tag","embeddable":true,"href":"https:\/\/minghanggroup.com\/it\/wp-json\/wp\/v2\/product_tag?post=5747"}],"curies":[{"name":"wp","href":"https:\/\/api.w.org\/{rel}","templated":true}]}}