{"id":5722,"date":"2026-02-26T14:08:45","date_gmt":"2026-02-26T06:08:45","guid":{"rendered":"https:\/\/minghanggroup.com\/?post_type=product&#038;p=5722"},"modified":"2026-03-02T15:46:51","modified_gmt":"2026-03-02T07:46:51","slug":"clear-glass-medical-vials-for-pharmaceutical-use-bulk","status":"publish","type":"product","link":"https:\/\/minghanggroup.com\/it\/prodotto\/clear-glass-medical-vials-for-pharmaceutical-use-bulk\/","title":{"rendered":"Fiale mediche in vetro trasparente da 2 ml a 30 ml per uso farmaceutico sfuse"},"content":{"rendered":"<p>Il tuo farmaco \u00e8 progettato con precisione nelle nostre fiale farmaceutiche. Le fiale mediche in vetro sono prodotte con il miglior vetro borosilicato, trasparente per vedere attraverso i liquidi fini, e ambrato per bloccare i raggi UV (quando necessario). Confezioni farmaceutiche che non ti ostacolano. Dimensioni della bottiglia? Da 2 ml a 30 ml (dosi di pillole delle dimensioni di una dram). Tappo? Sigilli di sicurezza in alluminio. Il farmaco rimane sicuro tra il laboratorio e il paziente.<\/p>\n<h2>Caratteristiche del prodotto<\/h2>\n<ol>\n<li><strong>Chiarezza cristallina per la precisione:<\/strong> I medicinali in flaconi di vetro trasparente sono visibili visivamente. Non \u00e8 meraviglioso che non ci sia pi\u00f9 bisogno di tirare a indovinare? Niente pi\u00f9 errori.<\/li>\n<li><strong>Resistenza del borosilicato:<\/strong> Il vetro termoresistente mantiene la sua resistenza ed \u00e8 adatto alla sterilizzazione in autoclave. Fissare saldamente i flaconi di medicinali per evitare crepe o perdite.<\/li>\n<li><strong>La soluzione perfetta per ogni dose:<\/strong> 2 ml per flacone di pillole piccolo (dosi ridotte), 30 ml per la fornitura di vaccini. La gamma di dimensioni soddisfa le vostre esigenze mediche.<\/li>\n<\/ol>\n<h2>Specifiche chiave<\/h2>\n<table style=\"border-collapse: collapse; width: 80%; margin-left: auto; margin-right: auto;\" border=\"0\" width=\"360\" cellspacing=\"0\" cellpadding=\"0\">\n<tbody>\n<tr style=\"height: 13.50pt;\">\n<td style=\"height: 13.5pt; width: 54pt; text-align: center;\" width=\"72\" height=\"18\">Capacit\u00e0 (ml)<\/td>\n<td style=\"width: 54pt; text-align: center;\" width=\"72\">Dimensioni (cm)<\/td>\n<td style=\"width: 54pt; text-align: center;\" width=\"72\">Diametri interni\/esterni<\/td>\n<td style=\"width: 54pt; text-align: center;\" width=\"72\">Colore<\/td>\n<td style=\"width: 54pt; text-align: center;\" width=\"72\">Materiale<\/td>\n<\/tr>\n<tr style=\"height: 13.50pt;\">\n<td style=\"height: 13.5pt; text-align: center;\" align=\"right\" height=\"18\">2<\/td>\n<td style=\"text-align: center;\">1,58 \u00d7 3,5<\/td>\n<td class=\"et2\" style=\"text-align: center;\" rowspan=\"9\">12,6 \/ 20 millimetri<\/td>\n<td class=\"et2\" style=\"text-align: center;\" rowspan=\"9\">Chiaro<\/td>\n<td class=\"et2\" style=\"text-align: center;\" rowspan=\"9\">Vetro borosilicato<\/td>\n<\/tr>\n<tr style=\"height: 13.50pt;\">\n<td style=\"height: 13.5pt; text-align: center;\" align=\"right\" height=\"18\">7<\/td>\n<td style=\"text-align: center;\">2,20 \u00d7 3,97<\/td>\n<\/tr>\n<tr style=\"height: 13.50pt;\">\n<td style=\"height: 13.5pt; text-align: center;\" align=\"right\" height=\"18\">8<\/td>\n<td style=\"text-align: center;\">2,20 \u00d7 4,50<\/td>\n<\/tr>\n<tr style=\"height: 13.50pt;\">\n<td style=\"height: 13.5pt; text-align: center;\" align=\"right\" height=\"18\">10<\/td>\n<td style=\"text-align: center;\">2,40 \u00d7 4,50<\/td>\n<\/tr>\n<tr style=\"height: 13.50pt;\">\n<td style=\"height: 13.5pt; text-align: center;\" align=\"right\" height=\"18\">12<\/td>\n<td style=\"text-align: center;\">2,40 \u00d7 5,30<\/td>\n<\/tr>\n<tr style=\"height: 13.50pt;\">\n<td style=\"height: 13.5pt; text-align: center;\" align=\"right\" height=\"18\">15<\/td>\n<td style=\"text-align: center;\">2,65 \u00d7 5,20<\/td>\n<\/tr>\n<tr style=\"height: 13.50pt;\">\n<td style=\"height: 13.5pt; text-align: center;\" align=\"right\" height=\"18\">20<\/td>\n<td style=\"text-align: center;\">2,76 \u00d7 5,80<\/td>\n<\/tr>\n<tr style=\"height: 13.50pt;\">\n<td style=\"height: 13.5pt; text-align: center;\" align=\"right\" height=\"18\">25<\/td>\n<td style=\"text-align: center;\">2,95 \u00d7 6,00<\/td>\n<\/tr>\n<tr style=\"height: 13.50pt;\">\n<td style=\"height: 13.5pt; text-align: center;\" align=\"right\" height=\"18\">30<\/td>\n<td style=\"text-align: center;\">3,00 \u00d7 6,50<\/td>\n<\/tr>\n<\/tbody>\n<\/table>\n<h2>Caso di successo<\/h2>\n<p>Un&#039;azienda farmaceutica in rapida crescita specializzata in prodotti iniettabili ha scelto i nostri flaconcini in vetro trasparente da 7 ml per la sua nuova linea di flaconcini sterili iniettabili. Questi flaconcini presentano colli ampi e lisci che facilitano il fissaggio sicuro del tappo in gomma per una tenuta perfetta. Hanno anche personalizzato le etichette dei prodotti evidenziando le caratteristiche principali. Il tappo in gomma previene efficacemente le perdite.<\/p>\n<p>Dopo aver adottato queste fiale personalizzate, l&#039;azienda ha riscontrato un miglioramento del 30% nell&#039;efficienza di evasione degli ordini e una significativa riduzione dei reclami dovuti a rotture o altri motivi.<\/p>\n<h2>Suggerimenti per la personalizzazione<\/h2>\n<ol>\n<li><strong>Volume e dimensioni configurabili:<\/strong> Offrono diverse dimensioni di prodotti farmaceutici diversi, come piccole fiale contenenti farmaci concentrati o grandi fiale contenenti dosi multiple.<\/li>\n<li><strong>Etichetta che fa risparmiare tempo:<\/strong> Aggiungi etichette di dosaggio facili da comprendere per la farmacia. Opzioni di dimensioni personalizzate per i contenitori farmaceutici.<\/li>\n<li><strong>Efficienza di massa:<\/strong> Fiale Acquista fiale farmaceutiche all&#039;ingrosso e ricevi sconti sui volumi, campioni gratuiti e un servizio personalizzato.<\/li>\n<\/ol>","protected":false},"excerpt":{"rendered":"<p>Le nostre fiale mediche per la conservazione sicura di liquidi o polveri. Disponibili fiale farmaceutiche sfuse, direttamente dalla fabbrica, con campioni gratuiti e opzioni personalizzate.<\/p>","protected":false},"featured_media":5730,"template":"","meta":{"postBodyCss":"","postBodyMargin":[],"postBodyPadding":[],"postBodyBackground":{"backgroundType":"classic","gradient":""}},"product_brand":[],"product_cat":[15,16,86],"product_tag":[101],"class_list":{"0":"post-5722","1":"product","2":"type-product","3":"status-publish","4":"has-post-thumbnail","6":"product_cat-glass-containers","7":"product_cat-glass-bottles","8":"product_cat-glass-medicine-bottles","9":"product_tag-sterile-vials","11":"first","12":"instock","13":"shipping-taxable","14":"product-type-simple"},"jetpack_sharing_enabled":true,"_links":{"self":[{"href":"https:\/\/minghanggroup.com\/it\/wp-json\/wp\/v2\/product\/5722","targetHints":{"allow":["GET"]}}],"collection":[{"href":"https:\/\/minghanggroup.com\/it\/wp-json\/wp\/v2\/product"}],"about":[{"href":"https:\/\/minghanggroup.com\/it\/wp-json\/wp\/v2\/types\/product"}],"wp:featuredmedia":[{"embeddable":true,"href":"https:\/\/minghanggroup.com\/it\/wp-json\/wp\/v2\/media\/5730"}],"wp:attachment":[{"href":"https:\/\/minghanggroup.com\/it\/wp-json\/wp\/v2\/media?parent=5722"}],"wp:term":[{"taxonomy":"product_brand","embeddable":true,"href":"https:\/\/minghanggroup.com\/it\/wp-json\/wp\/v2\/product_brand?post=5722"},{"taxonomy":"product_cat","embeddable":true,"href":"https:\/\/minghanggroup.com\/it\/wp-json\/wp\/v2\/product_cat?post=5722"},{"taxonomy":"product_tag","embeddable":true,"href":"https:\/\/minghanggroup.com\/it\/wp-json\/wp\/v2\/product_tag?post=5722"}],"curies":[{"name":"wp","href":"https:\/\/api.w.org\/{rel}","templated":true}]}}