{"id":5720,"date":"2026-02-26T13:18:36","date_gmt":"2026-02-26T05:18:36","guid":{"rendered":"https:\/\/minghanggroup.com\/?post_type=product&#038;p=5720"},"modified":"2026-03-02T15:48:11","modified_gmt":"2026-03-02T07:48:11","slug":"clear-glass-syrup-bottles-for-oral-liquid-bulk","status":"publish","type":"product","link":"https:\/\/minghanggroup.com\/it\/prodotto\/clear-glass-syrup-bottles-for-oral-liquid-bulk\/","title":{"rendered":"Flaconi di sciroppo in vetro trasparente da 30 ml a 500 ml per liquidi orali sfusi"},"content":{"rendered":"<p>Queste bottiglie di vetro per sciroppo hanno una forma ovale, sono lisce e arrotondate e hanno un collo stretto filettato per evitare fuoriuscite e mantenere fresco il contenuto dello sciroppo, dei medicinali o di qualsiasi altra preparazione liquida.<\/p>\n<h2>Caratteristiche del prodotto<\/h2>\n<ul>\n<li><strong>Trasparenza di grado farmaceutico:<\/strong> Il vetro trasparente di alta qualit\u00e0 rende il prodotto trasparente e di alta qualit\u00e0.<\/li>\n<li><strong>Collo di versamento preciso:<\/strong> Il collo filettato \u00e8 stretto, il che consente un controllo preciso del versamento e una facile tappatura.<\/li>\n<li><strong>Capacit\u00e0 totale:<\/strong> Sette diverse dimensioni, da 30 ml a 500 ml, per soddisfare quasi tutte le esigenze di confezionamento di liquidi.<\/li>\n<\/ul>\n<h2 style=\"text-align: left;\">Specifiche chiave<\/h2>\n<table class=\"aligncenter\" style=\"border-collapse: collapse; width: 391.52pt;\" border=\"0\" width=\"522\" cellspacing=\"0\" cellpadding=\"0\">\n<tbody>\n<tr style=\"height: 13.50pt;\">\n<td style=\"height: 13.50pt; width: 115.50pt;\" width=\"154\" height=\"18\">Specifica<\/td>\n<td style=\"width: 276.00pt;\" width=\"368\">Dettagli<\/td>\n<\/tr>\n<tr style=\"height: 13.50pt;\">\n<td style=\"height: 13.50pt;\" height=\"18\">Capacit\u00e0<\/td>\n<td>30 ml, 60 ml, 90 ml, 125 ml, 150 ml, 200 ml, 500 ml<\/td>\n<\/tr>\n<tr style=\"height: 13.50pt;\">\n<td style=\"height: 13.50pt;\" height=\"18\">Dimensioni<\/td>\n<td>Da 3,5\u00d76,7 cm a 7,6\u00d717,7 cm (diametro \u00d7 altezza)<\/td>\n<\/tr>\n<tr style=\"height: 13.50pt;\">\n<td style=\"height: 13.50pt;\" height=\"18\">Materiale<\/td>\n<td>Vetro trasparente di grado farmaceutico<\/td>\n<\/tr>\n<tr style=\"height: 13.50pt;\">\n<td style=\"height: 13.50pt;\" height=\"18\">Forma della bottiglia<\/td>\n<td>Cilindro liscio con collo stretto e filettato<\/td>\n<\/tr>\n<tr style=\"height: 13.50pt;\">\n<td style=\"height: 13.50pt;\" height=\"18\">Ambito di personalizzazione<\/td>\n<td>Colore, dimensioni, serigrafia, coperchi<\/td>\n<\/tr>\n<tr style=\"height: 13.50pt;\">\n<td style=\"height: 13.50pt;\" height=\"18\">Artigianato<\/td>\n<td>Soffiatura del vetro di precisione per uniformit\u00e0<\/td>\n<\/tr>\n<tr style=\"height: 13.50pt;\">\n<td style=\"height: 13.50pt;\" height=\"18\">Scopo del prodotto<\/td>\n<td>Bottiglie di vetro per sciroppi, bottiglie per liquidi orali<\/td>\n<\/tr>\n<tr style=\"height: 13.50pt;\">\n<td style=\"height: 13.50pt;\" height=\"18\">Industrie adatte<\/td>\n<td>Aziende farmaceutiche, marchi nutraceutici<\/td>\n<\/tr>\n<\/tbody>\n<\/table>\n<h2>Storia di successo<\/h2>\n<p>Una delle aziende nazionali di integratori a base di erbe ha lanciato una serie di sciroppi di sambuco e altre erbe. Hanno scelto i nostri flaconi di sciroppo in vetro da 125 ml e ne hanno personalizzato il corpo ambrato e le istruzioni per il dosaggio, serigrafate. Il corpo in vetro ambrato \u00e8 un vetro trasparente di alta qualit\u00e0 che impedisce l&#039;esposizione alla luce degli ingredienti sensibili e contribuisce a prolungare la durata di conservazione del 30%. Grazie all&#039;ottima accoglienza del mercato, l&#039;azienda ha ordinato altri 2,5 milioni di confezioni per soddisfare le esigenze dei canali retail e online nei prossimi due anni.<\/p>\n<h2>Personalizzazione delle bottiglie di sciroppo in vetro<\/h2>\n<ul>\n<li>Colore del vetro: Protezione UV: il vetro \u00e8 disponibile in colore trasparente, ambrato, blu cobalto e personalizzato; Marchio: il vetro pu\u00f2 essere disponibile in qualsiasi colore.<\/li>\n<li>Marcatura della capacit\u00e0 in rilievo: posizionare sulla spalla della bottiglia delle marcature della capacit\u00e0 in rilievo, che siano tangibili (ad esempio, &#034;125 ml&#034;).<\/li>\n<li>Filettatura personalizzata del collo della bottiglia: modifica la forma della filettatura per adattarla a specifici tappi di erogazione o tappi a prova di bambino.<\/li>\n<\/ul>","protected":false},"excerpt":{"rendered":"<p>Resistenti bottiglie in vetro per sciroppo con collo a vite, disponibili in diverse misure per il confezionamento di medicinali, sciroppi e cosmetici. Richiedi i tuoi campioni gratuiti.<\/p>","protected":false},"featured_media":5737,"template":"","meta":{"postBodyCss":"","postBodyMargin":[],"postBodyPadding":[],"postBodyBackground":{"backgroundType":"classic","gradient":""}},"product_brand":[],"product_cat":[15,86,16],"product_tag":[88,102],"class_list":{"0":"post-5720","1":"product","2":"type-product","3":"status-publish","4":"has-post-thumbnail","6":"product_cat-glass-containers","7":"product_cat-glass-medicine-bottles","8":"product_cat-glass-bottles","9":"product_tag-medicine-syrup-bottles","10":"product_tag-pharmaceutical-syrup-bottles","12":"first","13":"instock","14":"shipping-taxable","15":"product-type-simple"},"jetpack_sharing_enabled":true,"_links":{"self":[{"href":"https:\/\/minghanggroup.com\/it\/wp-json\/wp\/v2\/product\/5720","targetHints":{"allow":["GET"]}}],"collection":[{"href":"https:\/\/minghanggroup.com\/it\/wp-json\/wp\/v2\/product"}],"about":[{"href":"https:\/\/minghanggroup.com\/it\/wp-json\/wp\/v2\/types\/product"}],"wp:featuredmedia":[{"embeddable":true,"href":"https:\/\/minghanggroup.com\/it\/wp-json\/wp\/v2\/media\/5737"}],"wp:attachment":[{"href":"https:\/\/minghanggroup.com\/it\/wp-json\/wp\/v2\/media?parent=5720"}],"wp:term":[{"taxonomy":"product_brand","embeddable":true,"href":"https:\/\/minghanggroup.com\/it\/wp-json\/wp\/v2\/product_brand?post=5720"},{"taxonomy":"product_cat","embeddable":true,"href":"https:\/\/minghanggroup.com\/it\/wp-json\/wp\/v2\/product_cat?post=5720"},{"taxonomy":"product_tag","embeddable":true,"href":"https:\/\/minghanggroup.com\/it\/wp-json\/wp\/v2\/product_tag?post=5720"}],"curies":[{"name":"wp","href":"https:\/\/api.w.org\/{rel}","templated":true}]}}