{"id":5710,"date":"2026-02-26T13:17:31","date_gmt":"2026-02-26T05:17:31","guid":{"rendered":"https:\/\/minghanggroup.com\/?post_type=product&#038;p=5710"},"modified":"2026-03-02T15:45:54","modified_gmt":"2026-03-02T07:45:54","slug":"sterile-glass-medication-vials-for-packaging-bulk","status":"publish","type":"product","link":"https:\/\/minghanggroup.com\/it\/prodotto\/sterile-glass-medication-vials-for-packaging-bulk\/","title":{"rendered":"Fiale per medicinali in vetro sterile da 7 ml a 100 ml per confezionamento sfuso"},"content":{"rendered":"<p>Le nostre fiale per medicinali sono progettate per la precisione. I flaconi in vetro ambrato e trasparente proteggono le formule delicate dai danni della luce. Il packaging farmaceutico in vetro che stavi cercando \u00e8 qui: soluzioni per fiale per medicinali adatte a ogni esigenza di flaconi per farmaci da prescrizione. Dimensioni del flacone? Abbiamo da 7 ml a 100 ml. Colore? Ambrato per la protezione dalla luce, trasparente per la visibilit\u00e0. Tappo? Sigilli di sicurezza in alluminio. I tuoi farmaci rimangono al sicuro dalla fabbrica al paziente.<\/p>\n<h2>Caratteristiche del prodotto<\/h2>\n<ul>\n<li><strong>Vetro ambrato leggero e protettivo:<\/strong> I flaconi in vetro ambrato bloccano i raggi UV, una delle principali cause del deterioramento dei farmaci. Le opzioni trasparenti ne indicano chiaramente il contenuto. Entrambe contribuiscono a mantenere i farmaci sicuri ed efficaci.<\/li>\n<li><strong>Misura precisa per ogni dose:<\/strong> Che si tratti di un piccolo flacone per pillole (7 ml) o di una fiala per liquidi con una capacit\u00e0 di (100 ml), la nostra gamma di formati si adatta perfettamente alle tue esigenze. Non dovrai pi\u00f9 fare congetture.<\/li>\n<li><strong>Sigillo che rimane bloccato:<\/strong> Design standard del tappo con sigilli di sicurezza. Chiudere ermeticamente i flaconi di farmaci senza versamenti o perdite.<\/li>\n<\/ul>\n<h2>Specifiche chiave<\/h2>\n<table style=\"border-collapse: collapse; width: 80%; margin-left: auto; margin-right: auto;\" border=\"0\" width=\"360\" cellspacing=\"0\" cellpadding=\"0\">\n<tbody>\n<tr style=\"height: 13.50pt;\">\n<td style=\"height: 13.5pt; width: 54pt; text-align: center;\" width=\"72\" height=\"18\">Capacit\u00e0 (ml)<\/td>\n<td style=\"width: 54pt; text-align: center;\" width=\"72\">Dimensioni (cm)<\/td>\n<td style=\"width: 54pt; text-align: center;\" width=\"72\">Diametri interni\/esterni<\/td>\n<td style=\"width: 54pt; text-align: center;\" width=\"72\">Colore<\/td>\n<td style=\"width: 54pt; text-align: center;\" width=\"72\">Materiale<\/td>\n<\/tr>\n<tr style=\"height: 13.50pt;\">\n<td style=\"height: 13.5pt; text-align: center;\" align=\"right\" height=\"18\">7<\/td>\n<td style=\"text-align: center;\">2,21 \u00d7 4,08<\/td>\n<td class=\"et2\" style=\"text-align: center;\" rowspan=\"8\">12,6 \/ 20 millimetri<\/td>\n<td class=\"et2\" style=\"text-align: center;\" rowspan=\"8\">Ambra\/Trasparente<\/td>\n<td class=\"et2\" style=\"text-align: center;\" rowspan=\"8\">Vetro di sodio e calcio<\/td>\n<\/tr>\n<tr style=\"height: 13.50pt;\">\n<td style=\"height: 13.5pt; text-align: center;\" align=\"right\" height=\"18\">8<\/td>\n<td style=\"text-align: center;\">2,30 \u00d7 4,68<\/td>\n<\/tr>\n<tr style=\"height: 13.50pt;\">\n<td style=\"height: 13.5pt; text-align: center;\" align=\"right\" height=\"18\">10<\/td>\n<td style=\"text-align: center;\">2,54 \u00d7 5,35<\/td>\n<\/tr>\n<tr style=\"height: 13.50pt;\">\n<td style=\"height: 13.5pt; text-align: center;\" align=\"right\" height=\"18\">15<\/td>\n<td style=\"text-align: center;\">2,65 \u00d7 5,88<\/td>\n<\/tr>\n<tr style=\"height: 13.50pt;\">\n<td style=\"height: 13.5pt; text-align: center;\" align=\"right\" height=\"18\">20<\/td>\n<td style=\"text-align: center;\">3,2 \u00d7 5,8<\/td>\n<\/tr>\n<tr style=\"height: 13.50pt;\">\n<td style=\"height: 13.5pt; text-align: center;\" align=\"right\" height=\"18\">30<\/td>\n<td style=\"text-align: center;\">3,60 \u00d7 6,28<\/td>\n<\/tr>\n<tr style=\"height: 13.50pt;\">\n<td style=\"height: 13.5pt; text-align: center;\" align=\"right\" height=\"18\">50<\/td>\n<td style=\"text-align: center;\">4,25 \u00d7 7,3<\/td>\n<\/tr>\n<tr style=\"height: 13.50pt;\">\n<td style=\"height: 13.5pt; text-align: center;\" align=\"right\" height=\"18\">100<\/td>\n<td style=\"text-align: center;\">5,16 \u00d7 9,45<\/td>\n<\/tr>\n<\/tbody>\n<\/table>\n<h2>Caso di successo<\/h2>\n<p>Una delle aziende biotecnologiche che si occupa di prodotti peptidici iniettabili ha deciso di utilizzare i nostri flaconi in vetro per medicinali nella sua nuova formulazione liofilizzata da esportare nel Sud-est asiatico. L&#039;azienda ha inoltre scelto di utilizzare un fondo pi\u00f9 spesso per migliorare la tolleranza durante il processo di liofilizzazione. Il cliente ha inoltre ordinato l&#039;incisione laser dei numeri di lotto sul fondo dei flaconi.<\/p>\n<p>Da quando siamo passati alle fiale in vetro per i medicinali, l&#039;azienda ha registrato una riduzione del 41 percento nel tasso di scarto della produzione e nei primi due trimestri il numero totale di spedizioni annuali \u00e8 aumentato del 28 percento grazie a una maggiore affidabilit\u00e0 degli imballaggi e a un&#039;approvazione normativa pi\u00f9 rapida.<\/p>\n<h2>Suggerimenti per la personalizzazione<\/h2>\n<ol>\n<li><strong>Etichetta che salta all&#039;occhio:<\/strong> Applicare etichette con le istruzioni per il dosaggio, adatte alle farmacie, sulla confezione. Sono disponibili flaconi di pillole di dimensioni personalizzate.<\/li>\n<li><strong>Combinazione di colori:<\/strong> Utilizzare il colore ambra per i flaconi contenenti farmaci leggeri e sensibili. Utilizzare il colore trasparente per i farmaci liquidi, quando \u00e8 importante vedere il farmaco.<\/li>\n<li><strong>Risparmio all&#039;ingrosso:<\/strong> Acquista fiale di medicinali all&#039;ingrosso a prezzi all&#039;ingrosso, con sconti differenziati, campioni gratuiti e supporto dedicato. Ideale per il confezionamento farmaceutico.<\/li>\n<\/ol>","protected":false},"excerpt":{"rendered":"<p>Fiale per medicinali in vetro di alta qualit\u00e0, disponibili in diverse misure. Fornitura diretta dalla fabbrica con personalizzazione in grandi quantit\u00e0 e spedizione rapida per uso farmaceutico.<\/p>","protected":false},"featured_media":5715,"template":"","meta":{"postBodyCss":"","postBodyMargin":[],"postBodyPadding":[],"postBodyBackground":{"backgroundType":"classic","gradient":""}},"product_brand":[],"product_cat":[15,86,16],"product_tag":[101],"class_list":{"0":"post-5710","1":"product","2":"type-product","3":"status-publish","4":"has-post-thumbnail","6":"product_cat-glass-containers","7":"product_cat-glass-medicine-bottles","8":"product_cat-glass-bottles","9":"product_tag-sterile-vials","11":"first","12":"instock","13":"shipping-taxable","14":"product-type-simple"},"jetpack_sharing_enabled":true,"_links":{"self":[{"href":"https:\/\/minghanggroup.com\/it\/wp-json\/wp\/v2\/product\/5710","targetHints":{"allow":["GET"]}}],"collection":[{"href":"https:\/\/minghanggroup.com\/it\/wp-json\/wp\/v2\/product"}],"about":[{"href":"https:\/\/minghanggroup.com\/it\/wp-json\/wp\/v2\/types\/product"}],"wp:featuredmedia":[{"embeddable":true,"href":"https:\/\/minghanggroup.com\/it\/wp-json\/wp\/v2\/media\/5715"}],"wp:attachment":[{"href":"https:\/\/minghanggroup.com\/it\/wp-json\/wp\/v2\/media?parent=5710"}],"wp:term":[{"taxonomy":"product_brand","embeddable":true,"href":"https:\/\/minghanggroup.com\/it\/wp-json\/wp\/v2\/product_brand?post=5710"},{"taxonomy":"product_cat","embeddable":true,"href":"https:\/\/minghanggroup.com\/it\/wp-json\/wp\/v2\/product_cat?post=5710"},{"taxonomy":"product_tag","embeddable":true,"href":"https:\/\/minghanggroup.com\/it\/wp-json\/wp\/v2\/product_tag?post=5710"}],"curies":[{"name":"wp","href":"https:\/\/api.w.org\/{rel}","templated":true}]}}