{"id":5685,"date":"2026-02-25T15:22:49","date_gmt":"2026-02-25T07:22:49","guid":{"rendered":"https:\/\/minghanggroup.com\/?post_type=product&#038;p=5685"},"modified":"2026-02-25T16:41:04","modified_gmt":"2026-02-25T08:41:04","slug":"blue-wine-bottles-for-brands-wholesale","status":"publish","type":"product","link":"https:\/\/minghanggroup.com\/it\/prodotto\/blue-wine-bottles-for-brands-wholesale\/","title":{"rendered":"Bottiglie di vino blu da 375 ml per marchi all&#039;ingrosso"},"content":{"rendered":"<p>Vuoi che il tuo vino risalti, non solo sullo scaffale, ma anche nelle mani dei tuoi clienti. Le nostre bottiglie di vino blu regalano un immediato &#034;wow&#034; con una vivace finitura cobalto. Abbinate al classico formato da 375 ml, queste sono la tua arma segreta per spumanti, chiaretti o campioni di vino fatti in casa. La forma della bottiglia di vino bordolese rimane fedele alla tradizione, mentre le bottiglie di vino blu rendono il tuo marchio impossibile da ignorare. Le bottiglie di vino vuote diventano ricordi: i tuoi clienti le conservano a lungo dopo l&#039;ultimo sorso.<\/p>\n<h2>Caratteristiche del prodotto<\/h2>\n<ul>\n<li><strong>Profilo alto e sottile:<\/strong> La forma lunga e stretta rende lo scaffale pi\u00f9 imponente e conferisce alla bottiglia un aspetto moderno e di alta qualit\u00e0.<\/li>\n<li><strong>Diverse selezioni di colori per gli occhiali:<\/strong> Gli occhiali sono blu cobalto e ambra classico e lasciano ai marchi la scelta tra moda vistosa e copertura della luce convenzionale.<\/li>\n<li><strong>Superficie di etichettatura uniforme:<\/strong> Il corpo dritto offre sufficiente spazio per l&#039;etichettatura, sia tramite serigrafia, goffratura o qualsiasi altro metodo di branding.<\/li>\n<\/ul>\n<h2>Specifiche chiave<\/h2>\n<table style=\"border-collapse: collapse; width: 80%; margin-left: auto; margin-right: auto;\" border=\"0\" width=\"144\" cellspacing=\"0\" cellpadding=\"0\">\n<tbody>\n<tr style=\"height: 13.50pt;\">\n<td style=\"height: 13.5pt; width: 54pt; text-align: center;\" width=\"72\" height=\"18\">Caratteristica<\/td>\n<td style=\"width: 54pt; text-align: center;\" width=\"72\">Dettaglio<\/td>\n<\/tr>\n<tr style=\"height: 13.50pt;\">\n<td style=\"height: 13.5pt; text-align: center;\" height=\"18\">Capacit\u00e0<\/td>\n<td style=\"text-align: center;\">375 ml<\/td>\n<\/tr>\n<tr style=\"height: 13.50pt;\">\n<td style=\"height: 13.5pt; text-align: center;\" height=\"18\">Dimensioni<\/td>\n<td style=\"text-align: center;\">5,5 \u00d7 32,8 centimetri<\/td>\n<\/tr>\n<tr style=\"height: 13.50pt;\">\n<td style=\"height: 13.5pt; text-align: center;\" height=\"18\">Colori<\/td>\n<td style=\"text-align: center;\">Blu, Ambra<\/td>\n<\/tr>\n<tr style=\"height: 13.50pt;\">\n<td style=\"height: 13.5pt; text-align: center;\" height=\"18\">Collo<\/td>\n<td style=\"text-align: center;\">Standard da 18 mm (adatto a tappi di sughero e tappi per vino)<\/td>\n<\/tr>\n<tr style=\"height: 13.50pt;\">\n<td style=\"height: 13.5pt; text-align: center;\" height=\"18\">Chiusura<\/td>\n<td style=\"text-align: center;\">Tappi di sughero naturali per vino, tappo ad alto peso molecolare, tappo a vite<\/td>\n<\/tr>\n<tr style=\"height: 13.50pt;\">\n<td style=\"height: 13.5pt; text-align: center;\" height=\"18\">Ideale per<\/td>\n<td style=\"text-align: center;\">Vino spumante, Claret, Borgogna, vino fatto in casa, bottiglie di liquore<\/td>\n<\/tr>\n<\/tbody>\n<\/table>\n<h2>Caso di successo<\/h2>\n<p>Un&#039;azienda vinicola del sud della Francia ha scelto le nostre bottiglie di vino in vetro blu da 375 ml per il lancio sul mercato di un vino da dessert in edizione limitata, nell&#039;ambito di un segmento di vendita al dettaglio di vini da regalo e da viaggio in edizione limitata. Per allinearsi al posizionamento di fascia alta, hanno ridisegnato le bottiglie utilizzando una tonalit\u00e0 di cobalto pi\u00f9 scura per farle apparire pi\u00f9 robuste sullo scaffale, una base arrotondata a forma di puntale alto per un effetto pi\u00f9 lussuoso e una serigrafia argentata metallizzata su cobalto con l&#039;emblema del loro castello. Anche la finitura del collo \u00e8 stata realizzata in sughero naturale, come da loro gradimento, e abbiamo applicato uno spray satinato opaco alla parte inferiore del corpo per creare un leggero contrasto con la spalla lucida.<\/p>\n<p>Una volta passati alla nuova linea di prodotti, le vendite sono aumentate del 32% nella prima stagione rispetto alle precedenti bottiglie trasparenti tradizionali. Il cliente ha gi\u00e0 effettuato un secondo ordine in meno di quattro mesi, con un incremento del 45% nel volume del secondo acquisto, e ha poi continuato con lo stesso stile di bottiglia in altre due uscite stagionali.<\/p>\n<h2>Suggerimenti per la personalizzazione<\/h2>\n<ol>\n<li><strong>Strategia del colore:<\/strong> Bottiglie di vino blu per i marchi moderni; ambra per il classico claret. Provate il verde champagne per le bottiglie di vino &#034;Bellissima&#034; per le nozze.<\/li>\n<li><strong>Scelta di chiusura:<\/strong> Tappi a vite per i campioni da viaggio; tappi di sughero per la tradizione della finitura in sughero. Timbrare l&#039;annata sui tappi di sughero: il &#034;pop&#034; diventa un rituale.<\/li>\n<li><strong>Vantaggio all&#039;ingrosso:<\/strong> Ordina bottiglie di vino da 375 ml: ottieni prezzi differenziati, campioni gratuiti e assistenza dedicata. Perfette per ogni occasione.<\/li>\n<\/ol>","protected":false},"excerpt":{"rendered":"<p>Eleganti bottiglie di vino blu da 375 ml, ideali per confezioni di alta qualit\u00e0. Fornitura diretta dalla fabbrica con personalizzazione all&#039;ingrosso e spedizione rapida.<\/p>","protected":false},"featured_media":5700,"template":"","meta":{"postBodyCss":"","postBodyMargin":[],"postBodyPadding":[],"postBodyBackground":{"backgroundType":"classic","gradient":""}},"product_brand":[],"product_cat":[15,16,84],"product_tag":[],"class_list":{"0":"post-5685","1":"product","2":"type-product","3":"status-publish","4":"has-post-thumbnail","6":"product_cat-glass-containers","7":"product_cat-glass-bottles","8":"product_cat-wine-bottles","10":"first","11":"instock","12":"shipping-taxable","13":"product-type-simple"},"jetpack_sharing_enabled":true,"_links":{"self":[{"href":"https:\/\/minghanggroup.com\/it\/wp-json\/wp\/v2\/product\/5685","targetHints":{"allow":["GET"]}}],"collection":[{"href":"https:\/\/minghanggroup.com\/it\/wp-json\/wp\/v2\/product"}],"about":[{"href":"https:\/\/minghanggroup.com\/it\/wp-json\/wp\/v2\/types\/product"}],"wp:featuredmedia":[{"embeddable":true,"href":"https:\/\/minghanggroup.com\/it\/wp-json\/wp\/v2\/media\/5700"}],"wp:attachment":[{"href":"https:\/\/minghanggroup.com\/it\/wp-json\/wp\/v2\/media?parent=5685"}],"wp:term":[{"taxonomy":"product_brand","embeddable":true,"href":"https:\/\/minghanggroup.com\/it\/wp-json\/wp\/v2\/product_brand?post=5685"},{"taxonomy":"product_cat","embeddable":true,"href":"https:\/\/minghanggroup.com\/it\/wp-json\/wp\/v2\/product_cat?post=5685"},{"taxonomy":"product_tag","embeddable":true,"href":"https:\/\/minghanggroup.com\/it\/wp-json\/wp\/v2\/product_tag?post=5685"}],"curies":[{"name":"wp","href":"https:\/\/api.w.org\/{rel}","templated":true}]}}