{"id":5673,"date":"2026-02-11T13:01:50","date_gmt":"2026-02-11T05:01:50","guid":{"rendered":"https:\/\/minghanggroup.com\/?post_type=product&#038;p=5673"},"modified":"2026-02-11T13:01:52","modified_gmt":"2026-02-11T05:01:52","slug":"custom-wine-bottles-empty-for-branding-bulk","status":"publish","type":"product","link":"https:\/\/minghanggroup.com\/it\/prodotto\/custom-wine-bottles-empty-for-branding-bulk\/","title":{"rendered":"Bottiglie di vino personalizzate da 500 ml vuote per il branding all&#039;ingrosso"},"content":{"rendered":"<p>Non stai vendendo solo vino, stai vendendo l&#039;esperienza. Le nostre bottiglie di vino vuote da 500 ml lo offrono perfettamente. Non \u00e8 solo una bottiglia: \u00e8 l&#039;ambasciatore silenzioso del tuo marchio. Realizzata con la classica silhouette della bottiglia di vino bordeaux, mette in risalto vini rossi come il claret o il borgogna con eleganza. Scegli il vetro trasparente per esaltare il colore o l&#039;ambra per la protezione dai raggi UV. Abbinalo a tappi di sughero per un tocco di fascino. Quando i tuoi clienti finiranno il vino, conserveranno le bottiglie di vino vuote come preziosi ricordi.<\/p>\n<h2>Caratteristiche del prodotto<\/h2>\n<ul>\n<li><strong>Narrazione a doppio colore:<\/strong> Il vetro trasparente lascia intravedere il colore del vino fatto in casa; l&#039;ambra (un cugino verde bordeaux pi\u00f9 elegante) funge da scudo per lo spumante contro i danni della luce.<\/li>\n<li><strong>Stabilit\u00e0 della base di punt:<\/strong> Una base rinforzata in selce garantisce una posizione solida, simile a quella di una roccia, durante la spedizione delle bottiglie o quando le bottiglie di vino vuote vengono utilizzate come organizer da scrivania.<\/li>\n<li><strong>Pronto per la riutilizzabilit\u00e0:<\/strong> \u00c8 un&#039;idea perfetta se vuoi trasformare una bottiglia di vino vuota in un flacone di profumo, un portacandele o persino in bellissime bottiglie di vino per bomboniere di nozze.<\/li>\n<\/ul>\n<h2>Specifiche chiave<\/h2>\n<table style=\"border-collapse: collapse; width: 80%; margin-left: auto; margin-right: auto;\" border=\"0\" width=\"144\" cellspacing=\"0\" cellpadding=\"0\">\n<tbody>\n<tr style=\"height: 13.50pt;\">\n<td style=\"height: 13.5pt; width: 54pt; text-align: center;\" width=\"72\" height=\"18\">Caratteristica<\/td>\n<td style=\"width: 54pt; text-align: center;\" width=\"72\">Dettaglio<\/td>\n<\/tr>\n<tr style=\"height: 13.50pt;\">\n<td style=\"height: 13.5pt; text-align: center;\" height=\"18\">Capacit\u00e0<\/td>\n<td style=\"text-align: center;\">500 ml<\/td>\n<\/tr>\n<tr style=\"height: 13.50pt;\">\n<td style=\"height: 13.5pt; text-align: center;\" height=\"18\">Dimensioni<\/td>\n<td style=\"text-align: center;\">6,1 \u00d7 33 centimetri<\/td>\n<\/tr>\n<tr style=\"height: 13.50pt;\">\n<td style=\"height: 13.5pt; text-align: center;\" height=\"18\">Colore<\/td>\n<td style=\"text-align: center;\">Vetro trasparente, ambra<\/td>\n<\/tr>\n<tr style=\"height: 13.50pt;\">\n<td style=\"height: 13.5pt; text-align: center;\" height=\"18\">Collo<\/td>\n<td style=\"text-align: center;\">1,8 centimetri<\/td>\n<\/tr>\n<tr style=\"height: 13.50pt;\">\n<td style=\"height: 13.5pt; text-align: center;\" height=\"18\">Chiusura<\/td>\n<td style=\"text-align: center;\">Tappi di sughero naturali per vino, tappo ad alto peso molecolare<\/td>\n<\/tr>\n<tr style=\"height: 13.50pt;\">\n<td style=\"height: 13.5pt; text-align: center;\" height=\"18\">Ideale per<\/td>\n<td style=\"text-align: center;\">Vini rossi, Claret, Borgogna, spumanti, bottiglie di liquore<\/td>\n<\/tr>\n<\/tbody>\n<\/table>\n<h2>Caso di successo<\/h2>\n<p>Un&#039;azienda vinicola boutique della regione spagnola della Rioja ha deciso di utilizzare la nostra classica bottiglia per vino rosso con spalla dritta come packaging principale della sua nuova serie di vini invecchiati in botti di rovere. Inizialmente, il cliente era interessato a un&#039;atmosfera da cantina tradizionale, quindi abbiamo optato per una base della bottiglia pi\u00f9 spessa (rendendo il fondo concavo pi\u00f9 profondo a 28 mm) per conferire un tocco pi\u00f9 lussuoso, abbiamo applicato uno stemma aziendale personalizzato in rilievo sulla spalla e abbiamo utilizzato un vetro marrone scuro ad alta trasparenza per aumentare la protezione dalla luce. Inoltre, la bottiglia \u00e8 stata dotata di una finitura parzialmente satinata per il posizionamento dell&#039;etichetta, in modo che aderisca meglio e sia meno soggetta a grinze.<\/p>\n<p>Sei mesi dopo il lancio, le vendite di questa serie nei supermercati premium europei sono aumentate del 37% su base annua, mentre la crescita delle vendite online ha superato il 52%.<\/p>\n<h2>Le tue opzioni di personalizzazione<\/h2>\n<ol>\n<li><strong>Logo in rilievo sulla spalla o sul corpo:<\/strong> Marchiare sulla spalla lo stemma della cantina, l&#039;annata o il design esclusivo per aumentare la riconoscibilit\u00e0 del marchio e le caratteristiche anticontraffazione.<\/li>\n<li><strong>Vetro colorato sfumato o personalizzato:<\/strong> Oltre ai vetri standard trasparenti, verde scuro e marrone, sono disponibili anche vetri colorati personalizzati con saturazione bassa o sfumata, per rafforzare visivamente l&#039;identit\u00e0 della serie.<\/li>\n<li><strong>Finitura parzialmente o completamente satinata:<\/strong> Crea differenze tattili che, in combinazione con la stampa in lamina d&#039;oro o con etichette UV, conferiscono un effetto di contrasto pi\u00f9 forte.<\/li>\n<li><strong>Struttura del collo della bottiglia migliorata:<\/strong> Offre la flessibilit\u00e0 necessaria per supportare diverse opzioni di chiusura, come tappi di sughero, tappi a vite e tappi sintetici, per soddisfare le diverse esigenze del mercato.<\/li>\n<\/ol>","protected":false},"excerpt":{"rendered":"<p>Bottiglie di vino vuote di alta qualit\u00e0 per progetti personalizzati. Fornitura diretta dalla fabbrica con personalizzazione all&#039;ingrosso e spedizione rapida in tutto il mondo.<\/p>","protected":false},"featured_media":5674,"template":"","meta":{"postBodyCss":"","postBodyMargin":[],"postBodyPadding":[],"postBodyBackground":{"backgroundType":"classic","gradient":""}},"product_brand":[],"product_cat":[15,16,84],"product_tag":[],"class_list":{"0":"post-5673","1":"product","2":"type-product","3":"status-publish","4":"has-post-thumbnail","6":"product_cat-glass-containers","7":"product_cat-glass-bottles","8":"product_cat-wine-bottles","10":"first","11":"instock","12":"shipping-taxable","13":"product-type-simple"},"jetpack_sharing_enabled":true,"_links":{"self":[{"href":"https:\/\/minghanggroup.com\/it\/wp-json\/wp\/v2\/product\/5673","targetHints":{"allow":["GET"]}}],"collection":[{"href":"https:\/\/minghanggroup.com\/it\/wp-json\/wp\/v2\/product"}],"about":[{"href":"https:\/\/minghanggroup.com\/it\/wp-json\/wp\/v2\/types\/product"}],"wp:featuredmedia":[{"embeddable":true,"href":"https:\/\/minghanggroup.com\/it\/wp-json\/wp\/v2\/media\/5674"}],"wp:attachment":[{"href":"https:\/\/minghanggroup.com\/it\/wp-json\/wp\/v2\/media?parent=5673"}],"wp:term":[{"taxonomy":"product_brand","embeddable":true,"href":"https:\/\/minghanggroup.com\/it\/wp-json\/wp\/v2\/product_brand?post=5673"},{"taxonomy":"product_cat","embeddable":true,"href":"https:\/\/minghanggroup.com\/it\/wp-json\/wp\/v2\/product_cat?post=5673"},{"taxonomy":"product_tag","embeddable":true,"href":"https:\/\/minghanggroup.com\/it\/wp-json\/wp\/v2\/product_tag?post=5673"}],"curies":[{"name":"wp","href":"https:\/\/api.w.org\/{rel}","templated":true}]}}