{"id":5663,"date":"2026-02-15T12:01:00","date_gmt":"2026-02-15T04:01:00","guid":{"rendered":"https:\/\/minghanggroup.com\/?post_type=product&#038;p=5663"},"modified":"2026-02-10T16:19:04","modified_gmt":"2026-02-10T08:19:04","slug":"clear-empty-good-red-wine-bottles-wholesale","status":"publish","type":"product","link":"https:\/\/minghanggroup.com\/it\/prodotto\/clear-empty-good-red-wine-bottles-wholesale\/","title":{"rendered":"Bottiglie di vino rosso vuote trasparenti da 750 ml all&#039;ingrosso"},"content":{"rendered":"<p>Cerchi una bottiglia di vino di qualit\u00e0 e autentica? Questa bottiglia archetipica per un buon vino rosso ha una forma ampia e affusolata, che si restringe elegantemente al collo. Disponibile in due colori: trasparente e verde chiaro.<\/p>\n<h2>Caratteristiche del prodotto<\/h2>\n<ul>\n<li><strong>Sono disponibili due opzioni chiare:<\/strong> Sono in vetro trasparente o verde chiaro, ad alta trasparenza, che mette in risalto perfettamente il colore e la limpidezza del vino.<\/li>\n<li><strong>Fondo concavo classico:<\/strong> Il motivo concavo del fondo \u00e8 una caratteristica del design tradizionale delle bottiglie di vino, che ne migliora la stabilit\u00e0.<\/li>\n<li><strong>Portatile:<\/strong> Pu\u00f2 essere utilizzato con vini bianchi, vini rosati e altre bevande dal colore chiaro.<\/li>\n<\/ul>\n<h2>Specifiche chiave<\/h2>\n<table class=\"aligncenter\" style=\"border-collapse: collapse; width: 447.77pt;\" border=\"0\" width=\"597\" cellspacing=\"0\" cellpadding=\"0\">\n<tbody>\n<tr style=\"height: 13.50pt;\">\n<td style=\"height: 13.50pt; width: 115.50pt;\" width=\"154\" height=\"18\">Attributo<\/td>\n<td style=\"width: 332.25pt;\" width=\"443\">Dettagli<\/td>\n<\/tr>\n<tr style=\"height: 13.50pt;\">\n<td style=\"height: 13.50pt;\" height=\"18\">Capacit\u00e0<\/td>\n<td>750 ml<\/td>\n<\/tr>\n<tr style=\"height: 13.50pt;\">\n<td style=\"height: 13.50pt;\" height=\"18\">Dimensioni<\/td>\n<td>71\/72 mm \u00d7 323 mm<\/td>\n<\/tr>\n<tr style=\"height: 13.50pt;\">\n<td style=\"height: 13.50pt;\" height=\"18\">Materiale<\/td>\n<td>Vetro trasparente chiaro o verde chiaro<\/td>\n<\/tr>\n<tr style=\"height: 13.50pt;\">\n<td style=\"height: 13.50pt;\" height=\"18\">Forma della bottiglia<\/td>\n<td>Bordeaux classico (lato dritto, base con punte)<\/td>\n<\/tr>\n<tr style=\"height: 13.50pt;\">\n<td style=\"height: 13.50pt;\" height=\"18\">Gamma di personalizzazione<\/td>\n<td>Colore, dimensione, coperchi<\/td>\n<\/tr>\n<tr style=\"height: 13.50pt;\">\n<td style=\"height: 13.50pt;\" height=\"18\">Artigianato<\/td>\n<td>Spessore uniforme della parete, finitura liscia, punt tradizionale<\/td>\n<\/tr>\n<tr style=\"height: 13.50pt;\">\n<td style=\"height: 13.50pt;\" height=\"18\">Uso primario<\/td>\n<td>Bottiglie di vino per vini bianchi, rosati, vini di frutta<\/td>\n<\/tr>\n<tr style=\"height: 13.50pt;\">\n<td style=\"height: 13.50pt;\" height=\"18\">Settori target<\/td>\n<td>Cantine, produttori di bevande speciali, distributori<\/td>\n<\/tr>\n<\/tbody>\n<\/table>\n<h2>Storia di successo<\/h2>\n<p>L&#039;azienda vinicola di New York ha scelto le nostre bottiglie trasparenti da 750 ml per vini rossi di qualit\u00e0 per esaltare il colore dorato naturale dei vini. La bottiglia in vetro resa trasparente \u00e8 stata uno dei punti di forza e ha suscitato l&#039;interesse del 60% delle recensioni positive. La capacit\u00e0 di 750 ml \u00e8 perfetta per il loro prodotto standard. La bottiglia \u00e8 molto resistente, il che significa che ha un tasso di consegna intatto del 99,5%. L&#039;azienda vinicola ha riscosso un enorme successo e ha effettuato un altro ordine di 1,2 milioni di bottiglie che avrebbero riempito tutti i loro vini bianchi nelle tre annate successive.<\/p>\n<h2>Personalizzazione all&#039;ingrosso di bottiglie di vino vuote<\/h2>\n<ul>\n<li>Colore e tinta del vetro: \u00e8 disponibile in trasparente, ultra trasparente (a basso contenuto di ferro) o in tinte chiare personalizzate, tra cui blu o ambra.<\/li>\n<li>Compatibilit\u00e0 delle etichette: le superfici in vetro sono ottimizzate per adattarsi a determinati materiali per etichette, in modo che aderiscano in modo imperfetto.<\/li>\n<li>Design della bottiglia: Disegni o firme in rilievo: Presentano disegni esclusivi sul fondo della bottiglia.<\/li>\n<\/ul>","protected":false},"excerpt":{"rendered":"<p>Bottiglie di vino rosso di qualit\u00e0 all&#039;ingrosso, in design trasparente da 750 ml. Disponibili in versione trasparente e verde chiaro, ideali per vino bianco, vino di frutta e bevande pronte all&#039;uso. Richiedi campioni gratuiti.<\/p>","protected":false},"featured_media":5668,"template":"","meta":{"postBodyCss":"","postBodyMargin":[],"postBodyPadding":[],"postBodyBackground":{"backgroundType":"classic","gradient":""}},"product_brand":[],"product_cat":[15,16,84],"product_tag":[],"class_list":{"0":"post-5663","1":"product","2":"type-product","3":"status-publish","4":"has-post-thumbnail","6":"product_cat-glass-containers","7":"product_cat-glass-bottles","8":"product_cat-wine-bottles","10":"first","11":"instock","12":"shipping-taxable","13":"product-type-simple"},"jetpack_sharing_enabled":true,"_links":{"self":[{"href":"https:\/\/minghanggroup.com\/it\/wp-json\/wp\/v2\/product\/5663","targetHints":{"allow":["GET"]}}],"collection":[{"href":"https:\/\/minghanggroup.com\/it\/wp-json\/wp\/v2\/product"}],"about":[{"href":"https:\/\/minghanggroup.com\/it\/wp-json\/wp\/v2\/types\/product"}],"wp:featuredmedia":[{"embeddable":true,"href":"https:\/\/minghanggroup.com\/it\/wp-json\/wp\/v2\/media\/5668"}],"wp:attachment":[{"href":"https:\/\/minghanggroup.com\/it\/wp-json\/wp\/v2\/media?parent=5663"}],"wp:term":[{"taxonomy":"product_brand","embeddable":true,"href":"https:\/\/minghanggroup.com\/it\/wp-json\/wp\/v2\/product_brand?post=5663"},{"taxonomy":"product_cat","embeddable":true,"href":"https:\/\/minghanggroup.com\/it\/wp-json\/wp\/v2\/product_cat?post=5663"},{"taxonomy":"product_tag","embeddable":true,"href":"https:\/\/minghanggroup.com\/it\/wp-json\/wp\/v2\/product_tag?post=5663"}],"curies":[{"name":"wp","href":"https:\/\/api.w.org\/{rel}","templated":true}]}}