{"id":5658,"date":"2026-02-10T11:25:38","date_gmt":"2026-02-10T03:25:38","guid":{"rendered":"https:\/\/minghanggroup.com\/?post_type=product&#038;p=5658"},"modified":"2026-02-10T11:59:18","modified_gmt":"2026-02-10T03:59:18","slug":"750ml-frosted-empty-red-wine-bottles-wholesale","status":"publish","type":"product","link":"https:\/\/minghanggroup.com\/it\/prodotto\/750ml-frosted-empty-red-wine-bottles-wholesale\/","title":{"rendered":"Bottiglie di vino rosso vuote smerigliate da 750 ml all&#039;ingrosso"},"content":{"rendered":"<p>Queste bottiglie vuote da 750 ml per vino rosso sono realizzate in vetro di qualit\u00e0 superiore, con la tradizionale forma del Borgogna ma con una finitura moderna opaca. Sono disponibili in quattro colori: verde oliva opaco, verde oliva scuro opaco, nero opaco e bianco opaco.<\/p>\n<h2>Caratteristiche del prodotto<\/h2>\n<ul>\n<li><strong>Vari colori e materiali:<\/strong> Sono disponibili quattro diverse finiture satinate (verde oliva, verde scuro, nero e bianco) che possono essere utilizzate per rappresentare la personalit\u00e0 della tua azienda.<\/li>\n<li><strong>Texture smerigliata:<\/strong> La bottiglia ha l&#039;effetto satinato e questa texture \u00e8 in grado di ridurre efficacemente le impronte digitali, conferendo al prodotto una consistenza e un aspetto migliori.<\/li>\n<li><strong>Capacit\u00e0 standard 750 ml:<\/strong> La capacit\u00e0 di 750 ml \u00e8 ideale per la vendita al dettaglio, la distribuzione e il servizio standard del vino.<\/li>\n<\/ul>\n<h2 style=\"text-align: left;\">Specifiche chiave<\/h2>\n<table class=\"aligncenter\" style=\"border-collapse: collapse; width: 447.77pt;\" border=\"0\" width=\"597\" cellspacing=\"0\" cellpadding=\"0\">\n<tbody>\n<tr style=\"height: 13.50pt;\">\n<td style=\"height: 13.50pt; width: 115.50pt;\" width=\"154\" height=\"18\">Attributo<\/td>\n<td style=\"width: 332.25pt;\" width=\"443\">Dettagli<\/td>\n<\/tr>\n<tr style=\"height: 13.50pt;\">\n<td style=\"height: 13.50pt;\" height=\"18\">Capacit\u00e0<\/td>\n<td>750 ml<\/td>\n<\/tr>\n<tr style=\"height: 13.50pt;\">\n<td style=\"height: 13.50pt;\" height=\"18\">Materiale<\/td>\n<td>Vetro con trattamento superficiale opaco<\/td>\n<\/tr>\n<tr style=\"height: 13.50pt;\">\n<td style=\"height: 13.50pt;\" height=\"18\">Forma della bottiglia<\/td>\n<td>Borgogna classico (corpo largo, collo sottile)<\/td>\n<\/tr>\n<tr style=\"height: 13.50pt;\">\n<td style=\"height: 13.50pt;\" height=\"18\">Gamma di personalizzazione<\/td>\n<td>Colore della finitura, goffratura, design del collo<\/td>\n<\/tr>\n<tr style=\"height: 13.50pt;\">\n<td style=\"height: 13.50pt;\" height=\"18\">Artigianato<\/td>\n<td>Spessore uniforme della parete, finitura satinata\/opaca uniforme<\/td>\n<\/tr>\n<tr style=\"height: 13.50pt;\">\n<td style=\"height: 13.50pt;\" height=\"18\">Uso primario<\/td>\n<td>Bottiglie vuote di vino rosso, vini bianchi, vini spumanti<\/td>\n<\/tr>\n<tr style=\"height: 13.50pt;\">\n<td style=\"height: 13.50pt;\" height=\"18\">Settori target<\/td>\n<td>Cantine, distributori, produttori di bevande speciali<\/td>\n<\/tr>\n<\/tbody>\n<\/table>\n<h2>Caso di successo: rivitalizzazione del marchio di un&#039;azienda vinicola nel Pacifico nord-occidentale<\/h2>\n<p>La nostra bottiglia di vino verde oliva opaco da 750 ml \u00e8 stata scelta da un&#039;azienda vinicola del Pacifico nord-occidentale. La nuova forma della bottiglia \u00e8 stata apprezzata dai clienti e ha portato a una crescita del 30% delle vendite. Il formato da 750 ml era il pi\u00f9 adatto alle loro consuete esigenze di prodotto e il cliente ne \u00e8 rimasto cos\u00ec colpito che ha ordinato altre 300.000 bottiglie nel trimestre successivo.<\/p>\n<h2>Personalizzazione all&#039;ingrosso di bottiglie di vino da 750 ml<\/h2>\n<ul>\n<li>Colori opachi personalizzati: colori opachi esclusivi del marchio, tra cui un intenso bordeaux, blu scuro o grigio scuro.<\/li>\n<li>Design del collo: \u00e8 possibile progettare colli adatti a una particolare lunghezza del tappo o a un sistema di tappo a vite, mantenendo comunque una finitura opaca.<\/li>\n<li>Presa migliorata: la superficie opaca \u00e8 stata leggermente strutturata per offrire una presa migliore.<\/li>\n<\/ul>","protected":false},"excerpt":{"rendered":"<p>Bottiglie vuote di vino rosso di alta qualit\u00e0 da 750 ml, pronte per essere riempite. Disponibili in magazzino e pronte per la spedizione nei colori verde oliva, nero, bianco e satinato. Campioni gratuiti.<\/p>","protected":false},"featured_media":5660,"template":"","meta":{"postBodyCss":"","postBodyMargin":[],"postBodyPadding":[],"postBodyBackground":{"backgroundType":"classic","gradient":""}},"product_brand":[],"product_cat":[15,16,84],"product_tag":[],"class_list":{"0":"post-5658","1":"product","2":"type-product","3":"status-publish","4":"has-post-thumbnail","6":"product_cat-glass-containers","7":"product_cat-glass-bottles","8":"product_cat-wine-bottles","10":"first","11":"instock","12":"shipping-taxable","13":"product-type-simple"},"jetpack_sharing_enabled":true,"_links":{"self":[{"href":"https:\/\/minghanggroup.com\/it\/wp-json\/wp\/v2\/product\/5658","targetHints":{"allow":["GET"]}}],"collection":[{"href":"https:\/\/minghanggroup.com\/it\/wp-json\/wp\/v2\/product"}],"about":[{"href":"https:\/\/minghanggroup.com\/it\/wp-json\/wp\/v2\/types\/product"}],"wp:featuredmedia":[{"embeddable":true,"href":"https:\/\/minghanggroup.com\/it\/wp-json\/wp\/v2\/media\/5660"}],"wp:attachment":[{"href":"https:\/\/minghanggroup.com\/it\/wp-json\/wp\/v2\/media?parent=5658"}],"wp:term":[{"taxonomy":"product_brand","embeddable":true,"href":"https:\/\/minghanggroup.com\/it\/wp-json\/wp\/v2\/product_brand?post=5658"},{"taxonomy":"product_cat","embeddable":true,"href":"https:\/\/minghanggroup.com\/it\/wp-json\/wp\/v2\/product_cat?post=5658"},{"taxonomy":"product_tag","embeddable":true,"href":"https:\/\/minghanggroup.com\/it\/wp-json\/wp\/v2\/product_tag?post=5658"}],"curies":[{"name":"wp","href":"https:\/\/api.w.org\/{rel}","templated":true}]}}