{"id":5649,"date":"2026-02-23T13:57:32","date_gmt":"2026-02-23T05:57:32","guid":{"rendered":"https:\/\/minghanggroup.com\/?post_type=product&#038;p=5649"},"modified":"2026-02-10T15:24:17","modified_gmt":"2026-02-10T07:24:17","slug":"good-standard-size-of-wine-bottles-bulk","status":"publish","type":"product","link":"https:\/\/minghanggroup.com\/it\/prodotto\/good-standard-size-of-wine-bottles-bulk\/","title":{"rendered":"Bottiglie di vino di buone dimensioni standard da 750 ml sfuse"},"content":{"rendered":"<p>Hai bisogno di una bottiglia che funzioni per te, non contro di te. Ecco il tuo nuovo punto di riferimento: la bottiglia di vino di dimensioni standard, pensata per la vinificazione nel mondo reale. Questa bottiglia di vino bordeaux verde oliva da 750 ml protegge i tuoi vini rossi, chiaretto o borgogna dai danni della luce, rendendo omaggio alla tradizione. \u00c8 la bottiglia di vino di qualit\u00e0 che riordinerai anno dopo anno: affidabile per la vinificazione, elegante sugli scaffali e apprezzata dai marchi di tutto il mondo. Abbinala a tappi in sughero naturale per un&#039;autentica finitura in sughero o a tappi sintetici per una produzione impeccabile.<\/p>\n<h2>Caratteristiche del prodotto<\/h2>\n<ul>\n<li><strong>Verde oliva chiaro e avvolgente:<\/strong> Una tonalit\u00e0 oliva scuro (pi\u00f9 sofisticata del bordeaux verde) bloccher\u00e0 i raggi UV pi\u00f9 efficacemente del vetro trasparente o del selce. Il tuo vino fatto in casa pu\u00f2 invecchiare in tutta sicurezza.<\/li>\n<li><strong>Dimensioni standard universali:<\/strong> Essendo la dimensione standard per le bottiglie di vino (750 ml), si adatta perfettamente alle linee di riempimento, al confezionamento e agli espositori per la vendita al dettaglio. La logistica delle tue bottiglie di vino \u00e8 diventata semplicemente pi\u00f9 semplice.<\/li>\n<li><strong>Base stabile per il punt:<\/strong> Una rientranza rinforzata sul fondo della bottiglia garantisce una posizione solida e sicura durante il trasporto, lo stoccaggio o anche quando le bottiglie di vino vuote vengono trasformate in dispenser per olio d&#039;oliva o in vasi per fiori secchi.<\/li>\n<\/ul>\n<h2>Specifiche chiave<\/h2>\n<table style=\"border-collapse: collapse; width: 80%; margin-left: auto; margin-right: auto;\" border=\"0\" width=\"144\" cellspacing=\"0\" cellpadding=\"0\">\n<tbody>\n<tr style=\"height: 13.50pt;\">\n<td style=\"height: 13.5pt; width: 54pt; text-align: center;\" width=\"72\" height=\"18\">Caratteristica<\/td>\n<td style=\"width: 54pt; text-align: center;\" width=\"72\">Dettaglio<\/td>\n<\/tr>\n<tr style=\"height: 13.50pt;\">\n<td style=\"height: 13.5pt; text-align: center;\" height=\"18\">Capacit\u00e0<\/td>\n<td style=\"text-align: center;\">750 ml<\/td>\n<\/tr>\n<tr style=\"height: 13.50pt;\">\n<td style=\"height: 13.5pt; text-align: center;\" height=\"18\">Dimensioni<\/td>\n<td style=\"text-align: center;\">8,8 \u00d7 29,8 centimetri<\/td>\n<\/tr>\n<tr style=\"height: 13.50pt;\">\n<td style=\"height: 13.5pt; text-align: center;\" height=\"18\">Colore<\/td>\n<td style=\"text-align: center;\">Verde oliva<\/td>\n<\/tr>\n<tr style=\"height: 13.50pt;\">\n<td style=\"height: 13.5pt; text-align: center;\" height=\"18\">Collo<\/td>\n<td style=\"text-align: center;\">Bocca piatta da 1,8 cm<\/td>\n<\/tr>\n<tr style=\"height: 13.50pt;\">\n<td style=\"height: 13.5pt; text-align: center;\" height=\"18\">Chiusura<\/td>\n<td style=\"text-align: center;\">Tappi di sughero naturali per vino, tappi sintetici<\/td>\n<\/tr>\n<\/tbody>\n<\/table>\n<h2>Caso di successo<\/h2>\n<p>Un&#039;azienda vinicola boutique di medie dimensioni in Europa ha deciso di optare per la nostra bottiglia standard da 750 ml in vetro scuro come soluzione di confezionamento a lungo termine per il suo nuovo vino rosso d&#039;annata. In linea con il posizionamento del marchio, hanno dato alla bottiglia una base pi\u00f9 spessa per aumentarne la sensazione tattile e l&#039;aspetto premium, mentre il colore della bottiglia \u00e8 stato adattato a una tonalit\u00e0 uniformemente profonda. Oltre al logo della cantina in rilievo sulla spalla della bottiglia, sono stati aggiunti anche un tappo in sughero naturale personalizzato e un controllo preciso della tolleranza del collo della bottiglia.<\/p>\n<p>Dopo il lancio del prodotto, le vendite complessive sono aumentate di circa il 32% nel primo trimestre, trainate principalmente dal settore della ristorazione e dell&#039;ospitalit\u00e0. Secondo il feedback del mercato, il cliente ha effettuato due ordini ripetuti nell&#039;arco di sei mesi, aumentando il volume totale degli ordini di quasi 1,8 volte rispetto all&#039;ordine iniziale e da allora in poi ha scelto questo tipo di bottiglia come la soluzione di packaging a lungo termine per il suo prodotto principale, il vino rosso.<\/p>\n<h2>I tuoi suggerimenti per la personalizzazione<\/h2>\n<ol>\n<li><strong>Goffratura del logo:<\/strong> Stampa il tuo logo sulla spalla: quando i clienti ripongono le bottiglie di vino vuote, la tua storia resta da raccontare.<\/li>\n<li><strong>Chiusura flessibile:<\/strong> Preferisci i tappi di sughero naturali se vuoi rimanere tradizionale? O quelli sintetici per uniformit\u00e0? Noi li personalizziamo.<\/li>\n<li><strong>Strategia del colore:<\/strong> Ti piace questo verde oliva? Puoi usare il verde champagne per le confezioni regalo o le bottiglie di vino bordeaux trasparenti per i bianchi. Progettiamo bottiglie per ogni storia.<\/li>\n<\/ol>","protected":false},"excerpt":{"rendered":"<p>Ottima bottiglia di vino, realizzata in vetro resistente e di dimensioni standard, con peso bilanciato. Fornitura diretta dalla fabbrica con consegna rapida.<\/p>","protected":false},"featured_media":5657,"template":"","meta":{"postBodyCss":"","postBodyMargin":[],"postBodyPadding":[],"postBodyBackground":{"backgroundType":"classic","gradient":""}},"product_brand":[],"product_cat":[15,16,84],"product_tag":[],"class_list":{"0":"post-5649","1":"product","2":"type-product","3":"status-publish","4":"has-post-thumbnail","6":"product_cat-glass-containers","7":"product_cat-glass-bottles","8":"product_cat-wine-bottles","10":"first","11":"instock","12":"shipping-taxable","13":"product-type-simple"},"jetpack_sharing_enabled":true,"_links":{"self":[{"href":"https:\/\/minghanggroup.com\/it\/wp-json\/wp\/v2\/product\/5649","targetHints":{"allow":["GET"]}}],"collection":[{"href":"https:\/\/minghanggroup.com\/it\/wp-json\/wp\/v2\/product"}],"about":[{"href":"https:\/\/minghanggroup.com\/it\/wp-json\/wp\/v2\/types\/product"}],"wp:featuredmedia":[{"embeddable":true,"href":"https:\/\/minghanggroup.com\/it\/wp-json\/wp\/v2\/media\/5657"}],"wp:attachment":[{"href":"https:\/\/minghanggroup.com\/it\/wp-json\/wp\/v2\/media?parent=5649"}],"wp:term":[{"taxonomy":"product_brand","embeddable":true,"href":"https:\/\/minghanggroup.com\/it\/wp-json\/wp\/v2\/product_brand?post=5649"},{"taxonomy":"product_cat","embeddable":true,"href":"https:\/\/minghanggroup.com\/it\/wp-json\/wp\/v2\/product_cat?post=5649"},{"taxonomy":"product_tag","embeddable":true,"href":"https:\/\/minghanggroup.com\/it\/wp-json\/wp\/v2\/product_tag?post=5649"}],"curies":[{"name":"wp","href":"https:\/\/api.w.org\/{rel}","templated":true}]}}