{"id":5641,"date":"2026-02-22T10:19:05","date_gmt":"2026-02-22T02:19:05","guid":{"rendered":"https:\/\/minghanggroup.com\/?post_type=product&#038;p=5641"},"modified":"2026-02-09T11:57:43","modified_gmt":"2026-02-09T03:57:43","slug":"clear-1-liter-wine-bottles-with-slim-neck-wholesale","status":"publish","type":"product","link":"https:\/\/minghanggroup.com\/it\/prodotto\/clear-1-liter-wine-bottles-with-slim-neck-wholesale\/","title":{"rendered":"Bottiglie di vino trasparenti da 1 litro con collo sottile all&#039;ingrosso"},"content":{"rendered":"<p>Si tratta di una bottiglia di vino da 1 litro realizzata con il vetro alimentare pi\u00f9 trasparente, che garantisce un elevato grado di trasparenza, rendendola perfetta per l&#039;imbottigliamento, la conservazione e l&#039;esposizione dei vini.<\/p>\n<h2>Caratteristiche del prodotto<\/h2>\n<ul>\n<li><strong>Bottiglia trasparente:<\/strong> Questa bottiglia \u00e8 realizzata in vetro trasparente ad alta purezza, cristallino, che consente di vedere facilmente il colore e la consistenza del vino.<\/li>\n<li><strong>Design standard del collo piatto:<\/strong> Il design del collo della bottiglia \u00e8 il pi\u00f9 efficiente, studiato per essere utilizzato con tappi di sughero standard e quindi pi\u00f9 adatto all&#039;uso con vini invecchiati.<\/li>\n<li><strong>Capacit\u00e0 standard da 1000 ml:<\/strong> La bottiglia da 1000 ml di capacit\u00e0 standard soddisfa le esigenze di imbottigliamento domestico, per banchetti e commerciale.<\/li>\n<\/ul>\n<h2 style=\"text-align: left;\">Specifiche chiave<\/h2>\n<table class=\"aligncenter\" style=\"border-collapse: collapse; width: 325.52pt;\" border=\"0\" width=\"434\" cellspacing=\"0\" cellpadding=\"0\">\n<tbody>\n<tr style=\"height: 13.50pt;\">\n<td style=\"height: 13.50pt; width: 98.25pt;\" width=\"131\" height=\"18\">Specifica<\/td>\n<td style=\"width: 227.25pt;\" width=\"303\">Dettagli<\/td>\n<\/tr>\n<tr style=\"height: 13.50pt;\">\n<td style=\"height: 13.50pt;\" height=\"18\">Capacit\u00e0<\/td>\n<td>1000 ml (1 litro)<\/td>\n<\/tr>\n<tr style=\"height: 13.50pt;\">\n<td style=\"height: 13.50pt;\" height=\"18\">Dimensioni<\/td>\n<td>85\u00d7325mm<\/td>\n<\/tr>\n<tr style=\"height: 13.50pt;\">\n<td style=\"height: 13.50pt;\" height=\"18\">Materiale<\/td>\n<td>Vetro trasparente<\/td>\n<\/tr>\n<tr style=\"height: 13.50pt;\">\n<td style=\"height: 13.50pt;\" height=\"18\">Forma della bottiglia<\/td>\n<td>Cilindro a lati dritti<\/td>\n<\/tr>\n<tr style=\"height: 13.50pt;\">\n<td style=\"height: 13.50pt;\" height=\"18\">Ambito di personalizzazione<\/td>\n<td>Colore, dimensione, forma, coperchi<\/td>\n<\/tr>\n<tr style=\"height: 13.50pt;\">\n<td style=\"height: 13.50pt;\" height=\"18\">Scopo del prodotto<\/td>\n<td>Bottiglia di vino trasparente, bottiglie di vino vuote<\/td>\n<\/tr>\n<tr style=\"height: 13.50pt;\">\n<td style=\"height: 13.50pt;\" height=\"18\">Industrie adatte<\/td>\n<td>Cantine, Birrifici, Distillerie<\/td>\n<\/tr>\n<\/tbody>\n<\/table>\n<h2>Storia di successo: storia di successo del vino bianco della Pacific Northwest Winery<\/h2>\n<p>Una delle cantine boutique dello Stato di Washington ha deciso di utilizzare la nostra bottiglia da 1 litro, incisa a mano con il nome del vitigno. I risultati sono stati sorprendenti: la trasparenza della bottiglia si \u00e8 trasformata in un importante punto di forza, come evidenziato dal 60% delle recensioni positive; le vendite di vino bianco sono aumentate del 15%; la perplessit\u00e0 dei clienti riguardo al colore del vino si \u00e8 ridotta del 20%. Grazie a questo successo, hanno ordinato un&#039;altra scorta di 150.000 bottiglie.<\/p>\n<h2>Opinioni sulla creazione di bottiglie di vino trasparenti<\/h2>\n<ul>\n<li>Colore e tonalit\u00e0 del vetro: sono disponibili trasparenti o ultra trasparenti (a basso contenuto di ferro) oppure in qualsiasi altro colore personalizzato, come azzurro o verde.<\/li>\n<li>Finitura satinata o opaca: indossa una finitura completamente satinata o opaca a seconda del desiderio di apparire delicato e moderno.<\/li>\n<li>Differenza di capacit\u00e0 Capacit\u00e0 standard fino a 750 ml, grande capacit\u00e0 fino a 150 ml.<\/li>\n<\/ul>","protected":false},"excerpt":{"rendered":"<p>Bottiglia di vino da 1 litro, prodotta direttamente dalla fabbrica, in vetro trasparente di alta qualit\u00e0. Questa bottiglia di vino trasparente \u00e8 adatta a vino bianco, sak\u00e8, cocktail pronti da bere e si adatta a un&#039;esposizione moderna e pulita sugli scaffali.<\/p>","protected":false},"featured_media":5644,"template":"","meta":{"postBodyCss":"","postBodyMargin":[],"postBodyPadding":[],"postBodyBackground":{"backgroundType":"classic","gradient":""}},"product_brand":[],"product_cat":[15,16,84],"product_tag":[],"class_list":{"0":"post-5641","1":"product","2":"type-product","3":"status-publish","4":"has-post-thumbnail","6":"product_cat-glass-containers","7":"product_cat-glass-bottles","8":"product_cat-wine-bottles","10":"first","11":"instock","12":"shipping-taxable","13":"product-type-simple"},"jetpack_sharing_enabled":true,"_links":{"self":[{"href":"https:\/\/minghanggroup.com\/it\/wp-json\/wp\/v2\/product\/5641","targetHints":{"allow":["GET"]}}],"collection":[{"href":"https:\/\/minghanggroup.com\/it\/wp-json\/wp\/v2\/product"}],"about":[{"href":"https:\/\/minghanggroup.com\/it\/wp-json\/wp\/v2\/types\/product"}],"wp:featuredmedia":[{"embeddable":true,"href":"https:\/\/minghanggroup.com\/it\/wp-json\/wp\/v2\/media\/5644"}],"wp:attachment":[{"href":"https:\/\/minghanggroup.com\/it\/wp-json\/wp\/v2\/media?parent=5641"}],"wp:term":[{"taxonomy":"product_brand","embeddable":true,"href":"https:\/\/minghanggroup.com\/it\/wp-json\/wp\/v2\/product_brand?post=5641"},{"taxonomy":"product_cat","embeddable":true,"href":"https:\/\/minghanggroup.com\/it\/wp-json\/wp\/v2\/product_cat?post=5641"},{"taxonomy":"product_tag","embeddable":true,"href":"https:\/\/minghanggroup.com\/it\/wp-json\/wp\/v2\/product_tag?post=5641"}],"curies":[{"name":"wp","href":"https:\/\/api.w.org\/{rel}","templated":true}]}}