{"id":5636,"date":"2026-02-09T08:53:27","date_gmt":"2026-02-09T00:53:27","guid":{"rendered":"https:\/\/minghanggroup.com\/?post_type=product&#038;p=5636"},"modified":"2026-02-09T10:52:39","modified_gmt":"2026-02-09T02:52:39","slug":"1-5-liter-amber-large-wine-bottles-wholesale","status":"publish","type":"product","link":"https:\/\/minghanggroup.com\/it\/prodotto\/1-5-liter-amber-large-wine-bottles-wholesale\/","title":{"rendered":"Bottiglie di vino ambrate grandi da 1,5 litri all&#039;ingrosso"},"content":{"rendered":"<p>Questa \u00e8 una comoda ma elegante bottiglia di vino da un litro e mezzo. Realizzata in vetro ambrato intenso, \u00e8 progettata in modo tale che il suo corpo sia pieno e rotondo e abbia un collo sottile ed elegante che sprigiona il fascino antico delle confezioni di vino di alta qualit\u00e0.<\/p>\n<h2>Caratteristiche del prodotto<\/h2>\n<ul>\n<li><strong>Vetro ambrato intenso:<\/strong> Il vetro di alta qualit\u00e0 offre un&#039;elevata protezione dai raggi UV e dagli shock termici.<\/li>\n<li><strong>Pareti resistenti:<\/strong> La bottiglia \u00e8 realizzata in vetro spesso, che forma una struttura robusta e resistente alle sollecitazioni, adatta per essere conservata e trasportata.<\/li>\n<li><strong>Capacit\u00e0 enorme di 1500 ml:<\/strong> Il formato da 1500 ml di grande capacit\u00e0 \u00e8 una bevanda esclusiva, utile per la conservazione del vino in casa, nelle cantine di grandi dimensioni e per il servizio di banchetti.<\/li>\n<\/ul>\n<h2 style=\"text-align: left;\">Specifiche chiave<\/h2>\n<table class=\"aligncenter\" style=\"border-collapse: collapse; width: 381.02pt;\" border=\"0\" width=\"508\" cellspacing=\"0\" cellpadding=\"0\">\n<tbody>\n<tr style=\"height: 13.50pt;\">\n<td style=\"height: 13.50pt; width: 118.50pt;\" width=\"158\" height=\"18\">Attributo<\/td>\n<td style=\"width: 262.50pt;\" width=\"350\">Dettagli<\/td>\n<\/tr>\n<tr style=\"height: 13.50pt;\">\n<td style=\"height: 13.50pt;\" height=\"18\">Capacit\u00e0<\/td>\n<td>1500 ml (1,5 litri)<\/td>\n<\/tr>\n<tr style=\"height: 13.50pt;\">\n<td style=\"height: 13.50pt;\" height=\"18\">Materiale<\/td>\n<td>Vetro color ambra intenso<\/td>\n<\/tr>\n<tr style=\"height: 13.50pt;\">\n<td style=\"height: 13.50pt;\" height=\"18\">Forma della bottiglia<\/td>\n<td>Classico corpo largo, collo alto e dritto<\/td>\n<\/tr>\n<tr style=\"height: 13.50pt;\">\n<td style=\"height: 13.50pt;\" height=\"18\">Gamma di personalizzazione<\/td>\n<td>Dimensioni, colore, finitura, design del collo<\/td>\n<\/tr>\n<tr style=\"height: 13.50pt;\">\n<td style=\"height: 13.50pt;\" height=\"18\">Artigianato<\/td>\n<td>Pareti spesse, finitura liscia, base rinforzata<\/td>\n<\/tr>\n<tr style=\"height: 13.50pt;\">\n<td style=\"height: 13.50pt;\" height=\"18\">Uso primario<\/td>\n<td>Grandi bottiglie di vino, bottiglie di vino rosso<\/td>\n<\/tr>\n<tr style=\"height: 13.50pt;\">\n<td style=\"height: 13.50pt;\" height=\"18\">Settori target<\/td>\n<td>Cantine, ospitalit\u00e0, collezionisti<\/td>\n<\/tr>\n<\/tbody>\n<\/table>\n<h2>Storia di successo: edizione anniversario della Napa Valley Winery<\/h2>\n<p>Una delle aziende vinicole della Napa Valley ha scelto la nostra bottiglia di vino di grande capacit\u00e0, da 1,5 litri, e l&#039;ha goffrata con un distintivo profondo e un&#039;etichetta in lamina d&#039;oro serigrafata. Questo vino di grande capacit\u00e0 \u00e8 diventato immediatamente un oggetto da collezione quando \u00e8 stato lanciato sul mercato e venduto in sole 48 ore. Anche l&#039;ossidazione \u00e8 ridotta al minimo del 25% grazie alla bottiglia in vetro color ambra. L&#039;industria vinicola \u00e8 stata molto soddisfatta della bottiglia e ne ha ordinati altri 250.000 esemplari per i suoi vini di riserva nelle cinque annate successive, in confezioni di grande capacit\u00e0.<\/p>\n<h2>Opzioni di personalizzazione<\/h2>\n<ul>\n<li>Scelta del colore: alcuni possono essere di un ambra pi\u00f9 intenso o di un verde pi\u00f9 intenso per aumentare la protezione dalla luce.<\/li>\n<li>Design del collo: personalizzabile con determinate lunghezze di tappo o sistemi di tenuta speciali.<\/li>\n<li>Goffratura: stampa il tuo logo, il nome della denominazione o alcuni dettagli sulla spalla o sul fondo della bottiglia.<\/li>\n<\/ul>","protected":false},"excerpt":{"rendered":"<p>Bottiglia di vino grande color ambra da 1,5 litri. Vetro spesso per uso alimentare, finitura liscia in sughero, ideale per vino, vini di frutta e spumanti. Direttamente dal produttore.<\/p>","protected":false},"featured_media":5640,"template":"","meta":{"postBodyCss":"","postBodyMargin":[],"postBodyPadding":[],"postBodyBackground":{"backgroundType":"classic","gradient":""}},"product_brand":[],"product_cat":[15,16,84],"product_tag":[],"class_list":{"0":"post-5636","1":"product","2":"type-product","3":"status-publish","4":"has-post-thumbnail","6":"product_cat-glass-containers","7":"product_cat-glass-bottles","8":"product_cat-wine-bottles","10":"first","11":"instock","12":"shipping-taxable","13":"product-type-simple"},"jetpack_sharing_enabled":true,"_links":{"self":[{"href":"https:\/\/minghanggroup.com\/it\/wp-json\/wp\/v2\/product\/5636","targetHints":{"allow":["GET"]}}],"collection":[{"href":"https:\/\/minghanggroup.com\/it\/wp-json\/wp\/v2\/product"}],"about":[{"href":"https:\/\/minghanggroup.com\/it\/wp-json\/wp\/v2\/types\/product"}],"wp:featuredmedia":[{"embeddable":true,"href":"https:\/\/minghanggroup.com\/it\/wp-json\/wp\/v2\/media\/5640"}],"wp:attachment":[{"href":"https:\/\/minghanggroup.com\/it\/wp-json\/wp\/v2\/media?parent=5636"}],"wp:term":[{"taxonomy":"product_brand","embeddable":true,"href":"https:\/\/minghanggroup.com\/it\/wp-json\/wp\/v2\/product_brand?post=5636"},{"taxonomy":"product_cat","embeddable":true,"href":"https:\/\/minghanggroup.com\/it\/wp-json\/wp\/v2\/product_cat?post=5636"},{"taxonomy":"product_tag","embeddable":true,"href":"https:\/\/minghanggroup.com\/it\/wp-json\/wp\/v2\/product_tag?post=5636"}],"curies":[{"name":"wp","href":"https:\/\/api.w.org\/{rel}","templated":true}]}}