{"id":5630,"date":"2026-02-06T16:17:18","date_gmt":"2026-02-06T08:17:18","guid":{"rendered":"https:\/\/minghanggroup.com\/?post_type=product&#038;p=5630"},"modified":"2026-04-14T09:29:24","modified_gmt":"2026-04-14T01:29:24","slug":"frosted-750ml-volume-wine-bottle-for-packaging-bulk","status":"publish","type":"product","link":"https:\/\/minghanggroup.com\/it\/prodotto\/frosted-750ml-volume-wine-bottle-for-packaging-bulk\/","title":{"rendered":"Bottiglia di vino smerigliata da 750 ml per imballaggio sfuso"},"content":{"rendered":"<p>Vuoi che il tuo marchio sia tangibile. Le nostre bottiglie di vino di grandi dimensioni offrono esattamente questo: texture morbida e opaca, zero riflessi, zero impronte. Realizzate nell&#039;intramontabile silhouette della bottiglia di vino bordeaux, ogni bottiglia da 750 ml \u00e8 disponibile in vetro trasparente satinato o verde oliva. Abbinale a tappi in sughero naturale per un classico effetto sughero o a tappi sintetici per una vinificazione impeccabile. Come partner di fiducia per gli ordini di bottiglie di vino di grandi dimensioni, rendiamo la scalabilit\u00e0 semplice, che tu stia imbottigliando vini rossi, chiaretto, borgogna o pianificando edizioni di spumante. Questo non \u00e8 packaging. \u00c8 narrazione sensoriale.<\/p>\n<h2>Caratteristiche del prodotto<\/h2>\n<ul>\n<li><strong>Tocco di lusso opaco:<\/strong> La superficie morbida e satinata non solo conferisce una sensazione di lusso al tatto, ma previene anche le sbavature, rendendolo ideale per gli scaffali dei negozi o per i set regalo in cui le bottiglie di vino vuote diventano oggetti preziosi.<\/li>\n<li><strong>Storia a due colori:<\/strong> Le bottiglie trasparenti satinate mettono in risalto il colore del vino; il verde oliva offre una leggera protezione dai raggi UV. Ti piace il verde champagne? Possiamo realizzarlo anche per te.<\/li>\n<li><strong>Base stabile per il punt:<\/strong> Il fondo rinforzato e rientrante \u00e8 progettato per garantire la massima stabilit\u00e0 durante la spedizione, l&#039;esposizione e quando le bottiglie di vino vuote vengono trasformate in oliere o vasi per fiori.<\/li>\n<\/ul>\n<h2>Specifiche chiave<\/h2>\n<table style=\"border-collapse: collapse; width: 80%; margin-left: auto; margin-right: auto;\" border=\"0\" width=\"144\" cellspacing=\"0\" cellpadding=\"0\">\n<tbody>\n<tr style=\"height: 13.50pt;\">\n<td style=\"height: 13.5pt; width: 54pt; text-align: center;\" width=\"72\" height=\"18\">Caratteristica<\/td>\n<td style=\"width: 54pt; text-align: center;\" width=\"72\">Dettaglio<\/td>\n<\/tr>\n<tr style=\"height: 13.50pt;\">\n<td style=\"height: 13.5pt; text-align: center;\" height=\"18\">Capacit\u00e0<\/td>\n<td style=\"text-align: center;\">750 ml<\/td>\n<\/tr>\n<tr style=\"height: 13.50pt;\">\n<td style=\"height: 13.5pt; text-align: center;\" height=\"18\">Dimensioni<\/td>\n<td style=\"text-align: center;\">8,4 \u00d7 29,2 centimetri<\/td>\n<\/tr>\n<tr style=\"height: 13.50pt;\">\n<td style=\"height: 13.5pt; text-align: center;\" height=\"18\">Fine<\/td>\n<td style=\"text-align: center;\">Satinato opaco<\/td>\n<\/tr>\n<tr style=\"height: 13.50pt;\">\n<td style=\"height: 13.5pt; text-align: center;\" height=\"18\">Colori<\/td>\n<td style=\"text-align: center;\">Flint trasparente satinato, verde oliva satinato<\/td>\n<\/tr>\n<tr style=\"height: 13.50pt;\">\n<td style=\"height: 13.5pt; text-align: center;\" height=\"18\">Collo<\/td>\n<td style=\"text-align: center;\">1,8 centimetri<\/td>\n<\/tr>\n<tr style=\"height: 13.50pt;\">\n<td style=\"height: 13.5pt; text-align: center;\" height=\"18\">Chiusura<\/td>\n<td style=\"text-align: center;\">Tappi di sughero naturali per vino, tappi sintetici<\/td>\n<\/tr>\n<tr style=\"height: 13.50pt;\">\n<td style=\"height: 13.5pt; text-align: center;\" height=\"18\">Ideale per<\/td>\n<td style=\"text-align: center;\">Vini rossi, Claret, Borgogna, vino fatto in casa, vino spumante*, bottiglie di liquore<\/td>\n<\/tr>\n<\/tbody>\n<\/table>\n<h2>Caso di successo<\/h2>\n<p>Un&#039;etichetta di vini di lusso europea ha deciso di utilizzare la nostra bottiglia di vino satinata da 750 ml come imballaggio principale per la sua linea di produzione. Abbiamo conferito alla bottiglia una finitura superficiale morbida e satinata e ne abbiamo leggermente modificato le dimensioni in base allo stile del vino, conferendole cos\u00ec un aspetto di classe e raffinatezza superiori. Inoltre, abbiamo implementato un design frontale della bottiglia con fondo rinforzato per garantire una migliore presa e aumentare la sicurezza durante il trasporto. La bottiglia \u00e8 dotata di una chiusura standard, quindi \u00e8 pienamente compatibile con la loro linea di imbottigliamento esistente e i costi di modifica sono trascurabili.<\/p>\n<p>Nel primo trimestre di vendita successivo al lancio del nuovo packaging, le vendite della serie presso i punti vendita sono aumentate di circa il 32% su base annua. L&#039;indagine sui clienti ha evidenziato un notevole miglioramento della visibilit\u00e0 a scaffale e del prestigio del marchio. Dopo tre mesi, il cliente ha effettuato un secondo ordine, dando vita a una partnership duratura, duratura e stabile.<\/p>\n<h2>Le tue opzioni di personalizzazione<\/h2>\n<ol>\n<li><strong>Colore del vetro personalizzato:<\/strong> Oltre al verde chiaro o scuro standard, offriamo anche opzioni di colore a bassa saturazione, come il grigio fum\u00e9 chiaro e il grigio champagne, che si abbinano meglio ai vini di alta qualit\u00e0 o naturali.<\/li>\n<li><strong>Loghi in rilievo o impressi a caldo:<\/strong> Un logo o una data in rilievo nascosti possono essere posizionati sulla spalla o al centro della bottiglia, raccontando cos\u00ec la storia del marchio senza dover ricorrere a etichette aggiuntive.<\/li>\n<li><strong>Trattamenti speciali per la texture superficiale:<\/strong> Oltre alla finitura satinata standard, possiamo fornire texture dall&#039;aspetto di sabbia fine, seta o microparticelle, che possono aumentare notevolmente il livello di esperienza tattile dei clienti quando tengono in mano la bottiglia.<\/li>\n<\/ol>","protected":false},"excerpt":{"rendered":"<p>Bottiglia di vino da 750 ml con elegante finitura satinata. Fornitura diretta dalla fabbrica e spedizione rapida per i marchi di vino. Campioni gratuiti.<\/p>","protected":false},"featured_media":5634,"template":"","meta":{"postBodyCss":"","postBodyMargin":[],"postBodyPadding":[],"postBodyBackground":{"backgroundType":"classic","gradient":""}},"product_brand":[],"product_cat":[15,16,84],"product_tag":[109],"class_list":{"0":"post-5630","1":"product","2":"type-product","3":"status-publish","4":"has-post-thumbnail","6":"product_cat-glass-containers","7":"product_cat-glass-bottles","8":"product_cat-wine-bottles","9":"product_tag-glass-champagne-bottles","11":"first","12":"instock","13":"shipping-taxable","14":"product-type-simple"},"jetpack_sharing_enabled":true,"_links":{"self":[{"href":"https:\/\/minghanggroup.com\/it\/wp-json\/wp\/v2\/product\/5630","targetHints":{"allow":["GET"]}}],"collection":[{"href":"https:\/\/minghanggroup.com\/it\/wp-json\/wp\/v2\/product"}],"about":[{"href":"https:\/\/minghanggroup.com\/it\/wp-json\/wp\/v2\/types\/product"}],"wp:featuredmedia":[{"embeddable":true,"href":"https:\/\/minghanggroup.com\/it\/wp-json\/wp\/v2\/media\/5634"}],"wp:attachment":[{"href":"https:\/\/minghanggroup.com\/it\/wp-json\/wp\/v2\/media?parent=5630"}],"wp:term":[{"taxonomy":"product_brand","embeddable":true,"href":"https:\/\/minghanggroup.com\/it\/wp-json\/wp\/v2\/product_brand?post=5630"},{"taxonomy":"product_cat","embeddable":true,"href":"https:\/\/minghanggroup.com\/it\/wp-json\/wp\/v2\/product_cat?post=5630"},{"taxonomy":"product_tag","embeddable":true,"href":"https:\/\/minghanggroup.com\/it\/wp-json\/wp\/v2\/product_tag?post=5630"}],"curies":[{"name":"wp","href":"https:\/\/api.w.org\/{rel}","templated":true}]}}