{"id":5620,"date":"2026-02-19T13:43:05","date_gmt":"2026-02-19T05:43:05","guid":{"rendered":"https:\/\/minghanggroup.com\/?post_type=product&#038;p=5620"},"modified":"2026-02-06T16:36:27","modified_gmt":"2026-02-06T08:36:27","slug":"olive-green-miniature-wine-bottles-wholesale","status":"publish","type":"product","link":"https:\/\/minghanggroup.com\/it\/prodotto\/olive-green-miniature-wine-bottles-wholesale\/","title":{"rendered":"Bottiglie di vino in miniatura verde oliva da 180 ml all&#039;ingrosso"},"content":{"rendered":"<p>Queste mini bottiglie di vino sono realizzate in vetro verde oliva di alta qualit\u00e0, resistente ai raggi UV. Il corpo dritto e largo si curva leggermente verso il collo filettato, perfetto anche per un set da degustazione, come bomboniera o come monodose.<\/p>\n<h2>Caratteristiche del prodotto<\/h2>\n<ul>\n<li><strong>Protezione UV:<\/strong> Il vetro verde oliva protegge dalla luce nociva, cos\u00ec il tuo vino sar\u00e0 sempre di alta qualit\u00e0 e durer\u00e0 a lungo.<\/li>\n<li><strong>Design a cilindro dritto e panciuto largo:<\/strong> Questa mini bottiglia di vino dritta e larga sar\u00e0 comoda per conservarli e la bottiglia \u00e8 anche attraente per i set di degustazione e le confezioni regalo.<\/li>\n<li><strong>Multiuso:<\/strong> \u00c8 abbastanza piccolo da poter essere utilizzato per le degustazioni di vino, come regalo personalizzato e come confezione di ricarica.<\/li>\n<\/ul>\n<h2 style=\"text-align: left;\">Specifiche chiave<\/h2>\n<table class=\"aligncenter\" style=\"border-collapse: collapse; width: 345.77pt;\" border=\"0\" width=\"461\" cellspacing=\"0\" cellpadding=\"0\">\n<tbody>\n<tr style=\"height: 13.50pt;\">\n<td style=\"height: 13.50pt; width: 115.50pt;\" width=\"154\" height=\"18\">Specifica<\/td>\n<td style=\"width: 230.25pt;\" width=\"307\">Dettagli<\/td>\n<\/tr>\n<tr style=\"height: 13.50pt;\">\n<td style=\"height: 13.50pt;\" height=\"18\">Capacit\u00e0<\/td>\n<td>180 ml<\/td>\n<\/tr>\n<tr style=\"height: 13.50pt;\">\n<td style=\"height: 13.50pt;\" height=\"18\">Dimensioni<\/td>\n<td>52\u00d7168mm<\/td>\n<\/tr>\n<tr style=\"height: 13.50pt;\">\n<td style=\"height: 13.50pt;\" height=\"18\">Materiale<\/td>\n<td>Vetro verde oliva di alta qualit\u00e0<\/td>\n<\/tr>\n<tr style=\"height: 13.50pt;\">\n<td style=\"height: 13.50pt;\" height=\"18\">Ambito di personalizzazione<\/td>\n<td>Dimensioni, colore, forma, coperchi<\/td>\n<\/tr>\n<tr style=\"height: 13.50pt;\">\n<td style=\"height: 13.50pt;\" height=\"18\">Scopo del prodotto<\/td>\n<td>Bottiglie di vino in miniatura, bottiglie campione<\/td>\n<\/tr>\n<tr style=\"height: 13.50pt;\">\n<td style=\"height: 13.50pt;\" height=\"18\">Industrie adatte<\/td>\n<td>Cantine, vigneti, hotel<\/td>\n<\/tr>\n<\/tbody>\n<\/table>\n<h2>Storia di successo: progetto di partnership tra compagnie aeree e hotel di un&#039;azienda vinicola italiana<\/h2>\n<p>Una delle aziende vinicole italiane era interessata a distribuire i suoi vini di qualit\u00e0 a compagnie aeree e hotel. Ha scelto una mini bottiglia da 180 ml con tappo a vite dorato personalizzato. Il vetro verde oliva con protezione UV garantisce che il vino rimanga fresco fino a 24 mesi. Il formato da 180 ml \u00e8 ideale per servire i cantanti, il che ha portato a una crescita del 60% delle vendite tramite questi canali. Si \u00e8 trattato di una partnership completa di cui l&#039;azienda \u00e8 stata molto soddisfatta, tanto da aver effettuato un altro ordine di 3 milioni di bottiglie da consegnare ai suoi partner internazionali con un contratto triennale.<\/p>\n<h2>Personalizzazione di bottiglie di vino in miniatura<\/h2>\n<ul>\n<li>Tonalit\u00e0 di verde artificiali: il verde oliva pu\u00f2 essere reso pi\u00f9 chiaro, tendente al verde salvia, oppure pi\u00f9 scuro, tendente al verde foresta nero.<\/li>\n<li>Marcatura del volume in rilievo: si tratta di un piccolo segno in rilievo da 180 ml sulla spalla della bottiglia.<\/li>\n<li>Incisione laser: incidere un piccolo codice di lotto, un logo del marchio o un piccolo motivo sul fondo della bottiglia.<\/li>\n<\/ul>","protected":false},"excerpt":{"rendered":"<p>Personalizza la tua mini bottiglia di vino con logo o colore per confezioni degustazione o regali. Bottiglie di vino in miniatura supportate da servizi OEM professionali. Campione gratuito.<\/p>","protected":false},"featured_media":5621,"template":"","meta":{"postBodyCss":"","postBodyMargin":[],"postBodyPadding":[],"postBodyBackground":{"backgroundType":"classic","gradient":""}},"product_brand":[],"product_cat":[15,16,84],"product_tag":[],"class_list":{"0":"post-5620","1":"product","2":"type-product","3":"status-publish","4":"has-post-thumbnail","6":"product_cat-glass-containers","7":"product_cat-glass-bottles","8":"product_cat-wine-bottles","10":"first","11":"instock","12":"shipping-taxable","13":"product-type-simple"},"jetpack_sharing_enabled":true,"_links":{"self":[{"href":"https:\/\/minghanggroup.com\/it\/wp-json\/wp\/v2\/product\/5620","targetHints":{"allow":["GET"]}}],"collection":[{"href":"https:\/\/minghanggroup.com\/it\/wp-json\/wp\/v2\/product"}],"about":[{"href":"https:\/\/minghanggroup.com\/it\/wp-json\/wp\/v2\/types\/product"}],"wp:featuredmedia":[{"embeddable":true,"href":"https:\/\/minghanggroup.com\/it\/wp-json\/wp\/v2\/media\/5621"}],"wp:attachment":[{"href":"https:\/\/minghanggroup.com\/it\/wp-json\/wp\/v2\/media?parent=5620"}],"wp:term":[{"taxonomy":"product_brand","embeddable":true,"href":"https:\/\/minghanggroup.com\/it\/wp-json\/wp\/v2\/product_brand?post=5620"},{"taxonomy":"product_cat","embeddable":true,"href":"https:\/\/minghanggroup.com\/it\/wp-json\/wp\/v2\/product_cat?post=5620"},{"taxonomy":"product_tag","embeddable":true,"href":"https:\/\/minghanggroup.com\/it\/wp-json\/wp\/v2\/product_tag?post=5620"}],"curies":[{"name":"wp","href":"https:\/\/api.w.org\/{rel}","templated":true}]}}