{"id":5615,"date":"2026-02-06T10:42:20","date_gmt":"2026-02-06T02:42:20","guid":{"rendered":"https:\/\/minghanggroup.com\/?post_type=product&#038;p=5615"},"modified":"2026-02-06T16:32:24","modified_gmt":"2026-02-06T08:32:24","slug":"small-red-wine-bottles-for-favors-wholesale","status":"publish","type":"product","link":"https:\/\/minghanggroup.com\/it\/prodotto\/small-red-wine-bottles-for-favors-wholesale\/","title":{"rendered":"Bottiglie di vino rosso piccole da 190 ml per bomboniere all&#039;ingrosso"},"content":{"rendered":"<p>Si tratta di una bottiglia per vino rosso dalle linee molto morbide e aggraziate, che si assottigliano elegantemente verso un collo filettato. Il suo colore ambrato scuro e intenso \u00e8 un punto di forza apprezzato per l&#039;eccellente protezione dai raggi UV, che \u00e8 nota per la sua efficacia nel preservare il vino al suo interno.<\/p>\n<h2>Caratteristiche del prodotto<\/h2>\n<ul>\n<li><strong>Materiale schermante dalla luce color ambra intenso:<\/strong> Il vetro color ambra intenso \u00e8 molto efficace nel bloccare i raggi UV e quindi nel garantire che il vino non si ossidi e quindi non perda il suo sapore.<\/li>\n<li><strong>Design della bottiglia curva:<\/strong> La bottiglia presenta una superficie concava, segno di raffinatezza ed eleganza, che ne testimonia l&#039;elevata qualit\u00e0.<\/li>\n<li><strong>Filettatura:<\/strong> \u00c8 noto che il collo filettato si adatta perfettamente al tappo di chiusura in metallo, che ha una tenuta stagna; inoltre, il collo filettato garantisce che il vino sia ermetico e duri a lungo sullo scaffale.<\/li>\n<\/ul>\n<h2 style=\"text-align: left;\">Specifiche chiave<\/h2>\n<table class=\"aligncenter\" style=\"border-collapse: collapse; width: 494.27pt;\" border=\"0\" width=\"659\" cellspacing=\"0\" cellpadding=\"0\">\n<tbody>\n<tr style=\"height: 13.50pt;\">\n<td style=\"height: 13.50pt; width: 115.50pt;\" width=\"154\" height=\"18\">Specifica<\/td>\n<td style=\"width: 378.75pt;\" width=\"505\">Dettagli<\/td>\n<\/tr>\n<tr style=\"height: 13.50pt;\">\n<td style=\"height: 13.50pt;\" height=\"18\">Capacit\u00e0<\/td>\n<td>190 ml<\/td>\n<\/tr>\n<tr style=\"height: 13.50pt;\">\n<td style=\"height: 13.50pt;\" height=\"18\">Dimensioni<\/td>\n<td>55\u00d7172 mm<\/td>\n<\/tr>\n<tr style=\"height: 13.50pt;\">\n<td style=\"height: 13.50pt;\" height=\"18\">Materiale<\/td>\n<td>Vetro ambrato intenso di alta qualit\u00e0<\/td>\n<\/tr>\n<tr style=\"height: 13.50pt;\">\n<td style=\"height: 13.50pt;\" height=\"18\">Forma della bottiglia<\/td>\n<td>Vita curva con base arrotondata, collo sottile e apertura filettata<\/td>\n<\/tr>\n<tr style=\"height: 13.50pt;\">\n<td style=\"height: 13.50pt;\" height=\"18\">Ambito di personalizzazione<\/td>\n<td>Colore, dimensioni, coperchi, finitura<\/td>\n<\/tr>\n<tr style=\"height: 13.50pt;\">\n<td style=\"height: 13.50pt;\" height=\"18\">Scopo del prodotto<\/td>\n<td>Bottiglie di vino di alta qualit\u00e0 per bomboniere, piccole bottiglie di vino per bomboniere<\/td>\n<\/tr>\n<tr style=\"height: 13.50pt;\">\n<td style=\"height: 13.50pt;\" height=\"18\">Industrie adatte<\/td>\n<td>Cantine, organizzatori di eventi, fornitori per matrimoni<\/td>\n<\/tr>\n<\/tbody>\n<\/table>\n<h2>Storia di successo: pacchetto bomboniere per matrimonio in una delle cantine vinicole di Texas Hillside<\/h2>\n<p>Un&#039;azienda vinicola del Texas ha ideato un costoso pacchetto di bomboniere. Hanno ritirato le nostre piccole bottiglie di vino rosso e le hanno fatte serigrafare con le iniziali degli sposi. Queste bottiglie di vetro con protezione UV hanno la capacit\u00e0 di conservare il vino fino a 18 mesi. L&#039;elegante formato da 190 ml \u00e8 stato un successo e il 90% delle coppie ha scelto di acquistarlo invece della normale mini bottiglia. Il progetto \u00e8 stato un successo e, di conseguenza, l&#039;azienda vinicola ha effettuato un altro ordine di 750.000 bottiglie da utilizzare per matrimoni ed eventi aziendali entro due anni.<\/p>\n<h2>Personalizzazione delle bottiglie di vino rosso<\/h2>\n<ul>\n<li>Tonalit\u00e0 ambrata personalizzata: per trasformare il marrone chiaro ambrato in un marrone scuro e quasi opaco.<\/li>\n<li>Finitura satinata o opaca: la finitura satinata \u00e8 liscia e lussuosa alla vista ed \u00e8 il diffusore di luce ideale.<\/li>\n<li>Design personalizzato della base della bottiglia: presenta un design speciale in rilievo o una firma sulla base della bottiglia.<\/li>\n<\/ul>","protected":false},"excerpt":{"rendered":"<p>Bottiglia di vino rosso premium da 190 ml in vetro ambrato scuro per protezione UV e un aspetto raffinato. Piccole bottiglie di vino perfette come bomboniere. Campioni gratuiti su richiesta.<\/p>","protected":false},"featured_media":5618,"template":"","meta":{"postBodyCss":"","postBodyMargin":[],"postBodyPadding":[],"postBodyBackground":{"backgroundType":"classic","gradient":""}},"product_brand":[],"product_cat":[15,16,84],"product_tag":[],"class_list":{"0":"post-5615","1":"product","2":"type-product","3":"status-publish","4":"has-post-thumbnail","6":"product_cat-glass-containers","7":"product_cat-glass-bottles","8":"product_cat-wine-bottles","10":"first","11":"instock","12":"shipping-taxable","13":"product-type-simple"},"jetpack_sharing_enabled":true,"_links":{"self":[{"href":"https:\/\/minghanggroup.com\/it\/wp-json\/wp\/v2\/product\/5615","targetHints":{"allow":["GET"]}}],"collection":[{"href":"https:\/\/minghanggroup.com\/it\/wp-json\/wp\/v2\/product"}],"about":[{"href":"https:\/\/minghanggroup.com\/it\/wp-json\/wp\/v2\/types\/product"}],"wp:featuredmedia":[{"embeddable":true,"href":"https:\/\/minghanggroup.com\/it\/wp-json\/wp\/v2\/media\/5618"}],"wp:attachment":[{"href":"https:\/\/minghanggroup.com\/it\/wp-json\/wp\/v2\/media?parent=5615"}],"wp:term":[{"taxonomy":"product_brand","embeddable":true,"href":"https:\/\/minghanggroup.com\/it\/wp-json\/wp\/v2\/product_brand?post=5615"},{"taxonomy":"product_cat","embeddable":true,"href":"https:\/\/minghanggroup.com\/it\/wp-json\/wp\/v2\/product_cat?post=5615"},{"taxonomy":"product_tag","embeddable":true,"href":"https:\/\/minghanggroup.com\/it\/wp-json\/wp\/v2\/product_tag?post=5615"}],"curies":[{"name":"wp","href":"https:\/\/api.w.org\/{rel}","templated":true}]}}