{"id":5609,"date":"2026-02-06T08:54:57","date_gmt":"2026-02-06T00:54:57","guid":{"rendered":"https:\/\/minghanggroup.com\/?post_type=product&#038;p=5609"},"modified":"2026-02-06T16:35:48","modified_gmt":"2026-02-06T08:35:48","slug":"small-olive-green-wine-bottles-wholesale","status":"publish","type":"product","link":"https:\/\/minghanggroup.com\/it\/prodotto\/small-olive-green-wine-bottles-wholesale\/","title":{"rendered":"Bottiglie di vino verde oliva piccole da 250 ml all&#039;ingrosso"},"content":{"rendered":"<p>Si tratta di una bottiglia di vino compatta da 210 ml, realizzata in vetro ambrato di alta qualit\u00e0, resistente ai raggi UV. I suoi bordi lisci e dritti e la sua tonalit\u00e0 ambrata intensa offrono un&#039;ottima schermatura dalla luce, preservando cos\u00ec i delicati sapori e aromi del vino.<\/p>\n<h2>Caratteristiche del prodotto<\/h2>\n<ul>\n<li><strong>Protezione UV:<\/strong> UV Grapes Protezione dell&#039;uva dai raggi UV nocivi, mantiene la qualit\u00e0 del vino e ne prolunga la durata di conservazione.<\/li>\n<li><strong>Comodit\u00e0 filettata:<\/strong>Progettato per essere riempito facilmente e per adattarsi a qualsiasi tappo o sughero, garantendo una chiusura ermetica.<\/li>\n<li><strong>Porzione in un singolo bicchiere:<\/strong> Capacit\u00e0 250 ml, ideale per la degustazione, per servire in gruppi o semplicemente da gustare da soli.<\/li>\n<\/ul>\n<h2 style=\"text-align: left;\">Specifiche chiave<\/h2>\n<table class=\"aligncenter\" style=\"border-collapse: collapse; width: 409.52pt;\" border=\"0\" width=\"546\" cellspacing=\"0\" cellpadding=\"0\">\n<tbody>\n<tr style=\"height: 13.50pt;\">\n<td style=\"height: 13.50pt; width: 115.50pt;\" width=\"154\" height=\"18\">Attributo<\/td>\n<td style=\"width: 294.00pt;\" width=\"392\">Dettagli<\/td>\n<\/tr>\n<tr style=\"height: 13.50pt;\">\n<td style=\"height: 13.50pt;\" height=\"18\">Capacit\u00e0<\/td>\n<td>250 ml<\/td>\n<\/tr>\n<tr style=\"height: 13.50pt;\">\n<td style=\"height: 13.50pt;\" height=\"18\">Materiale<\/td>\n<td>Vetro verde oliva<\/td>\n<\/tr>\n<tr style=\"height: 13.50pt;\">\n<td style=\"height: 13.50pt;\" height=\"18\">Gamma di personalizzazione<\/td>\n<td>Dimensioni, colore, coperchi, forma<\/td>\n<\/tr>\n<tr style=\"height: 13.50pt;\">\n<td style=\"height: 13.50pt;\" height=\"18\">Uso primario<\/td>\n<td>Piccole bottiglie di vino rosso, campioni di bottiglie di vino<\/td>\n<\/tr>\n<tr style=\"height: 13.50pt;\">\n<td style=\"height: 13.50pt;\" height=\"18\">Settori target<\/td>\n<td>Aziende vinicole, settore alberghiero (hotel\/ristoranti)<\/td>\n<\/tr>\n<\/tbody>\n<\/table>\n<h2>Storia di successo: caso di studio di un set regalo di una cantina vinicola italiana<\/h2>\n<p>Le nostre bottiglie di vino verde sono state selezionate da un&#039;azienda vinicola a conduzione familiare in Toscana, che ha serigrafato il proprio logo sulle bottiglie. I risultati sono stati impressionanti: la bottiglia tradizionale \u00e8 stata molto apprezzata dai clienti, le vendite di prodotti in bottiglie pi\u00f9 piccole sono aumentate del 50%; il vetro verde ha contribuito a ridurre l&#039;impatto della luce del 22%; 250 ml erano la dimensione perfetta per una singola degustazione. Sulla base di questi successi, hanno poi ordinato un altro lotto di bottiglie per un totale di 180.000.<\/p>\n<h2>Suggerimenti per la personalizzazione di piccole bottiglie di vino rosso<\/h2>\n<ul>\n<li>Tonalit\u00e0 di verde personalizzata: spersonalizza il verde oliva con un verde salvia pi\u00f9 chiaro o una tonalit\u00e0 pi\u00f9 scura di verde foresta quasi nero.<\/li>\n<li>Goffratura: fai in modo che il tuo logo, il nome della tua denominazione o le informazioni sull&#039;annata siano impressi sulla spalla o sul fondo della bottiglia.<\/li>\n<li>Regolazione della forma: Progettare una spalla pi\u00f9 definita per particolari tipologie di vino.<\/li>\n<\/ul>","protected":false},"excerpt":{"rendered":"<p>Bottiglie di vino verde oliva da 250 ml con spalla arrotondata e collo a vite. Perfette per piccole bottiglie di vino rosso, vini di frutta e set da degustazione. Campioni gratuiti.<\/p>","protected":false},"featured_media":5614,"template":"","meta":{"postBodyCss":"","postBodyMargin":[],"postBodyPadding":[],"postBodyBackground":{"backgroundType":"classic","gradient":""}},"product_brand":[],"product_cat":[15,16,84],"product_tag":[],"class_list":{"0":"post-5609","1":"product","2":"type-product","3":"status-publish","4":"has-post-thumbnail","6":"product_cat-glass-containers","7":"product_cat-glass-bottles","8":"product_cat-wine-bottles","10":"first","11":"instock","12":"shipping-taxable","13":"product-type-simple"},"jetpack_sharing_enabled":true,"_links":{"self":[{"href":"https:\/\/minghanggroup.com\/it\/wp-json\/wp\/v2\/product\/5609","targetHints":{"allow":["GET"]}}],"collection":[{"href":"https:\/\/minghanggroup.com\/it\/wp-json\/wp\/v2\/product"}],"about":[{"href":"https:\/\/minghanggroup.com\/it\/wp-json\/wp\/v2\/types\/product"}],"wp:featuredmedia":[{"embeddable":true,"href":"https:\/\/minghanggroup.com\/it\/wp-json\/wp\/v2\/media\/5614"}],"wp:attachment":[{"href":"https:\/\/minghanggroup.com\/it\/wp-json\/wp\/v2\/media?parent=5609"}],"wp:term":[{"taxonomy":"product_brand","embeddable":true,"href":"https:\/\/minghanggroup.com\/it\/wp-json\/wp\/v2\/product_brand?post=5609"},{"taxonomy":"product_cat","embeddable":true,"href":"https:\/\/minghanggroup.com\/it\/wp-json\/wp\/v2\/product_cat?post=5609"},{"taxonomy":"product_tag","embeddable":true,"href":"https:\/\/minghanggroup.com\/it\/wp-json\/wp\/v2\/product_tag?post=5609"}],"curies":[{"name":"wp","href":"https:\/\/api.w.org\/{rel}","templated":true}]}}