{"id":5598,"date":"2026-02-16T16:20:54","date_gmt":"2026-02-16T08:20:54","guid":{"rendered":"https:\/\/minghanggroup.com\/?post_type=product&#038;p=5598"},"modified":"2026-02-06T16:39:19","modified_gmt":"2026-02-06T08:39:19","slug":"amber-glass-mini-wine-bottles-with-screw-neck-bulk","status":"publish","type":"product","link":"https:\/\/minghanggroup.com\/it\/prodotto\/amber-glass-mini-wine-bottles-with-screw-neck-bulk\/","title":{"rendered":"Mini bottiglie di vino in vetro ambrato da 100 ml con collo a vite, sfuse"},"content":{"rendered":"<p>Queste mini bottiglie di vino sono realizzate in vetro ambrato di alta qualit\u00e0, resistente ai raggi UV, che protegge efficacemente dai raggi UV. La pillola \u00e8 corta e di forma cilindrica, con un collo filettato per una tenuta perfetta con i normali tappi metallici.<\/p>\n<h2>Caratteristiche del prodotto<\/h2>\n<ul>\n<li><strong>Vetro color ambra intenso con protezione UV:<\/strong> L&#039;opulenta tonalit\u00e0 ambrata offre una migliore protezione dalla luce, essenziale per preservare la qualit\u00e0 del vino prodotto in piccole quantit\u00e0.<\/li>\n<li><strong>Collo filettato:<\/strong> Questo collo \u00e8 dotato di un tappo di chiusura filettato che consente al tappo di chiusura di adattarsi saldamente al collo e di trasportare e riporre facilmente il collo.<\/li>\n<li><strong>Mini design a cilindro dritto:<\/strong> Il design mini-cilindrico dritto \u00e8 ideale per i formati da 100 ml, adatto in caso di degustazioni, regali o campioni monodose.<\/li>\n<\/ul>\n<h2 style=\"text-align: left;\">Specifiche chiave<\/h2>\n<table class=\"aligncenter\" style=\"border-collapse: collapse; width: 372.02pt;\" border=\"0\" width=\"496\" cellspacing=\"0\" cellpadding=\"0\">\n<tbody>\n<tr style=\"height: 13.50pt;\">\n<td style=\"height: 13.50pt; width: 115.50pt;\" width=\"154\" height=\"18\">Attributo<\/td>\n<td style=\"width: 256.50pt;\" width=\"342\">Dettagli<\/td>\n<\/tr>\n<tr style=\"height: 13.50pt;\">\n<td style=\"height: 13.50pt;\" height=\"18\">Capacit\u00e0<\/td>\n<td>100 ml<\/td>\n<\/tr>\n<tr style=\"height: 13.50pt;\">\n<td style=\"height: 13.50pt;\" height=\"18\">Materiale<\/td>\n<td>Vetro ambrato intenso<\/td>\n<\/tr>\n<tr style=\"height: 13.50pt;\">\n<td style=\"height: 13.50pt;\" height=\"18\">Forma della bottiglia<\/td>\n<td>Cilindro compatto con corpo a parete dritta<\/td>\n<\/tr>\n<tr style=\"height: 13.50pt;\">\n<td style=\"height: 13.50pt;\" height=\"18\">Gamma di personalizzazione<\/td>\n<td>Dimensioni, colore, logo, forma<\/td>\n<\/tr>\n<tr style=\"height: 13.50pt;\">\n<td style=\"height: 13.50pt;\" height=\"18\">Uso primario<\/td>\n<td>Mini bottiglie di vino sfuse, degustazioni di vino<\/td>\n<\/tr>\n<tr style=\"height: 13.50pt;\">\n<td style=\"height: 13.50pt;\" height=\"18\">Settori target<\/td>\n<td>Cantine, distributori di vino<\/td>\n<\/tr>\n<\/tbody>\n<\/table>\n<h2>Storia di successo<\/h2>\n<p>Un&#039;azienda vinicola di Sonoma desiderava migliorare l&#039;esperienza di visita nella propria sala degustazione e offrire campioni da asporto. Ha scelto le nostre mini bottiglie di vino da 100 ml, serigrafate con il logo dell&#039;azienda e dotate di tappo a vite dorato. Il formato da 100 ml \u00e8 ideale perch\u00e9 contiene una degustazione da 2 once (circa 57 ml) e ha portato a una crescita del 78% nelle vendite di campioni, mentre l&#039;adorabile confezione piccola ha contribuito ad aumentare le condivisioni sui social media del 55%. Questa soluzione ha avuto un enorme successo e l&#039;azienda ha successivamente ordinato altri 2 milioni di bottiglie per soddisfare la domanda di sale degustazione ed eventi nei due anni successivi.<\/p>\n<h2>Soluzioni di personalizzazione all&#039;ingrosso di mini bottiglie di vino<\/h2>\n<ul>\n<li>Colori: a seconda delle esigenze di schermatura della luce, \u00e8 possibile utilizzare vetro ambrato chiaro o verde.<\/li>\n<li>Marcatura del volume: etichette laterali della bottiglia in rilievo sul lato della bottiglia con la dicitura &#034;100 ml&#034; o 3,4 oz.<\/li>\n<li>Serigrafia: loghi di marchi, design vintage e semplici possono essere stampati direttamente con alta qualit\u00e0.<\/li>\n<li>Design del collo: \u00e8 possibile progettare filettature personalizzate per adattarsi a qualsiasi tipo di tappo, tappo a vite o sughero personalizzato.<\/li>\n<\/ul>","protected":false},"excerpt":{"rendered":"<p>Mini bottiglie di vino in vetro ambrato intenso, con corpo corto e dritto e collo a vite. Ideali per degustazioni e confezioni di prova. Mini bottiglie di vino sfuse direttamente dalla fabbrica.<\/p>","protected":false},"featured_media":5602,"template":"","meta":{"postBodyCss":"","postBodyMargin":[],"postBodyPadding":[],"postBodyBackground":{"backgroundType":"classic","gradient":""}},"product_brand":[],"product_cat":[15,16,84],"product_tag":[],"class_list":{"0":"post-5598","1":"product","2":"type-product","3":"status-publish","4":"has-post-thumbnail","6":"product_cat-glass-containers","7":"product_cat-glass-bottles","8":"product_cat-wine-bottles","10":"first","11":"instock","12":"shipping-taxable","13":"product-type-simple"},"jetpack_sharing_enabled":true,"_links":{"self":[{"href":"https:\/\/minghanggroup.com\/it\/wp-json\/wp\/v2\/product\/5598","targetHints":{"allow":["GET"]}}],"collection":[{"href":"https:\/\/minghanggroup.com\/it\/wp-json\/wp\/v2\/product"}],"about":[{"href":"https:\/\/minghanggroup.com\/it\/wp-json\/wp\/v2\/types\/product"}],"wp:featuredmedia":[{"embeddable":true,"href":"https:\/\/minghanggroup.com\/it\/wp-json\/wp\/v2\/media\/5602"}],"wp:attachment":[{"href":"https:\/\/minghanggroup.com\/it\/wp-json\/wp\/v2\/media?parent=5598"}],"wp:term":[{"taxonomy":"product_brand","embeddable":true,"href":"https:\/\/minghanggroup.com\/it\/wp-json\/wp\/v2\/product_brand?post=5598"},{"taxonomy":"product_cat","embeddable":true,"href":"https:\/\/minghanggroup.com\/it\/wp-json\/wp\/v2\/product_cat?post=5598"},{"taxonomy":"product_tag","embeddable":true,"href":"https:\/\/minghanggroup.com\/it\/wp-json\/wp\/v2\/product_tag?post=5598"}],"curies":[{"name":"wp","href":"https:\/\/api.w.org\/{rel}","templated":true}]}}